{"id":12042,"date":"2023-10-13T08:43:23","date_gmt":"2023-10-13T12:43:23","guid":{"rendered":"https:\/\/www.vwat.org\/?page_id=12042"},"modified":"2026-01-19T04:51:22","modified_gmt":"2026-01-19T09:51:22","slug":"free-english-classes-toronto","status":"publish","type":"page","link":"https:\/\/www.vwat.org\/es\/free-english-classes-toronto\/","title":{"rendered":"Clases de ingl\u00e9s gratuitas en Toronto"},"content":{"rendered":"\n<p>\u00bfAlguna vez ha so\u00f1ado con dominar el idioma ingl\u00e9s, pero se ha sentido desanimado por los costos de las clases? En VWAT Family Services en Toronto, le ofrecemos clases de ingl\u00e9s totalmente gratuitas. Asistir a nuestras clases de ingl\u00e9s es una oportunidad incre\u00edble tanto para reci\u00e9n llegados como para residentes locales.<\/p>\n<p>Nuestros cursos gratuitos no solo le ayudar\u00e1n a desarrollar sus habilidades ling\u00fc\u00edsticas, sino que tambi\u00e9n le abrir\u00e1n puertas a nuevas oportunidades de empleo y conexiones sociales.<\/p>\n<p>\u00a1Prep\u00e1rese para descubrir un mundo de nuevas experiencias, amistades y oportunidades profesionales!<\/p>\n<p><strong>Puntos clave<\/strong><\/p>\n<ul>\n<li>\u00a1Descubra las clases de ingl\u00e9s gratuitas en Toronto con VWAT Family Services y convi\u00e9rtete en un comunicador\/a seguro\/a!<\/li>\n<li>Adultos elegibles de 18 a\u00f1os en adelante pueden aprovechar estos cursos.<\/li>\n<li>Mejore sus habilidades ling\u00fc\u00edsticas para aumentar sus oportunidades de empleo y facilitar su integraci\u00f3n social en la sociedad canadiense.<\/li>\n<\/ul>\n<ul><\/ul>\n<!-- \/wp:post-content --><!-- wp:image {\"id\":12049,\"sizeSlug\":\"full\",\"linkDestination\":\"none\"} -->\n<figure><img decoding=\"async\" loading=\"lazy\" src=\"https:\/\/www.vwat.org\/wp-content\/uploads\/2023\/10\/free-english-classes-toronto-7.jpg\" alt=\"Free English Classes Toronto\" \/>\n<figcaption><strong>Instrucciones para reci\u00e9n llegados a Canad\u00e1<\/strong><\/figcaption>\n<\/figure>\n<!-- \/wp:image --><!-- wp:heading -->\n<h2><strong>\u00bfQui\u00e9n es elegible para recibir instrucci\u00f3n en idiomas? <\/strong><\/h2>\n<!-- \/wp:heading --><!-- wp:paragraph -->\n<p>Los inmigrantes admitidos (landed immigrants) y los refugiados por convenio (convention refugees) pueden aprovechar nuestras clases de ingl\u00e9s gratuitas en Toronto. Adem\u00e1s, si es residente permanente (titular de una tarjeta PR), refugiado por convenio, solicitante de asilo (refugee claimant) o cuidador\/a residente (live-in caregiver) mayor de 18 a\u00f1os, y su lengua materna no es el ingl\u00e9s ni el franc\u00e9s, es elegible para unirse a las clases de ESL (Ingl\u00e9s como Segundo Idioma).<\/p>\n<p>Los adultos que poseen una tarjeta de residente permanente o que son refugiados por convenio con autorizaci\u00f3n para trabajar en Canad\u00e1 pueden acceder a programas ELT financiados por el gobierno, dise\u00f1ados para apoyar su desarrollo profesional. Estos programas ayudan a las personas a desarrollar habilidades esenciales y adquirir conocimientos valiosos para el mercado laboral. Las clases LINC (Language Instruction for Newcomers to Canada) est\u00e1n dirigidas a una amplia gama de inmigrantes.<\/p>\n<!-- \/wp:paragraph --><!-- wp:image {\"id\":12048,\"sizeSlug\":\"full\",\"linkDestination\":\"none\"} -->\n<figure><img decoding=\"async\" loading=\"lazy\" src=\"https:\/\/www.vwat.org\/wp-content\/uploads\/2023\/10\/free-english-classes-toronto-6.jpg\" alt=\"Free English Classes Toronto\" \/><\/figure>\n<!-- \/wp:image --><!-- wp:heading {\"level\":3} -->\n<h3><strong>Assess your English Language Skills <\/strong><\/h3>\n<!-- \/wp:heading --><!-- wp:paragraph -->\n<figure>\n<p>Antes de iniciar el curso, es fundamental que usted determine su nivel de ingl\u00e9s conforme a los Puntos de Referencia del Idioma Canadiense (Canadian Language Benchmarks, CLB). Para obtener una evaluaci\u00f3n precisa, se recomienda realizar una prueba completa de dominio del idioma en un centro de evaluaci\u00f3n acreditado o consultar con uno de nuestros instructores capacitados.<\/p>\n<p><strong>Evaluar su nivel de ingl\u00e9s le permite:<\/strong><\/p>\n<ul>\n<li>Evitar inscribirse en un curso que resulte demasiado f\u00e1cil o excesivamente desafiante.<\/li>\n<li>Optimizar su experiencia de aprendizaje.<\/li>\n<li>Aprovechar al m\u00e1ximo el tiempo dedicado en clase.<\/li>\n<li>Desarrollar sus habilidades ling\u00fc\u00edsticas de manera eficaz.<\/li>\n<\/ul>\n<img decoding=\"async\" loading=\"lazy\" src=\"https:\/\/www.vwat.org\/wp-content\/uploads\/2023\/10\/free-english-classes-toronto-5.jpg\" alt=\"Free English Classes Toronto\" \/><\/figure>\n<!-- \/wp:paragraph --><!-- wp:heading -->\n<h2>Qu\u00e9 puede esperar de las clases gratuitas de ingl\u00e9s<\/h2>\n<!-- \/wp:heading --><!-- wp:paragraph -->\n<p>VWAT Family Services ofrece clases de ingl\u00e9s gratuitas que brindan m\u00faltiples beneficios y oportunidades para los estudiantes. Entre ellas se incluyen:<\/p>\n<ul>\n<li>Diversos niveles de instrucci\u00f3n, adecuados para distintas competencias ling\u00fc\u00edsticas.<\/li>\n<li>Ubicaci\u00f3n accesible para facilitar su desplazamiento.<\/li>\n<\/ul>\n<p>Nuestras clases est\u00e1n dise\u00f1adas para proporcionar una ense\u00f1anza del idioma eficaz, tanto para personas reci\u00e9n llegadas como para residentes locales que deseen mejorar su nivel de ingl\u00e9s.<\/p>\n<!-- \/wp:paragraph --><!-- wp:image {\"id\":12046,\"sizeSlug\":\"full\",\"linkDestination\":\"none\"} -->\n<figure><img decoding=\"async\" loading=\"lazy\" src=\"https:\/\/www.vwat.org\/wp-content\/uploads\/2023\/10\/free-english-classes-toronto-4.jpg\" alt=\"Free English Classes Toronto\" \/><\/figure>\n<!-- \/wp:image --><!-- wp:heading {\"level\":3} -->\n<h3>Niveles del curso<\/h3>\n<!-- \/wp:heading --><!-- wp:paragraph -->\n<p>Nuestras clases gratuitas en Toronto est\u00e1n dise\u00f1adas para adaptarse a una amplia gama de estudiantes, ofreciendo cursos que van desde el nivel principiante hasta el intermedio alto. Tanto si usted est\u00e1 comenzando a aprender ingl\u00e9s como si desea perfeccionar su gram\u00e1tica y pronunciaci\u00f3n, encontrar\u00e1 un curso adecuado a sus necesidades.<\/p>\n<p>Esto garantiza que reciba el nivel de instrucci\u00f3n y apoyo apropiado para alcanzar sus objetivos en el programa de idiomas de manera eficaz.<\/p>\n<!-- \/wp:paragraph --><!-- wp:heading {\"level\":3} -->\n<h3>Ventajas de asistir a clases de ingl\u00e9s gratuitas<\/h3>\n<!-- \/wp:heading --><!-- wp:paragraph -->\n<p>Asistir a nuestras clases de ingl\u00e9s gratuitas puede abrirle un mundo de oportunidades. No solo mejorar\u00e1 sus habilidades ling\u00fc\u00edsticas, sino que tambi\u00e9n ampliar\u00e1 sus perspectivas laborales y facilitar\u00e1 su integraci\u00f3n social en la sociedad canadiense.<\/p>\n<p>En las siguientes secciones, exploraremos estas ventajas con mayor detalle para ilustrar el gran valor que representan estas clases de ingl\u00e9s gratuitas.<\/p>\n<!-- \/wp:paragraph --><!-- wp:heading {\"level\":3} -->\n<h3>Desarrollo de habilidades ling\u00fc\u00edsticas<\/h3>\n<!-- \/wp:heading --><!-- wp:paragraph -->\n<p>Nuestras clases de ingl\u00e9s ofrecen un programa integral que abarca todos los aspectos del idioma, como:<\/p>\n<ul>\n<li>\u00a0<\/li>\n<li>\u00a0<\/li>\n<li>Expresi\u00f3n oral.<\/li>\n<li>\u00a0<\/li>\n<\/ul>\n<p>Al asistir a nuestras clases, podr\u00e1 desarrollar sus habilidades ling\u00fc\u00edsticas y mejorar su dominio del ingl\u00e9s. Esto no solo se beneficiar\u00e1 en su vida diaria, sino que tambi\u00e9n se abrir\u00e1n nuevas oportunidades para su formaci\u00f3n y desarrollo profesional.<\/p>\n<p>Adem\u00e1s, al perfeccionar sus habilidades en ingl\u00e9s, podr\u00e1 conectar mejor con personas de diversos or\u00edgenes y culturas. Esto puede llevarle a forjar amistades duraderas y a una comprensi\u00f3n m\u00e1s profunda del mundo que le rodea. Por lo tanto, invertir su tiempo en nuestras clases gratuitas de ingl\u00e9s puede tener un impacto significativo tanto en su vida personal como profesional.<\/p>\n<!-- \/wp:paragraph --><!-- wp:image {\"id\":12045,\"sizeSlug\":\"full\",\"linkDestination\":\"none\"} -->\n<figure><img decoding=\"async\" loading=\"lazy\" src=\"https:\/\/www.vwat.org\/wp-content\/uploads\/2023\/10\/free-english-classes-toronto-3.jpg\" alt=\"Free English Classes Toronto\" \/><\/figure>\n<!-- \/wp:image --><!-- wp:heading {\"level\":3} -->\n<h3>Oportunidades de Empleo<\/h3>\n<!-- \/wp:heading --><!-- wp:paragraph -->\n<p>Dominar el idioma ingl\u00e9s puede aumentar significativamente sus posibilidades de encontrar oportunidades de empleo en Toronto. Muchos empleadores buscan candidatos con s\u00f3lidas habilidades ling\u00fc\u00edsticas, ya que son esenciales para una comunicaci\u00f3n efectiva en el lugar de trabajo.<\/p>\n<p>Al asistir a nuestras clases de ingl\u00e9s, usted puede mejorar su dominio del idioma y convertirse en un candidato m\u00e1s atractivo en el mercado laboral. Esto, a su vez, puede conducir a mejores perspectivas de empleo y a una carrera m\u00e1s satisfactoria en el campo que haya elegido.<\/p>\n<!-- \/wp:paragraph --><!-- wp:image {\"id\":12044,\"sizeSlug\":\"full\",\"linkDestination\":\"none\"} -->\n<figure><img decoding=\"async\" loading=\"lazy\" src=\"https:\/\/www.vwat.org\/wp-content\/uploads\/2023\/10\/free-english-classes-toronto-2.jpg\" alt=\"Free English Classes Toronto\" \/>\n<figcaption>C\u00edrculo de conversaci\u00f3n en ingl\u00e9s<\/figcaption>\n<\/figure>\n<!-- \/wp:image --><!-- wp:heading {\"level\":3} -->\n<h3>Integraci\u00f3n social<\/h3>\n<!-- \/wp:heading --><!-- wp:paragraph -->\n<p>Una de las ventajas m\u00e1s importantes de asistir a clases de ingl\u00e9s es la oportunidad de integrarse socialmente. Aprender ingl\u00e9s le permite conectarse con otros reci\u00e9n llegados a Canad\u00e1 y con personas locales, lo que le ayuda a establecer relaciones y a crear un sentido de pertenencia en su nueva comunidad.<\/p>\n<p>Asistir a estas clases puede ayudarle a:<\/p>\n<ul>\n<li>Comprender mejor la cultura y las costumbres canadienses.<\/li>\n<li>Desenvolverse y participar en diversas situaciones sociales.<\/li>\n<li>Mejorar su integraci\u00f3n social.<\/li>\n<li>Elevar su calidad de vida en general.<\/li>\n<\/ul>\n<p>En resumen, dominar el ingl\u00e9s como segundo idioma puede beneficiar enormemente su integraci\u00f3n social y su calidad de vida en general.<\/p>\n<!-- \/wp:paragraph --><!-- wp:image {\"id\":12043,\"sizeSlug\":\"full\",\"linkDestination\":\"none\"} -->\n<figure><img decoding=\"async\" loading=\"lazy\" src=\"https:\/\/www.vwat.org\/wp-content\/uploads\/2023\/10\/free-english-classes-toronto-1.jpg\" alt=\"Free English Classes Toronto\" \/><\/figure>\n<!-- \/wp:image --><!-- wp:heading -->\n<h2><strong>Preguntas frecuentes: Clases gratuitas de ESL (Ingl\u00e9s como segundo idioma)\u00a0 <\/strong><\/h2>\n<!-- \/wp:heading --><!-- wp:paragraph -->\n<ol>\n<li><strong> \u00bfSon gratuitas las clases de ESL para residentes permanentes?<\/strong><br \/>S\u00ed, las clases de ESL son gratuitas para los residentes permanentes.<\/li>\n<li><strong> \u00bfQu\u00e9 niveles de curso se ofrecen en sus clases gratuitas de ingl\u00e9s?<\/strong><br \/>En VWAT Family Services en Toronto, ofrecemos C\u00edrculos de Conversaci\u00f3n en Ingl\u00e9s gratuitos dise\u00f1ados para apoyar a los residentes permanentes. Estos c\u00edrculos se enfocan en mejorar el ingl\u00e9s conversacional en un ambiente amigable y de apoyo.<\/li>\n<li><strong> \u00bfD\u00f3nde puedo tomar clases gratuitas de ingl\u00e9s en la ciudad?<\/strong><br \/>Toronto ofrece una amplia variedad de cursos gratuitos de ingl\u00e9s, desde nivel principiante hasta intermedio alto, lo que garantiza que haya un programa adecuado a sus necesidades de aprendizaje. Cont\u00e1ctenos hoy y le ayudaremos a encontrar la clase adecuada para comenzar o mejorar su camino en el aprendizaje del ingl\u00e9s.<\/li>\n<li><strong> \u00bfQu\u00e9 otros cursos de ingl\u00e9s est\u00e1n disponibles?<\/strong><br \/>Algunos programas adicionales de ingl\u00e9s gratuitos incluyen:<\/li>\n<\/ol>\n<ul>\n<li>Evaluaci\u00f3n de idioma del YMCA<\/li>\n<li>Servicios ling\u00fc\u00edsticos de ACHEV<\/li>\n<li>Servicios ling\u00fc\u00edsticos de la Junta Escolar del Distrito de Toronto (TDSB) \/ Programa de ESL para adultos<\/li>\n<li>Programas de cr\u00e9dito para adultos de la TDSB<\/li>\n<\/ul>\n<p>\u00a1Perm\u00edtanos ayudarle a dar el pr\u00f3ximo paso para alcanzar sus metas ling\u00fc\u00edsticas!<\/p>\n<!-- \/wp:paragraph -->","protected":false},"excerpt":{"rendered":"<p>\u00bfAlguna vez ha so\u00f1ado con dominar el idioma ingl\u00e9s, pero se ha sentido desanimado por los costos de las clases? [&hellip;]<\/p>\n","protected":false},"author":4,"featured_media":0,"parent":0,"menu_order":0,"comment_status":"closed","ping_status":"closed","template":"","meta":{"nf_dc_page":"","content-type":"","footnotes":""},"class_list":["post-12042","page","type-page","status-publish","hentry"],"translation":{"provider":"WPGlobus","version":"3.0.2","language":"es","enabled_languages":["ca","vi","it","es","pt"],"languages":{"ca":{"title":true,"content":true,"excerpt":false},"vi":{"title":false,"content":false,"excerpt":false},"it":{"title":false,"content":false,"excerpt":false},"es":{"title":true,"content":true,"excerpt":false},"pt":{"title":false,"content":false,"excerpt":false}}},"yoast_head":"<!-- This site is optimized with the Yoast SEO Premium plugin v27.2 (Yoast SEO v27.4) - https:\/\/yoast.com\/product\/yoast-seo-premium-wordpress\/ -->\n<title>Clases de ingl\u00e9s gratuitas en Toronto - VWAT Family Services<\/title>\n<meta name=\"robots\" content=\"index, follow, max-snippet:-1, max-image-preview:large, max-video-preview:-1\" \/>\n<link rel=\"canonical\" href=\"https:\/\/www.vwat.org\/free-english-classes-toronto\/\" \/>\n<meta property=\"og:locale\" content=\"es_ES\" \/>\n<meta property=\"og:type\" content=\"article\" \/>\n<meta property=\"og:title\" content=\"Clases de ingl\u00e9s gratuitas en Toronto - VWAT Family Services\" \/>\n<meta property=\"og:url\" content=\"https:\/\/www.vwat.org\/free-english-classes-toronto\/\" \/>\n<meta property=\"og:site_name\" content=\"VWAT Family Services\" \/>\n<meta property=\"article:publisher\" content=\"https:\/\/www.facebook.com\/vietnamese.womensassociationtoronto\" \/>\n<meta property=\"article:modified_time\" content=\"2026-01-19T09:51:22+00:00\" \/>\n<meta property=\"og:image\" content=\"https:\/\/www.vwat.org\/wp-content\/uploads\/2023\/10\/free-english-classes-toronto-7.jpg\" \/>\n<meta name=\"twitter:card\" content=\"summary_large_image\" \/>\n<meta name=\"twitter:label1\" content=\"Est. reading time\" \/>\n\t<meta name=\"twitter:data1\" content=\"6 minutes\" \/>\n<script type=\"application\/ld+json\" class=\"yoast-schema-graph\">{\"@context\":\"https:\\\/\\\/schema.org\",\"@graph\":[{\"@type\":\"WebPage\",\"@id\":\"https:\\\/\\\/www.vwat.org\\\/free-english-classes-toronto\\\/\",\"url\":\"https:\\\/\\\/www.vwat.org\\\/free-english-classes-toronto\\\/\",\"name\":\"Clases de ingl\u00e9s gratuitas en Toronto - VWAT Family Services\",\"isPartOf\":{\"@id\":\"https:\\\/\\\/www.vwat.org\\\/#website\"},\"primaryImageOfPage\":{\"@id\":\"https:\\\/\\\/www.vwat.org\\\/free-english-classes-toronto\\\/#primaryimage\"},\"image\":{\"@id\":\"https:\\\/\\\/www.vwat.org\\\/free-english-classes-toronto\\\/#primaryimage\"},\"thumbnailUrl\":\"https:\\\/\\\/www.vwat.org\\\/wp-content\\\/uploads\\\/2023\\\/10\\\/free-english-classes-toronto-7.jpg\",\"datePublished\":\"2023-10-13T12:43:23+00:00\",\"dateModified\":\"2026-01-19T09:51:22+00:00\",\"description\":\"VWAT Family Services offers FREE English classes in Toronto for everyone. Please contact us for more information.\",\"breadcrumb\":{\"@id\":\"https:\\\/\\\/www.vwat.org\\\/free-english-classes-toronto\\\/#breadcrumb\"},\"inLanguage\":\"es-ES\",\"potentialAction\":[{\"@type\":\"ReadAction\",\"target\":[\"https:\\\/\\\/www.vwat.org\\\/free-english-classes-toronto\\\/\"]}]},{\"@type\":\"ImageObject\",\"inLanguage\":\"es-ES\",\"@id\":\"https:\\\/\\\/www.vwat.org\\\/free-english-classes-toronto\\\/#primaryimage\",\"url\":\"https:\\\/\\\/www.vwat.org\\\/wp-content\\\/uploads\\\/2023\\\/10\\\/free-english-classes-toronto-7.jpg\",\"contentUrl\":\"https:\\\/\\\/www.vwat.org\\\/wp-content\\\/uploads\\\/2023\\\/10\\\/free-english-classes-toronto-7.jpg\"},{\"@type\":\"BreadcrumbList\",\"@id\":\"https:\\\/\\\/www.vwat.org\\\/free-english-classes-toronto\\\/#breadcrumb\",\"itemListElement\":[{\"@type\":\"ListItem\",\"position\":1,\"name\":\"Home\",\"item\":\"https:\\\/\\\/www.vwat.org\\\/es\\\/\"},{\"@type\":\"ListItem\",\"position\":2,\"name\":\"Free English Classes Toronto\"}]},{\"@type\":\"WebSite\",\"@id\":\"https:\\\/\\\/www.vwat.org\\\/#website\",\"url\":\"https:\\\/\\\/www.vwat.org\\\/\",\"name\":\"VWAT Family Services\",\"description\":\"Empowering Our Community\",\"publisher\":{\"@id\":\"https:\\\/\\\/www.vwat.org\\\/#organization\"},\"potentialAction\":[{\"@type\":\"SearchAction\",\"target\":{\"@type\":\"EntryPoint\",\"urlTemplate\":\"https:\\\/\\\/www.vwat.org\\\/?s={search_term_string}\"},\"query-input\":{\"@type\":\"PropertyValueSpecification\",\"valueRequired\":true,\"valueName\":\"search_term_string\"}}],\"inLanguage\":\"es-ES\"},{\"@type\":\"Organization\",\"@id\":\"https:\\\/\\\/www.vwat.org\\\/#organization\",\"name\":\"VWAT Family Services\",\"url\":\"https:\\\/\\\/www.vwat.org\\\/\",\"logo\":{\"@type\":\"ImageObject\",\"inLanguage\":\"es-ES\",\"@id\":\"https:\\\/\\\/www.vwat.org\\\/#\\\/schema\\\/logo\\\/image\\\/\",\"url\":\"https:\\\/\\\/www.vwat.org\\\/wp-content\\\/uploads\\\/2022\\\/06\\\/VWAT-e1655759543180.png\",\"contentUrl\":\"https:\\\/\\\/www.vwat.org\\\/wp-content\\\/uploads\\\/2022\\\/06\\\/VWAT-e1655759543180.png\",\"width\":150,\"height\":150,\"caption\":\"VWAT Family Services\"},\"image\":{\"@id\":\"https:\\\/\\\/www.vwat.org\\\/#\\\/schema\\\/logo\\\/image\\\/\"},\"sameAs\":[\"https:\\\/\\\/www.facebook.com\\\/vietnamese.womensassociationtoronto\",\"https:\\\/\\\/www.youtube.com\\\/channel\\\/UC3IxMLN1zCh0VHv7SvP4_oQ\"]}]}<\/script>\n<!-- \/ Yoast SEO Premium plugin. -->","yoast_head_json":{"title":"Clases de ingl\u00e9s gratuitas en Toronto - VWAT Family Services","robots":{"index":"index","follow":"follow","max-snippet":"max-snippet:-1","max-image-preview":"max-image-preview:large","max-video-preview":"max-video-preview:-1"},"canonical":"https:\/\/www.vwat.org\/free-english-classes-toronto\/","og_locale":"es_ES","og_type":"article","og_title":"Clases de ingl\u00e9s gratuitas en Toronto - VWAT Family Services","og_url":"https:\/\/www.vwat.org\/free-english-classes-toronto\/","og_site_name":"VWAT Family Services","article_publisher":"https:\/\/www.facebook.com\/vietnamese.womensassociationtoronto","article_modified_time":"2026-01-19T09:51:22+00:00","og_image":[{"url":"https:\/\/www.vwat.org\/wp-content\/uploads\/2023\/10\/free-english-classes-toronto-7.jpg","type":"","width":"","height":""}],"twitter_card":"summary_large_image","twitter_misc":{"Est. reading time":"6 minutes"},"schema":{"@context":"https:\/\/schema.org","@graph":[{"@type":"WebPage","@id":"https:\/\/www.vwat.org\/free-english-classes-toronto\/","url":"https:\/\/www.vwat.org\/free-english-classes-toronto\/","name":"Clases de ingl\u00e9s gratuitas en Toronto - VWAT Family Services","isPartOf":{"@id":"https:\/\/www.vwat.org\/#website"},"primaryImageOfPage":{"@id":"https:\/\/www.vwat.org\/free-english-classes-toronto\/#primaryimage"},"image":{"@id":"https:\/\/www.vwat.org\/free-english-classes-toronto\/#primaryimage"},"thumbnailUrl":"https:\/\/www.vwat.org\/wp-content\/uploads\/2023\/10\/free-english-classes-toronto-7.jpg","datePublished":"2023-10-13T12:43:23+00:00","dateModified":"2026-01-19T09:51:22+00:00","description":"VWAT Family Services offers FREE English classes in Toronto for everyone. Please contact us for more information.","breadcrumb":{"@id":"https:\/\/www.vwat.org\/free-english-classes-toronto\/#breadcrumb"},"inLanguage":"es-ES","potentialAction":[{"@type":"ReadAction","target":["https:\/\/www.vwat.org\/free-english-classes-toronto\/"]}]},{"@type":"ImageObject","inLanguage":"es-ES","@id":"https:\/\/www.vwat.org\/free-english-classes-toronto\/#primaryimage","url":"https:\/\/www.vwat.org\/wp-content\/uploads\/2023\/10\/free-english-classes-toronto-7.jpg","contentUrl":"https:\/\/www.vwat.org\/wp-content\/uploads\/2023\/10\/free-english-classes-toronto-7.jpg"},{"@type":"BreadcrumbList","@id":"https:\/\/www.vwat.org\/free-english-classes-toronto\/#breadcrumb","itemListElement":[{"@type":"ListItem","position":1,"name":"Home","item":"https:\/\/www.vwat.org\/es\/"},{"@type":"ListItem","position":2,"name":"Free English Classes Toronto"}]},{"@type":"WebSite","@id":"https:\/\/www.vwat.org\/#website","url":"https:\/\/www.vwat.org\/","name":"VWAT Family Services","description":"Empowering Our Community","publisher":{"@id":"https:\/\/www.vwat.org\/#organization"},"potentialAction":[{"@type":"SearchAction","target":{"@type":"EntryPoint","urlTemplate":"https:\/\/www.vwat.org\/?s={search_term_string}"},"query-input":{"@type":"PropertyValueSpecification","valueRequired":true,"valueName":"search_term_string"}}],"inLanguage":"es-ES"},{"@type":"Organization","@id":"https:\/\/www.vwat.org\/#organization","name":"VWAT Family Services","url":"https:\/\/www.vwat.org\/","logo":{"@type":"ImageObject","inLanguage":"es-ES","@id":"https:\/\/www.vwat.org\/#\/schema\/logo\/image\/","url":"https:\/\/www.vwat.org\/wp-content\/uploads\/2022\/06\/VWAT-e1655759543180.png","contentUrl":"https:\/\/www.vwat.org\/wp-content\/uploads\/2022\/06\/VWAT-e1655759543180.png","width":150,"height":150,"caption":"VWAT Family Services"},"image":{"@id":"https:\/\/www.vwat.org\/#\/schema\/logo\/image\/"},"sameAs":["https:\/\/www.facebook.com\/vietnamese.womensassociationtoronto","https:\/\/www.youtube.com\/channel\/UC3IxMLN1zCh0VHv7SvP4_oQ"]}]}},"_links":{"self":[{"href":"https:\/\/www.vwat.org\/es\/wp-json\/wp\/v2\/pages\/12042","targetHints":{"allow":["GET"]}}],"collection":[{"href":"https:\/\/www.vwat.org\/es\/wp-json\/wp\/v2\/pages"}],"about":[{"href":"https:\/\/www.vwat.org\/es\/wp-json\/wp\/v2\/types\/page"}],"author":[{"embeddable":true,"href":"https:\/\/www.vwat.org\/es\/wp-json\/wp\/v2\/users\/4"}],"replies":[{"embeddable":true,"href":"https:\/\/www.vwat.org\/es\/wp-json\/wp\/v2\/comments?post=12042"}],"version-history":[{"count":0,"href":"https:\/\/www.vwat.org\/es\/wp-json\/wp\/v2\/pages\/12042\/revisions"}],"wp:attachment":[{"href":"https:\/\/www.vwat.org\/es\/wp-json\/wp\/v2\/media?parent=12042"}],"curies":[{"name":"wp","href":"https:\/\/api.w.org\/{rel}","templated":true}]}}