{"id":4807,"date":"2022-05-17T09:09:03","date_gmt":"2022-05-17T13:09:03","guid":{"rendered":"https:\/\/newsite2022.vwat.org\/?page_id=4807"},"modified":"2024-01-05T15:19:18","modified_gmt":"2024-01-05T20:19:18","slug":"newcomers","status":"publish","type":"page","link":"https:\/\/www.vwat.org\/es\/programs-and-services\/newcomers\/","title":{"rendered":"Nuevos llegados"},"content":{"rendered":"<h1>\n<h3 style=\"box-sizing: inherit; font-family: &quot;Open sans&quot;, Helvetica, Arial, sans-serif; line-height: 21px; color: rgba(40, 40, 40, 0.9); font-size: 18px; white-space: normal;\">Servicios de Asentamiento para Nuevos Residentes en Toronto<\/h1>\n<\/h1>\n<p>Llegar a un nuevo pa\u00eds puede ser una experiencia emocionante pero abrumadora. VWAT Family Services ofrece ayuda para hacer que esa experiencia sea m\u00e1s f\u00e1cil. Brindamos apoyo, defensa e informaci\u00f3n a familias e individuos en \u00e1reas como:<\/p>\n<ul>\n<li>\n<p>&#8211; Apoyo laboral y de vivienda<br \/>&#8211; Patrocinio, solicitudes de ciudadan\u00eda y visa<br \/>&#8211; Traducci\u00f3n y completado de formularios y documentos<br \/>&#8211; Obtenci\u00f3n de documentos necesarios y de identificaci\u00f3n<br \/>&#8211; Asesoramiento y referencias<br \/>&#8211; Orientaci\u00f3n sobre Toronto y la vida en Canad\u00e1<\/p>\n<\/li>\n<\/ul>\n<p>Nuestro Programa de Asentamiento para Nuevos Llegados ha sido fundamental en brindar informaci\u00f3n y servicios de orientaci\u00f3n a nuestros clientes para que puedan tomar decisiones informadas y comprender la vida en Canad\u00e1 durante su proceso de asentamiento.<\/p>\n<section>\n<ul>\n                                                                                    <!--tab list --><\/p>\n<li data-tab=\"#1163611\">Asesoramiento<\/li>\n<p>                                                                                    <!--tab list --><\/p>\n<li data-tab=\"#1163612\">Talleres<\/li>\n<p>                                                                                    <!--tab list --><\/p>\n<li data-tab=\"#1163613\">Clases<\/li>\n<\/ul>\n<p>                                                            <img loading=\"lazy\" width=\"1920\" height=\"1118\" src=\"https:\/\/www.vwat.org\/wp-content\/uploads\/2022\/05\/IMG_8802-1-e1652752187974.jpg\" alt=\"\" decoding=\"async\" loading=\"lazy\" srcset=\"https:\/\/www.vwat.org\/wp-content\/uploads\/2022\/05\/IMG_8802-1-e1652752187974.jpg 1920w, https:\/\/www.vwat.org\/wp-content\/uploads\/2022\/05\/IMG_8802-1-e1652752187974-300x175.jpg 300w, https:\/\/www.vwat.org\/wp-content\/uploads\/2022\/05\/IMG_8802-1-e1652752187974-1024x596.jpg 1024w, https:\/\/www.vwat.org\/wp-content\/uploads\/2022\/05\/IMG_8802-1-e1652752187974-768x447.jpg 768w, https:\/\/www.vwat.org\/wp-content\/uploads\/2022\/05\/IMG_8802-1-e1652752187974-1536x894.jpg 1536w\" sizes=\"auto, (max-width: 1920px) 100vw, 1920px\" \/>                                                        <\/p>\n<h2>Asesoramiento individual y familiar<\/h2>\n<p>Nuestros servicios de asesoramiento, brindados en un ambiente amigable, te ayudar\u00e1n a tomar decisiones informadas en cuanto a empleo, educaci\u00f3n, vivienda y asuntos legales. Nuestra conexi\u00f3n con profesionales en tu campo mejorar\u00e1 tus redes profesionales y sociales y, en \u00faltima instancia, mejorar\u00e1 tus experiencias en Canad\u00e1.<\/p>\n<ul>\n                                                                                                                            <\/ul>\n<p>                                                                <a href=\"https:\/\/vwat.org\/appointments\/\" target=\"_blank\" rel=\"noopener\"><br \/>\n                                                                    Agendar una cita<br \/>\n                                                                <\/a><br \/>\n                                                            <img loading=\"lazy\" width=\"1920\" height=\"1280\" src=\"https:\/\/www.vwat.org\/wp-content\/uploads\/2022\/05\/Maple-Leaves-1.jpg\" alt=\"\" decoding=\"async\" loading=\"lazy\" srcset=\"https:\/\/www.vwat.org\/wp-content\/uploads\/2022\/05\/Maple-Leaves-1.jpg 1920w, https:\/\/www.vwat.org\/wp-content\/uploads\/2022\/05\/Maple-Leaves-1-300x200.jpg 300w, https:\/\/www.vwat.org\/wp-content\/uploads\/2022\/05\/Maple-Leaves-1-1024x683.jpg 1024w, https:\/\/www.vwat.org\/wp-content\/uploads\/2022\/05\/Maple-Leaves-1-768x512.jpg 768w, https:\/\/www.vwat.org\/wp-content\/uploads\/2022\/05\/Maple-Leaves-1-1536x1024.jpg 1536w\" sizes=\"auto, (max-width: 1920px) 100vw, 1920px\" \/>                                                        <\/p>\n<h2>Talleres<\/h2>\n<p> Orgullo de ser ciudadano Canadiense <br \/>\n Poderes Notariales y Testamentos \n<\/p>\n<ul>\n                                                                                                                            <\/ul>\n<p>                                                                <a href=\"https:\/\/vwat.org\/appointments\/\" target=\"_blank\" rel=\"noopener\"><br \/>\n                                                                    Registrarse<br \/>\n                                                                <\/a><br \/>\n                                                            <img loading=\"lazy\" width=\"1920\" height=\"1280\" src=\"https:\/\/www.vwat.org\/wp-content\/uploads\/2022\/07\/sigmund-eTgMFFzroGc-unsplash.jpg\" alt=\"\" decoding=\"async\" loading=\"lazy\" srcset=\"https:\/\/www.vwat.org\/wp-content\/uploads\/2022\/07\/sigmund-eTgMFFzroGc-unsplash.jpg 1920w, https:\/\/www.vwat.org\/wp-content\/uploads\/2022\/07\/sigmund-eTgMFFzroGc-unsplash-300x200.jpg 300w, https:\/\/www.vwat.org\/wp-content\/uploads\/2022\/07\/sigmund-eTgMFFzroGc-unsplash-1024x683.jpg 1024w, https:\/\/www.vwat.org\/wp-content\/uploads\/2022\/07\/sigmund-eTgMFFzroGc-unsplash-768x512.jpg 768w, https:\/\/www.vwat.org\/wp-content\/uploads\/2022\/07\/sigmund-eTgMFFzroGc-unsplash-1536x1024.jpg 1536w\" sizes=\"auto, (max-width: 1920px) 100vw, 1920px\" \/>                                                        <\/p>\n<h2>Clases<\/h2>\n<p>  Convirti\u00e9ndote en un ciudadano Canadiense Responsable <br \/>\n  Conversaci\u00f3n En Ingl\u00e9s <br \/>\n  Clases de Preparaci\u00f3n Para la Ciudadan\u00eda <\/p>\n<ul>\n                                                                                                                            <\/ul>\n<p>                                                                <a href=\"https:\/\/vwat.org\/appointments\/\" target=\"_blank\" rel=\"noopener\"><br \/>\n                                                                    Registrarse<br \/>\n                                                                <\/a><br \/>\n            <\/section>\n<h2>Testimonios<\/h2>\n<p>\t\t\t            <!--Start Testimonial style1 Area--><\/p>\n<section>\n                            <!--Start Single Testimonial Style1--><\/p>\n<h3>Una comprensi\u00f3n de la diversidad y la igualdad<\/h3>\n<p>                                            He estado trabajando con VWAT desde 2018. Me han ayudado en diferentes asuntos, como la preparaci\u00f3n de impuestos, invit\u00e1ndome a talleres para reci\u00e9n llegados, y en las solicitudes de Residencia Permanente y Ciudadan\u00eda. Una de las cosas que m\u00e1s me impresion\u00f3 es que me abrieron sus puertas y pacientemente me brindaron su mejor servicio a lo largo de los a\u00f1os, a pesar de que no soy ni vietnamita ni mujer. Me gustar\u00eda agradecer a la familia de VWAT por siempre trabajar pacientemente y meticulosamente, por comprender la diversidad y la igualdad, por su sinceridad y por ser inclusivos con la comunidad LGBTQ+.                                        <\/p>\n<h4>Alp Tura<\/h4>\n<h3><\/h3>\n<p>                                            Gracias a la Sra. Hieu, la Sra. Thuy, el Sr. Chieu y otros hermanos y hermanas de VWAT por su dedicaci\u00f3n para ayudar a los reci\u00e9n llegados a Canad\u00e1 a establecerse como nosotros.                                        <\/p>\n<h4>Nam Tr\u1ea7n<\/h4>\n<h3>Apoyo Incondicional<\/h3>\n<p>                                            Personal muy conocedor y servicial. Muchas gracias por su apoyo incondicional durante los \u00faltimos 5 a\u00f1os desde que nuestra familia lleg\u00f3 a Canad\u00e1.                                        <\/p>\n<h4>Thuy Pham<\/h4>\n<h3><\/h3>\n<p>                                            Estoy muy impresionada por el trabajo silencioso del personal de la Uni\u00f3n de Mujeres Vietnamitas de Toronto. Nunca olvidar\u00e9 la vez que la Sra. Hieu vino a visitar su casa cuando escuch\u00f3 que su hijo tuvo un accidente. Que te mantengas saludable y contin\u00faes este trabajo significativo.                                        <\/p>\n<h4>An Nguy\u1ec5n<\/h4>\n<h3>R\u00e1pido, accesible y f\u00e1cil de trabajar con \u00e9l\/ella.<\/h3>\n<p>                                            Asisto a inquilinos para mantener sus viviendas con alquiler ajustado a sus ingresos, lo cual a menudo implica brindar apoyo para presentar declaraciones de impuestos. Los clientes que viven en viviendas subsidiadas ahora deben presentar su Aviso de Evaluaci\u00f3n m\u00e1s reciente, independientemente de sus ingresos, para mantener su subsidio de alquiler. Thuy y el Centro VWAT han ayudado a muchos de mis clientes a presentar sus impuestos. Thuy es r\u00e1pida, accesible y f\u00e1cil de trabajar con ella. Ella se adapta a los clientes que no pueden desplazarse hasta el centro, ya sea presentando impuestos por tel\u00e9fono o complet\u00e1ndolos por correo electr\u00f3nico. Su flexibilidad ha ayudado a muchos de mis clientes a mantener su subsidio de alquiler. El conocimiento y la experiencia que Thuy tiene sobre la Agencia de Ingresos de Canad\u00e1 (CRA) y la presentaci\u00f3n de impuestos es inestimable. Thuy ha hecho mi trabajo mucho m\u00e1s f\u00e1cil, y estoy muy agradecido\/a por su labor en el Centro VWAT.                                        <\/p>\n<h4>Steven I., La Oficina del Comisionado de Equidad de Vivienda (OCHE)<\/h4>\n<h3>Profesionalismo, cuidado tremendo, inteligencia y conocimiento.<\/h3>\n<p>                                            Mi nombre es June Tenzin, soy una reci\u00e9n llegada a Canad\u00e1, y me siento muy afortunada de recibir los servicios en VWAT en el momento m\u00e1s dif\u00edcil de mi vida. Quiero destacar especialmente a Thuy Nguen, la Coordinadora del Programa, quien es el verdadero coraz\u00f3n de VWAT. Estoy personalmente agradecida con ella desde lo m\u00e1s profundo de mi coraz\u00f3n. Su profesionalismo, cuidado tremendo, inteligencia y conocimiento son altamente apreciados. Ella me ha ayudado de todas las formas posibles y tambi\u00e9n ha compartido amablemente sus sentimientos sobre c\u00f3mo superar dificultades. Pude ver mis problemas desde un enfoque positivo y manejar la situaci\u00f3n sin mucha ansiedad.  Ella me ayud\u00f3 con los requisitos del gobierno y, sin su alta inteligencia y perseverancia, no habr\u00eda podido entender todos los errores que se cometieron durante todo el proceso. El ambiente en VWAT es sereno y maravilloso, es el lugar m\u00e1s seguro para recibir no solo servicios para reci\u00e9n llegados, sino tambi\u00e9n toda la ayuda posible que es ofrecida felizmente a quienes la necesitan.  \u00a1Deseo que Thuy reciba toda la belleza del mundo por su amabilidad y humanidad! Que VWAT tenga \u00e9xito en cada aspecto para cuidar de aquellos que lo necesitan y est\u00e1n en el proceso de establecerse en un nuevo pa\u00eds. Con gratitud sincera.                                        <\/p>\n<h4>June Tenzin, estudiante, reci\u00e9n llegado\/a.<\/h4>\n<h3>Es un esfuerzo y cuidado tremendo.<\/h3>\n<p>                                            Mi nombre es Andrew Tenzin, un reci\u00e9n llegado a Canad\u00e1. Me gustar\u00eda expresar mi profundo agradecimiento a Thuy Nguen, la Coordinadora del Programa en VWAT Services. Su tremendo esfuerzo y cuidado me han ayudado con documentos importantes del gobierno. Es un desaf\u00edo saber d\u00f3nde y c\u00f3mo solicitar para recibir los documentos requeridos. Muchas gracias.                                        <\/p>\n<h4>Andrew Tenzin, reci\u00e9n llegado\/a.<\/h4>\n<p>                                                        <!--End Single Testimonial Style1--><br \/>\n            <\/section>\n<p>            <!--End Testimonial Style1 Area--><\/p>\n<h2>Recursos Para Reci\u00e9n llegados<\/h2>\n<p>Descubre todos los recursos que tenemos para los reci\u00e9n llegados.<\/p>\n<p>\t\t\t<a href=\"https:\/\/vwat.org\/before-you-arrive-in-canada\/\" target=\"_blank\" rel=\"noopener\"><br \/>\n\t\t\t\t\t\tAntes de la llegada<br \/>\n\t\t\t\t\t<\/a><br \/>\n\t\t\t<a href=\"https:\/\/vwat.org\/mental-health-loneliness\/\" target=\"_blank\" rel=\"noopener\"><br \/>\n\t\t\t\t\t\tSalud Mental<br \/>\n\t\t\t\t\t<\/a><br \/>\n\t\t\t<a href=\"https:\/\/vwat.org\/domestic-violence-resources\" target=\"_blank\" rel=\"noopener\"><br \/>\n\t\t\t\t\t\tViolencia Dom\u00e9stica<br \/>\n\t\t\t\t\t<\/a><br \/>\n\t\t\t<a href=\"https:\/\/vwat.org\/a-refugees-resettlement-journey-to-canada\" target=\"_blank\" rel=\"noopener\"><br \/>\n\t\t\t\t\t\tProceso De Refugio<br \/>\n\t\t\t\t\t<\/a><\/p>\n<h2>Contacto<\/h2>\n<p style=\"text-align: center;\"><strong>Thuy Nguyen <\/strong><br \/>Tel\u00e9fono: 647-343-8928, ext. 112 <br \/>Correo electr\u00f3nico: <a href=\"mailto:tnguyen@vwat.org\">tnguyen@vwat.org<\/a><\/p>\n<p style=\"text-align: center;\"><strong>Hieu To<\/strong><br \/>Tel\u00e9fono: 647-343-8928, ext. 114<br \/>Correo electr\u00f3nico: <a href=\"mailto:hieu@vwat.org\">hieu@vwat.org<\/a><\/p>\n<p style=\"text-align: center;\"><strong style=\"font-size: 16px; color: var( --e-global-color-text ); font-family: var( --e-global-typography-text-font-family ), Sans-serif; text-align: left;\">Nhut-Suong Cu (Jessie)<\/strong><br \/>Tel\u00e9fono: 647-343-8928, ext. 117<br \/>Correo electr\u00f3nico: <a href=\"mailto:suong@vwat.org\">suong@vwat.org<\/a><\/p>\n<p style=\"text-align: center;\"><strong>Chieu Nguyen<\/strong><br \/>Tel\u00e9fono: 647-343-8928, ext. 113<br \/>Correo electr\u00f3nico: <a href=\"mailto:chieunguyen@vwat.org\">chieunguyen@vwat.org<\/a><\/p>\n<p style=\"text-align: center;\"><strong>Thao Pham<\/strong><br \/>Tel\u00e9fono: 647-343-8928, ext. 115<br \/>Correo electr\u00f3nico: <a href=\"mailto:tpham@vwat.org\">tpham@vwat.org<\/a><\/p>\n","protected":false},"excerpt":{"rendered":"<p>Servicios de Asentamiento para Nuevos Residentes en Toronto Llegar a un nuevo pa\u00eds puede ser una experiencia emocionante pero abrumadora. [&hellip;]<\/p>\n","protected":false},"author":2,"featured_media":3352,"parent":122,"menu_order":0,"comment_status":"closed","ping_status":"closed","template":"","meta":{"nf_dc_page":"","content-type":"","footnotes":""},"class_list":["post-4807","page","type-page","status-publish","has-post-thumbnail","hentry"],"translation":{"provider":"WPGlobus","version":"3.0.2","language":"es","enabled_languages":["ca","vi","it","es","pt"],"languages":{"ca":{"title":true,"content":true,"excerpt":false},"vi":{"title":true,"content":true,"excerpt":false},"it":{"title":true,"content":true,"excerpt":false},"es":{"title":true,"content":true,"excerpt":false},"pt":{"title":true,"content":true,"excerpt":false}}},"yoast_head":"<!-- This site is optimized with the Yoast SEO Premium plugin v27.2 (Yoast SEO v27.4) - https:\/\/yoast.com\/product\/yoast-seo-premium-wordpress\/ -->\n<title>Programs and Services for Newcomers - VWAT<\/title>\n<meta name=\"robots\" content=\"index, follow, max-snippet:-1, max-image-preview:large, max-video-preview:-1\" \/>\n<link rel=\"canonical\" href=\"https:\/\/www.vwat.org\/programs-and-services\/newcomers\/\" \/>\n<meta property=\"og:locale\" content=\"es_ES\" \/>\n<meta property=\"og:type\" content=\"article\" \/>\n<meta property=\"og:title\" content=\"Nuevos llegados - VWAT Family Services\" \/>\n<meta property=\"og:url\" content=\"https:\/\/www.vwat.org\/programs-and-services\/newcomers\/\" \/>\n<meta property=\"og:site_name\" content=\"VWAT Family Services\" \/>\n<meta property=\"article:publisher\" content=\"https:\/\/www.facebook.com\/vietnamese.womensassociationtoronto\" \/>\n<meta property=\"article:modified_time\" content=\"2024-01-05T20:19:18+00:00\" \/>\n<meta property=\"og:image\" content=\"https:\/\/www.vwat.org\/wp-content\/uploads\/2022\/05\/Ottawa-Flag.jpg\" \/>\n\t<meta property=\"og:image:width\" content=\"1920\" \/>\n\t<meta property=\"og:image:height\" content=\"1127\" \/>\n\t<meta property=\"og:image:type\" content=\"image\/jpeg\" \/>\n<meta name=\"twitter:card\" content=\"summary_large_image\" \/>\n<meta name=\"twitter:label1\" content=\"Est. reading time\" \/>\n\t<meta name=\"twitter:data1\" content=\"11 minutes\" \/>\n<script type=\"application\/ld+json\" class=\"yoast-schema-graph\">{\"@context\":\"https:\\\/\\\/schema.org\",\"@graph\":[{\"@type\":\"WebPage\",\"@id\":\"https:\\\/\\\/www.vwat.org\\\/programs-and-services\\\/newcomers\\\/\",\"url\":\"https:\\\/\\\/www.vwat.org\\\/programs-and-services\\\/newcomers\\\/\",\"name\":\"Programs and Services for Newcomers - VWAT\",\"isPartOf\":{\"@id\":\"https:\\\/\\\/www.vwat.org\\\/#website\"},\"primaryImageOfPage\":{\"@id\":\"https:\\\/\\\/www.vwat.org\\\/programs-and-services\\\/newcomers\\\/#primaryimage\"},\"image\":{\"@id\":\"https:\\\/\\\/www.vwat.org\\\/programs-and-services\\\/newcomers\\\/#primaryimage\"},\"thumbnailUrl\":\"https:\\\/\\\/www.vwat.org\\\/wp-content\\\/uploads\\\/2022\\\/05\\\/Ottawa-Flag.jpg\",\"datePublished\":\"2022-05-17T13:09:03+00:00\",\"dateModified\":\"2024-01-05T20:19:18+00:00\",\"description\":\"VWAT offers support for newcomers of all ages, including language classes, job search assistance, & help navigating the Canadian healthcare system\",\"breadcrumb\":{\"@id\":\"https:\\\/\\\/www.vwat.org\\\/programs-and-services\\\/newcomers\\\/#breadcrumb\"},\"inLanguage\":\"es-ES\",\"potentialAction\":[{\"@type\":\"ReadAction\",\"target\":[\"https:\\\/\\\/www.vwat.org\\\/programs-and-services\\\/newcomers\\\/\"]}]},{\"@type\":\"ImageObject\",\"inLanguage\":\"es-ES\",\"@id\":\"https:\\\/\\\/www.vwat.org\\\/programs-and-services\\\/newcomers\\\/#primaryimage\",\"url\":\"https:\\\/\\\/www.vwat.org\\\/wp-content\\\/uploads\\\/2022\\\/05\\\/Ottawa-Flag.jpg\",\"contentUrl\":\"https:\\\/\\\/www.vwat.org\\\/wp-content\\\/uploads\\\/2022\\\/05\\\/Ottawa-Flag.jpg\",\"width\":1920,\"height\":1127},{\"@type\":\"BreadcrumbList\",\"@id\":\"https:\\\/\\\/www.vwat.org\\\/programs-and-services\\\/newcomers\\\/#breadcrumb\",\"itemListElement\":[{\"@type\":\"ListItem\",\"position\":1,\"name\":\"Home\",\"item\":\"https:\\\/\\\/www.vwat.org\\\/es\\\/\"},{\"@type\":\"ListItem\",\"position\":2,\"name\":\"Programs &amp; Services\",\"item\":\"https:\\\/\\\/www.vwat.org\\\/programs-and-services\\\/\"},{\"@type\":\"ListItem\",\"position\":3,\"name\":\"Newcomers\"}]},{\"@type\":\"WebSite\",\"@id\":\"https:\\\/\\\/www.vwat.org\\\/#website\",\"url\":\"https:\\\/\\\/www.vwat.org\\\/\",\"name\":\"VWAT Family Services\",\"description\":\"Empowering Our Community\",\"publisher\":{\"@id\":\"https:\\\/\\\/www.vwat.org\\\/#organization\"},\"potentialAction\":[{\"@type\":\"SearchAction\",\"target\":{\"@type\":\"EntryPoint\",\"urlTemplate\":\"https:\\\/\\\/www.vwat.org\\\/?s={search_term_string}\"},\"query-input\":{\"@type\":\"PropertyValueSpecification\",\"valueRequired\":true,\"valueName\":\"search_term_string\"}}],\"inLanguage\":\"es-ES\"},{\"@type\":\"Organization\",\"@id\":\"https:\\\/\\\/www.vwat.org\\\/#organization\",\"name\":\"VWAT Family Services\",\"url\":\"https:\\\/\\\/www.vwat.org\\\/\",\"logo\":{\"@type\":\"ImageObject\",\"inLanguage\":\"es-ES\",\"@id\":\"https:\\\/\\\/www.vwat.org\\\/#\\\/schema\\\/logo\\\/image\\\/\",\"url\":\"https:\\\/\\\/www.vwat.org\\\/wp-content\\\/uploads\\\/2022\\\/06\\\/VWAT-e1655759543180.png\",\"contentUrl\":\"https:\\\/\\\/www.vwat.org\\\/wp-content\\\/uploads\\\/2022\\\/06\\\/VWAT-e1655759543180.png\",\"width\":150,\"height\":150,\"caption\":\"VWAT Family Services\"},\"image\":{\"@id\":\"https:\\\/\\\/www.vwat.org\\\/#\\\/schema\\\/logo\\\/image\\\/\"},\"sameAs\":[\"https:\\\/\\\/www.facebook.com\\\/vietnamese.womensassociationtoronto\",\"https:\\\/\\\/www.youtube.com\\\/channel\\\/UC3IxMLN1zCh0VHv7SvP4_oQ\"]}]}<\/script>\n<!-- \/ Yoast SEO Premium plugin. -->","yoast_head_json":{"title":"Programs and Services for Newcomers - VWAT","robots":{"index":"index","follow":"follow","max-snippet":"max-snippet:-1","max-image-preview":"max-image-preview:large","max-video-preview":"max-video-preview:-1"},"canonical":"https:\/\/www.vwat.org\/programs-and-services\/newcomers\/","og_locale":"es_ES","og_type":"article","og_title":"Nuevos llegados - VWAT Family Services","og_url":"https:\/\/www.vwat.org\/programs-and-services\/newcomers\/","og_site_name":"VWAT Family Services","article_publisher":"https:\/\/www.facebook.com\/vietnamese.womensassociationtoronto","article_modified_time":"2024-01-05T20:19:18+00:00","og_image":[{"width":1920,"height":1127,"url":"https:\/\/www.vwat.org\/wp-content\/uploads\/2022\/05\/Ottawa-Flag.jpg","type":"image\/jpeg"}],"twitter_card":"summary_large_image","twitter_misc":{"Est. reading time":"11 minutes"},"schema":{"@context":"https:\/\/schema.org","@graph":[{"@type":"WebPage","@id":"https:\/\/www.vwat.org\/programs-and-services\/newcomers\/","url":"https:\/\/www.vwat.org\/programs-and-services\/newcomers\/","name":"Programs and Services for Newcomers - VWAT","isPartOf":{"@id":"https:\/\/www.vwat.org\/#website"},"primaryImageOfPage":{"@id":"https:\/\/www.vwat.org\/programs-and-services\/newcomers\/#primaryimage"},"image":{"@id":"https:\/\/www.vwat.org\/programs-and-services\/newcomers\/#primaryimage"},"thumbnailUrl":"https:\/\/www.vwat.org\/wp-content\/uploads\/2022\/05\/Ottawa-Flag.jpg","datePublished":"2022-05-17T13:09:03+00:00","dateModified":"2024-01-05T20:19:18+00:00","description":"VWAT offers support for newcomers of all ages, including language classes, job search assistance, & help navigating the Canadian healthcare system","breadcrumb":{"@id":"https:\/\/www.vwat.org\/programs-and-services\/newcomers\/#breadcrumb"},"inLanguage":"es-ES","potentialAction":[{"@type":"ReadAction","target":["https:\/\/www.vwat.org\/programs-and-services\/newcomers\/"]}]},{"@type":"ImageObject","inLanguage":"es-ES","@id":"https:\/\/www.vwat.org\/programs-and-services\/newcomers\/#primaryimage","url":"https:\/\/www.vwat.org\/wp-content\/uploads\/2022\/05\/Ottawa-Flag.jpg","contentUrl":"https:\/\/www.vwat.org\/wp-content\/uploads\/2022\/05\/Ottawa-Flag.jpg","width":1920,"height":1127},{"@type":"BreadcrumbList","@id":"https:\/\/www.vwat.org\/programs-and-services\/newcomers\/#breadcrumb","itemListElement":[{"@type":"ListItem","position":1,"name":"Home","item":"https:\/\/www.vwat.org\/es\/"},{"@type":"ListItem","position":2,"name":"Programs &amp; Services","item":"https:\/\/www.vwat.org\/programs-and-services\/"},{"@type":"ListItem","position":3,"name":"Newcomers"}]},{"@type":"WebSite","@id":"https:\/\/www.vwat.org\/#website","url":"https:\/\/www.vwat.org\/","name":"VWAT Family Services","description":"Empowering Our Community","publisher":{"@id":"https:\/\/www.vwat.org\/#organization"},"potentialAction":[{"@type":"SearchAction","target":{"@type":"EntryPoint","urlTemplate":"https:\/\/www.vwat.org\/?s={search_term_string}"},"query-input":{"@type":"PropertyValueSpecification","valueRequired":true,"valueName":"search_term_string"}}],"inLanguage":"es-ES"},{"@type":"Organization","@id":"https:\/\/www.vwat.org\/#organization","name":"VWAT Family Services","url":"https:\/\/www.vwat.org\/","logo":{"@type":"ImageObject","inLanguage":"es-ES","@id":"https:\/\/www.vwat.org\/#\/schema\/logo\/image\/","url":"https:\/\/www.vwat.org\/wp-content\/uploads\/2022\/06\/VWAT-e1655759543180.png","contentUrl":"https:\/\/www.vwat.org\/wp-content\/uploads\/2022\/06\/VWAT-e1655759543180.png","width":150,"height":150,"caption":"VWAT Family Services"},"image":{"@id":"https:\/\/www.vwat.org\/#\/schema\/logo\/image\/"},"sameAs":["https:\/\/www.facebook.com\/vietnamese.womensassociationtoronto","https:\/\/www.youtube.com\/channel\/UC3IxMLN1zCh0VHv7SvP4_oQ"]}]}},"_links":{"self":[{"href":"https:\/\/www.vwat.org\/es\/wp-json\/wp\/v2\/pages\/4807","targetHints":{"allow":["GET"]}}],"collection":[{"href":"https:\/\/www.vwat.org\/es\/wp-json\/wp\/v2\/pages"}],"about":[{"href":"https:\/\/www.vwat.org\/es\/wp-json\/wp\/v2\/types\/page"}],"author":[{"embeddable":true,"href":"https:\/\/www.vwat.org\/es\/wp-json\/wp\/v2\/users\/2"}],"replies":[{"embeddable":true,"href":"https:\/\/www.vwat.org\/es\/wp-json\/wp\/v2\/comments?post=4807"}],"version-history":[{"count":1,"href":"https:\/\/www.vwat.org\/es\/wp-json\/wp\/v2\/pages\/4807\/revisions"}],"predecessor-version":[{"id":18758,"href":"https:\/\/www.vwat.org\/es\/wp-json\/wp\/v2\/pages\/4807\/revisions\/18758"}],"up":[{"embeddable":true,"href":"https:\/\/www.vwat.org\/es\/wp-json\/wp\/v2\/pages\/122"}],"wp:featuredmedia":[{"embeddable":true,"href":"https:\/\/www.vwat.org\/es\/wp-json\/wp\/v2\/media\/3352"}],"wp:attachment":[{"href":"https:\/\/www.vwat.org\/es\/wp-json\/wp\/v2\/media?parent=4807"}],"curies":[{"name":"wp","href":"https:\/\/api.w.org\/{rel}","templated":true}]}}