{"id":122,"date":"2021-06-13T05:05:11","date_gmt":"2021-06-13T05:05:11","guid":{"rendered":"https:\/\/newsite2022.vwat.org?page_id=122"},"modified":"2026-01-05T12:58:24","modified_gmt":"2026-01-05T17:58:24","slug":"programs-and-services","status":"publish","type":"page","link":"https:\/\/www.vwat.org\/it\/programs-and-services\/","title":{"rendered":"Programs &amp; Services"},"content":{"rendered":"<p><!-- Start Main Slider --><\/p>\n<section>\n<h3>follow us<\/h3>\n<ul>\n<li>\n                                <a href=\"https:\/\/www.facebook.com\/vietnamese.womensassociationtoronto\" target=\"_blank\" rel=\"noopener\"><\/a>\n                            <\/li>\n<li>\n                                <a href=\"https:\/\/www.youtube.com\/channel\/UC3IxMLN1zCh0VHv7SvP4_oQ\/featured%20\" target=\"_blank\" rel=\"noopener\"><\/a>\n                            <\/li>\n<\/ul>\n<p>                    <!-- Banner Carousel --><br \/>\n                                                    <!-- Slide --><\/p>\n<h2>Here to Serve You <br \/> and the Community<\/h2>\n<\/p>\n<p>                                            <a href=\"https:\/\/vwat.org\/programs-and-services\/#learn\" target=\"_blank\" rel=\"noopener\"><br \/>\n                                                Learn More<br \/>\n                                            <\/a><br \/>\n                                            <a href=\"https:\/\/vwat.org\/contact-us\/\" target=\"_blank\" rel=\"noopener\"><br \/>\n                                                Contact Us<br \/>\n                                            <\/a><br \/>\n                                                    <!-- Slide --><\/p>\n<h2>Here to Serve You <br \/> and the Community<\/h2>\n<\/p>\n<p>                                            <a href=\"https:\/\/vwat.org\/programs-and-services\/#learn\" target=\"_blank\" rel=\"noopener\"><br \/>\n                                                Learn More<br \/>\n                                            <\/a><br \/>\n                                            <a href=\"https:\/\/vwat.org\/contact-us\/\" target=\"_blank\" rel=\"noopener\"><br \/>\n                                                Contact Us<br \/>\n                                            <\/a><br \/>\n            <\/section>\n<p>            <!-- End Main Slider --><br \/>\n\t\t\t\t\t\t\t\t\t\t\t\t\t\t\t<img loading=\"lazy\" decoding=\"async\" loading=\"lazy\" width=\"231\" height=\"218\" src=\"https:\/\/www.vwat.org\/wp-content\/uploads\/2024\/01\/images.jpeg\" alt=\"\" \/>\t\t\t\t\t\t\t\t\t\t\t\t\t\t\t<\/p>\n<p>\u00a0<\/p>\n<p>\u00a0<\/p>\n<p><em>Pour des services d&#8217;\u00e9tablissement en fran\u00e7ais et\/ou la formation linguistique en fran\u00e7ais, veuillez contacter<\/em>\u00a0<br \/><strong>Centre Francophone du Grand Toronto<\/strong>\u00a0(416)-922-2672\u00a0<em>ou<\/em>\u00a0<a href=\"https:\/\/ac.centrefranco.org\/\" target=\"_blank\" rel=\"noopener\">https:\/\/ac.centrefranco.org\/<\/a><\/p>\n<h1>Programs &amp; Services To Help The Community  <\/h1>\n<p>\t\t\t\t\t\t\t\t\t\t\t\t\t\t\t<img loading=\"lazy\" decoding=\"async\" loading=\"lazy\" width=\"640\" height=\"360\" src=\"https:\/\/www.vwat.org\/wp-content\/uploads\/2025\/04\/newcomer-1-1024x576.jpg\" alt=\"\" \/>\t\t\t\t\t\t\t\t\t\t\t\t\t\t\t<\/p>\n<h3>\n\t\t\t\t\t\t<a href=\"https:\/\/vwat.org\/programs-and-services\/newcomers\/\" target=\"_blank\" rel=\"noopener\"><br \/>\n\t\t\t\t\t\t\tNewcomers\t\t\t\t\t\t<\/a><br \/>\n\t\t\t\t\t<\/h3>\n<p>\t\t\t\t\t<a href=\"https:\/\/vwat.org\/programs-and-services\/newcomers\/\" target=\"_blank\" rel=\"noopener\"><br \/>\n\t\t\t\t\t\t\t\t\tLearn More<br \/>\n\t\t\t\t\t<\/a><br \/>\n\t\t\t\t\t\t\t\t\t\t\t\t\t\t\t<img loading=\"lazy\" decoding=\"async\" loading=\"lazy\" width=\"640\" height=\"362\" src=\"https:\/\/www.vwat.org\/wp-content\/uploads\/2022\/07\/9.25.19.woman_job_interview_getty_cropped.jpg\" alt=\"\" \/>\t\t\t\t\t\t\t\t\t\t\t\t\t\t\t<\/p>\n<h3>\n\t\t\t\t\t\t<a href=\"https:\/\/vwat.org\/programs-and-services\/employment\" target=\"_blank\" rel=\"noopener\"><br \/>\n\t\t\t\t\t\t\tEmployment\t\t\t\t\t\t<\/a><br \/>\n\t\t\t\t\t<\/h3>\n<p>\t\t\t\t\t<a href=\"https:\/\/vwat.org\/programs-and-services\/employment\" target=\"_blank\" rel=\"noopener\"><br \/>\n\t\t\t\t\t\t\t\t\tLearn More<br \/>\n\t\t\t\t\t<\/a><br \/>\n\t\t\t\t\t\t\t\t\t\t\t\t\t\t\t<img loading=\"lazy\" decoding=\"async\" loading=\"lazy\" width=\"640\" height=\"365\" src=\"https:\/\/www.vwat.org\/wp-content\/uploads\/2024\/02\/free-services-for-seniors-in-toronto-3.jpg\" alt=\"\" \/>\t\t\t\t\t\t\t\t\t\t\t\t\t\t\t<\/p>\n<h3>\n\t\t\t\t\t\t<a href=\"https:\/\/vwat.org\/programs-and-services\/seniors\" target=\"_blank\" rel=\"noopener\"><br \/>\n\t\t\t\t\t\t\tSeniors\t\t\t\t\t\t<\/a><br \/>\n\t\t\t\t\t<\/h3>\n<p>\t\t\t\t\t<a href=\"https:\/\/vwat.org\/programs-and-services\/seniors\" target=\"_blank\" rel=\"noopener\"><br \/>\n\t\t\t\t\t\t\t\t\tLearn More<br \/>\n\t\t\t\t\t<\/a><br \/>\n\t\t\t\t\t\t\t\t\t\t\t\t\t\t\t<img loading=\"lazy\" decoding=\"async\" loading=\"lazy\" width=\"521\" height=\"292\" src=\"https:\/\/www.vwat.org\/wp-content\/uploads\/2025\/04\/youth1.jpg\" alt=\"\" \/>\t\t\t\t\t\t\t\t\t\t\t\t\t\t\t<\/p>\n<h3>\n\t\t\t\t\t\t<a href=\"https:\/\/vwat.org\/programs-and-services\/youth\/\" target=\"_blank\" rel=\"noopener\"><br \/>\n\t\t\t\t\t\t\tYouth\t\t\t\t\t\t<\/a><br \/>\n\t\t\t\t\t<\/h3>\n<p>\t\t\t\t\t<a href=\"https:\/\/vwat.org\/programs-and-services\/youth\/\" target=\"_blank\" rel=\"noopener\"><br \/>\n\t\t\t\t\t\t\t\t\tLearn More<br \/>\n\t\t\t\t\t<\/a><\/p>\n<h2>Testimonials<\/h2>\n<p>\t\t\t\t\t            <!--Start Testimonial style1 Area--><\/p>\n<section>\n                            <!--Start Single Testimonial Style1--><\/p>\n<h3><\/h3>\n<p>                                            Trong m\u00f9a d\u1ecbch b\u1ecbnh m\u00e0 H\u1ed9i Ph\u1ee5 N\u1eef Vi\u1ec7t Nam Toronto quan t\u00e2m gi\u00fap \u0111\u1ee1 c\u00e1c cao ni\u00ean c\u00f3 \u0111\u01b0\u1ee3c th\u1ef1c ph\u1ea9m t\u01b0\u01a1i t\u1ed1t \u0111\u1ec3 d\u00f9ng th\u1eadt l\u00e0 m\u1ed9t s\u1ef1 n\u00e2ng \u0111\u1ee1 tinh th\u1ea7n cho c\u00e1c cao ni\u00ean bi\u1ebft bao. C\u00e1m \u01a1n c\u00f4 Thu \u0111\u00e3 \u0111i ch\u1ee3 ch\u1ecdn mua t\u1eebng m\u00f3n v\u00e0 r\u1ea5t quan t\u00e2m \u0111\u1ec3 \u00fd t\u1edbi kh\u1ea9u v\u1ecb c\u1ee7a nh\u1eefng ng\u01b0\u1eddi cao tu\u1ed5i nh\u01b0 ch\u00fang t\u00f4i. Ch\u00fang t\u00f4i xin \u0111\u00f3n nh\u1eadn vi\u1ec7c l\u00e0m t\u1eeb t\u00e2m c\u1ee7a H\u1ed9i Ph\u1ee5 N\u1eef v\u1edbi t\u1ea5t c\u1ea3 s\u1ef1 tr\u00e2n tr\u1ecdng v\u00e0 tri \u00e2n.                                         <\/p>\n<h4>Y\u1ebfn Hu\u1ef3nh<\/h4>\n<h3><\/h3>\n<p>                                            T\u00f4i r\u1ea5t bi\u1ebft \u01a1n ch\u01b0\u01a1ng tr\u00ecnh m\u1eb7c d\u00f9 n\u00f3 kh\u00f4ng th\u1ec3 gi\u1ea3i quy\u1ebft t\u1ea5t c\u1ea3 c\u00e1c v\u1ea5n \u0111\u1ec1 trong cu\u1ed9c s\u1ed1ng c\u1ee7a t\u00f4i ho\u1eb7c \u0111\u1ea3m b\u1ea3o r\u1eb1ng cu\u1ed9c s\u1ed1ng c\u1ee7a t\u00f4i s\u1ebd kh\u00f4ng g\u1eb7p b\u1ea5t k\u1ef3 th\u1eed th\u00e1ch n\u00e0o. \u1ed0ng k\u00ednh c\u1ee7a GRACE cung c\u1ea5p cho t\u00f4i m\u1ed9t th\u00e1i \u0111\u1ed9 t\u00edch c\u1ef1c \u0111\u1ec3 \u0111\u1ed1i m\u1eb7t v\u1edbi nh\u1eefng s\u1ef1 ki\u1ec7n b\u1ea5t ng\u1edd, v\u01b0\u1ee3t qua v\u1ea5n \u0111\u1ec1 v\u00e0 th\u1ef1c h\u00e0nh l\u00f2ng bi\u1ebft \u01a1n \u0111\u1ec3 t\u1eadn h\u01b0\u1edfng nh\u1eefng \u0111i\u1ec1u tuy\u1ec7t v\u1eddi trong cu\u1ed9c s\u1ed1ng.                                          <\/p>\n<h4>Gia Quyen<\/h4>\n<h3><\/h3>\n<p>                                            Ch\u01b0\u01a1ng tr\u00ecnh GRACE \u0111\u00e3 gi\u00fap t\u00f4i \u0111\u00e1ng k\u1ec3 v\u1ec1 tr\u00ed tu\u1ec7 c\u1ea3m x\u00fac c\u1ee7a m\u00ecnh. B\u1eb1ng c\u00e1ch th\u1ef1c h\u00e0nh khung GRACE trong 5 th\u00e1ng qua, t\u00f4i nh\u1eadn th\u1ea5y nh\u1eefng thay \u0111\u1ed5i t\u00edch c\u1ef1c b\u00ean trong. B\u00e2y gi\u1edd t\u00f4i qu\u1ea3n l\u00fd c\u1ea3m x\u00fac c\u1ee7a m\u00ecnh t\u1ed1t h\u01a1n nhi\u1ec1u v\u00e0 t\u1ef1 tin v\u00e0o s\u1ef1 l\u1ef1a ch\u1ecdn m\u00e0 t\u00f4i \u0111\u00e3 \u0111\u01b0a ra cho t\u01b0\u01a1ng lai c\u1ee7a m\u00ecnh.                                          <\/p>\n<h4>Carolyn<\/h4>\n<h3><\/h3>\n<p>                                            VWAT l\u00e0 m\u1ed9t t\u1ed5 ch\u1ee9c m\u00e0 m\u00ecnh \u0111\u00e3 g\u1eafn b\u00f3 t\u1eeb l\u00fac m\u1edbi sang v\u00e0 y\u00eau qu\u00fd \u0111\u1ebfn t\u1eadn b\u00e2y gi\u1edd. Nh\u1edd VWAT m\u00e0 m\u00ecnh c\u00f3 \u0111\u01b0\u1ee3c tr\u1ea3i nghi\u1ec7m c\u00f9ng c\u00e1c con t\u1ef1 l\u00e0m v\u00e0 d\u00e1n chi\u1ebfc l\u1ed3ng \u0111\u00e8n trung thu t\u1eeb tre n\u1ee9a do c\u00e1c b\u00e1c cao ni\u00ean c\u1ed1ng hi\u1ebfn th\u00ec gi\u1edd chu\u1ea9n b\u1ecb s\u1eb5n. VWAT \u0111\u00e3 t\u1ea1o n\u00ean m\u1ed9t s\u1ef1 g\u1eafn k\u1ebft ch\u1eb7t ch\u1ebd th\u00e2n th\u01b0\u01a1ng cho c\u1ed9ng \u0111\u1ed3ng ng\u01b0\u1eddi Vi\u1ec7t t\u1ea1i \u0111\u00e2y. Ch\u00fac m\u1eebng VWAT v\u00e0 c\u0169ng m\u1eebng cho c\u1ed9ng \u0111\u1ed3ng ch\u00fang ta c\u00f3 \u0111\u01b0\u1ee3c m\u1ed9t t\u1ed5 ch\u1ee9c nh\u01b0 v\u1eady \u0111\u1ed3ng h\u00e0nh.                                        <\/p>\n<h4>An B\u00ecnh<\/h4>\n<p>                                            <img loading=\"lazy\" loading=\"lazy\" width=\"637\" height=\"504\" src=\"https:\/\/www.vwat.org\/wp-content\/uploads\/2022\/05\/Screenshot-61-1.png\" alt=\"\" decoding=\"async\" \/>                                        <\/p>\n<h3><\/h3>\n<p>                                            C\u00e1m \u01a1n Th\u1ea3o v\u00e0 VWAT Team \u0111\u00e3 t\u1ed5 ch\u1ee9c bu\u1ed5i h\u1ed9i th\u1ea3o v\u1ec1 c\u00e1ch m\u1edf business \u1edf Canada. T\u00f4i th\u1ea5y bu\u1ed5i h\u1ed9i th\u1ea3o th\u1eadt h\u1eefu \u00edch cho nh\u1eefng ai \u0111ang kinh doanh ho\u1eb7c c\u00f3 d\u1ef1 \u0111\u1ecbnh kh\u1edfi nghi\u1ec7p sau n\u00e0y.                                        <\/p>\n<h4>Lam Tr\u1ea7n<\/h4>\n<h3><\/h3>\n<p>                                            T\u00f4i r\u1ea5t vui m\u1eebng \u0111\u01b0\u1ee3c bi\u1ebft m\u1ed9t t\u1ed5 ch\u1ee9c do ng\u01b0\u1eddi Vi\u1ec7t m\u00ecnh \u0111i\u1ec1u h\u00e0nh \u0111\u01b0\u1ee3c ch\u00ednh ph\u1ee7 c\u00f4ng nh\u1eadn v\u00ec nh\u1eefng th\u00e0nh qu\u1ea3 v\u00e0 \u0111\u00f3ng g\u00f3p qu\u00fd b\u00e1u cho c\u1ed9ng \u0111\u1ed3ng. Ch\u00fac team VWAT nhi\u1ec1u th\u00e0nh c\u00f4ng, lu\u00f4n v\u1eefng m\u1ea1nh v\u00e0 l\u00e0 m\u1ed9t ti\u1ebfng n\u00f3i m\u1ea1nh m\u1ebd cho c\u1ed9ng \u0111\u1ed3ng ng\u01b0\u1eddi Vi\u1ec7t t\u1ea1i Canada.                                        <\/p>\n<h4>Ann Nguy\u1ec5n<\/h4>\n<h3><\/h3>\n<p>                                            C\u1ea3m \u01a1n ch\u1ecb Hi\u1ebfu, ch\u1ecb Th\u1ee7y, anh Chi\u1ec3u v\u00e0 c\u00e1c anh ch\u1ecb kh\u00e1c \u1edf VWAT \u0111\u00e3 r\u1ea5t t\u1eadn t\u00e2m gi\u00fap \u0111\u1ee1 ng\u01b0\u1eddi m\u1edbi sang Canada \u0111\u1ecbnh c\u01b0 nh\u01b0 ch\u00fang t\u00f4i.                                        <\/p>\n<h4>Nam Tr\u1ea7n<\/h4>\n<h3><\/h3>\n<p>                                            Em r\u1ea5t c\u1ea3m ph\u1ee5c nh\u1eefng vi\u1ec7c l\u00e0m th\u1ea7m l\u1eb7ng c\u1ee7a c\u00e1c anh ch\u1ecb nh\u00e2n vi\u00ean H\u1ed9i Ph\u1ee5 N\u1eef Vi\u1ec7t Nam Toronto. Em s\u1ebd kh\u00f4ng bao gi\u1edd qu\u00ean c\u00e1i l\u1ea7n ch\u1ecb Hi\u1ebfu \u0111\u1ebfn t\u1eadn nh\u00e0 th\u0103m h\u1ecfi khi hay tin con em b\u1ecb tai n\u1ea1n. Mong c\u00e1c anh ch\u1ecb kh\u1ecfe m\u1ea1nh v\u00e0 ti\u1ebfp t\u1ee5c c\u00f4ng vi\u1ec7c \u0111\u1ea7y \u00fd ngh\u0129a n\u00e0y.                                        <\/p>\n<h4>An Nguy\u1ec5n<\/h4>\n<h3><\/h3>\n<p>                                            C\u1ea3m \u01a1n ch\u1ecb Th\u1ea3o v\u00e0 ch\u1ecb S\u01b0\u01a1ng \u0111\u00e3 lu\u00f4n \u0111\u1ed9ng vi\u00ean, san s\u1ebb v\u00e0 gi\u00fap em t\u00ecm \u0111\u01b0\u1ee3c c\u00f4ng vi\u1ec7c ph\u00f9 h\u1ee3p. Em s\u1ebd c\u1ed1 g\u1eafng l\u00e0m t\u1ed1t \u0111\u1ec3 kh\u00f4ng ph\u1ee5 l\u00f2ng c\u1ee7a c\u00e1c ch\u1ecb.                                        <\/p>\n<h4>Thanh Lan<\/h4>\n<p>                                                        <!--End Single Testimonial Style1--><br \/>\n            <\/section>\n<p>            <!--End Testimonial Style1 Area--><\/p>\n","protected":false},"excerpt":{"rendered":"<p>follow us Here to Serve You and the Community Learn More Contact Us Here to Serve You and the Community [&hellip;]<\/p>\n","protected":false},"author":2,"featured_media":0,"parent":0,"menu_order":0,"comment_status":"closed","ping_status":"closed","template":"","meta":{"nf_dc_page":"","content-type":"","footnotes":""},"class_list":["post-122","page","type-page","status-publish","hentry"],"translation":{"provider":"WPGlobus","version":"3.0.2","language":"it","enabled_languages":["ca","vi","it","es","pt"],"languages":{"ca":{"title":true,"content":true,"excerpt":false},"vi":{"title":true,"content":true,"excerpt":false},"it":{"title":false,"content":false,"excerpt":false},"es":{"title":false,"content":false,"excerpt":false},"pt":{"title":false,"content":false,"excerpt":false}}},"yoast_head":"<!-- This site is optimized with the Yoast SEO Premium plugin v27.2 (Yoast SEO v27.4) - https:\/\/yoast.com\/product\/yoast-seo-premium-wordpress\/ -->\n<title>Programs and Services for the Vietnamese Community - VWAT<\/title>\n<meta name=\"robots\" content=\"index, follow, max-snippet:-1, max-image-preview:large, max-video-preview:-1\" \/>\n<link rel=\"canonical\" href=\"https:\/\/www.vwat.org\/programs-and-services\/\" \/>\n<meta property=\"og:locale\" content=\"it_IT\" \/>\n<meta property=\"og:type\" content=\"article\" \/>\n<meta property=\"og:url\" content=\"https:\/\/www.vwat.org\/programs-and-services\/\" \/>\n<meta property=\"og:site_name\" content=\"VWAT Family Services\" \/>\n<meta property=\"article:publisher\" content=\"https:\/\/www.facebook.com\/vietnamese.womensassociationtoronto\" \/>\n<meta property=\"article:modified_time\" content=\"2026-01-05T17:58:24+00:00\" \/>\n<meta property=\"og:image\" content=\"https:\/\/www.vwat.org\/wp-content\/uploads\/2024\/01\/images.jpeg\" \/>\n<meta name=\"twitter:card\" content=\"summary_large_image\" \/>\n<meta name=\"twitter:label1\" content=\"Est. reading time\" \/>\n\t<meta name=\"twitter:data1\" content=\"7 minutes\" \/>\n<script type=\"application\/ld+json\" class=\"yoast-schema-graph\">{\"@context\":\"https:\\\/\\\/schema.org\",\"@graph\":[{\"@type\":\"WebPage\",\"@id\":\"https:\\\/\\\/www.vwat.org\\\/programs-and-services\\\/\",\"url\":\"https:\\\/\\\/www.vwat.org\\\/programs-and-services\\\/\",\"name\":\"Programs and Services for the Vietnamese Community - VWAT\",\"isPartOf\":{\"@id\":\"https:\\\/\\\/www.vwat.org\\\/#website\"},\"primaryImageOfPage\":{\"@id\":\"https:\\\/\\\/www.vwat.org\\\/programs-and-services\\\/#primaryimage\"},\"image\":{\"@id\":\"https:\\\/\\\/www.vwat.org\\\/programs-and-services\\\/#primaryimage\"},\"thumbnailUrl\":\"https:\\\/\\\/www.vwat.org\\\/wp-content\\\/uploads\\\/2024\\\/01\\\/images.jpeg\",\"datePublished\":\"2021-06-13T05:05:11+00:00\",\"dateModified\":\"2026-01-05T17:58:24+00:00\",\"description\":\"VWAT offers programs & services for the Vietnamese community in Toronto. Support for seniors, youth, newcomers & preserving heritage. Learn More\",\"breadcrumb\":{\"@id\":\"https:\\\/\\\/www.vwat.org\\\/programs-and-services\\\/#breadcrumb\"},\"inLanguage\":\"it-IT\",\"potentialAction\":[{\"@type\":\"ReadAction\",\"target\":[\"https:\\\/\\\/www.vwat.org\\\/programs-and-services\\\/\"]}]},{\"@type\":\"ImageObject\",\"inLanguage\":\"it-IT\",\"@id\":\"https:\\\/\\\/www.vwat.org\\\/programs-and-services\\\/#primaryimage\",\"url\":\"https:\\\/\\\/www.vwat.org\\\/wp-content\\\/uploads\\\/2024\\\/01\\\/images.jpeg\",\"contentUrl\":\"https:\\\/\\\/www.vwat.org\\\/wp-content\\\/uploads\\\/2024\\\/01\\\/images.jpeg\"},{\"@type\":\"BreadcrumbList\",\"@id\":\"https:\\\/\\\/www.vwat.org\\\/programs-and-services\\\/#breadcrumb\",\"itemListElement\":[{\"@type\":\"ListItem\",\"position\":1,\"name\":\"Home\",\"item\":\"https:\\\/\\\/www.vwat.org\\\/it\\\/\"},{\"@type\":\"ListItem\",\"position\":2,\"name\":\"Programs &amp; Services\"}]},{\"@type\":\"WebSite\",\"@id\":\"https:\\\/\\\/www.vwat.org\\\/#website\",\"url\":\"https:\\\/\\\/www.vwat.org\\\/\",\"name\":\"VWAT Family Services\",\"description\":\"Empowering Our Community\",\"publisher\":{\"@id\":\"https:\\\/\\\/www.vwat.org\\\/#organization\"},\"potentialAction\":[{\"@type\":\"SearchAction\",\"target\":{\"@type\":\"EntryPoint\",\"urlTemplate\":\"https:\\\/\\\/www.vwat.org\\\/?s={search_term_string}\"},\"query-input\":{\"@type\":\"PropertyValueSpecification\",\"valueRequired\":true,\"valueName\":\"search_term_string\"}}],\"inLanguage\":\"it-IT\"},{\"@type\":\"Organization\",\"@id\":\"https:\\\/\\\/www.vwat.org\\\/#organization\",\"name\":\"VWAT Family Services\",\"url\":\"https:\\\/\\\/www.vwat.org\\\/\",\"logo\":{\"@type\":\"ImageObject\",\"inLanguage\":\"it-IT\",\"@id\":\"https:\\\/\\\/www.vwat.org\\\/#\\\/schema\\\/logo\\\/image\\\/\",\"url\":\"https:\\\/\\\/www.vwat.org\\\/wp-content\\\/uploads\\\/2022\\\/06\\\/VWAT-e1655759543180.png\",\"contentUrl\":\"https:\\\/\\\/www.vwat.org\\\/wp-content\\\/uploads\\\/2022\\\/06\\\/VWAT-e1655759543180.png\",\"width\":150,\"height\":150,\"caption\":\"VWAT Family Services\"},\"image\":{\"@id\":\"https:\\\/\\\/www.vwat.org\\\/#\\\/schema\\\/logo\\\/image\\\/\"},\"sameAs\":[\"https:\\\/\\\/www.facebook.com\\\/vietnamese.womensassociationtoronto\",\"https:\\\/\\\/www.youtube.com\\\/channel\\\/UC3IxMLN1zCh0VHv7SvP4_oQ\"]}]}<\/script>\n<!-- \/ Yoast SEO Premium plugin. -->","yoast_head_json":{"title":"Programs and Services for the Vietnamese Community - VWAT","robots":{"index":"index","follow":"follow","max-snippet":"max-snippet:-1","max-image-preview":"max-image-preview:large","max-video-preview":"max-video-preview:-1"},"canonical":"https:\/\/www.vwat.org\/programs-and-services\/","og_locale":"it_IT","og_type":"article","og_url":"https:\/\/www.vwat.org\/programs-and-services\/","og_site_name":"VWAT Family Services","article_publisher":"https:\/\/www.facebook.com\/vietnamese.womensassociationtoronto","article_modified_time":"2026-01-05T17:58:24+00:00","og_image":[{"url":"https:\/\/www.vwat.org\/wp-content\/uploads\/2024\/01\/images.jpeg","type":"","width":"","height":""}],"twitter_card":"summary_large_image","twitter_misc":{"Est. reading time":"7 minutes"},"schema":{"@context":"https:\/\/schema.org","@graph":[{"@type":"WebPage","@id":"https:\/\/www.vwat.org\/programs-and-services\/","url":"https:\/\/www.vwat.org\/programs-and-services\/","name":"Programs and Services for the Vietnamese Community - VWAT","isPartOf":{"@id":"https:\/\/www.vwat.org\/#website"},"primaryImageOfPage":{"@id":"https:\/\/www.vwat.org\/programs-and-services\/#primaryimage"},"image":{"@id":"https:\/\/www.vwat.org\/programs-and-services\/#primaryimage"},"thumbnailUrl":"https:\/\/www.vwat.org\/wp-content\/uploads\/2024\/01\/images.jpeg","datePublished":"2021-06-13T05:05:11+00:00","dateModified":"2026-01-05T17:58:24+00:00","description":"VWAT offers programs & services for the Vietnamese community in Toronto. Support for seniors, youth, newcomers & preserving heritage. Learn More","breadcrumb":{"@id":"https:\/\/www.vwat.org\/programs-and-services\/#breadcrumb"},"inLanguage":"it-IT","potentialAction":[{"@type":"ReadAction","target":["https:\/\/www.vwat.org\/programs-and-services\/"]}]},{"@type":"ImageObject","inLanguage":"it-IT","@id":"https:\/\/www.vwat.org\/programs-and-services\/#primaryimage","url":"https:\/\/www.vwat.org\/wp-content\/uploads\/2024\/01\/images.jpeg","contentUrl":"https:\/\/www.vwat.org\/wp-content\/uploads\/2024\/01\/images.jpeg"},{"@type":"BreadcrumbList","@id":"https:\/\/www.vwat.org\/programs-and-services\/#breadcrumb","itemListElement":[{"@type":"ListItem","position":1,"name":"Home","item":"https:\/\/www.vwat.org\/it\/"},{"@type":"ListItem","position":2,"name":"Programs &amp; Services"}]},{"@type":"WebSite","@id":"https:\/\/www.vwat.org\/#website","url":"https:\/\/www.vwat.org\/","name":"VWAT Family Services","description":"Empowering Our Community","publisher":{"@id":"https:\/\/www.vwat.org\/#organization"},"potentialAction":[{"@type":"SearchAction","target":{"@type":"EntryPoint","urlTemplate":"https:\/\/www.vwat.org\/?s={search_term_string}"},"query-input":{"@type":"PropertyValueSpecification","valueRequired":true,"valueName":"search_term_string"}}],"inLanguage":"it-IT"},{"@type":"Organization","@id":"https:\/\/www.vwat.org\/#organization","name":"VWAT Family Services","url":"https:\/\/www.vwat.org\/","logo":{"@type":"ImageObject","inLanguage":"it-IT","@id":"https:\/\/www.vwat.org\/#\/schema\/logo\/image\/","url":"https:\/\/www.vwat.org\/wp-content\/uploads\/2022\/06\/VWAT-e1655759543180.png","contentUrl":"https:\/\/www.vwat.org\/wp-content\/uploads\/2022\/06\/VWAT-e1655759543180.png","width":150,"height":150,"caption":"VWAT Family Services"},"image":{"@id":"https:\/\/www.vwat.org\/#\/schema\/logo\/image\/"},"sameAs":["https:\/\/www.facebook.com\/vietnamese.womensassociationtoronto","https:\/\/www.youtube.com\/channel\/UC3IxMLN1zCh0VHv7SvP4_oQ"]}]}},"_links":{"self":[{"href":"https:\/\/www.vwat.org\/it\/wp-json\/wp\/v2\/pages\/122","targetHints":{"allow":["GET"]}}],"collection":[{"href":"https:\/\/www.vwat.org\/it\/wp-json\/wp\/v2\/pages"}],"about":[{"href":"https:\/\/www.vwat.org\/it\/wp-json\/wp\/v2\/types\/page"}],"author":[{"embeddable":true,"href":"https:\/\/www.vwat.org\/it\/wp-json\/wp\/v2\/users\/2"}],"replies":[{"embeddable":true,"href":"https:\/\/www.vwat.org\/it\/wp-json\/wp\/v2\/comments?post=122"}],"version-history":[{"count":5,"href":"https:\/\/www.vwat.org\/it\/wp-json\/wp\/v2\/pages\/122\/revisions"}],"predecessor-version":[{"id":18128,"href":"https:\/\/www.vwat.org\/it\/wp-json\/wp\/v2\/pages\/122\/revisions\/18128"}],"wp:attachment":[{"href":"https:\/\/www.vwat.org\/it\/wp-json\/wp\/v2\/media?parent=122"}],"curies":[{"name":"wp","href":"https:\/\/api.w.org\/{rel}","templated":true}]}}