{"id":1409,"date":"2021-06-16T09:51:55","date_gmt":"2021-06-16T13:51:55","guid":{"rendered":"https:\/\/newsite2022.vwat.org?page_id=1409"},"modified":"2023-10-20T15:43:31","modified_gmt":"2023-10-20T19:43:31","slug":"cultural-events","status":"publish","type":"page","link":"https:\/\/www.vwat.org\/it\/cultural-events\/","title":{"rendered":"Vietnamese Lunar New Year Celebration\u200b &#8211; H\u1ed9i Ch\u1ee3 T\u1ebft"},"content":{"rendered":"<h2>Vietnamese Lunar New Year Celebration &#8211; H\u1ed9i Ch\u1ee3 T\u1ebft<\/h2>\n<figure>\n\t\t\t\t\t\t\t\t\t\t<img loading=\"lazy\" decoding=\"async\" width=\"1080\" height=\"1080\" src=\"https:\/\/www.vwat.org\/wp-content\/uploads\/2022\/06\/Hoi-Cho-Tet_adobe_express_adobe_express.jpeg\" alt=\"\" loading=\"lazy\" srcset=\"https:\/\/www.vwat.org\/wp-content\/uploads\/2022\/06\/Hoi-Cho-Tet_adobe_express_adobe_express.jpeg 1080w, https:\/\/www.vwat.org\/wp-content\/uploads\/2022\/06\/Hoi-Cho-Tet_adobe_express_adobe_express-300x300.jpeg 300w, https:\/\/www.vwat.org\/wp-content\/uploads\/2022\/06\/Hoi-Cho-Tet_adobe_express_adobe_express-1024x1024.jpeg 1024w, https:\/\/www.vwat.org\/wp-content\/uploads\/2022\/06\/Hoi-Cho-Tet_adobe_express_adobe_express-150x150.jpeg 150w, https:\/\/www.vwat.org\/wp-content\/uploads\/2022\/06\/Hoi-Cho-Tet_adobe_express_adobe_express-768x768.jpeg 768w, https:\/\/www.vwat.org\/wp-content\/uploads\/2022\/06\/Hoi-Cho-Tet_adobe_express_adobe_express-80x80.jpeg 80w\" sizes=\"auto, (max-width: 1080px) 100vw, 1080px\" \/><figcaption><\/figcaption><\/figure>\n<p>T\u1ebft or Vietnamese Lunar New Year is one of the most important celebrations in Vietnamese culture. &#8220;T\u1ebft&#8221; is a shortened form of T\u1ebft Nguy\u00ean \u0110\u00e1n, with Old Vietnamese origins meaning &#8220;Festival of the First Morning of the First Day&#8221;. T\u1ebft celebrates the arrival of spring based on the Vietnamese calendar. Many customs and traditions are practiced during T\u1ebft, such as visiting a person&#8217;s house on the first day of the new year (x\u00f4ng nh\u00e0), ancestor worship, exchanging New Year&#8217;s greetings, giving lucky money to children and elderly people, and visiting relatives, friends and neighbors.<\/p>\n<p>Every year, VWAT Family Services Board members, staff and senior members come together to celebrate the Lunar New Year with a potluck party. We also take this opportunity to recognise the commitment and dedication of our Senior Volunteers in our community.\u00a0 This event brings together our senior community members to share in joy and laughter as well as to nourish wonderful friendships, with many of our seniors becoming long-term friends and companions.<\/p>\n<blockquote>\n<blockquote><p><a href=\"https:\/\/www.vwat.org\/vietnamese-lunar-new-year-2023\/\" target=\"_blank\" rel=\"noopener\">\u00a0Our 2023 Lunar New Year event to honour volunteers can be found here.<\/a><\/p><\/blockquote>\n<\/blockquote>\n","protected":false},"excerpt":{"rendered":"<p>Vietnamese Lunar New Year Celebration &#8211; H\u1ed9i Ch\u1ee3 T\u1ebft T\u1ebft or Vietnamese Lunar New Year is one of the most [&hellip;]<\/p>\n","protected":false},"author":2,"featured_media":4601,"parent":0,"menu_order":0,"comment_status":"closed","ping_status":"closed","template":"elementor_header_footer","meta":{"nf_dc_page":"","content-type":"","footnotes":""},"class_list":["post-1409","page","type-page","status-publish","has-post-thumbnail","hentry"],"translation":{"provider":"WPGlobus","version":"3.0.2","language":"it","enabled_languages":["ca","vi","it","es","pt"],"languages":{"ca":{"title":true,"content":true,"excerpt":false},"vi":{"title":true,"content":true,"excerpt":false},"it":{"title":false,"content":false,"excerpt":false},"es":{"title":false,"content":false,"excerpt":false},"pt":{"title":false,"content":false,"excerpt":false}}},"yoast_head":"<!-- This site is optimized with the Yoast SEO Premium plugin v27.2 (Yoast SEO v27.4) - https:\/\/yoast.com\/product\/yoast-seo-premium-wordpress\/ -->\n<title>- VWAT Family Services<\/title>\n<meta name=\"robots\" content=\"index, follow, max-snippet:-1, max-image-preview:large, max-video-preview:-1\" \/>\n<link rel=\"canonical\" href=\"https:\/\/www.vwat.org\/cultural-events\/\" \/>\n<meta property=\"og:locale\" content=\"it_IT\" \/>\n<meta property=\"og:type\" content=\"article\" \/>\n<meta property=\"og:url\" content=\"https:\/\/www.vwat.org\/cultural-events\/\" \/>\n<meta property=\"og:site_name\" content=\"VWAT Family Services\" \/>\n<meta property=\"article:publisher\" content=\"https:\/\/www.facebook.com\/vietnamese.womensassociationtoronto\" \/>\n<meta property=\"article:modified_time\" content=\"2023-10-20T19:43:31+00:00\" \/>\n<meta property=\"og:image\" content=\"https:\/\/www.vwat.org\/wp-content\/uploads\/2022\/05\/DSC_1505-1.jpg\" \/>\n\t<meta property=\"og:image:width\" content=\"1920\" \/>\n\t<meta property=\"og:image:height\" content=\"1280\" \/>\n\t<meta property=\"og:image:type\" content=\"image\/jpeg\" \/>\n<meta name=\"twitter:card\" content=\"summary_large_image\" \/>\n<meta name=\"twitter:label1\" content=\"Est. reading time\" \/>\n\t<meta name=\"twitter:data1\" content=\"1 minute\" \/>\n<script type=\"application\/ld+json\" class=\"yoast-schema-graph\">{\"@context\":\"https:\\\/\\\/schema.org\",\"@graph\":[{\"@type\":\"WebPage\",\"@id\":\"https:\\\/\\\/www.vwat.org\\\/cultural-events\\\/\",\"url\":\"https:\\\/\\\/www.vwat.org\\\/cultural-events\\\/\",\"name\":\"- VWAT Family Services\",\"isPartOf\":{\"@id\":\"https:\\\/\\\/www.vwat.org\\\/#website\"},\"primaryImageOfPage\":{\"@id\":\"https:\\\/\\\/www.vwat.org\\\/cultural-events\\\/#primaryimage\"},\"image\":{\"@id\":\"https:\\\/\\\/www.vwat.org\\\/cultural-events\\\/#primaryimage\"},\"thumbnailUrl\":\"https:\\\/\\\/www.vwat.org\\\/wp-content\\\/uploads\\\/2022\\\/05\\\/DSC_1505-1.jpg\",\"datePublished\":\"2021-06-16T13:51:55+00:00\",\"dateModified\":\"2023-10-20T19:43:31+00:00\",\"breadcrumb\":{\"@id\":\"https:\\\/\\\/www.vwat.org\\\/cultural-events\\\/#breadcrumb\"},\"inLanguage\":\"it-IT\",\"potentialAction\":[{\"@type\":\"ReadAction\",\"target\":[\"https:\\\/\\\/www.vwat.org\\\/cultural-events\\\/\"]}]},{\"@type\":\"ImageObject\",\"inLanguage\":\"it-IT\",\"@id\":\"https:\\\/\\\/www.vwat.org\\\/cultural-events\\\/#primaryimage\",\"url\":\"https:\\\/\\\/www.vwat.org\\\/wp-content\\\/uploads\\\/2022\\\/05\\\/DSC_1505-1.jpg\",\"contentUrl\":\"https:\\\/\\\/www.vwat.org\\\/wp-content\\\/uploads\\\/2022\\\/05\\\/DSC_1505-1.jpg\",\"width\":1920,\"height\":1280},{\"@type\":\"BreadcrumbList\",\"@id\":\"https:\\\/\\\/www.vwat.org\\\/cultural-events\\\/#breadcrumb\",\"itemListElement\":[{\"@type\":\"ListItem\",\"position\":1,\"name\":\"Home\",\"item\":\"https:\\\/\\\/www.vwat.org\\\/it\\\/\"},{\"@type\":\"ListItem\",\"position\":2,\"name\":\"Vietnamese Lunar New Year Celebration\u200b &#8211; H\u1ed9i Ch\u1ee3 T\u1ebft\"}]},{\"@type\":\"WebSite\",\"@id\":\"https:\\\/\\\/www.vwat.org\\\/#website\",\"url\":\"https:\\\/\\\/www.vwat.org\\\/\",\"name\":\"VWAT Family Services\",\"description\":\"Empowering Our Community\",\"publisher\":{\"@id\":\"https:\\\/\\\/www.vwat.org\\\/#organization\"},\"potentialAction\":[{\"@type\":\"SearchAction\",\"target\":{\"@type\":\"EntryPoint\",\"urlTemplate\":\"https:\\\/\\\/www.vwat.org\\\/?s={search_term_string}\"},\"query-input\":{\"@type\":\"PropertyValueSpecification\",\"valueRequired\":true,\"valueName\":\"search_term_string\"}}],\"inLanguage\":\"it-IT\"},{\"@type\":\"Organization\",\"@id\":\"https:\\\/\\\/www.vwat.org\\\/#organization\",\"name\":\"VWAT Family Services\",\"url\":\"https:\\\/\\\/www.vwat.org\\\/\",\"logo\":{\"@type\":\"ImageObject\",\"inLanguage\":\"it-IT\",\"@id\":\"https:\\\/\\\/www.vwat.org\\\/#\\\/schema\\\/logo\\\/image\\\/\",\"url\":\"https:\\\/\\\/www.vwat.org\\\/wp-content\\\/uploads\\\/2022\\\/06\\\/VWAT-e1655759543180.png\",\"contentUrl\":\"https:\\\/\\\/www.vwat.org\\\/wp-content\\\/uploads\\\/2022\\\/06\\\/VWAT-e1655759543180.png\",\"width\":150,\"height\":150,\"caption\":\"VWAT Family Services\"},\"image\":{\"@id\":\"https:\\\/\\\/www.vwat.org\\\/#\\\/schema\\\/logo\\\/image\\\/\"},\"sameAs\":[\"https:\\\/\\\/www.facebook.com\\\/vietnamese.womensassociationtoronto\",\"https:\\\/\\\/www.youtube.com\\\/channel\\\/UC3IxMLN1zCh0VHv7SvP4_oQ\"]}]}<\/script>\n<!-- \/ Yoast SEO Premium plugin. -->","yoast_head_json":{"title":"- VWAT Family Services","robots":{"index":"index","follow":"follow","max-snippet":"max-snippet:-1","max-image-preview":"max-image-preview:large","max-video-preview":"max-video-preview:-1"},"canonical":"https:\/\/www.vwat.org\/cultural-events\/","og_locale":"it_IT","og_type":"article","og_url":"https:\/\/www.vwat.org\/cultural-events\/","og_site_name":"VWAT Family Services","article_publisher":"https:\/\/www.facebook.com\/vietnamese.womensassociationtoronto","article_modified_time":"2023-10-20T19:43:31+00:00","og_image":[{"width":1920,"height":1280,"url":"https:\/\/www.vwat.org\/wp-content\/uploads\/2022\/05\/DSC_1505-1.jpg","type":"image\/jpeg"}],"twitter_card":"summary_large_image","twitter_misc":{"Est. reading time":"1 minute"},"schema":{"@context":"https:\/\/schema.org","@graph":[{"@type":"WebPage","@id":"https:\/\/www.vwat.org\/cultural-events\/","url":"https:\/\/www.vwat.org\/cultural-events\/","name":"- VWAT Family Services","isPartOf":{"@id":"https:\/\/www.vwat.org\/#website"},"primaryImageOfPage":{"@id":"https:\/\/www.vwat.org\/cultural-events\/#primaryimage"},"image":{"@id":"https:\/\/www.vwat.org\/cultural-events\/#primaryimage"},"thumbnailUrl":"https:\/\/www.vwat.org\/wp-content\/uploads\/2022\/05\/DSC_1505-1.jpg","datePublished":"2021-06-16T13:51:55+00:00","dateModified":"2023-10-20T19:43:31+00:00","breadcrumb":{"@id":"https:\/\/www.vwat.org\/cultural-events\/#breadcrumb"},"inLanguage":"it-IT","potentialAction":[{"@type":"ReadAction","target":["https:\/\/www.vwat.org\/cultural-events\/"]}]},{"@type":"ImageObject","inLanguage":"it-IT","@id":"https:\/\/www.vwat.org\/cultural-events\/#primaryimage","url":"https:\/\/www.vwat.org\/wp-content\/uploads\/2022\/05\/DSC_1505-1.jpg","contentUrl":"https:\/\/www.vwat.org\/wp-content\/uploads\/2022\/05\/DSC_1505-1.jpg","width":1920,"height":1280},{"@type":"BreadcrumbList","@id":"https:\/\/www.vwat.org\/cultural-events\/#breadcrumb","itemListElement":[{"@type":"ListItem","position":1,"name":"Home","item":"https:\/\/www.vwat.org\/it\/"},{"@type":"ListItem","position":2,"name":"Vietnamese Lunar New Year Celebration\u200b &#8211; H\u1ed9i Ch\u1ee3 T\u1ebft"}]},{"@type":"WebSite","@id":"https:\/\/www.vwat.org\/#website","url":"https:\/\/www.vwat.org\/","name":"VWAT Family Services","description":"Empowering Our Community","publisher":{"@id":"https:\/\/www.vwat.org\/#organization"},"potentialAction":[{"@type":"SearchAction","target":{"@type":"EntryPoint","urlTemplate":"https:\/\/www.vwat.org\/?s={search_term_string}"},"query-input":{"@type":"PropertyValueSpecification","valueRequired":true,"valueName":"search_term_string"}}],"inLanguage":"it-IT"},{"@type":"Organization","@id":"https:\/\/www.vwat.org\/#organization","name":"VWAT Family Services","url":"https:\/\/www.vwat.org\/","logo":{"@type":"ImageObject","inLanguage":"it-IT","@id":"https:\/\/www.vwat.org\/#\/schema\/logo\/image\/","url":"https:\/\/www.vwat.org\/wp-content\/uploads\/2022\/06\/VWAT-e1655759543180.png","contentUrl":"https:\/\/www.vwat.org\/wp-content\/uploads\/2022\/06\/VWAT-e1655759543180.png","width":150,"height":150,"caption":"VWAT Family Services"},"image":{"@id":"https:\/\/www.vwat.org\/#\/schema\/logo\/image\/"},"sameAs":["https:\/\/www.facebook.com\/vietnamese.womensassociationtoronto","https:\/\/www.youtube.com\/channel\/UC3IxMLN1zCh0VHv7SvP4_oQ"]}]}},"_links":{"self":[{"href":"https:\/\/www.vwat.org\/it\/wp-json\/wp\/v2\/pages\/1409","targetHints":{"allow":["GET"]}}],"collection":[{"href":"https:\/\/www.vwat.org\/it\/wp-json\/wp\/v2\/pages"}],"about":[{"href":"https:\/\/www.vwat.org\/it\/wp-json\/wp\/v2\/types\/page"}],"author":[{"embeddable":true,"href":"https:\/\/www.vwat.org\/it\/wp-json\/wp\/v2\/users\/2"}],"replies":[{"embeddable":true,"href":"https:\/\/www.vwat.org\/it\/wp-json\/wp\/v2\/comments?post=1409"}],"version-history":[{"count":0,"href":"https:\/\/www.vwat.org\/it\/wp-json\/wp\/v2\/pages\/1409\/revisions"}],"wp:featuredmedia":[{"embeddable":true,"href":"https:\/\/www.vwat.org\/it\/wp-json\/wp\/v2\/media\/4601"}],"wp:attachment":[{"href":"https:\/\/www.vwat.org\/it\/wp-json\/wp\/v2\/media?parent=1409"}],"curies":[{"name":"wp","href":"https:\/\/api.w.org\/{rel}","templated":true}]}}