{"id":4807,"date":"2022-05-17T09:09:03","date_gmt":"2022-05-17T13:09:03","guid":{"rendered":"https:\/\/newsite2022.vwat.org\/?page_id=4807"},"modified":"2024-01-05T15:19:18","modified_gmt":"2024-01-05T20:19:18","slug":"newcomers","status":"publish","type":"page","link":"https:\/\/www.vwat.org\/it\/programs-and-services\/newcomers\/","title":{"rendered":"Nuovi Arrivati"},"content":{"rendered":"<h1>\n<h3 style=\"box-sizing: inherit; font-family: &quot;Open sans&quot;, Helvetica, Arial, sans-serif; line-height: 21px; color: rgba(40, 40, 40, 0.9); font-size: 18px; white-space: normal;\">Servizi di insediamento per i nuovi arrivati a Toronto<\/h1>\n<\/h1>\n<p>Arrivare in un nuovo paese pu\u00f2 essere un&#8217;esperienza emozionante ma anche travolgente. VWAT Family Services offre aiuto per rendere quella esperienza pi\u00f9 facile. Forniamo supporto, assistenza legale e informazioni alle famiglie e alle persone nelle seguenti aree:<\/p>\n<ul>\n<li>\n<p>&#8211; Supporto per l&#8217;Impiego e l&#8217;Alloggio<br \/>&#8211; Richieste di Sponsorizzazione, Cittadinanza e Visto<br \/>&#8211; Traduzione e compilazione di moduli e documenti<br \/>&#8211; Ottenimento di documenti e identificazione necessari<br \/>&#8211; Consulenza e riferimenti<br \/>&#8211; Orientamento a Toronto e alla vita canadese.<\/p>\n<\/li>\n<\/ul>\n<p>Il nostro Programma di Sistemazione per Nuovi Arrivati \u00e8 stato fondamentale nel fornire informazioni e servizi di orientamento ai nostri clienti, in modo che possano prendere decisioni informate e comprendere la vita in Canada durante il processo di sistemazione.<\/p>\n<section>\n<ul>\n                                                                                    <!--tab list --><\/p>\n<li data-tab=\"#6240361\">Consulenza<\/li>\n<p>                                                                                    <!--tab list --><\/p>\n<li data-tab=\"#6240362\">Workshops<\/li>\n<p>                                                                                    <!--tab list --><\/p>\n<li data-tab=\"#6240363\">Classi<\/li>\n<\/ul>\n<p>                                                            <img loading=\"lazy\" width=\"1920\" height=\"1118\" src=\"https:\/\/www.vwat.org\/wp-content\/uploads\/2022\/05\/IMG_8802-1-e1652752187974.jpg\" alt=\"\" decoding=\"async\" loading=\"lazy\" srcset=\"https:\/\/www.vwat.org\/wp-content\/uploads\/2022\/05\/IMG_8802-1-e1652752187974.jpg 1920w, https:\/\/www.vwat.org\/wp-content\/uploads\/2022\/05\/IMG_8802-1-e1652752187974-300x175.jpg 300w, https:\/\/www.vwat.org\/wp-content\/uploads\/2022\/05\/IMG_8802-1-e1652752187974-1024x596.jpg 1024w, https:\/\/www.vwat.org\/wp-content\/uploads\/2022\/05\/IMG_8802-1-e1652752187974-768x447.jpg 768w, https:\/\/www.vwat.org\/wp-content\/uploads\/2022\/05\/IMG_8802-1-e1652752187974-1536x894.jpg 1536w\" sizes=\"auto, (max-width: 1920px) 100vw, 1920px\" \/>                                                        <\/p>\n<h2>Consulenza Individuale e Familiare<\/h2>\n<p>I nostri servizi di consulenza, forniti in un ambiente amichevole, ti aiuteranno a prendere decisioni informate quando si tratta di impiego, istruzione, alloggio e questioni legali. La nostra connessione con professionisti nel tuo campo migliorer\u00e0 le tue reti professionali e sociali e, alla fine, migliorer\u00e0 le tue esperienze in Canada.<\/p>\n<ul>\n                                                                                                                            <\/ul>\n<p>                                                                <a href=\"https:\/\/vwat.org\/appointments\/\" target=\"_blank\" rel=\"noopener\"><br \/>\n                                                                    Prenota un Appuntamento<br \/>\n                                                                <\/a><br \/>\n                                                            <img loading=\"lazy\" width=\"1920\" height=\"1280\" src=\"https:\/\/www.vwat.org\/wp-content\/uploads\/2022\/05\/Maple-Leaves-1.jpg\" alt=\"\" decoding=\"async\" loading=\"lazy\" srcset=\"https:\/\/www.vwat.org\/wp-content\/uploads\/2022\/05\/Maple-Leaves-1.jpg 1920w, https:\/\/www.vwat.org\/wp-content\/uploads\/2022\/05\/Maple-Leaves-1-300x200.jpg 300w, https:\/\/www.vwat.org\/wp-content\/uploads\/2022\/05\/Maple-Leaves-1-1024x683.jpg 1024w, https:\/\/www.vwat.org\/wp-content\/uploads\/2022\/05\/Maple-Leaves-1-768x512.jpg 768w, https:\/\/www.vwat.org\/wp-content\/uploads\/2022\/05\/Maple-Leaves-1-1536x1024.jpg 1536w\" sizes=\"auto, (max-width: 1920px) 100vw, 1920px\" \/>                                                        <\/p>\n<h2>Workshops<\/h2>\n<p> Fieri di essere Cittadini Canadesi <br \/>\n  Procura e Testamenti Vitali \n<\/p>\n<ul>\n                                                                                                                            <\/ul>\n<p>                                                                <a href=\"https:\/\/vwat.org\/appointments\/\" target=\"_blank\" rel=\"noopener\"><br \/>\n                                                                    Iscriviti<br \/>\n                                                                <\/a><br \/>\n                                                            <img loading=\"lazy\" width=\"1920\" height=\"1280\" src=\"https:\/\/www.vwat.org\/wp-content\/uploads\/2022\/07\/sigmund-eTgMFFzroGc-unsplash.jpg\" alt=\"\" decoding=\"async\" loading=\"lazy\" srcset=\"https:\/\/www.vwat.org\/wp-content\/uploads\/2022\/07\/sigmund-eTgMFFzroGc-unsplash.jpg 1920w, https:\/\/www.vwat.org\/wp-content\/uploads\/2022\/07\/sigmund-eTgMFFzroGc-unsplash-300x200.jpg 300w, https:\/\/www.vwat.org\/wp-content\/uploads\/2022\/07\/sigmund-eTgMFFzroGc-unsplash-1024x683.jpg 1024w, https:\/\/www.vwat.org\/wp-content\/uploads\/2022\/07\/sigmund-eTgMFFzroGc-unsplash-768x512.jpg 768w, https:\/\/www.vwat.org\/wp-content\/uploads\/2022\/07\/sigmund-eTgMFFzroGc-unsplash-1536x1024.jpg 1536w\" sizes=\"auto, (max-width: 1920px) 100vw, 1920px\" \/>                                                        <\/p>\n<h2>Classi<\/h2>\n<p>  Diventare un Cittadino Canadese Responsabile <br \/>\n  Conversazione in Inglese <br \/>\n  Corsi di Preparazione alla Cittadinanza <\/p>\n<ul>\n                                                                                                                            <\/ul>\n<p>                                                                <a href=\"https:\/\/vwat.org\/appointments\/\" target=\"_blank\" rel=\"noopener\"><br \/>\n                                                                    Iscriviti<br \/>\n                                                                <\/a><br \/>\n            <\/section>\n<h2>Testimonianze<\/h2>\n<p>\t\t\t            <!--Start Testimonial style1 Area--><\/p>\n<section>\n                            <!--Start Single Testimonial Style1--><\/p>\n<h3>Una comprensione della diversit\u00e0 e dell&#8217;uguaglianza<\/h3>\n<p>                                            Lavoro con VWAT dal 2018. Mi hanno assistito in molte questioni diverse come la preparazione delle imposte sul reddito, invitandomi ai workshop dei nuovi arrivati, alle domande di PR e cittadinanza. Una delle cose che mi ha colpito di pi\u00f9 \u00e8 che mi hanno aperto le loro porte e pazientemente hanno dato il loro miglior servizio nel corso degli anni anche se non sono n\u00e9 un vietnamita n\u00e9 una donna. Vorrei ringraziare la famiglia VWAT per aver sempre lavorato con pazienza e meticolosit\u00e0, per avere una comprensione della diversit\u00e0 e dell&#8217;uguaglianza, per la loro sincerit\u00e0 e per essere LGBTQ + friendly.                                        <\/p>\n<h4>Alp Tura<\/h4>\n<h3><\/h3>\n<p>                                            Grazie alla signora Hieu, alla signora Thuy, al signor Chieu e agli altri fratelli e sorelle di VWAT per la loro dedizione nell&#8217;aiutare i nuovi arrivati in Canada a stabilirsi come noi.                                        <\/p>\n<h4>Nam Tr\u1ea7n<\/h4>\n<h3>Supporto incondizionato<\/h3>\n<p>                                            Personale molto competente e disponibile. Grazie mille per il vostro incondizionato supporto negli ultimi 5 anni da quando la nostra famiglia \u00e8 sbarcata per la prima volta in Canada.                                        <\/p>\n<h4>Thuy Pham<\/h4>\n<h3><\/h3>\n<p>                                            Sono molto impressionato dal lavoro silenzioso del personale dell&#8217;Unione delle donne vietnamite di Toronto. Non dimenticher\u00f2 mai la volta in cui la signora Hieu \u00e8 venuta a visitare la sua casa quando ha sentito che suo figlio aveva avuto un incidente. Possiate rimanere in salute e continuare questo lavoro significativo.                                        <\/p>\n<h4>An Nguy\u1ec5n<\/h4>\n<h3>Veloce, accessibile e facile da lavorare<\/h3>\n<p>                                            Assisto gli inquilini a mantenere il loro affitto orientato al reddito, che spesso comporta la fornitura di supporto per ottenere le dichiarazioni dei redditi presentate. I clienti che vivono in alloggi sovvenzionati sono ora tenuti a presentare il loro ultimo avviso di accertamento, indipendentemente dal loro reddito, al fine di mantenere il loro sussidio RGI.  Thuy e il Centro VWAT hanno aiutato molti dei miei clienti a presentare le loro tasse. Thuy \u00e8 veloce, accessibile e facile da lavorare. Accoglier\u00e0 i clienti che non sono in grado di recarsi al centro presentando le tasse per telefono o completandole via e-mail. La sua flessibilit\u00e0 ha aiutato molti miei clienti a mantenere il loro sussidio RGI.  La conoscenza e l&#8217;esperienza che Thuy ha sul CRA e sulle tasse di deposito sono inestimabili. Thuy ha reso il mio lavoro molto pi\u00f9 facile e sono molto grato per il suo lavoro al Centro VWAT.                                        <\/p>\n<h4>Steven I., L&#8217;Ufficio del Commissario per l&#8217;equit\u00e0 abitativa (OCHE)<\/h4>\n<h3>Professionalit\u00e0, grande cura, intelligenza e conoscenza<\/h3>\n<p>                                            Mi chiamo June Tenzin una nuova arrivata in Canada, sono molto fortunata a ricevere i servizi al VWAT nel momento pi\u00f9 difficile della mia vita.   Soprattutto per onorare Thuy Nguen, il coordinatore del programma, \u00e8 un vero cuore del VWAT. Le sono personalmente grato dal profondo del cuore. La sua professionalit\u00e0, la sua enorme cura, intelligenza e conoscenza sono molto apprezzate.  Mi ha aiutato in ogni modo possibile, cos\u00ec come ha gentilmente condiviso con me i suoi sentimenti su come superare le difficolt\u00e0. Sono stato in grado di vedere i miei problemi da un approccio positivo e affrontare la situazione senza troppa ansia. Mi ha aiutato con i requisiti del governo senza la sua alta intelligenza e perseveranza, non sarei stato in grado di capire tutti gli errori che erano stati fatti durante l&#8217;intero processo. L&#8217;atmosfera \u00e8 nel VWAT serena e meravigliosa, \u00e8 il posto pi\u00f9 sicuro per ricevere non solo i servizi dei nuovi arrivati, ma ogni possibile aiuto, \u00e8 felicemente offerto a coloro che ne hanno bisogno.    Auguro a Thuy tutta la bellezza del mondo per la sua gentilezza e umanit\u00e0!    Possa il VWAT avere successo in ogni aspetto per prendersi cura di coloro che sono nel bisogno e sulla via dell&#8217;insediamento in un nuovo paese.  Gratitudine di cuore.                                        <\/p>\n<h4>June Tenzin, studente, nuovo arrivato<\/h4>\n<h3>Enorme sforzo e cura<\/h3>\n<p>                                            Il mio nome \u00e8 Andrew Tenzin un nuovo arrivato in Canada. Vorrei esprimere la mia profonda gratitudine a Thuy Nguen, coordinatore del programma presso VWAT Services. Il suo enorme sforzo e la sua cura mi hanno aiutato con documenti importanti del governo. \u00c8 difficile navigare dove e come richiedere per ricevere i documenti richiesti.    Mille Grazie.                                        <\/p>\n<h4>Andrew Tenzin, novellino<\/h4>\n<p>                                                        <!--End Single Testimonial Style1--><br \/>\n            <\/section>\n<p>            <!--End Testimonial Style1 Area--><\/p>\n<h2>Risorse per i Nuovi Arrivati<\/h2>\n<p>Scopri tutte le risorse che abbiamo a disposizione per i nuovi arrivati<\/p>\n<p>\t\t\t<a href=\"https:\/\/vwat.org\/before-you-arrive-in-canada\/\" target=\"_blank\" rel=\"noopener\"><br \/>\n\t\t\t\t\t\tPrima dell&#8217;Arrivo<br \/>\n\t\t\t\t\t<\/a><br \/>\n\t\t\t<a href=\"https:\/\/vwat.org\/mental-health-loneliness\/\" target=\"_blank\" rel=\"noopener\"><br \/>\n\t\t\t\t\t\tSalute Mentale<br \/>\n\t\t\t\t\t<\/a><br \/>\n\t\t\t<a href=\"https:\/\/vwat.org\/domestic-violence-resources\" target=\"_blank\" rel=\"noopener\"><br \/>\n\t\t\t\t\t\tViolenza Domestica<br \/>\n\t\t\t\t\t<\/a><br \/>\n\t\t\t<a href=\"https:\/\/vwat.org\/a-refugees-resettlement-journey-to-canada\" target=\"_blank\" rel=\"noopener\"><br \/>\n\t\t\t\t\t\tPercorso dei Rifugiati<br \/>\n\t\t\t\t\t<\/a><\/p>\n<h2>Contatti<\/h2>\n<p style=\"text-align: center;\"><strong>Thuy Nguyen <\/strong><br \/>Telefono: 647-343-8928, ext. 112 <br \/>Email: <a href=\"mailto:tnguyen@vwat.org\">tnguyen@vwat.org<\/a><\/p>\n<p style=\"text-align: center;\"><strong>Hieu To<\/strong><br \/>Telefono: 647-343-8928, ext. 114<br \/>Email: <a href=\"mailto:hieu@vwat.org\">hieu@vwat.org<\/a><\/p>\n<p style=\"text-align: center;\"><strong style=\"font-size: 16px; color: var( --e-global-color-text ); font-family: var( --e-global-typography-text-font-family ), Sans-serif; text-align: left;\">Nhut-Suong Cu (Jessie)<\/strong><br \/>Telefono: 647-343-8928, ext. 117<br \/>Email: <a href=\"mailto:suong@vwat.org\">suong@vwat.org<\/a><\/p>\n<p style=\"text-align: center;\"><strong>Chieu Nguyen<\/strong><br \/>Telefono: 647-343-8928, ext. 113<br \/>Email: <a href=\"mailto:chieunguyen@vwat.org\">chieunguyen@vwat.org<\/a><\/p>\n<p style=\"text-align: center;\"><strong>Thao Pham<\/strong><br \/>Telefono: 647-343-8928, ext. 115<br \/>Email: <a href=\"mailto:tpham@vwat.org\">tpham@vwat.org<\/a><\/p>\n","protected":false},"excerpt":{"rendered":"<p>Servizi di insediamento per i nuovi arrivati a Toronto Arrivare in un nuovo paese pu\u00f2 essere un&#8217;esperienza emozionante ma anche [&hellip;]<\/p>\n","protected":false},"author":2,"featured_media":3352,"parent":122,"menu_order":0,"comment_status":"closed","ping_status":"closed","template":"","meta":{"nf_dc_page":"","content-type":"","footnotes":""},"class_list":["post-4807","page","type-page","status-publish","has-post-thumbnail","hentry"],"translation":{"provider":"WPGlobus","version":"3.0.2","language":"it","enabled_languages":["ca","vi","it","es","pt"],"languages":{"ca":{"title":true,"content":true,"excerpt":false},"vi":{"title":true,"content":true,"excerpt":false},"it":{"title":true,"content":true,"excerpt":false},"es":{"title":true,"content":true,"excerpt":false},"pt":{"title":true,"content":true,"excerpt":false}}},"yoast_head":"<!-- This site is optimized with the Yoast SEO Premium plugin v27.2 (Yoast SEO v27.4) - https:\/\/yoast.com\/product\/yoast-seo-premium-wordpress\/ -->\n<title>Programs and Services for Newcomers - VWAT<\/title>\n<meta name=\"robots\" content=\"index, follow, max-snippet:-1, max-image-preview:large, max-video-preview:-1\" \/>\n<link rel=\"canonical\" href=\"https:\/\/www.vwat.org\/programs-and-services\/newcomers\/\" \/>\n<meta property=\"og:locale\" content=\"it_IT\" \/>\n<meta property=\"og:type\" content=\"article\" \/>\n<meta property=\"og:title\" content=\"Nuovi Arrivati - VWAT Family Services\" \/>\n<meta property=\"og:url\" content=\"https:\/\/www.vwat.org\/programs-and-services\/newcomers\/\" \/>\n<meta property=\"og:site_name\" content=\"VWAT Family Services\" \/>\n<meta property=\"article:publisher\" content=\"https:\/\/www.facebook.com\/vietnamese.womensassociationtoronto\" \/>\n<meta property=\"article:modified_time\" content=\"2024-01-05T20:19:18+00:00\" \/>\n<meta property=\"og:image\" content=\"https:\/\/www.vwat.org\/wp-content\/uploads\/2022\/05\/Ottawa-Flag.jpg\" \/>\n\t<meta property=\"og:image:width\" content=\"1920\" \/>\n\t<meta property=\"og:image:height\" content=\"1127\" \/>\n\t<meta property=\"og:image:type\" content=\"image\/jpeg\" \/>\n<meta name=\"twitter:card\" content=\"summary_large_image\" \/>\n<meta name=\"twitter:label1\" content=\"Est. reading time\" \/>\n\t<meta name=\"twitter:data1\" content=\"11 minutes\" \/>\n<script type=\"application\/ld+json\" class=\"yoast-schema-graph\">{\"@context\":\"https:\\\/\\\/schema.org\",\"@graph\":[{\"@type\":\"WebPage\",\"@id\":\"https:\\\/\\\/www.vwat.org\\\/programs-and-services\\\/newcomers\\\/\",\"url\":\"https:\\\/\\\/www.vwat.org\\\/programs-and-services\\\/newcomers\\\/\",\"name\":\"Programs and Services for Newcomers - VWAT\",\"isPartOf\":{\"@id\":\"https:\\\/\\\/www.vwat.org\\\/#website\"},\"primaryImageOfPage\":{\"@id\":\"https:\\\/\\\/www.vwat.org\\\/programs-and-services\\\/newcomers\\\/#primaryimage\"},\"image\":{\"@id\":\"https:\\\/\\\/www.vwat.org\\\/programs-and-services\\\/newcomers\\\/#primaryimage\"},\"thumbnailUrl\":\"https:\\\/\\\/www.vwat.org\\\/wp-content\\\/uploads\\\/2022\\\/05\\\/Ottawa-Flag.jpg\",\"datePublished\":\"2022-05-17T13:09:03+00:00\",\"dateModified\":\"2024-01-05T20:19:18+00:00\",\"description\":\"VWAT offers support for newcomers of all ages, including language classes, job search assistance, & help navigating the Canadian healthcare system\",\"breadcrumb\":{\"@id\":\"https:\\\/\\\/www.vwat.org\\\/programs-and-services\\\/newcomers\\\/#breadcrumb\"},\"inLanguage\":\"it-IT\",\"potentialAction\":[{\"@type\":\"ReadAction\",\"target\":[\"https:\\\/\\\/www.vwat.org\\\/programs-and-services\\\/newcomers\\\/\"]}]},{\"@type\":\"ImageObject\",\"inLanguage\":\"it-IT\",\"@id\":\"https:\\\/\\\/www.vwat.org\\\/programs-and-services\\\/newcomers\\\/#primaryimage\",\"url\":\"https:\\\/\\\/www.vwat.org\\\/wp-content\\\/uploads\\\/2022\\\/05\\\/Ottawa-Flag.jpg\",\"contentUrl\":\"https:\\\/\\\/www.vwat.org\\\/wp-content\\\/uploads\\\/2022\\\/05\\\/Ottawa-Flag.jpg\",\"width\":1920,\"height\":1127},{\"@type\":\"BreadcrumbList\",\"@id\":\"https:\\\/\\\/www.vwat.org\\\/programs-and-services\\\/newcomers\\\/#breadcrumb\",\"itemListElement\":[{\"@type\":\"ListItem\",\"position\":1,\"name\":\"Home\",\"item\":\"https:\\\/\\\/www.vwat.org\\\/it\\\/\"},{\"@type\":\"ListItem\",\"position\":2,\"name\":\"Programs &amp; Services\",\"item\":\"https:\\\/\\\/www.vwat.org\\\/programs-and-services\\\/\"},{\"@type\":\"ListItem\",\"position\":3,\"name\":\"Newcomers\"}]},{\"@type\":\"WebSite\",\"@id\":\"https:\\\/\\\/www.vwat.org\\\/#website\",\"url\":\"https:\\\/\\\/www.vwat.org\\\/\",\"name\":\"VWAT Family Services\",\"description\":\"Empowering Our Community\",\"publisher\":{\"@id\":\"https:\\\/\\\/www.vwat.org\\\/#organization\"},\"potentialAction\":[{\"@type\":\"SearchAction\",\"target\":{\"@type\":\"EntryPoint\",\"urlTemplate\":\"https:\\\/\\\/www.vwat.org\\\/?s={search_term_string}\"},\"query-input\":{\"@type\":\"PropertyValueSpecification\",\"valueRequired\":true,\"valueName\":\"search_term_string\"}}],\"inLanguage\":\"it-IT\"},{\"@type\":\"Organization\",\"@id\":\"https:\\\/\\\/www.vwat.org\\\/#organization\",\"name\":\"VWAT Family Services\",\"url\":\"https:\\\/\\\/www.vwat.org\\\/\",\"logo\":{\"@type\":\"ImageObject\",\"inLanguage\":\"it-IT\",\"@id\":\"https:\\\/\\\/www.vwat.org\\\/#\\\/schema\\\/logo\\\/image\\\/\",\"url\":\"https:\\\/\\\/www.vwat.org\\\/wp-content\\\/uploads\\\/2022\\\/06\\\/VWAT-e1655759543180.png\",\"contentUrl\":\"https:\\\/\\\/www.vwat.org\\\/wp-content\\\/uploads\\\/2022\\\/06\\\/VWAT-e1655759543180.png\",\"width\":150,\"height\":150,\"caption\":\"VWAT Family Services\"},\"image\":{\"@id\":\"https:\\\/\\\/www.vwat.org\\\/#\\\/schema\\\/logo\\\/image\\\/\"},\"sameAs\":[\"https:\\\/\\\/www.facebook.com\\\/vietnamese.womensassociationtoronto\",\"https:\\\/\\\/www.youtube.com\\\/channel\\\/UC3IxMLN1zCh0VHv7SvP4_oQ\"]}]}<\/script>\n<!-- \/ Yoast SEO Premium plugin. -->","yoast_head_json":{"title":"Programs and Services for Newcomers - VWAT","robots":{"index":"index","follow":"follow","max-snippet":"max-snippet:-1","max-image-preview":"max-image-preview:large","max-video-preview":"max-video-preview:-1"},"canonical":"https:\/\/www.vwat.org\/programs-and-services\/newcomers\/","og_locale":"it_IT","og_type":"article","og_title":"Nuovi Arrivati - VWAT Family Services","og_url":"https:\/\/www.vwat.org\/programs-and-services\/newcomers\/","og_site_name":"VWAT Family Services","article_publisher":"https:\/\/www.facebook.com\/vietnamese.womensassociationtoronto","article_modified_time":"2024-01-05T20:19:18+00:00","og_image":[{"width":1920,"height":1127,"url":"https:\/\/www.vwat.org\/wp-content\/uploads\/2022\/05\/Ottawa-Flag.jpg","type":"image\/jpeg"}],"twitter_card":"summary_large_image","twitter_misc":{"Est. reading time":"11 minutes"},"schema":{"@context":"https:\/\/schema.org","@graph":[{"@type":"WebPage","@id":"https:\/\/www.vwat.org\/programs-and-services\/newcomers\/","url":"https:\/\/www.vwat.org\/programs-and-services\/newcomers\/","name":"Programs and Services for Newcomers - VWAT","isPartOf":{"@id":"https:\/\/www.vwat.org\/#website"},"primaryImageOfPage":{"@id":"https:\/\/www.vwat.org\/programs-and-services\/newcomers\/#primaryimage"},"image":{"@id":"https:\/\/www.vwat.org\/programs-and-services\/newcomers\/#primaryimage"},"thumbnailUrl":"https:\/\/www.vwat.org\/wp-content\/uploads\/2022\/05\/Ottawa-Flag.jpg","datePublished":"2022-05-17T13:09:03+00:00","dateModified":"2024-01-05T20:19:18+00:00","description":"VWAT offers support for newcomers of all ages, including language classes, job search assistance, & help navigating the Canadian healthcare system","breadcrumb":{"@id":"https:\/\/www.vwat.org\/programs-and-services\/newcomers\/#breadcrumb"},"inLanguage":"it-IT","potentialAction":[{"@type":"ReadAction","target":["https:\/\/www.vwat.org\/programs-and-services\/newcomers\/"]}]},{"@type":"ImageObject","inLanguage":"it-IT","@id":"https:\/\/www.vwat.org\/programs-and-services\/newcomers\/#primaryimage","url":"https:\/\/www.vwat.org\/wp-content\/uploads\/2022\/05\/Ottawa-Flag.jpg","contentUrl":"https:\/\/www.vwat.org\/wp-content\/uploads\/2022\/05\/Ottawa-Flag.jpg","width":1920,"height":1127},{"@type":"BreadcrumbList","@id":"https:\/\/www.vwat.org\/programs-and-services\/newcomers\/#breadcrumb","itemListElement":[{"@type":"ListItem","position":1,"name":"Home","item":"https:\/\/www.vwat.org\/it\/"},{"@type":"ListItem","position":2,"name":"Programs &amp; Services","item":"https:\/\/www.vwat.org\/programs-and-services\/"},{"@type":"ListItem","position":3,"name":"Newcomers"}]},{"@type":"WebSite","@id":"https:\/\/www.vwat.org\/#website","url":"https:\/\/www.vwat.org\/","name":"VWAT Family Services","description":"Empowering Our Community","publisher":{"@id":"https:\/\/www.vwat.org\/#organization"},"potentialAction":[{"@type":"SearchAction","target":{"@type":"EntryPoint","urlTemplate":"https:\/\/www.vwat.org\/?s={search_term_string}"},"query-input":{"@type":"PropertyValueSpecification","valueRequired":true,"valueName":"search_term_string"}}],"inLanguage":"it-IT"},{"@type":"Organization","@id":"https:\/\/www.vwat.org\/#organization","name":"VWAT Family Services","url":"https:\/\/www.vwat.org\/","logo":{"@type":"ImageObject","inLanguage":"it-IT","@id":"https:\/\/www.vwat.org\/#\/schema\/logo\/image\/","url":"https:\/\/www.vwat.org\/wp-content\/uploads\/2022\/06\/VWAT-e1655759543180.png","contentUrl":"https:\/\/www.vwat.org\/wp-content\/uploads\/2022\/06\/VWAT-e1655759543180.png","width":150,"height":150,"caption":"VWAT Family Services"},"image":{"@id":"https:\/\/www.vwat.org\/#\/schema\/logo\/image\/"},"sameAs":["https:\/\/www.facebook.com\/vietnamese.womensassociationtoronto","https:\/\/www.youtube.com\/channel\/UC3IxMLN1zCh0VHv7SvP4_oQ"]}]}},"_links":{"self":[{"href":"https:\/\/www.vwat.org\/it\/wp-json\/wp\/v2\/pages\/4807","targetHints":{"allow":["GET"]}}],"collection":[{"href":"https:\/\/www.vwat.org\/it\/wp-json\/wp\/v2\/pages"}],"about":[{"href":"https:\/\/www.vwat.org\/it\/wp-json\/wp\/v2\/types\/page"}],"author":[{"embeddable":true,"href":"https:\/\/www.vwat.org\/it\/wp-json\/wp\/v2\/users\/2"}],"replies":[{"embeddable":true,"href":"https:\/\/www.vwat.org\/it\/wp-json\/wp\/v2\/comments?post=4807"}],"version-history":[{"count":1,"href":"https:\/\/www.vwat.org\/it\/wp-json\/wp\/v2\/pages\/4807\/revisions"}],"predecessor-version":[{"id":18758,"href":"https:\/\/www.vwat.org\/it\/wp-json\/wp\/v2\/pages\/4807\/revisions\/18758"}],"up":[{"embeddable":true,"href":"https:\/\/www.vwat.org\/it\/wp-json\/wp\/v2\/pages\/122"}],"wp:featuredmedia":[{"embeddable":true,"href":"https:\/\/www.vwat.org\/it\/wp-json\/wp\/v2\/media\/3352"}],"wp:attachment":[{"href":"https:\/\/www.vwat.org\/it\/wp-json\/wp\/v2\/media?parent=4807"}],"curies":[{"name":"wp","href":"https:\/\/api.w.org\/{rel}","templated":true}]}}