{"id":4807,"date":"2022-05-17T09:09:03","date_gmt":"2022-05-17T13:09:03","guid":{"rendered":"https:\/\/newsite2022.vwat.org\/?page_id=4807"},"modified":"2024-01-05T15:19:18","modified_gmt":"2024-01-05T20:19:18","slug":"newcomers","status":"publish","type":"page","link":"https:\/\/www.vwat.org\/pt\/programs-and-services\/newcomers\/","title":{"rendered":"Novos Residentes"},"content":{"rendered":"<h1>\n<h3 style=\"box-sizing: inherit; font-family: &quot;Open sans&quot;, Helvetica, Arial, sans-serif; line-height: 21px; color: rgba(40, 40, 40, 0.9); font-size: 18px; white-space: normal;\">Servi\u00e7os De Liquida\u00e7\u00e3o Para Rec\u00e9m-chegados Em Toronto<\/h1>\n<\/h1>\n<p>Chegar a um novo pa\u00eds pode ser uma experi\u00eancia emocionante, mas tamb\u00e9m pode ser desafiadora. A VWAT Family Services oferece ajuda para tornar essa experi\u00eancia mais f\u00e1cil. Prestamos suporte, advocacia e informa\u00e7\u00f5es para fam\u00edlias e indiv\u00edduos nas seguintes \u00e1reas:<\/p>\n<ul>\n<li>&#8211; Apoio ao Emprego e Moradia<\/li>\n<li>&#8211; Solicita\u00e7\u00f5es de Patroc\u00ednio, Cidadania e Visto<\/li>\n<li>&#8211; Tradu\u00e7\u00e3o e preenchimento de formul\u00e1rios e documentos<\/li>\n<li>&#8211; Obten\u00e7\u00e3o de documentos e identifica\u00e7\u00e3o necess\u00e1rios<\/li>\n<li>&#8211; Aconselhamento e encaminhamentos<\/li>\n<li>&#8211; Orienta\u00e7\u00e3o para a vida em Toronto e no Canad\u00e1<\/li>\n<\/ul>\n<p>O Programa de Assentamento tem sido fundamental ao fornecer servi\u00e7os de informa\u00e7\u00e3o e orienta\u00e7\u00e3o aos nossos clientes, permitindo que eles tomem decis\u00f5es informadas e entendam a vida no Canad\u00e1 durante o processo de assentamento.<\/p>\n<section>\n<ul>\n                                                                                    <!--tab list --><\/p>\n<li data-tab=\"#1833051\">Aconselhamento<\/li>\n<p>                                                                                    <!--tab list --><\/p>\n<li data-tab=\"#1833052\">Oficinas<\/li>\n<p>                                                                                    <!--tab list --><\/p>\n<li data-tab=\"#1833053\">Aulas<\/li>\n<\/ul>\n<p>                                                            <img loading=\"lazy\" width=\"1920\" height=\"1118\" src=\"https:\/\/www.vwat.org\/wp-content\/uploads\/2022\/05\/IMG_8802-1-e1652752187974.jpg\" alt=\"\" decoding=\"async\" loading=\"lazy\" srcset=\"https:\/\/www.vwat.org\/wp-content\/uploads\/2022\/05\/IMG_8802-1-e1652752187974.jpg 1920w, https:\/\/www.vwat.org\/wp-content\/uploads\/2022\/05\/IMG_8802-1-e1652752187974-300x175.jpg 300w, https:\/\/www.vwat.org\/wp-content\/uploads\/2022\/05\/IMG_8802-1-e1652752187974-1024x596.jpg 1024w, https:\/\/www.vwat.org\/wp-content\/uploads\/2022\/05\/IMG_8802-1-e1652752187974-768x447.jpg 768w, https:\/\/www.vwat.org\/wp-content\/uploads\/2022\/05\/IMG_8802-1-e1652752187974-1536x894.jpg 1536w\" sizes=\"auto, (max-width: 1920px) 100vw, 1920px\" \/>                                                        <\/p>\n<h2>Aconselhamento Individual e Familiar<\/h2>\n<p>Nossos servi\u00e7os de aconselhamento, oferecidos em um ambiente amig\u00e1vel, ajudar\u00e3o voc\u00ea a tomar decis\u00f5es informadas em rela\u00e7\u00e3o ao emprego, educa\u00e7\u00e3o, moradia e quest\u00f5es legais. Nossa conex\u00e3o com profissionais em sua \u00e1rea ir\u00e1 melhorar suas redes profissionais e sociais, resultando em experi\u00eancias canadenses mais enriquecedoras.<\/p>\n<ul>\n                                                                                                                            <\/ul>\n<p>                                                                <a href=\"https:\/\/vwat.org\/appointments\/\" target=\"_blank\" rel=\"noopener\"><br \/>\n                                                                    Agendar Consulta<br \/>\n                                                                <\/a><br \/>\n                                                            <img loading=\"lazy\" width=\"1920\" height=\"1280\" src=\"https:\/\/www.vwat.org\/wp-content\/uploads\/2022\/05\/Maple-Leaves-1.jpg\" alt=\"\" decoding=\"async\" loading=\"lazy\" srcset=\"https:\/\/www.vwat.org\/wp-content\/uploads\/2022\/05\/Maple-Leaves-1.jpg 1920w, https:\/\/www.vwat.org\/wp-content\/uploads\/2022\/05\/Maple-Leaves-1-300x200.jpg 300w, https:\/\/www.vwat.org\/wp-content\/uploads\/2022\/05\/Maple-Leaves-1-1024x683.jpg 1024w, https:\/\/www.vwat.org\/wp-content\/uploads\/2022\/05\/Maple-Leaves-1-768x512.jpg 768w, https:\/\/www.vwat.org\/wp-content\/uploads\/2022\/05\/Maple-Leaves-1-1536x1024.jpg 1536w\" sizes=\"auto, (max-width: 1920px) 100vw, 1920px\" \/>                                                        <\/p>\n<h2>Oficinas<\/h2>\n<p> Orgulhosos de Ser Cidad\u00e3os Canadenses <br \/>\n  Procura\u00e7\u00e3o e Testamentos Vitais \n<\/p>\n<ul>\n                                                                                                                            <\/ul>\n<p>                                                                <a href=\"https:\/\/vwat.org\/appointments\/\" target=\"_blank\" rel=\"noopener\"><br \/>\n                                                                    Sign Up<br \/>\n                                                                <\/a><br \/>\n                                                            <img loading=\"lazy\" width=\"1920\" height=\"1280\" src=\"https:\/\/www.vwat.org\/wp-content\/uploads\/2022\/07\/sigmund-eTgMFFzroGc-unsplash.jpg\" alt=\"\" decoding=\"async\" loading=\"lazy\" srcset=\"https:\/\/www.vwat.org\/wp-content\/uploads\/2022\/07\/sigmund-eTgMFFzroGc-unsplash.jpg 1920w, https:\/\/www.vwat.org\/wp-content\/uploads\/2022\/07\/sigmund-eTgMFFzroGc-unsplash-300x200.jpg 300w, https:\/\/www.vwat.org\/wp-content\/uploads\/2022\/07\/sigmund-eTgMFFzroGc-unsplash-1024x683.jpg 1024w, https:\/\/www.vwat.org\/wp-content\/uploads\/2022\/07\/sigmund-eTgMFFzroGc-unsplash-768x512.jpg 768w, https:\/\/www.vwat.org\/wp-content\/uploads\/2022\/07\/sigmund-eTgMFFzroGc-unsplash-1536x1024.jpg 1536w\" sizes=\"auto, (max-width: 1920px) 100vw, 1920px\" \/>                                                        <\/p>\n<h2>Aulas<\/h2>\n<p>  Tornando-se um Cidad\u00e3o Canadense Respons\u00e1vel <br \/>\n  Conversa\u00e7\u00e3o em Ingl\u00eas <br \/>\n  Aulas de Prepara\u00e7\u00e3o para a Cidadania <\/p>\n<ul>\n                                                                                                                            <\/ul>\n<p>                                                                <a href=\"https:\/\/vwat.org\/appointments\/\" target=\"_blank\" rel=\"noopener\"><br \/>\n                                                                    Inscreva-se<br \/>\n                                                                <\/a><br \/>\n            <\/section>\n<h2>Testemunhos<\/h2>\n<p>\t\t\t            <!--Start Testimonial style1 Area--><\/p>\n<section>\n                            <!--Start Single Testimonial Style1--><\/p>\n<h3>An Understanding of Diversity and Equality<\/h3>\n<p>                                            I have been working with VWAT since 2018. They have assisted me in many different matters such as income tax preparation, inviting me to the newcomers&#8217; workshops, PR &#038; Citizenship applications. One of the things that impressed me the most is that they opened their doors to me and patiently gave their best service over the years even though I&#8217;m neither a Vietnamese nor a woman. I would like to thank the VWAT family for always working patiently and meticulously, for having an understanding of diversity and equality, for their sincerity and for being LGBTQ+ friendly.                                        <\/p>\n<h4>Alp Tura<\/h4>\n<h3><\/h3>\n<p>                                            C\u1ea3m \u01a1n ch\u1ecb Hi\u1ebfu, ch\u1ecb Th\u1ee7y, anh Chi\u1ec3u v\u00e0 c\u00e1c anh ch\u1ecb kh\u00e1c \u1edf VWAT \u0111\u00e3 r\u1ea5t t\u1eadn t\u00e2m gi\u00fap \u0111\u1ee1 ng\u01b0\u1eddi m\u1edbi sang Canada \u0111\u1ecbnh c\u01b0 nh\u01b0 ch\u00fang t\u00f4i.                                        <\/p>\n<h4>Nam Tr\u1ea7n<\/h4>\n<h3>Unstinting Support<\/h3>\n<p>                                            Very knowledgeable and helpful staff. Thank you so much for your unstinting support over the past 5 years since our family first landed in Canada.                                        <\/p>\n<h4>Thuy Pham<\/h4>\n<h3><\/h3>\n<p>                                            Em r\u1ea5t c\u1ea3m ph\u1ee5c nh\u1eefng vi\u1ec7c l\u00e0m th\u1ea7m l\u1eb7ng c\u1ee7a c\u00e1c anh ch\u1ecb nh\u00e2n vi\u00ean H\u1ed9i Ph\u1ee5 N\u1eef Vi\u1ec7t Nam Toronto. Em s\u1ebd kh\u00f4ng bao gi\u1edd qu\u00ean c\u00e1i l\u1ea7n ch\u1ecb Hi\u1ebfu \u0111\u1ebfn t\u1eadn nh\u00e0 th\u0103m h\u1ecfi khi hay tin con em b\u1ecb tai n\u1ea1n. Mong c\u00e1c anh ch\u1ecb kh\u1ecfe m\u1ea1nh v\u00e0 ti\u1ebfp t\u1ee5c c\u00f4ng vi\u1ec7c \u0111\u1ea7y \u00fd ngh\u0129a n\u00e0y.                                        <\/p>\n<h4>An Nguy\u1ec5n<\/h4>\n<h3>Fast, approachable, and easy to work with<\/h3>\n<p>                                            I assist tenants to maintain their Rent Geared to Income housing, which often involves providing support to get income tax returns filed. Clients living in subsidized housing are now required to submit their most recent Notice of Assessment, regardless of their income, in order to keep their RGI subsidy.  Thuy and the VWAT Centre has helped many of my clients to file their taxes. Thuy is fast, approachable, and easy to work with. She will accommodate clients that are unable to travel to the centre by either filing taxes over the phone or completing them by email. Her flexibility has helped many clients of mine with maintaining their RGI subsidy.  The knowledge and expertise Thuy has about the CRA and filing taxes is invaluable. Thuy has made my job so much easier, and I am very thankful for her work at the VWAT Centre.                                        <\/p>\n<h4>Steven I., The Office of the Commissioner of Housing Equity (OCHE) <\/h4>\n<h3>Professionalism, tremendous care, intelligence and knowledge<\/h3>\n<p>                                            My name is June Tenzin a newcomer to Canada, I am very fortunate to receive the services at the VWAT at the most difficult moment of my life.   Especially  to honoured Thuy Nguen, the Program Coordinator, she is a true heart of the VWAT. I am personally grateful to her from the bottom of my heart. Her professionalism, tremendous care, intelligence and knowledge are highly appreciated.  She is helped me in every possible way, as well she kindly shared with me her feelings of how to overcome difficulties. I was able to see my troubles from a positive approach and deal with the situation without much anxiety. She helped me with the Government requirements  without her high intelligence and perseverance, I would be not able to understand all errors that had been made during the entire process.    The atmosphere is in the VWAT serene and wonderful, it is the safest place to received not only newcomers&#8217; services, but every possible help, it  is happily offered to those who are in need.    I am wishing to Thuy all beauty of the world for her kindness and humanity!    May the VWAT be successful in every aspect to care for those who are in need and on the path settling in a new country.  Heartfelt gratitude.                                        <\/p>\n<h4>June Tenzin, student, newcomer<\/h4>\n<h3>Tremendous effort and care <\/h3>\n<p>                                            My name is Andrew Tenzin a newcomer to Canada. I would like to express my deep gratitude to Thuy Nguen, the Program Coordinator at VWAT Services. Her tremendous effort and care helped me with government important documents. It is challenging to navigate where and how to apply to receive the required documents.    Thank you, very much.                                        <\/p>\n<h4>Andrew Tenzin, newcomer<\/h4>\n<p>                                                        <!--End Single Testimonial Style1--><br \/>\n            <\/section>\n<p>            <!--End Testimonial Style1 Area--><\/p>\n<h2>Recursos para Novos Residentes<\/h2>\n<p>Descubra todos os recursos que temos para novos residentes.<\/p>\n<p>\t\t\t<a href=\"https:\/\/vwat.org\/before-you-arrive-in-canada\/\" target=\"_blank\" rel=\"noopener\"><br \/>\n\t\t\t\t\t\tAntes Da Chegada<br \/>\n\t\t\t\t\t<\/a><br \/>\n\t\t\t<a href=\"https:\/\/vwat.org\/mental-health-loneliness\/\" target=\"_blank\" rel=\"noopener\"><br \/>\n\t\t\t\t\t\tSa\u00fade Mental<br \/>\n\t\t\t\t\t<\/a><br \/>\n\t\t\t<a href=\"https:\/\/vwat.org\/domestic-violence-resources\" target=\"_blank\" rel=\"noopener\"><br \/>\n\t\t\t\t\t\tViol\u00eancia Dom\u00e9stica<br \/>\n\t\t\t\t\t<\/a><br \/>\n\t\t\t<a href=\"https:\/\/vwat.org\/a-refugees-resettlement-journey-to-canada\" target=\"_blank\" rel=\"noopener\"><br \/>\n\t\t\t\t\t\tJornada do Refugiado<br \/>\n\t\t\t\t\t<\/a><\/p>\n<h2>Contato<\/h2>\n<p style=\"text-align: center;\"><strong>Thuy Nguyen <\/strong><br \/>Telefone: 647-343-8928, ext. 112 <br \/>Email: <a href=\"mailto:tnguyen@vwat.org\">tnguyen@vwat.org<\/a><\/p>\n<p style=\"text-align: center;\"><strong>Hieu To<\/strong><br \/>Telefone: 647-343-8928, ext. 114<br \/>Email: <a href=\"mailto:hieu@vwat.org\">hieu@vwat.org<\/a><\/p>\n<p style=\"text-align: center;\"><strong style=\"font-size: 16px; color: var( --e-global-color-text ); font-family: var( --e-global-typography-text-font-family ), Sans-serif; text-align: left;\">Nhut-Suong Cu (Jessie)<\/strong><br \/>Telefone: 647-343-8928, ext. 117<br \/>Email: <a href=\"mailto:suong@vwat.org\">suong@vwat.org<\/a><\/p>\n<p style=\"text-align: center;\"><strong>Chieu Nguyen<\/strong><br \/>Telefone: 647-343-8928, ext. 113<br \/>Email: <a href=\"mailto:chieunguyen@vwat.org\">chieunguyen@vwat.org<\/a><\/p>\n<p style=\"text-align: center;\"><strong>Thao Pham<\/strong><br \/>Telefone: 647-343-8928, ext. 115<br \/>Email: <a href=\"mailto:tpham@vwat.org\">tpham@vwat.org<\/a><\/p>\n","protected":false},"excerpt":{"rendered":"<p>Servi\u00e7os De Liquida\u00e7\u00e3o Para Rec\u00e9m-chegados Em Toronto Chegar a um novo pa\u00eds pode ser uma experi\u00eancia emocionante, mas tamb\u00e9m pode [&hellip;]<\/p>\n","protected":false},"author":2,"featured_media":3352,"parent":122,"menu_order":0,"comment_status":"closed","ping_status":"closed","template":"","meta":{"nf_dc_page":"","content-type":"","footnotes":""},"class_list":["post-4807","page","type-page","status-publish","has-post-thumbnail","hentry"],"translation":{"provider":"WPGlobus","version":"3.0.2","language":"pt","enabled_languages":["ca","vi","it","es","pt"],"languages":{"ca":{"title":true,"content":true,"excerpt":false},"vi":{"title":true,"content":true,"excerpt":false},"it":{"title":true,"content":true,"excerpt":false},"es":{"title":true,"content":true,"excerpt":false},"pt":{"title":true,"content":true,"excerpt":false}}},"yoast_head":"<!-- This site is optimized with the Yoast SEO Premium plugin v27.2 (Yoast SEO v27.4) - https:\/\/yoast.com\/product\/yoast-seo-premium-wordpress\/ -->\n<title>Programs and Services for Newcomers - VWAT<\/title>\n<meta name=\"robots\" content=\"index, follow, max-snippet:-1, max-image-preview:large, max-video-preview:-1\" \/>\n<link rel=\"canonical\" href=\"https:\/\/www.vwat.org\/programs-and-services\/newcomers\/\" \/>\n<meta property=\"og:locale\" content=\"pt_PT\" \/>\n<meta property=\"og:type\" content=\"article\" \/>\n<meta property=\"og:title\" content=\"Novos Residentes - VWAT Family Services\" \/>\n<meta property=\"og:url\" content=\"https:\/\/www.vwat.org\/programs-and-services\/newcomers\/\" \/>\n<meta property=\"og:site_name\" content=\"VWAT Family Services\" \/>\n<meta property=\"article:publisher\" content=\"https:\/\/www.facebook.com\/vietnamese.womensassociationtoronto\" \/>\n<meta property=\"article:modified_time\" content=\"2024-01-05T20:19:18+00:00\" \/>\n<meta property=\"og:image\" content=\"https:\/\/www.vwat.org\/wp-content\/uploads\/2022\/05\/Ottawa-Flag.jpg\" \/>\n\t<meta property=\"og:image:width\" content=\"1920\" \/>\n\t<meta property=\"og:image:height\" content=\"1127\" \/>\n\t<meta property=\"og:image:type\" content=\"image\/jpeg\" \/>\n<meta name=\"twitter:card\" content=\"summary_large_image\" \/>\n<meta name=\"twitter:label1\" content=\"Est. reading time\" \/>\n\t<meta name=\"twitter:data1\" content=\"11 minutes\" \/>\n<script type=\"application\/ld+json\" class=\"yoast-schema-graph\">{\"@context\":\"https:\\\/\\\/schema.org\",\"@graph\":[{\"@type\":\"WebPage\",\"@id\":\"https:\\\/\\\/www.vwat.org\\\/programs-and-services\\\/newcomers\\\/\",\"url\":\"https:\\\/\\\/www.vwat.org\\\/programs-and-services\\\/newcomers\\\/\",\"name\":\"Programs and Services for Newcomers - VWAT\",\"isPartOf\":{\"@id\":\"https:\\\/\\\/www.vwat.org\\\/#website\"},\"primaryImageOfPage\":{\"@id\":\"https:\\\/\\\/www.vwat.org\\\/programs-and-services\\\/newcomers\\\/#primaryimage\"},\"image\":{\"@id\":\"https:\\\/\\\/www.vwat.org\\\/programs-and-services\\\/newcomers\\\/#primaryimage\"},\"thumbnailUrl\":\"https:\\\/\\\/www.vwat.org\\\/wp-content\\\/uploads\\\/2022\\\/05\\\/Ottawa-Flag.jpg\",\"datePublished\":\"2022-05-17T13:09:03+00:00\",\"dateModified\":\"2024-01-05T20:19:18+00:00\",\"description\":\"VWAT offers support for newcomers of all ages, including language classes, job search assistance, & help navigating the Canadian healthcare system\",\"breadcrumb\":{\"@id\":\"https:\\\/\\\/www.vwat.org\\\/programs-and-services\\\/newcomers\\\/#breadcrumb\"},\"inLanguage\":\"pt-PT\",\"potentialAction\":[{\"@type\":\"ReadAction\",\"target\":[\"https:\\\/\\\/www.vwat.org\\\/programs-and-services\\\/newcomers\\\/\"]}]},{\"@type\":\"ImageObject\",\"inLanguage\":\"pt-PT\",\"@id\":\"https:\\\/\\\/www.vwat.org\\\/programs-and-services\\\/newcomers\\\/#primaryimage\",\"url\":\"https:\\\/\\\/www.vwat.org\\\/wp-content\\\/uploads\\\/2022\\\/05\\\/Ottawa-Flag.jpg\",\"contentUrl\":\"https:\\\/\\\/www.vwat.org\\\/wp-content\\\/uploads\\\/2022\\\/05\\\/Ottawa-Flag.jpg\",\"width\":1920,\"height\":1127},{\"@type\":\"BreadcrumbList\",\"@id\":\"https:\\\/\\\/www.vwat.org\\\/programs-and-services\\\/newcomers\\\/#breadcrumb\",\"itemListElement\":[{\"@type\":\"ListItem\",\"position\":1,\"name\":\"Home\",\"item\":\"https:\\\/\\\/www.vwat.org\\\/pt\\\/\"},{\"@type\":\"ListItem\",\"position\":2,\"name\":\"Programs &amp; Services\",\"item\":\"https:\\\/\\\/www.vwat.org\\\/programs-and-services\\\/\"},{\"@type\":\"ListItem\",\"position\":3,\"name\":\"Newcomers\"}]},{\"@type\":\"WebSite\",\"@id\":\"https:\\\/\\\/www.vwat.org\\\/#website\",\"url\":\"https:\\\/\\\/www.vwat.org\\\/\",\"name\":\"VWAT Family Services\",\"description\":\"Empowering Our Community\",\"publisher\":{\"@id\":\"https:\\\/\\\/www.vwat.org\\\/#organization\"},\"potentialAction\":[{\"@type\":\"SearchAction\",\"target\":{\"@type\":\"EntryPoint\",\"urlTemplate\":\"https:\\\/\\\/www.vwat.org\\\/?s={search_term_string}\"},\"query-input\":{\"@type\":\"PropertyValueSpecification\",\"valueRequired\":true,\"valueName\":\"search_term_string\"}}],\"inLanguage\":\"pt-PT\"},{\"@type\":\"Organization\",\"@id\":\"https:\\\/\\\/www.vwat.org\\\/#organization\",\"name\":\"VWAT Family Services\",\"url\":\"https:\\\/\\\/www.vwat.org\\\/\",\"logo\":{\"@type\":\"ImageObject\",\"inLanguage\":\"pt-PT\",\"@id\":\"https:\\\/\\\/www.vwat.org\\\/#\\\/schema\\\/logo\\\/image\\\/\",\"url\":\"https:\\\/\\\/www.vwat.org\\\/wp-content\\\/uploads\\\/2022\\\/06\\\/VWAT-e1655759543180.png\",\"contentUrl\":\"https:\\\/\\\/www.vwat.org\\\/wp-content\\\/uploads\\\/2022\\\/06\\\/VWAT-e1655759543180.png\",\"width\":150,\"height\":150,\"caption\":\"VWAT Family Services\"},\"image\":{\"@id\":\"https:\\\/\\\/www.vwat.org\\\/#\\\/schema\\\/logo\\\/image\\\/\"},\"sameAs\":[\"https:\\\/\\\/www.facebook.com\\\/vietnamese.womensassociationtoronto\",\"https:\\\/\\\/www.youtube.com\\\/channel\\\/UC3IxMLN1zCh0VHv7SvP4_oQ\"]}]}<\/script>\n<!-- \/ Yoast SEO Premium plugin. -->","yoast_head_json":{"title":"Programs and Services for Newcomers - VWAT","robots":{"index":"index","follow":"follow","max-snippet":"max-snippet:-1","max-image-preview":"max-image-preview:large","max-video-preview":"max-video-preview:-1"},"canonical":"https:\/\/www.vwat.org\/programs-and-services\/newcomers\/","og_locale":"pt_PT","og_type":"article","og_title":"Novos Residentes - VWAT Family Services","og_url":"https:\/\/www.vwat.org\/programs-and-services\/newcomers\/","og_site_name":"VWAT Family Services","article_publisher":"https:\/\/www.facebook.com\/vietnamese.womensassociationtoronto","article_modified_time":"2024-01-05T20:19:18+00:00","og_image":[{"width":1920,"height":1127,"url":"https:\/\/www.vwat.org\/wp-content\/uploads\/2022\/05\/Ottawa-Flag.jpg","type":"image\/jpeg"}],"twitter_card":"summary_large_image","twitter_misc":{"Est. reading time":"11 minutes"},"schema":{"@context":"https:\/\/schema.org","@graph":[{"@type":"WebPage","@id":"https:\/\/www.vwat.org\/programs-and-services\/newcomers\/","url":"https:\/\/www.vwat.org\/programs-and-services\/newcomers\/","name":"Programs and Services for Newcomers - VWAT","isPartOf":{"@id":"https:\/\/www.vwat.org\/#website"},"primaryImageOfPage":{"@id":"https:\/\/www.vwat.org\/programs-and-services\/newcomers\/#primaryimage"},"image":{"@id":"https:\/\/www.vwat.org\/programs-and-services\/newcomers\/#primaryimage"},"thumbnailUrl":"https:\/\/www.vwat.org\/wp-content\/uploads\/2022\/05\/Ottawa-Flag.jpg","datePublished":"2022-05-17T13:09:03+00:00","dateModified":"2024-01-05T20:19:18+00:00","description":"VWAT offers support for newcomers of all ages, including language classes, job search assistance, & help navigating the Canadian healthcare system","breadcrumb":{"@id":"https:\/\/www.vwat.org\/programs-and-services\/newcomers\/#breadcrumb"},"inLanguage":"pt-PT","potentialAction":[{"@type":"ReadAction","target":["https:\/\/www.vwat.org\/programs-and-services\/newcomers\/"]}]},{"@type":"ImageObject","inLanguage":"pt-PT","@id":"https:\/\/www.vwat.org\/programs-and-services\/newcomers\/#primaryimage","url":"https:\/\/www.vwat.org\/wp-content\/uploads\/2022\/05\/Ottawa-Flag.jpg","contentUrl":"https:\/\/www.vwat.org\/wp-content\/uploads\/2022\/05\/Ottawa-Flag.jpg","width":1920,"height":1127},{"@type":"BreadcrumbList","@id":"https:\/\/www.vwat.org\/programs-and-services\/newcomers\/#breadcrumb","itemListElement":[{"@type":"ListItem","position":1,"name":"Home","item":"https:\/\/www.vwat.org\/pt\/"},{"@type":"ListItem","position":2,"name":"Programs &amp; Services","item":"https:\/\/www.vwat.org\/programs-and-services\/"},{"@type":"ListItem","position":3,"name":"Newcomers"}]},{"@type":"WebSite","@id":"https:\/\/www.vwat.org\/#website","url":"https:\/\/www.vwat.org\/","name":"VWAT Family Services","description":"Empowering Our Community","publisher":{"@id":"https:\/\/www.vwat.org\/#organization"},"potentialAction":[{"@type":"SearchAction","target":{"@type":"EntryPoint","urlTemplate":"https:\/\/www.vwat.org\/?s={search_term_string}"},"query-input":{"@type":"PropertyValueSpecification","valueRequired":true,"valueName":"search_term_string"}}],"inLanguage":"pt-PT"},{"@type":"Organization","@id":"https:\/\/www.vwat.org\/#organization","name":"VWAT Family Services","url":"https:\/\/www.vwat.org\/","logo":{"@type":"ImageObject","inLanguage":"pt-PT","@id":"https:\/\/www.vwat.org\/#\/schema\/logo\/image\/","url":"https:\/\/www.vwat.org\/wp-content\/uploads\/2022\/06\/VWAT-e1655759543180.png","contentUrl":"https:\/\/www.vwat.org\/wp-content\/uploads\/2022\/06\/VWAT-e1655759543180.png","width":150,"height":150,"caption":"VWAT Family Services"},"image":{"@id":"https:\/\/www.vwat.org\/#\/schema\/logo\/image\/"},"sameAs":["https:\/\/www.facebook.com\/vietnamese.womensassociationtoronto","https:\/\/www.youtube.com\/channel\/UC3IxMLN1zCh0VHv7SvP4_oQ"]}]}},"_links":{"self":[{"href":"https:\/\/www.vwat.org\/pt\/wp-json\/wp\/v2\/pages\/4807","targetHints":{"allow":["GET"]}}],"collection":[{"href":"https:\/\/www.vwat.org\/pt\/wp-json\/wp\/v2\/pages"}],"about":[{"href":"https:\/\/www.vwat.org\/pt\/wp-json\/wp\/v2\/types\/page"}],"author":[{"embeddable":true,"href":"https:\/\/www.vwat.org\/pt\/wp-json\/wp\/v2\/users\/2"}],"replies":[{"embeddable":true,"href":"https:\/\/www.vwat.org\/pt\/wp-json\/wp\/v2\/comments?post=4807"}],"version-history":[{"count":1,"href":"https:\/\/www.vwat.org\/pt\/wp-json\/wp\/v2\/pages\/4807\/revisions"}],"predecessor-version":[{"id":18758,"href":"https:\/\/www.vwat.org\/pt\/wp-json\/wp\/v2\/pages\/4807\/revisions\/18758"}],"up":[{"embeddable":true,"href":"https:\/\/www.vwat.org\/pt\/wp-json\/wp\/v2\/pages\/122"}],"wp:featuredmedia":[{"embeddable":true,"href":"https:\/\/www.vwat.org\/pt\/wp-json\/wp\/v2\/media\/3352"}],"wp:attachment":[{"href":"https:\/\/www.vwat.org\/pt\/wp-json\/wp\/v2\/media?parent=4807"}],"curies":[{"name":"wp","href":"https:\/\/api.w.org\/{rel}","templated":true}]}}