{"id":11564,"date":"2023-08-17T13:17:14","date_gmt":"2023-08-17T17:17:14","guid":{"rendered":"https:\/\/www.vwat.org\/?page_id=11564"},"modified":"2023-12-17T10:32:10","modified_gmt":"2023-12-17T15:32:10","slug":"vinh-truong","status":"publish","type":"page","link":"https:\/\/www.vwat.org\/vi\/vinh-truong\/","title":{"rendered":"Vinh Tr\u01b0\u01a1ng"},"content":{"rendered":"<p><img loading=\"lazy\" decoding=\"async\" width=\"421\" height=\"424\" src=\"https:\/\/www.vwat.org\/wp-content\/uploads\/2023\/08\/VINH-TRUONG-HEADSHOT.png\" alt=\"\" loading=\"lazy\" srcset=\"https:\/\/www.vwat.org\/wp-content\/uploads\/2023\/08\/VINH-TRUONG-HEADSHOT.png 421w, https:\/\/www.vwat.org\/wp-content\/uploads\/2023\/08\/VINH-TRUONG-HEADSHOT-298x300.png 298w, https:\/\/www.vwat.org\/wp-content\/uploads\/2023\/08\/VINH-TRUONG-HEADSHOT-150x150.png 150w, https:\/\/www.vwat.org\/wp-content\/uploads\/2023\/08\/VINH-TRUONG-HEADSHOT-80x80.png 80w\" sizes=\"auto, (max-width: 421px) 100vw, 421px\" \/>\t\t\t\t\t\t\t\t\t\t\t\t\t\t\t<\/p>\n<h2>Vinh Tr\u01b0\u01a1ng<\/h2>\n<p><b>Gi\u00e1m \u0111\u1ed1c \u0110i\u1ec1u H\u00e0nh<\/b><\/p>\n<p>Vinh Tr\u01b0\u01a1ng sinh ra v\u00e0 l\u1edbn l\u00ean t\u1ea1i S\u00e0i G\u00f2n trong m\u1ed9t gia \u0111\u00ecnh s\u1ef9 quan ch\u1ebf \u0111\u1ed9 c\u0169. \u00d4ng thu\u1ed9c l\u1edbp thuy\u1ec1n nh\u00e2n bu\u1ed9c ph\u1ea3i ly h\u01b0\u01a1ng t\u00ecm \u0111\u1ebfn x\u1ee9 t\u1ef1 do v\u00ec c\u00e1m c\u1ea3nh qu\u00ea m\u1eb9 Vi\u1ec7t Nam mu\u00f4n ph\u1ea7n t\u00f9 t\u00fang ng\u1ed9t ng\u1ea1t sau chi\u1ebfn tranh. N\u0103m 18 tu\u1ed5i, \u00f4ng \u0111\u1eb7t ch\u00e2n \u0111\u1ebfn Canada sau m\u1ed9t th\u1eddi gian tr\u00fa t\u1ea1i tr\u1ea1i t\u1ef5 n\u1ea1n Galang, Indonesia.<\/p>\n<p>Kh\u00e1t khao tri th\u1ee9c, Vinh Tr\u01b0\u01a1ng \u0111i h\u1ecdc l\u1ea1i t\u00fa t\u00e0i \u1edf Toronto. Sau \u0111\u00f3, nh\u1edd b\u1ec1n ch\u00ed v\u00e0 kh\u00f4ng qu\u1ea3n ng\u1ea1i bao gian nan bu\u1ed5i \u0111\u1ea7u n\u01a1i x\u1ee9 l\u1ea1 qu\u00ea ng\u01b0\u1eddi, \u00f4ng h\u1ecdc l\u00ean \u0111\u1ea1i h\u1ecdc v\u00e0 t\u1ed1t nghi\u1ec7p K\u1ef9 s\u01b0 \u0110i\u1ec7n t\u1eed Vi\u1ec5n th\u00f4ng t\u1ea1i tr\u01b0\u1eddng \u0111\u1ea1i h\u1ecdc McMaster \u1edf Hamilton. S\u1ef1 nghi\u1ec7p 25 n\u0103m trong ng\u00e0nh \u0110i\u1ec7n t\u1eed Vi\u1ec5n th\u00f4ng c\u1ee7a \u00f4ng \u0111\u1ea1t \u0111\u01b0\u1ee3c nhi\u1ec1u th\u00e0nh t\u1ef1u, trong \u0111\u00f3 ph\u1ea3i k\u1ec3 \u0111\u1ebfn h\u01a1n m\u1ed9t th\u1eadp k\u1ef7 l\u00e0m Senior Manager cho m\u1ed9t c\u00f4ng ty Vi\u1ec5n th\u00f4ng h\u00e0ng \u0111\u1ea7u Canada.<\/p>\n<p>N\u0103m 2016, \u00f4ng quy\u1ebft \u0111\u1ecbnh chuy\u1ec3n sang l\u0129nh v\u1ef1c phi l\u1ee3i nhu\u1eadn v\u00e0 \u0111\u1ea3m nh\u1eadn vai tr\u00f2 Gi\u00e1m \u0111\u1ed1c \u0110i\u1ec1u h\u00e0nh c\u1ee7a H\u1ed9i Ph\u1ee5 N\u1eef Vi\u1ec7t Nam Toronto \u2013 n\u01a1i c\u00f3 t\u00f4n ch\u1ec9 v\u00e0 s\u1ee9 m\u1ea1ng l\u00e0 gi\u00fap nh\u1eefng di d\u00e2n m\u1edbi sang Canada s\u1edbm an c\u01b0, c\u0169ng nh\u01b0 cung c\u1ea5p c\u00e1c d\u1ecbch v\u1ee5 v\u00e0 ch\u01b0\u01a1ng tr\u00ecnh h\u1eefu \u00edch d\u00e0nh cho cao ni\u00ean v\u00e0 thanh thi\u1ebfu ni\u00ean. \u1ede vai tr\u00f2 m\u1edbi, Vinh Tr\u01b0\u01a1ng \u0111\u01b0\u1ee3c nhi\u1ec1u ng\u01b0\u1eddi y\u00eau qu\u00fd v\u00e0 n\u1ec3 tr\u1ecdng v\u00ec s\u1ef1 t\u1eadn t\u00e2m h\u1ebft l\u00f2ng v\u1edbi c\u00f4ng vi\u1ec7c. \u1ede \u00f4ng ng\u01b0\u1eddi ta th\u1ea5y c\u00f3 \u0111\u1ea7u \u00f3c b\u00e9n nh\u1ea1y c\u1ee7a m\u1ed9t k\u1ef9 s\u01b0 v\u00e0 l\u00f2ng tr\u1eafc \u1ea9n, kh\u00e1t khao gi\u00fap \u0111\u1eddi c\u1ee7a m\u1ed9t thuy\u1ec1n nh\u00e2n \u0111\u00e3 t\u1eebng n\u1ebfm tr\u1ea3i c\u1ea3m gi\u00e1c v\u00f4 v\u1ecdng trong chuy\u1ebfn h\u1ea3i h\u00e0nh n\u0103m x\u01b0a, \u0111\u00e3 qua bi\u1ebft bao nh\u00e2n t\u00ecnh \u1ea5m l\u1ea1nh. Trong nh\u1eefng n\u0103m g\u1ea7n \u0111\u00e2y, H\u1ed9i Ph\u1ee5 N\u1eef \u0111\u1ea1t \u0111\u01b0\u1ee3c nhi\u1ec1u c\u1ed9t m\u1ed1c ph\u00e1t tri\u1ec3n quan tr\u1ecdng ph\u1ea7n n\u00e0o l\u00e0 nh\u1edd v\u00e0o phong c\u00e1ch l\u00e3nh \u0111\u1ea1o n\u00e0y.<\/p>\n<p>Vinh Tr\u01b0\u01a1ng ch\u1ecdn s\u1ed1ng m\u1ed9t \u0111\u1eddi b\u00ecnh d\u1ecb. Khi r\u1ea3nh r\u1ed7i, \u00f4ng th\u00edch \u0111i th\u0103m th\u00fa c\u00e1c c\u1ea3nh quan thi\u00ean nhi\u00ean, \u0111\u1ea1p xe, v\u00e0 d\u1ea1y l\u1edbp yoga mi\u1ec5n ph\u00ed cho cao ni\u00ean. Ph\u01b0\u01a1ng ch\u00e2m \u00f4ng \u0111\u1eb7t ra cho H\u1ed9i: &#8220;\u0110\u1ee7 l\u1edbn \u0111\u1ec3 truy\u1ec1n t\u1ea3i; \u0110\u1ee7 nh\u1ecf \u0111\u1ec3 quan t\u00e2m&#8221; (<em>Large Enough to Deliver;&nbsp;Small Enough to Care<\/em>)&nbsp;l\u00e0 minh ch\u1ee9ng cho l\u1ebd s\u1ed1ng m\u00e0 \u00f4ng \u0111\u00e3 ch\u1ecdn.<\/p>\n","protected":false},"excerpt":{"rendered":"<p>Vinh Tr\u01b0\u01a1ng Gi\u00e1m \u0111\u1ed1c \u0110i\u1ec1u H\u00e0nh Vinh Tr\u01b0\u01a1ng sinh ra v\u00e0 l\u1edbn l\u00ean t\u1ea1i S\u00e0i G\u00f2n trong m\u1ed9t gia \u0111\u00ecnh [&hellip;]<\/p>\n","protected":false},"author":24,"featured_media":0,"parent":0,"menu_order":0,"comment_status":"closed","ping_status":"closed","template":"","meta":{"nf_dc_page":"","content-type":"","footnotes":""},"class_list":["post-11564","page","type-page","status-publish","hentry"],"translation":{"provider":"WPGlobus","version":"3.0.2","language":"vi","enabled_languages":["ca","vi","it","es","pt"],"languages":{"ca":{"title":true,"content":true,"excerpt":false},"vi":{"title":true,"content":true,"excerpt":false},"it":{"title":false,"content":false,"excerpt":false},"es":{"title":false,"content":false,"excerpt":false},"pt":{"title":false,"content":false,"excerpt":false}}},"yoast_head":"<!-- This site is optimized with the Yoast SEO Premium plugin v27.2 (Yoast SEO v27.4) - https:\/\/yoast.com\/product\/yoast-seo-premium-wordpress\/ -->\n<title>Vinh Tr\u01b0\u01a1ng - VWAT Family Services<\/title>\n<meta name=\"robots\" content=\"index, follow, max-snippet:-1, max-image-preview:large, max-video-preview:-1\" \/>\n<link rel=\"canonical\" href=\"https:\/\/www.vwat.org\/vinh-truong\/\" \/>\n<meta property=\"og:locale\" content=\"en_US\" \/>\n<meta property=\"og:type\" content=\"article\" \/>\n<meta property=\"og:title\" content=\"Vinh Tr\u01b0\u01a1ng - VWAT Family Services\" \/>\n<meta property=\"og:url\" content=\"https:\/\/www.vwat.org\/vinh-truong\/\" \/>\n<meta property=\"og:site_name\" content=\"VWAT Family Services\" \/>\n<meta property=\"article:publisher\" content=\"https:\/\/www.facebook.com\/vietnamese.womensassociationtoronto\" \/>\n<meta property=\"article:modified_time\" content=\"2023-12-17T15:32:10+00:00\" \/>\n<meta property=\"og:image\" content=\"https:\/\/www.vwat.org\/wp-content\/uploads\/2023\/08\/VINH-TRUONG-HEADSHOT.png\" \/>\n<meta name=\"twitter:card\" content=\"summary_large_image\" \/>\n<meta name=\"twitter:label1\" content=\"Est. reading time\" \/>\n\t<meta name=\"twitter:data1\" content=\"2 minutes\" \/>\n<script type=\"application\/ld+json\" class=\"yoast-schema-graph\">{\"@context\":\"https:\\\/\\\/schema.org\",\"@graph\":[{\"@type\":\"WebPage\",\"@id\":\"https:\\\/\\\/www.vwat.org\\\/vinh-truong\\\/\",\"url\":\"https:\\\/\\\/www.vwat.org\\\/vinh-truong\\\/\",\"name\":\"Vinh Tr\u01b0\u01a1ng - VWAT Family Services\",\"isPartOf\":{\"@id\":\"https:\\\/\\\/www.vwat.org\\\/#website\"},\"primaryImageOfPage\":{\"@id\":\"https:\\\/\\\/www.vwat.org\\\/vinh-truong\\\/#primaryimage\"},\"image\":{\"@id\":\"https:\\\/\\\/www.vwat.org\\\/vinh-truong\\\/#primaryimage\"},\"thumbnailUrl\":\"https:\\\/\\\/www.vwat.org\\\/wp-content\\\/uploads\\\/2023\\\/08\\\/VINH-TRUONG-HEADSHOT.png\",\"datePublished\":\"2023-08-17T17:17:14+00:00\",\"dateModified\":\"2023-12-17T15:32:10+00:00\",\"breadcrumb\":{\"@id\":\"https:\\\/\\\/www.vwat.org\\\/vinh-truong\\\/#breadcrumb\"},\"inLanguage\":\"vi-VI\",\"potentialAction\":[{\"@type\":\"ReadAction\",\"target\":[\"https:\\\/\\\/www.vwat.org\\\/vinh-truong\\\/\"]}]},{\"@type\":\"ImageObject\",\"inLanguage\":\"vi-VI\",\"@id\":\"https:\\\/\\\/www.vwat.org\\\/vinh-truong\\\/#primaryimage\",\"url\":\"https:\\\/\\\/www.vwat.org\\\/wp-content\\\/uploads\\\/2023\\\/08\\\/VINH-TRUONG-HEADSHOT.png\",\"contentUrl\":\"https:\\\/\\\/www.vwat.org\\\/wp-content\\\/uploads\\\/2023\\\/08\\\/VINH-TRUONG-HEADSHOT.png\"},{\"@type\":\"BreadcrumbList\",\"@id\":\"https:\\\/\\\/www.vwat.org\\\/vinh-truong\\\/#breadcrumb\",\"itemListElement\":[{\"@type\":\"ListItem\",\"position\":1,\"name\":\"Home\",\"item\":\"https:\\\/\\\/www.vwat.org\\\/vi\\\/\"},{\"@type\":\"ListItem\",\"position\":2,\"name\":\"Vinh Truong\"}]},{\"@type\":\"WebSite\",\"@id\":\"https:\\\/\\\/www.vwat.org\\\/#website\",\"url\":\"https:\\\/\\\/www.vwat.org\\\/\",\"name\":\"VWAT Family Services\",\"description\":\"Empowering Our Community\",\"publisher\":{\"@id\":\"https:\\\/\\\/www.vwat.org\\\/#organization\"},\"potentialAction\":[{\"@type\":\"SearchAction\",\"target\":{\"@type\":\"EntryPoint\",\"urlTemplate\":\"https:\\\/\\\/www.vwat.org\\\/?s={search_term_string}\"},\"query-input\":{\"@type\":\"PropertyValueSpecification\",\"valueRequired\":true,\"valueName\":\"search_term_string\"}}],\"inLanguage\":\"vi-VI\"},{\"@type\":\"Organization\",\"@id\":\"https:\\\/\\\/www.vwat.org\\\/#organization\",\"name\":\"VWAT Family Services\",\"url\":\"https:\\\/\\\/www.vwat.org\\\/\",\"logo\":{\"@type\":\"ImageObject\",\"inLanguage\":\"vi-VI\",\"@id\":\"https:\\\/\\\/www.vwat.org\\\/#\\\/schema\\\/logo\\\/image\\\/\",\"url\":\"https:\\\/\\\/www.vwat.org\\\/wp-content\\\/uploads\\\/2022\\\/06\\\/VWAT-e1655759543180.png\",\"contentUrl\":\"https:\\\/\\\/www.vwat.org\\\/wp-content\\\/uploads\\\/2022\\\/06\\\/VWAT-e1655759543180.png\",\"width\":150,\"height\":150,\"caption\":\"VWAT Family Services\"},\"image\":{\"@id\":\"https:\\\/\\\/www.vwat.org\\\/#\\\/schema\\\/logo\\\/image\\\/\"},\"sameAs\":[\"https:\\\/\\\/www.facebook.com\\\/vietnamese.womensassociationtoronto\",\"https:\\\/\\\/www.youtube.com\\\/channel\\\/UC3IxMLN1zCh0VHv7SvP4_oQ\"]}]}<\/script>\n<!-- \/ Yoast SEO Premium plugin. -->","yoast_head_json":{"title":"Vinh Tr\u01b0\u01a1ng - VWAT Family Services","robots":{"index":"index","follow":"follow","max-snippet":"max-snippet:-1","max-image-preview":"max-image-preview:large","max-video-preview":"max-video-preview:-1"},"canonical":"https:\/\/www.vwat.org\/vinh-truong\/","og_locale":"en_US","og_type":"article","og_title":"Vinh Tr\u01b0\u01a1ng - VWAT Family Services","og_url":"https:\/\/www.vwat.org\/vinh-truong\/","og_site_name":"VWAT Family Services","article_publisher":"https:\/\/www.facebook.com\/vietnamese.womensassociationtoronto","article_modified_time":"2023-12-17T15:32:10+00:00","og_image":[{"url":"https:\/\/www.vwat.org\/wp-content\/uploads\/2023\/08\/VINH-TRUONG-HEADSHOT.png","type":"","width":"","height":""}],"twitter_card":"summary_large_image","twitter_misc":{"Est. reading time":"2 minutes"},"schema":{"@context":"https:\/\/schema.org","@graph":[{"@type":"WebPage","@id":"https:\/\/www.vwat.org\/vinh-truong\/","url":"https:\/\/www.vwat.org\/vinh-truong\/","name":"Vinh Tr\u01b0\u01a1ng - VWAT Family Services","isPartOf":{"@id":"https:\/\/www.vwat.org\/#website"},"primaryImageOfPage":{"@id":"https:\/\/www.vwat.org\/vinh-truong\/#primaryimage"},"image":{"@id":"https:\/\/www.vwat.org\/vinh-truong\/#primaryimage"},"thumbnailUrl":"https:\/\/www.vwat.org\/wp-content\/uploads\/2023\/08\/VINH-TRUONG-HEADSHOT.png","datePublished":"2023-08-17T17:17:14+00:00","dateModified":"2023-12-17T15:32:10+00:00","breadcrumb":{"@id":"https:\/\/www.vwat.org\/vinh-truong\/#breadcrumb"},"inLanguage":"vi-VI","potentialAction":[{"@type":"ReadAction","target":["https:\/\/www.vwat.org\/vinh-truong\/"]}]},{"@type":"ImageObject","inLanguage":"vi-VI","@id":"https:\/\/www.vwat.org\/vinh-truong\/#primaryimage","url":"https:\/\/www.vwat.org\/wp-content\/uploads\/2023\/08\/VINH-TRUONG-HEADSHOT.png","contentUrl":"https:\/\/www.vwat.org\/wp-content\/uploads\/2023\/08\/VINH-TRUONG-HEADSHOT.png"},{"@type":"BreadcrumbList","@id":"https:\/\/www.vwat.org\/vinh-truong\/#breadcrumb","itemListElement":[{"@type":"ListItem","position":1,"name":"Home","item":"https:\/\/www.vwat.org\/vi\/"},{"@type":"ListItem","position":2,"name":"Vinh Truong"}]},{"@type":"WebSite","@id":"https:\/\/www.vwat.org\/#website","url":"https:\/\/www.vwat.org\/","name":"VWAT Family Services","description":"Empowering Our Community","publisher":{"@id":"https:\/\/www.vwat.org\/#organization"},"potentialAction":[{"@type":"SearchAction","target":{"@type":"EntryPoint","urlTemplate":"https:\/\/www.vwat.org\/?s={search_term_string}"},"query-input":{"@type":"PropertyValueSpecification","valueRequired":true,"valueName":"search_term_string"}}],"inLanguage":"vi-VI"},{"@type":"Organization","@id":"https:\/\/www.vwat.org\/#organization","name":"VWAT Family Services","url":"https:\/\/www.vwat.org\/","logo":{"@type":"ImageObject","inLanguage":"vi-VI","@id":"https:\/\/www.vwat.org\/#\/schema\/logo\/image\/","url":"https:\/\/www.vwat.org\/wp-content\/uploads\/2022\/06\/VWAT-e1655759543180.png","contentUrl":"https:\/\/www.vwat.org\/wp-content\/uploads\/2022\/06\/VWAT-e1655759543180.png","width":150,"height":150,"caption":"VWAT Family Services"},"image":{"@id":"https:\/\/www.vwat.org\/#\/schema\/logo\/image\/"},"sameAs":["https:\/\/www.facebook.com\/vietnamese.womensassociationtoronto","https:\/\/www.youtube.com\/channel\/UC3IxMLN1zCh0VHv7SvP4_oQ"]}]}},"_links":{"self":[{"href":"https:\/\/www.vwat.org\/vi\/wp-json\/wp\/v2\/pages\/11564","targetHints":{"allow":["GET"]}}],"collection":[{"href":"https:\/\/www.vwat.org\/vi\/wp-json\/wp\/v2\/pages"}],"about":[{"href":"https:\/\/www.vwat.org\/vi\/wp-json\/wp\/v2\/types\/page"}],"author":[{"embeddable":true,"href":"https:\/\/www.vwat.org\/vi\/wp-json\/wp\/v2\/users\/24"}],"replies":[{"embeddable":true,"href":"https:\/\/www.vwat.org\/vi\/wp-json\/wp\/v2\/comments?post=11564"}],"version-history":[{"count":0,"href":"https:\/\/www.vwat.org\/vi\/wp-json\/wp\/v2\/pages\/11564\/revisions"}],"wp:attachment":[{"href":"https:\/\/www.vwat.org\/vi\/wp-json\/wp\/v2\/media?parent=11564"}],"curies":[{"name":"wp","href":"https:\/\/api.w.org\/{rel}","templated":true}]}}