{"id":12437,"date":"2023-10-22T09:41:44","date_gmt":"2023-10-22T13:41:44","guid":{"rendered":"https:\/\/www.vwat.org\/?page_id=12437"},"modified":"2023-12-17T10:49:51","modified_gmt":"2023-12-17T15:49:51","slug":"hieu-to","status":"publish","type":"page","link":"https:\/\/www.vwat.org\/vi\/hieu-to\/","title":{"rendered":"Hi\u1ebfu T\u00f4"},"content":{"rendered":"<p><img loading=\"lazy\" decoding=\"async\" width=\"533\" height=\"543\" src=\"https:\/\/www.vwat.org\/wp-content\/uploads\/2022\/07\/Hieu-To-e1658332882520.jpg\" alt=\"\" loading=\"lazy\" srcset=\"https:\/\/www.vwat.org\/wp-content\/uploads\/2022\/07\/Hieu-To-e1658332882520.jpg 533w, https:\/\/www.vwat.org\/wp-content\/uploads\/2022\/07\/Hieu-To-e1658332882520-294x300.jpg 294w\" sizes=\"auto, (max-width: 533px) 100vw, 533px\" \/>\t\t\t\t\t\t\t\t\t\t\t\t\t\t\t<\/p>\n<h2>Hi\u1ebfu T\u00f4<\/h2>\n<p><strong>Ph\u1ed1i tr\u00ed vi\u00ean \u0110\u1ecbnh c\u01b0<\/strong><\/p>\n<p>Hi\u1ebfu T\u00f4 th\u1ef1c s\u1ef1 l\u00e0 m\u1ed9t v\u00ed d\u1ee5 r\u1ea5t \u1ea5n t\u01b0\u1ee3ng v\u1ec1 s\u1ef1 n\u1ed7 l\u1ef1c v\u00e0 th\u00e0nh c\u00f4ng trong vi\u1ec7c h\u1ecdc t\u1eadp v\u00e0 c\u00f4ng vi\u1ec7c. V\u1edbi hai b\u1eb1ng c\u1eed nh\u00e2n t\u1ea1i Vi\u1ec7t Nam v\u00e0 b\u1eb1ng qu\u1ea3n tr\u1ecb kinh doanh (MBA) t\u1ea1i M\u1ef9, c\u00f9ng v\u1edbi kinh nghi\u1ec7m l\u00e0m vi\u1ec7c xu\u1ea5t s\u1eafc \u1edf c\u00e1c v\u1ecb tr\u00ed cao c\u1ea5p trong c\u00e1c t\u1eadp \u0111o\u00e0n danh ti\u1ebfng \u0111\u1eb7t t\u1ea1i Vi\u1ec7t Nam, c\u0169ng nh\u01b0 kinh nghi\u1ec7m \u0111\u00e0o t\u1ea1o, gi\u1ea3ng d\u1ea1y, c\u00f4 \u0111\u00e3 c\u00f3 \u0111\u01b0\u1ee3c c\u01a1 h\u1ed9i nh\u1eadp c\u01b0 Canada th\u00f4ng qua ch\u01b0\u01a1ng tr\u00ecnh Federal Skilled Worker.<\/p>\n<p>Nh\u1eefng ng\u00e0y \u0111\u1ea7u \u0111\u1eb7t ch\u00e2n \u0111\u1ebfn Canada, c\u00f4 \u0111\u00e3 nhanh ch\u00f3ng nhi\u1ec7t t\u00ecnh l\u00e0m volunteer cho VWAT Family Services. V\u1edbi s\u1ef1 t\u1eadn t\u00e2m \u0111\u00f3, c\u00f4 \u0111\u00e3 x\u1ee9ng \u0111\u00e1ng \u0111\u1ec3 nh\u1eadn c\u00f4ng vi\u1ec7c full-time Settlement Worker&nbsp;t\u1ea1i VWAT.<\/p>\n<p>C\u00f4 suy ngh\u0129 v\u00e0 so s\u00e1nh v\u1ec1 c\u00f4ng vi\u1ec7c tr\u01b0\u1edbc \u0111\u00e2y cho c\u00e1c t\u1eadp \u0111o\u00e0n business v\u00e0 hi\u1ec7n t\u1ea1i l\u00e0 nonprofit. T\u1eeb \u0111\u00f3 c\u00f4 \u0111\u00e3 ch\u1ecdn l\u1ecdc l\u1ea1i nh\u1eefng ki\u1ebfn&nbsp;th\u1ee9c v\u00e0&nbsp; kinh nghi\u1ec7m ph\u00f9 h\u1ee3p v\u00e0 \u00e1p d\u1ee5ng v\u00e0o c\u00f4ng vi\u1ec7c hi\u1ec7n nay.&nbsp;K\u1ebft qu\u1ea3 l\u00e0 c\u00f4 \u0111\u00e3 g\u00f3p ph\u1ea7n t\u1ea1o ra m\u1ed9t th\u01b0\u01a1ng hi\u1ec7u v\u1eefng m\u1ea1nh cho VWAT, r\u1ea5t nhi\u1ec1u ng\u01b0\u1eddi bi\u1ebft \u0111\u1ebfn VWAT. C\u00f4 \u0111\u00e3 ph\u1ee5c v\u1ee5 v\u00e0 mang v\u1ec1 l\u01b0\u1ee3ng kh\u00e1ch h\u00e0ng l\u1edbn cho VWAT. R\u1ea5t nhi\u1ec1u t\u1ed5 ch\u1ee9c l\u00e0m d\u1ecbch v\u1ee5 di tr\u00fa t\u1ea1i GTA c\u0169ng bi\u1ebft \u0111\u1ebfn c\u00f4 v\u00e0 tin t\u01b0\u1edfng g\u1eedi kh\u00e1ch h\u00e0ng c\u1ee7a h\u1ecd \u0111\u1ebfn c\u00f4. C\u00f4 c\u0169ng \u0111\u00e3 t\u1ed5 ch\u1ee9c r\u1ea5t nhi\u1ec1u workshop\/group session h\u1eefu \u00edch cho kh\u00e1ch h\u00e0ng, c\u00f3 nh\u1eefng group sessions&nbsp; thu h\u00fat h\u00e0ng tr\u0103m ng\u01b0\u1eddi v\u00e0 VWAT nh\u1eadn \u0111\u01b0\u1ee3c r\u1ea5t nhi\u1ec1u l\u1eddi khen ng\u1ee3i t\u1eeb c\u00e1c ho\u1ea1t \u0111\u1ed9ng n\u00e0y.<\/p>\n<p><strong>Tri\u1ebft l\u00fd l\u00e0m vi\u1ec7c c\u1ee7a c\u00f4 l\u00e0:<\/strong><\/p>\n<p>1\/ D\u00f9 \u1edf b\u1ea5t k\u1ef3 v\u1ecb tr\u00ed c\u00f4ng vi\u1ec7c g\u00ec, h\u00e3y lu\u00f4n l\u00e0m t\u1ed1t nh\u1ea5t c\u00f4ng vi\u1ec7c c\u1ee7a m\u00ecnh.<\/p>\n<p>2\/ Khi m\u00ecnh h\u1ebft l\u00f2ng v\u00ec kh\u00e1ch h\u00e0ng v\u00e0 t\u1ed5 ch\u1ee9c c\u1ee7a m\u00ecnh, kh\u00e1ch h\u00e0ng v\u00e0 t\u1ed5 ch\u1ee9c c\u0169ng s\u1ebd h\u1ebft l\u00f2ng v\u00ec m\u00ecnh, c\u00f4ng vi\u1ec7c s\u1ebd th\u00e0nh c\u00f4ng.&nbsp;<\/p>\n<p>3\/ N\u1ebfu c\u00f3 tr\u00fang s\u1ed1 \u0111\u1ed9c \u0111\u1eafc LottoMax 50 tri\u1ec7u, c\u00f4 c\u0169ng s\u1ebd ti\u1ebfp t\u1ee5c l\u00e0m cho VWAT, v\u00ec c\u00f3 nhi\u1ec1u kh\u00e1ch h\u00e0ng c\u1ea7n d\u1ecbch v\u1ee5 c\u1ee7a VWAT v\u00e0 c\u1ee7a c\u00e1 nh\u00e2n c\u00f4.<\/p>\n","protected":false},"excerpt":{"rendered":"<p>Hi\u1ebfu T\u00f4 Ph\u1ed1i tr\u00ed vi\u00ean \u0110\u1ecbnh c\u01b0 Hi\u1ebfu T\u00f4 th\u1ef1c s\u1ef1 l\u00e0 m\u1ed9t v\u00ed d\u1ee5 r\u1ea5t \u1ea5n t\u01b0\u1ee3ng v\u1ec1 s\u1ef1 [&hellip;]<\/p>\n","protected":false},"author":24,"featured_media":0,"parent":0,"menu_order":0,"comment_status":"closed","ping_status":"closed","template":"","meta":{"nf_dc_page":"","content-type":"","footnotes":""},"class_list":["post-12437","page","type-page","status-publish","hentry"],"translation":{"provider":"WPGlobus","version":"3.0.2","language":"vi","enabled_languages":["ca","vi","it","es","pt"],"languages":{"ca":{"title":true,"content":true,"excerpt":false},"vi":{"title":true,"content":true,"excerpt":false},"it":{"title":false,"content":false,"excerpt":false},"es":{"title":false,"content":false,"excerpt":false},"pt":{"title":false,"content":false,"excerpt":false}}},"yoast_head":"<!-- This site is optimized with the Yoast SEO Premium plugin v27.2 (Yoast SEO v27.4) - https:\/\/yoast.com\/product\/yoast-seo-premium-wordpress\/ -->\n<title>Hi\u1ebfu T\u00f4 - VWAT Family Services<\/title>\n<meta name=\"robots\" content=\"index, follow, max-snippet:-1, max-image-preview:large, max-video-preview:-1\" \/>\n<link rel=\"canonical\" href=\"https:\/\/www.vwat.org\/hieu-to\/\" \/>\n<meta property=\"og:locale\" content=\"en_US\" \/>\n<meta property=\"og:type\" content=\"article\" \/>\n<meta property=\"og:title\" content=\"Hi\u1ebfu T\u00f4 - VWAT Family Services\" \/>\n<meta property=\"og:url\" content=\"https:\/\/www.vwat.org\/hieu-to\/\" \/>\n<meta property=\"og:site_name\" content=\"VWAT Family Services\" \/>\n<meta property=\"article:publisher\" content=\"https:\/\/www.facebook.com\/vietnamese.womensassociationtoronto\" \/>\n<meta property=\"article:modified_time\" content=\"2023-12-17T15:49:51+00:00\" \/>\n<meta property=\"og:image\" content=\"https:\/\/www.vwat.org\/wp-content\/uploads\/2022\/07\/Hieu-To-e1658332882520.jpg\" \/>\n<meta name=\"twitter:card\" content=\"summary_large_image\" \/>\n<meta name=\"twitter:label1\" content=\"Est. reading time\" \/>\n\t<meta name=\"twitter:data1\" content=\"2 minutes\" \/>\n<script type=\"application\/ld+json\" class=\"yoast-schema-graph\">{\"@context\":\"https:\\\/\\\/schema.org\",\"@graph\":[{\"@type\":\"WebPage\",\"@id\":\"https:\\\/\\\/www.vwat.org\\\/hieu-to\\\/\",\"url\":\"https:\\\/\\\/www.vwat.org\\\/hieu-to\\\/\",\"name\":\"Hi\u1ebfu T\u00f4 - VWAT Family Services\",\"isPartOf\":{\"@id\":\"https:\\\/\\\/www.vwat.org\\\/#website\"},\"primaryImageOfPage\":{\"@id\":\"https:\\\/\\\/www.vwat.org\\\/hieu-to\\\/#primaryimage\"},\"image\":{\"@id\":\"https:\\\/\\\/www.vwat.org\\\/hieu-to\\\/#primaryimage\"},\"thumbnailUrl\":\"https:\\\/\\\/www.vwat.org\\\/wp-content\\\/uploads\\\/2022\\\/07\\\/Hieu-To-e1658332882520.jpg\",\"datePublished\":\"2023-10-22T13:41:44+00:00\",\"dateModified\":\"2023-12-17T15:49:51+00:00\",\"breadcrumb\":{\"@id\":\"https:\\\/\\\/www.vwat.org\\\/hieu-to\\\/#breadcrumb\"},\"inLanguage\":\"vi-VI\",\"potentialAction\":[{\"@type\":\"ReadAction\",\"target\":[\"https:\\\/\\\/www.vwat.org\\\/hieu-to\\\/\"]}]},{\"@type\":\"ImageObject\",\"inLanguage\":\"vi-VI\",\"@id\":\"https:\\\/\\\/www.vwat.org\\\/hieu-to\\\/#primaryimage\",\"url\":\"https:\\\/\\\/www.vwat.org\\\/wp-content\\\/uploads\\\/2022\\\/07\\\/Hieu-To-e1658332882520.jpg\",\"contentUrl\":\"https:\\\/\\\/www.vwat.org\\\/wp-content\\\/uploads\\\/2022\\\/07\\\/Hieu-To-e1658332882520.jpg\"},{\"@type\":\"BreadcrumbList\",\"@id\":\"https:\\\/\\\/www.vwat.org\\\/hieu-to\\\/#breadcrumb\",\"itemListElement\":[{\"@type\":\"ListItem\",\"position\":1,\"name\":\"Home\",\"item\":\"https:\\\/\\\/www.vwat.org\\\/vi\\\/\"},{\"@type\":\"ListItem\",\"position\":2,\"name\":\"Hieu To\"}]},{\"@type\":\"WebSite\",\"@id\":\"https:\\\/\\\/www.vwat.org\\\/#website\",\"url\":\"https:\\\/\\\/www.vwat.org\\\/\",\"name\":\"VWAT Family Services\",\"description\":\"Empowering Our Community\",\"publisher\":{\"@id\":\"https:\\\/\\\/www.vwat.org\\\/#organization\"},\"potentialAction\":[{\"@type\":\"SearchAction\",\"target\":{\"@type\":\"EntryPoint\",\"urlTemplate\":\"https:\\\/\\\/www.vwat.org\\\/?s={search_term_string}\"},\"query-input\":{\"@type\":\"PropertyValueSpecification\",\"valueRequired\":true,\"valueName\":\"search_term_string\"}}],\"inLanguage\":\"vi-VI\"},{\"@type\":\"Organization\",\"@id\":\"https:\\\/\\\/www.vwat.org\\\/#organization\",\"name\":\"VWAT Family Services\",\"url\":\"https:\\\/\\\/www.vwat.org\\\/\",\"logo\":{\"@type\":\"ImageObject\",\"inLanguage\":\"vi-VI\",\"@id\":\"https:\\\/\\\/www.vwat.org\\\/#\\\/schema\\\/logo\\\/image\\\/\",\"url\":\"https:\\\/\\\/www.vwat.org\\\/wp-content\\\/uploads\\\/2022\\\/06\\\/VWAT-e1655759543180.png\",\"contentUrl\":\"https:\\\/\\\/www.vwat.org\\\/wp-content\\\/uploads\\\/2022\\\/06\\\/VWAT-e1655759543180.png\",\"width\":150,\"height\":150,\"caption\":\"VWAT Family Services\"},\"image\":{\"@id\":\"https:\\\/\\\/www.vwat.org\\\/#\\\/schema\\\/logo\\\/image\\\/\"},\"sameAs\":[\"https:\\\/\\\/www.facebook.com\\\/vietnamese.womensassociationtoronto\",\"https:\\\/\\\/www.youtube.com\\\/channel\\\/UC3IxMLN1zCh0VHv7SvP4_oQ\"]}]}<\/script>\n<!-- \/ Yoast SEO Premium plugin. -->","yoast_head_json":{"title":"Hi\u1ebfu T\u00f4 - VWAT Family Services","robots":{"index":"index","follow":"follow","max-snippet":"max-snippet:-1","max-image-preview":"max-image-preview:large","max-video-preview":"max-video-preview:-1"},"canonical":"https:\/\/www.vwat.org\/hieu-to\/","og_locale":"en_US","og_type":"article","og_title":"Hi\u1ebfu T\u00f4 - VWAT Family Services","og_url":"https:\/\/www.vwat.org\/hieu-to\/","og_site_name":"VWAT Family Services","article_publisher":"https:\/\/www.facebook.com\/vietnamese.womensassociationtoronto","article_modified_time":"2023-12-17T15:49:51+00:00","og_image":[{"url":"https:\/\/www.vwat.org\/wp-content\/uploads\/2022\/07\/Hieu-To-e1658332882520.jpg","type":"","width":"","height":""}],"twitter_card":"summary_large_image","twitter_misc":{"Est. reading time":"2 minutes"},"schema":{"@context":"https:\/\/schema.org","@graph":[{"@type":"WebPage","@id":"https:\/\/www.vwat.org\/hieu-to\/","url":"https:\/\/www.vwat.org\/hieu-to\/","name":"Hi\u1ebfu T\u00f4 - VWAT Family Services","isPartOf":{"@id":"https:\/\/www.vwat.org\/#website"},"primaryImageOfPage":{"@id":"https:\/\/www.vwat.org\/hieu-to\/#primaryimage"},"image":{"@id":"https:\/\/www.vwat.org\/hieu-to\/#primaryimage"},"thumbnailUrl":"https:\/\/www.vwat.org\/wp-content\/uploads\/2022\/07\/Hieu-To-e1658332882520.jpg","datePublished":"2023-10-22T13:41:44+00:00","dateModified":"2023-12-17T15:49:51+00:00","breadcrumb":{"@id":"https:\/\/www.vwat.org\/hieu-to\/#breadcrumb"},"inLanguage":"vi-VI","potentialAction":[{"@type":"ReadAction","target":["https:\/\/www.vwat.org\/hieu-to\/"]}]},{"@type":"ImageObject","inLanguage":"vi-VI","@id":"https:\/\/www.vwat.org\/hieu-to\/#primaryimage","url":"https:\/\/www.vwat.org\/wp-content\/uploads\/2022\/07\/Hieu-To-e1658332882520.jpg","contentUrl":"https:\/\/www.vwat.org\/wp-content\/uploads\/2022\/07\/Hieu-To-e1658332882520.jpg"},{"@type":"BreadcrumbList","@id":"https:\/\/www.vwat.org\/hieu-to\/#breadcrumb","itemListElement":[{"@type":"ListItem","position":1,"name":"Home","item":"https:\/\/www.vwat.org\/vi\/"},{"@type":"ListItem","position":2,"name":"Hieu To"}]},{"@type":"WebSite","@id":"https:\/\/www.vwat.org\/#website","url":"https:\/\/www.vwat.org\/","name":"VWAT Family Services","description":"Empowering Our Community","publisher":{"@id":"https:\/\/www.vwat.org\/#organization"},"potentialAction":[{"@type":"SearchAction","target":{"@type":"EntryPoint","urlTemplate":"https:\/\/www.vwat.org\/?s={search_term_string}"},"query-input":{"@type":"PropertyValueSpecification","valueRequired":true,"valueName":"search_term_string"}}],"inLanguage":"vi-VI"},{"@type":"Organization","@id":"https:\/\/www.vwat.org\/#organization","name":"VWAT Family Services","url":"https:\/\/www.vwat.org\/","logo":{"@type":"ImageObject","inLanguage":"vi-VI","@id":"https:\/\/www.vwat.org\/#\/schema\/logo\/image\/","url":"https:\/\/www.vwat.org\/wp-content\/uploads\/2022\/06\/VWAT-e1655759543180.png","contentUrl":"https:\/\/www.vwat.org\/wp-content\/uploads\/2022\/06\/VWAT-e1655759543180.png","width":150,"height":150,"caption":"VWAT Family Services"},"image":{"@id":"https:\/\/www.vwat.org\/#\/schema\/logo\/image\/"},"sameAs":["https:\/\/www.facebook.com\/vietnamese.womensassociationtoronto","https:\/\/www.youtube.com\/channel\/UC3IxMLN1zCh0VHv7SvP4_oQ"]}]}},"_links":{"self":[{"href":"https:\/\/www.vwat.org\/vi\/wp-json\/wp\/v2\/pages\/12437","targetHints":{"allow":["GET"]}}],"collection":[{"href":"https:\/\/www.vwat.org\/vi\/wp-json\/wp\/v2\/pages"}],"about":[{"href":"https:\/\/www.vwat.org\/vi\/wp-json\/wp\/v2\/types\/page"}],"author":[{"embeddable":true,"href":"https:\/\/www.vwat.org\/vi\/wp-json\/wp\/v2\/users\/24"}],"replies":[{"embeddable":true,"href":"https:\/\/www.vwat.org\/vi\/wp-json\/wp\/v2\/comments?post=12437"}],"version-history":[{"count":0,"href":"https:\/\/www.vwat.org\/vi\/wp-json\/wp\/v2\/pages\/12437\/revisions"}],"wp:attachment":[{"href":"https:\/\/www.vwat.org\/vi\/wp-json\/wp\/v2\/media?parent=12437"}],"curies":[{"name":"wp","href":"https:\/\/api.w.org\/{rel}","templated":true}]}}