{"id":12600,"date":"2023-10-30T16:36:25","date_gmt":"2023-10-30T20:36:25","guid":{"rendered":"https:\/\/www.vwat.org\/?page_id=12600"},"modified":"2025-11-20T14:26:50","modified_gmt":"2025-11-20T19:26:50","slug":"thuy-nguyen","status":"publish","type":"page","link":"https:\/\/www.vwat.org\/vi\/thuy-nguyen\/","title":{"rendered":"Th\u1ee7y Nguy\u1ec5n"},"content":{"rendered":"<p><img loading=\"lazy\" decoding=\"async\" loading=\"lazy\" width=\"640\" height=\"642\" src=\"https:\/\/www.vwat.org\/wp-content\/uploads\/2024\/12\/thuy-1021x1024.jpg\" alt=\"\" srcset=\"https:\/\/www.vwat.org\/wp-content\/uploads\/2024\/12\/thuy-1021x1024.jpg 1021w, https:\/\/www.vwat.org\/wp-content\/uploads\/2024\/12\/thuy-300x300.jpg 300w, https:\/\/www.vwat.org\/wp-content\/uploads\/2024\/12\/thuy-150x150.jpg 150w, https:\/\/www.vwat.org\/wp-content\/uploads\/2024\/12\/thuy-768x770.jpg 768w, https:\/\/www.vwat.org\/wp-content\/uploads\/2024\/12\/thuy-1531x1536.jpg 1531w, https:\/\/www.vwat.org\/wp-content\/uploads\/2024\/12\/thuy-80x80.jpg 80w, https:\/\/www.vwat.org\/wp-content\/uploads\/2024\/12\/thuy.jpg 1578w\" sizes=\"auto, (max-width: 640px) 100vw, 640px\" \/>\t\t\t\t\t\t\t\t\t\t\t\t\t<\/p>\n<h2>Th\u1ee7y Nguy\u1ec5n<\/h2>\n<p><strong>Qu\u1ea3n l\u00fd Ch\u01b0\u01a1ng tr\u00ecnh D\u1ecbch v\u1ee5 \u0110\u1ecbnh c\u01b0 v\u00e0 Ch\u01b0\u01a1ng tr\u00ecnh D\u1ecbch v\u1ee5 Vi\u1ec7c l\u00e0m<\/strong><\/p>\n<p>Th\u1ee7y Nguy\u1ec5n: T\u1eadn t\u00ecnh gi\u00fap \u0111\u1ee1 t\u00e2n di d\u00e2n b\u1eb1ng nh\u1eefng tr\u1ea3i nghi\u1ec7m ri\u00eang<\/p>\n<p>Th\u1ee7y Nguy\u1ec5n, Nh\u00e2n vi\u00ean An c\u01b0 \u0111\u00e3 c\u00f3 15 n\u0103m g\u1eafn b\u00f3 v\u1edbi c\u00f4ng vi\u1ec7c gi\u00fap cho Th\u01b0\u1eddng Tr\u00fa Nh\u00e2n \u0111\u1ebfn t\u1eeb c\u00e1c n\u01b0\u1edbc nhanh ch\u00f3ng h\u1ed9i nh\u1eadp v\u00e0 ph\u00e1t tri\u1ec3n \u1edf Canada. Nh\u1eefng ng\u00e0y \u0111\u1ea7u \u0111\u1eb7t ch\u00e2n \u0111\u1ebfn Canada theo di\u1ec7n Skilled Worker \u0111\u00e3 \u0111\u1ec3 l\u1ea1i nh\u1eefng d\u1ea5u \u1ea5n trong cu\u1ed9c \u0111\u1eddi t\u00e2n di d\u00e2n c\u1ee7a Th\u1ee7y, v\u00e0 \u0111\u00e3 gi\u00fap cho Th\u1ee7y th\u1ea5u hi\u1ec3u \u0111\u01b0\u1ee3c nh\u1eefng kh\u00f3 kh\u0103n m\u1ed9t ng\u01b0\u1eddi m\u1edbi \u0111\u1ebfn ph\u1ea3i tr\u1ea3i qua c\u0169ng nh\u01b0 t\u1ea7m quan tr\u1ecdng c\u1ee7a s\u1ef1 t\u01b0\u01a1ng tr\u1ee3 t\u1eeb nh\u1eefng ng\u01b0\u1eddi c\u00f9ng c\u1ea3nh ng\u1ed9.<\/p>\n<p>Ngo\u00e0i nh\u1eefng kinh nghi\u1ec7m c\u00e1 nh\u00e2n Th\u1ee7y d\u00f9ng nh\u01b0 kim ch\u1ec9 nam cho c\u00f4ng vi\u1ec7c c\u1ee7a m\u00ecnh, kh\u1ea3 n\u0103ng n\u00f3i l\u01b0u lo\u00e1t ti\u1ebfng Anh, ti\u1ebfng Vi\u1ec7t, v\u00e0 giao ti\u1ebfp c\u01a1 b\u1ea3n b\u1eb1ng ti\u1ebfng Ph\u00e1p \u0111\u00e3 gi\u00fap cho c\u00f4ng vi\u1ec7c ph\u1ee5c v\u1ee5 c\u1ed9ng \u0111\u1ed3ng c\u1ee7a Th\u1ee7y d\u1ec5 d\u00e0ng v\u00e0 hi\u1ec7u qu\u1ea3.<\/p>\n<p>Qua nhi\u1ec1u n\u0103m, Th\u1ee7y \u0111\u00e3 ph\u1ed1i h\u1ee3p \u0111\u01b0\u1ee3c v\u1edbi nhi\u1ec1u t\u1ed5 ch\u1ee9c, c\u01a1 quan trong c\u1ed9ng \u0111\u1ed3ng v\u00e0 c\u00e1c c\u01a1 quan c\u1ee7a ch\u00ednh ph\u1ee7\u00a0\u0111\u1ec3 \u0111\u01b0a d\u1ecbch v\u1ee5 c\u1ee7a HPN \u0111\u1ebfn cho t\u00e2n di d\u00e2n \u1edf Toronto v\u00e0 GTA n\u00e0y.<\/p>\n<p>Ng\u00e0y ng\u00e0y, tr\u00ean con \u0111\u01b0\u1eddng\u00a0mang \u0111\u1ebfn ni\u1ec1m vui cho nh\u1eefng ng\u01b0\u1eddi m\u1edbi nh\u1eadp c\u01b0, Th\u1ee7y lu\u00f4n cho th\u1ea5y s\u1ee9c m\u1ea1nh v\u00e0 gi\u00e1 tr\u1ecb c\u1ee7a s\u1ef1 t\u01b0\u01a1ng h\u1ed7, s\u1ef1 \u0111\u1ed3ng c\u1ea3m d\u00f9 l\u00e0 \u0111\u1ed1i v\u1edbi ng\u01b0\u1eddi Vi\u1ec7t hay v\u1edbi c\u00f4ng d\u00e2n \u0111\u1ebfn t\u1eeb b\u1ea5t c\u1ee9 n\u01b0\u1edbc n\u00e0o, c\u0169ng nh\u01b0 t\u1ea7m quan tr\u1ecdng c\u1ee7a vi\u1ec7c x\u00e2y d\u1ef1ng m\u1ed9t c\u1ed9ng \u0111\u1ed3ng trong \u0111\u00f3 c\u00e1c th\u00e0nh vi\u00ean t\u01b0\u01a1ng tr\u1ee3 l\u1eabn nhau \u0111\u1ec3 c\u00f9ng nhau l\u1edbn m\u1ea1nh.<\/p>\n","protected":false},"excerpt":{"rendered":"<p>Th\u1ee7y Nguy\u1ec5n Qu\u1ea3n l\u00fd Ch\u01b0\u01a1ng tr\u00ecnh D\u1ecbch v\u1ee5 \u0110\u1ecbnh c\u01b0 v\u00e0 Ch\u01b0\u01a1ng tr\u00ecnh D\u1ecbch v\u1ee5 Vi\u1ec7c l\u00e0m Th\u1ee7y Nguy\u1ec5n: T\u1eadn [&hellip;]<\/p>\n","protected":false},"author":24,"featured_media":0,"parent":0,"menu_order":0,"comment_status":"closed","ping_status":"closed","template":"","meta":{"nf_dc_page":"","content-type":"","footnotes":""},"class_list":["post-12600","page","type-page","status-publish","hentry"],"translation":{"provider":"WPGlobus","version":"3.0.2","language":"vi","enabled_languages":["ca","vi","it","es","pt"],"languages":{"ca":{"title":true,"content":true,"excerpt":false},"vi":{"title":true,"content":true,"excerpt":false},"it":{"title":false,"content":false,"excerpt":false},"es":{"title":false,"content":false,"excerpt":false},"pt":{"title":false,"content":false,"excerpt":false}}},"yoast_head":"<!-- This site is optimized with the Yoast SEO Premium plugin v27.2 (Yoast SEO v27.4) - https:\/\/yoast.com\/product\/yoast-seo-premium-wordpress\/ -->\n<title>Th\u1ee7y Nguy\u1ec5n - VWAT Family Services<\/title>\n<meta name=\"robots\" content=\"index, follow, max-snippet:-1, max-image-preview:large, max-video-preview:-1\" \/>\n<link rel=\"canonical\" href=\"https:\/\/www.vwat.org\/thuy-nguyen\/\" \/>\n<meta property=\"og:locale\" content=\"en_US\" \/>\n<meta property=\"og:type\" content=\"article\" \/>\n<meta property=\"og:title\" content=\"Th\u1ee7y Nguy\u1ec5n - VWAT Family Services\" \/>\n<meta property=\"og:url\" content=\"https:\/\/www.vwat.org\/thuy-nguyen\/\" \/>\n<meta property=\"og:site_name\" content=\"VWAT Family Services\" \/>\n<meta property=\"article:publisher\" content=\"https:\/\/www.facebook.com\/vietnamese.womensassociationtoronto\" \/>\n<meta property=\"article:modified_time\" content=\"2025-11-20T19:26:50+00:00\" \/>\n<meta property=\"og:image\" content=\"https:\/\/www.vwat.org\/wp-content\/uploads\/2023\/08\/thuy-1024x1024.jpg\" \/>\n<meta name=\"twitter:card\" content=\"summary_large_image\" \/>\n<meta name=\"twitter:label1\" content=\"Est. reading time\" \/>\n\t<meta name=\"twitter:data1\" content=\"2 minutes\" \/>\n<script type=\"application\/ld+json\" class=\"yoast-schema-graph\">{\"@context\":\"https:\\\/\\\/schema.org\",\"@graph\":[{\"@type\":\"WebPage\",\"@id\":\"https:\\\/\\\/www.vwat.org\\\/thuy-nguyen\\\/\",\"url\":\"https:\\\/\\\/www.vwat.org\\\/thuy-nguyen\\\/\",\"name\":\"Th\u1ee7y Nguy\u1ec5n - VWAT Family Services\",\"isPartOf\":{\"@id\":\"https:\\\/\\\/www.vwat.org\\\/#website\"},\"primaryImageOfPage\":{\"@id\":\"https:\\\/\\\/www.vwat.org\\\/thuy-nguyen\\\/#primaryimage\"},\"image\":{\"@id\":\"https:\\\/\\\/www.vwat.org\\\/thuy-nguyen\\\/#primaryimage\"},\"thumbnailUrl\":\"https:\\\/\\\/www.vwat.org\\\/wp-content\\\/uploads\\\/2024\\\/12\\\/thuy-1021x1024.jpg\",\"datePublished\":\"2023-10-30T20:36:25+00:00\",\"dateModified\":\"2025-11-20T19:26:50+00:00\",\"breadcrumb\":{\"@id\":\"https:\\\/\\\/www.vwat.org\\\/thuy-nguyen\\\/#breadcrumb\"},\"inLanguage\":\"vi-VI\",\"potentialAction\":[{\"@type\":\"ReadAction\",\"target\":[\"https:\\\/\\\/www.vwat.org\\\/thuy-nguyen\\\/\"]}]},{\"@type\":\"ImageObject\",\"inLanguage\":\"vi-VI\",\"@id\":\"https:\\\/\\\/www.vwat.org\\\/thuy-nguyen\\\/#primaryimage\",\"url\":\"https:\\\/\\\/www.vwat.org\\\/wp-content\\\/uploads\\\/2024\\\/12\\\/thuy-1021x1024.jpg\",\"contentUrl\":\"https:\\\/\\\/www.vwat.org\\\/wp-content\\\/uploads\\\/2024\\\/12\\\/thuy-1021x1024.jpg\"},{\"@type\":\"BreadcrumbList\",\"@id\":\"https:\\\/\\\/www.vwat.org\\\/thuy-nguyen\\\/#breadcrumb\",\"itemListElement\":[{\"@type\":\"ListItem\",\"position\":1,\"name\":\"Home\",\"item\":\"https:\\\/\\\/www.vwat.org\\\/vi\\\/\"},{\"@type\":\"ListItem\",\"position\":2,\"name\":\"Thuy Nguyen\"}]},{\"@type\":\"WebSite\",\"@id\":\"https:\\\/\\\/www.vwat.org\\\/#website\",\"url\":\"https:\\\/\\\/www.vwat.org\\\/\",\"name\":\"VWAT Family Services\",\"description\":\"Empowering Our Community\",\"publisher\":{\"@id\":\"https:\\\/\\\/www.vwat.org\\\/#organization\"},\"potentialAction\":[{\"@type\":\"SearchAction\",\"target\":{\"@type\":\"EntryPoint\",\"urlTemplate\":\"https:\\\/\\\/www.vwat.org\\\/?s={search_term_string}\"},\"query-input\":{\"@type\":\"PropertyValueSpecification\",\"valueRequired\":true,\"valueName\":\"search_term_string\"}}],\"inLanguage\":\"vi-VI\"},{\"@type\":\"Organization\",\"@id\":\"https:\\\/\\\/www.vwat.org\\\/#organization\",\"name\":\"VWAT Family Services\",\"url\":\"https:\\\/\\\/www.vwat.org\\\/\",\"logo\":{\"@type\":\"ImageObject\",\"inLanguage\":\"vi-VI\",\"@id\":\"https:\\\/\\\/www.vwat.org\\\/#\\\/schema\\\/logo\\\/image\\\/\",\"url\":\"https:\\\/\\\/www.vwat.org\\\/wp-content\\\/uploads\\\/2022\\\/06\\\/VWAT-e1655759543180.png\",\"contentUrl\":\"https:\\\/\\\/www.vwat.org\\\/wp-content\\\/uploads\\\/2022\\\/06\\\/VWAT-e1655759543180.png\",\"width\":150,\"height\":150,\"caption\":\"VWAT Family Services\"},\"image\":{\"@id\":\"https:\\\/\\\/www.vwat.org\\\/#\\\/schema\\\/logo\\\/image\\\/\"},\"sameAs\":[\"https:\\\/\\\/www.facebook.com\\\/vietnamese.womensassociationtoronto\",\"https:\\\/\\\/www.youtube.com\\\/channel\\\/UC3IxMLN1zCh0VHv7SvP4_oQ\"]}]}<\/script>\n<!-- \/ Yoast SEO Premium plugin. -->","yoast_head_json":{"title":"Th\u1ee7y Nguy\u1ec5n - VWAT Family Services","robots":{"index":"index","follow":"follow","max-snippet":"max-snippet:-1","max-image-preview":"max-image-preview:large","max-video-preview":"max-video-preview:-1"},"canonical":"https:\/\/www.vwat.org\/thuy-nguyen\/","og_locale":"en_US","og_type":"article","og_title":"Th\u1ee7y Nguy\u1ec5n - VWAT Family Services","og_url":"https:\/\/www.vwat.org\/thuy-nguyen\/","og_site_name":"VWAT Family Services","article_publisher":"https:\/\/www.facebook.com\/vietnamese.womensassociationtoronto","article_modified_time":"2025-11-20T19:26:50+00:00","og_image":[{"url":"https:\/\/www.vwat.org\/wp-content\/uploads\/2023\/08\/thuy-1024x1024.jpg","type":"","width":"","height":""}],"twitter_card":"summary_large_image","twitter_misc":{"Est. reading time":"2 minutes"},"schema":{"@context":"https:\/\/schema.org","@graph":[{"@type":"WebPage","@id":"https:\/\/www.vwat.org\/thuy-nguyen\/","url":"https:\/\/www.vwat.org\/thuy-nguyen\/","name":"Th\u1ee7y Nguy\u1ec5n - VWAT Family Services","isPartOf":{"@id":"https:\/\/www.vwat.org\/#website"},"primaryImageOfPage":{"@id":"https:\/\/www.vwat.org\/thuy-nguyen\/#primaryimage"},"image":{"@id":"https:\/\/www.vwat.org\/thuy-nguyen\/#primaryimage"},"thumbnailUrl":"https:\/\/www.vwat.org\/wp-content\/uploads\/2024\/12\/thuy-1021x1024.jpg","datePublished":"2023-10-30T20:36:25+00:00","dateModified":"2025-11-20T19:26:50+00:00","breadcrumb":{"@id":"https:\/\/www.vwat.org\/thuy-nguyen\/#breadcrumb"},"inLanguage":"vi-VI","potentialAction":[{"@type":"ReadAction","target":["https:\/\/www.vwat.org\/thuy-nguyen\/"]}]},{"@type":"ImageObject","inLanguage":"vi-VI","@id":"https:\/\/www.vwat.org\/thuy-nguyen\/#primaryimage","url":"https:\/\/www.vwat.org\/wp-content\/uploads\/2024\/12\/thuy-1021x1024.jpg","contentUrl":"https:\/\/www.vwat.org\/wp-content\/uploads\/2024\/12\/thuy-1021x1024.jpg"},{"@type":"BreadcrumbList","@id":"https:\/\/www.vwat.org\/thuy-nguyen\/#breadcrumb","itemListElement":[{"@type":"ListItem","position":1,"name":"Home","item":"https:\/\/www.vwat.org\/vi\/"},{"@type":"ListItem","position":2,"name":"Thuy Nguyen"}]},{"@type":"WebSite","@id":"https:\/\/www.vwat.org\/#website","url":"https:\/\/www.vwat.org\/","name":"VWAT Family Services","description":"Empowering Our Community","publisher":{"@id":"https:\/\/www.vwat.org\/#organization"},"potentialAction":[{"@type":"SearchAction","target":{"@type":"EntryPoint","urlTemplate":"https:\/\/www.vwat.org\/?s={search_term_string}"},"query-input":{"@type":"PropertyValueSpecification","valueRequired":true,"valueName":"search_term_string"}}],"inLanguage":"vi-VI"},{"@type":"Organization","@id":"https:\/\/www.vwat.org\/#organization","name":"VWAT Family Services","url":"https:\/\/www.vwat.org\/","logo":{"@type":"ImageObject","inLanguage":"vi-VI","@id":"https:\/\/www.vwat.org\/#\/schema\/logo\/image\/","url":"https:\/\/www.vwat.org\/wp-content\/uploads\/2022\/06\/VWAT-e1655759543180.png","contentUrl":"https:\/\/www.vwat.org\/wp-content\/uploads\/2022\/06\/VWAT-e1655759543180.png","width":150,"height":150,"caption":"VWAT Family Services"},"image":{"@id":"https:\/\/www.vwat.org\/#\/schema\/logo\/image\/"},"sameAs":["https:\/\/www.facebook.com\/vietnamese.womensassociationtoronto","https:\/\/www.youtube.com\/channel\/UC3IxMLN1zCh0VHv7SvP4_oQ"]}]}},"_links":{"self":[{"href":"https:\/\/www.vwat.org\/vi\/wp-json\/wp\/v2\/pages\/12600","targetHints":{"allow":["GET"]}}],"collection":[{"href":"https:\/\/www.vwat.org\/vi\/wp-json\/wp\/v2\/pages"}],"about":[{"href":"https:\/\/www.vwat.org\/vi\/wp-json\/wp\/v2\/types\/page"}],"author":[{"embeddable":true,"href":"https:\/\/www.vwat.org\/vi\/wp-json\/wp\/v2\/users\/24"}],"replies":[{"embeddable":true,"href":"https:\/\/www.vwat.org\/vi\/wp-json\/wp\/v2\/comments?post=12600"}],"version-history":[{"count":3,"href":"https:\/\/www.vwat.org\/vi\/wp-json\/wp\/v2\/pages\/12600\/revisions"}],"predecessor-version":[{"id":17788,"href":"https:\/\/www.vwat.org\/vi\/wp-json\/wp\/v2\/pages\/12600\/revisions\/17788"}],"wp:attachment":[{"href":"https:\/\/www.vwat.org\/vi\/wp-json\/wp\/v2\/media?parent=12600"}],"curies":[{"name":"wp","href":"https:\/\/api.w.org\/{rel}","templated":true}]}}