{"id":12761,"date":"2023-11-23T15:55:21","date_gmt":"2023-11-23T20:55:21","guid":{"rendered":"https:\/\/www.vwat.org\/?page_id=12761"},"modified":"2023-12-11T12:53:49","modified_gmt":"2023-12-11T17:53:49","slug":"thu-le","status":"publish","type":"page","link":"https:\/\/www.vwat.org\/vi\/thu-le\/","title":{"rendered":"Thu L\u00ea"},"content":{"rendered":"<p><img loading=\"lazy\" decoding=\"async\" width=\"640\" height=\"640\" src=\"https:\/\/www.vwat.org\/wp-content\/uploads\/2022\/05\/Pic-of-Thu-1-e1702071742292-1024x1024.jpg\" alt=\"\" loading=\"lazy\" srcset=\"https:\/\/www.vwat.org\/wp-content\/uploads\/2022\/05\/Pic-of-Thu-1-e1702071742292-1024x1024.jpg 1024w, https:\/\/www.vwat.org\/wp-content\/uploads\/2022\/05\/Pic-of-Thu-1-e1702071742292-300x300.jpg 300w, https:\/\/www.vwat.org\/wp-content\/uploads\/2022\/05\/Pic-of-Thu-1-e1702071742292-150x150.jpg 150w, https:\/\/www.vwat.org\/wp-content\/uploads\/2022\/05\/Pic-of-Thu-1-e1702071742292-768x768.jpg 768w, https:\/\/www.vwat.org\/wp-content\/uploads\/2022\/05\/Pic-of-Thu-1-e1702071742292-80x80.jpg 80w, https:\/\/www.vwat.org\/wp-content\/uploads\/2022\/05\/Pic-of-Thu-1-e1702071742292-600x600.jpg 600w, https:\/\/www.vwat.org\/wp-content\/uploads\/2022\/05\/Pic-of-Thu-1-e1702071742292.jpg 1248w\" sizes=\"auto, (max-width: 640px) 100vw, 640px\" \/>\t\t\t\t\t\t\t\t\t\t\t\t\t\t\t<\/p>\n<h2>Thu L\u00ea<\/h2>\n<p><strong>Ph\u1ed1i tr\u00ed vi\u00ean Ch\u01b0\u01a1ng tr\u00ecnh Cao ni\u00ean<\/strong><\/p>\n<p style=\"text-align:justify\">C\u00f4 Thu L\u00ea l\u00e0 Ph\u1ed1i tr\u00ed vi\u00ean<br \/>\nCh\u01b0\u01a1ng tr\u00ecnh Cao ni\u00ean \u0111\u00e3 l\u00e0m vi\u1ec7c t\u1eadn t\u1ee5y \u1edf H\u1ed9i Ph\u1ee5 N\u1eef Vi\u1ec7t Nam Toronto su\u1ed1t m\u01b0\u1eddi<br \/>\nn\u0103m qua. Trong m\u1eaft m\u1ecdi ng\u01b0\u1eddi, ngay t\u1eeb bu\u1ed5i \u0111\u1ea7u l\u00e0m vi\u1ec7c cho H\u1ed9i, c\u00f4 lu\u00f4n l\u00e0 m\u1ed9t<br \/>\nnh\u00e2n vi\u00ean c\u00f3 tr\u00e1ch nhi\u1ec7m, \u0111am m\u00ea c\u00f4ng vi\u1ec7c v\u00e0 th\u1eadt s\u1ef1 th\u1ea5u hi\u1ec3u nhu c\u1ea7u c\u1ee7a c\u00e1c<br \/>\nb\u1eadc cao ni\u00ean.<o:p><\/o:p><\/p>\n<p style=\"text-align:justify\">Qu\u00e3ng th\u1eddi gian hai m\u01b0\u01a1i n\u0103m<br \/>\nl\u00e0m gi\u00e1o vi\u00ean ti\u1ec3u h\u1ecdc \u1edf Vi\u1ec7t Nam \u0111\u00e3 m\u00e0i gi\u0169a nhi\u1ec1u ph\u1ea9m ch\u1ea5t v\u00e0 k\u1ef9 n\u0103ng qu\u00fd<br \/>\nb\u00e1u \u2013 gi\u00fap Thu l\u00e0m t\u1ed1t vai tr\u00f2 m\u1edbi \u1edf m\u1ed9t \u0111\u1ea5t n\u01b0\u1edbc m\u1edbi. C\u00f4 ch\u00ednh l\u00e0 linh h\u1ed3n c\u1ee7a<br \/>\nCh\u01b0\u01a1ng tr\u00ecnh Cao ni\u00ean \u1edf H\u1ed9i Ph\u1ee5 N\u1eef. V\u1edbi s\u1ef1 kh\u00e9o l\u00e9o, b\u1ea3n t\u00ednh th\u00e1o v\u00e1t, l\u00f2ng<br \/>\nnh\u00e2n h\u1eadu v\u00e0 ki\u00ean nh\u1eabn v\u00f4 bi\u00ean c\u1ee7a m\u00ecnh, Thu lu\u00f4n c\u1ed1 g\u1eafng t\u1ed5 ch\u1ee9c th\u1eadt nhi\u1ec1u ho\u1ea1t<br \/>\n\u0111\u1ed9ng \u0111\u1ea7y \u00fd ngh\u0129a nh\u1eb1m gi\u00fap c\u00e1c c\u00f4 ch\u00fa cao ni\u00ean s\u1ed1ng vui s\u1ed1ng kh\u1ecfe.<o:p><\/o:p><\/p>\n<p style=\"text-align:justify\">Thu nh\u00ecn th\u1ea5y \u0111\u01b0\u1ee3c n\u1ed7i lo c\u01a1m<br \/>\n\u00e1o c\u1ee7a cao ni\u00ean n\u00ean lu\u00f4n t\u00ecm c\u00e1ch gi\u00fap \u0111\u1eddi s\u1ed1ng c\u1ee7a h\u1ecd b\u1edbt nh\u1ecdc nh\u1eb1n. C\u00f4 gi\u00fap<br \/>\nc\u00e1c c\u00f4 ch\u00fa \u0111i\u1ec1n \u0111\u01a1n xin nh\u00e0 tr\u1ee3 c\u1ea5p c\u1ee7a ch\u00ednh ph\u1ee7, \u0111\u01a1n xin ti\u1ec1n gi\u00e0 (OAS), ti\u1ec1n<br \/>\nc\u1ea5p b\u00f9 b\u1ea3o \u0111\u1ea3m thu nh\u1eadp (GIS), ti\u1ec1n h\u01b0u b\u1ed5ng Canada (CPP), xin gi\u1ea3m ti\u1ec1n \u0111i\u1ec7n,<br \/>\ngi\u1ea3m thu\u1ebf, v.v\u2026Thu l\u00e0 ch\u1ed7 d\u1ef1a g\u1ea7n g\u0169i th\u00e2n th\u01b0\u01a1ng c\u1ee7a r\u1ea5t nhi\u1ec1u cao ni\u00ean trong<br \/>\nc\u1ed9ng \u0111\u1ed3ng.<o:p><\/o:p><\/p>\n<p style=\"text-align:justify\">Ngo\u00e0i vai tr\u00f2 Ph\u1ed1i tr\u00ed vi\u00ean<br \/>\nCh\u01b0\u01a1ng tr\u00ecnh cao ni\u00ean, Thu c\u00f2n l\u00e0 ng\u01b0\u1eddi \u0111\u1ea7u ti\u00ean m\u00e0 kh\u00e1ch h\u00e0ng g\u1ecdi \u0111i\u1ec7n tho\u1ea1i \u0111\u1ebfn<br \/>\nhay gh\u00e9 qua v\u0103n ph\u00f2ng H\u1ed9i Ph\u1ee5 N\u1eef \u0111\u01b0\u1ee3c ti\u1ebfp chuy\u1ec7n. C\u00f4 l\u1eafng nghe v\u00e0 ghi l\u1ea1i<br \/>\nth\u00f4ng tin v\u1ec1 nhu c\u1ea7u c\u1ee7a t\u1eebng ng\u01b0\u1eddi \u0111\u1ec3 gi\u00fap h\u1ecd nh\u1eadn \u0111\u01b0\u1ee3c s\u1ef1 h\u1ed7 tr\u1ee3 ph\u00f9 h\u1ee3p. \u0110\u1ed1i<br \/>\nv\u1edbi nh\u1eefng kh\u00e1ch h\u00e0ng c\u1ea7n t\u00ecm vi\u1ec7c l\u00e0m, Thu gi\u1edbi thi\u1ec7u cho h\u1ecd c\u00f4ng vi\u1ec7c \u1edf c\u00e1c<br \/>\nh\u00e3ng x\u01b0\u1edfng, \u0111\u1ed3ng th\u1eddi gi\u00fap nh\u1eefng kh\u00e1ch h\u00e0ng n\u00e0y hi\u1ec3u r\u00f5 h\u01a1n v\u1ec1 th\u1ecb tr\u01b0\u1eddng lao \u0111\u1ed9ng<br \/>\n\u1edf Canada.<o:p><\/o:p><\/p>\n<p style=\"text-align:justify\">\n<p style=\"text-align:justify\">Thu l\u00e0m vi\u1ec7c kh\u00f4ng ch\u1ec9 v\u00ec<br \/>\nngh\u0129a v\u1ee5 m\u00e0 c\u00f2n v\u00ec th\u00f4i th\u00fac c\u1ee7a tr\u00e1i tim. C\u00f4 kh\u00e1t khao c\u1ed1ng hi\u1ebfn v\u00e0 lu\u00f4n n\u1ed7 l\u1ef1c<br \/>\nx\u00e2y d\u1ef1ng n\u00ean m\u1ed9t c\u1ed9ng \u0111\u1ed3ng ng\u00e0y c\u00e0ng v\u1eefng m\u1ea1nh.<o:p><\/o:p><\/p>\n","protected":false},"excerpt":{"rendered":"<p>Thu L\u00ea Ph\u1ed1i tr\u00ed vi\u00ean Ch\u01b0\u01a1ng tr\u00ecnh Cao ni\u00ean C\u00f4 Thu L\u00ea l\u00e0 Ph\u1ed1i tr\u00ed vi\u00ean Ch\u01b0\u01a1ng tr\u00ecnh Cao ni\u00ean [&hellip;]<\/p>\n","protected":false},"author":24,"featured_media":0,"parent":0,"menu_order":0,"comment_status":"closed","ping_status":"closed","template":"","meta":{"nf_dc_page":"","content-type":"","footnotes":""},"class_list":["post-12761","page","type-page","status-publish","hentry"],"translation":{"provider":"WPGlobus","version":"3.0.2","language":"vi","enabled_languages":["ca","vi","it","es","pt"],"languages":{"ca":{"title":true,"content":true,"excerpt":false},"vi":{"title":true,"content":true,"excerpt":false},"it":{"title":false,"content":false,"excerpt":false},"es":{"title":false,"content":false,"excerpt":false},"pt":{"title":false,"content":false,"excerpt":false}}},"yoast_head":"<!-- This site is optimized with the Yoast SEO Premium plugin v27.2 (Yoast SEO v27.4) - https:\/\/yoast.com\/product\/yoast-seo-premium-wordpress\/ -->\n<title>Thu L\u00ea - VWAT Family Services<\/title>\n<meta name=\"robots\" content=\"index, follow, max-snippet:-1, max-image-preview:large, max-video-preview:-1\" \/>\n<link rel=\"canonical\" href=\"https:\/\/www.vwat.org\/thu-le\/\" \/>\n<meta property=\"og:locale\" content=\"en_US\" \/>\n<meta property=\"og:type\" content=\"article\" \/>\n<meta property=\"og:title\" content=\"Thu L\u00ea - VWAT Family Services\" \/>\n<meta property=\"og:url\" content=\"https:\/\/www.vwat.org\/thu-le\/\" \/>\n<meta property=\"og:site_name\" content=\"VWAT Family Services\" \/>\n<meta property=\"article:publisher\" content=\"https:\/\/www.facebook.com\/vietnamese.womensassociationtoronto\" \/>\n<meta property=\"article:modified_time\" content=\"2023-12-11T17:53:49+00:00\" \/>\n<meta property=\"og:image\" content=\"https:\/\/www.vwat.org\/wp-content\/uploads\/2022\/05\/Pic-of-Thu-1-e1702071742292-1024x1024.jpg\" \/>\n<meta name=\"twitter:card\" content=\"summary_large_image\" \/>\n<meta name=\"twitter:label1\" content=\"Est. reading time\" \/>\n\t<meta name=\"twitter:data1\" content=\"2 minutes\" \/>\n<script type=\"application\/ld+json\" class=\"yoast-schema-graph\">{\"@context\":\"https:\\\/\\\/schema.org\",\"@graph\":[{\"@type\":\"WebPage\",\"@id\":\"https:\\\/\\\/www.vwat.org\\\/thu-le\\\/\",\"url\":\"https:\\\/\\\/www.vwat.org\\\/thu-le\\\/\",\"name\":\"Thu L\u00ea - VWAT Family Services\",\"isPartOf\":{\"@id\":\"https:\\\/\\\/www.vwat.org\\\/#website\"},\"primaryImageOfPage\":{\"@id\":\"https:\\\/\\\/www.vwat.org\\\/thu-le\\\/#primaryimage\"},\"image\":{\"@id\":\"https:\\\/\\\/www.vwat.org\\\/thu-le\\\/#primaryimage\"},\"thumbnailUrl\":\"https:\\\/\\\/www.vwat.org\\\/wp-content\\\/uploads\\\/2022\\\/05\\\/Pic-of-Thu-1-e1702071742292-1024x1024.jpg\",\"datePublished\":\"2023-11-23T20:55:21+00:00\",\"dateModified\":\"2023-12-11T17:53:49+00:00\",\"breadcrumb\":{\"@id\":\"https:\\\/\\\/www.vwat.org\\\/thu-le\\\/#breadcrumb\"},\"inLanguage\":\"vi-VI\",\"potentialAction\":[{\"@type\":\"ReadAction\",\"target\":[\"https:\\\/\\\/www.vwat.org\\\/thu-le\\\/\"]}]},{\"@type\":\"ImageObject\",\"inLanguage\":\"vi-VI\",\"@id\":\"https:\\\/\\\/www.vwat.org\\\/thu-le\\\/#primaryimage\",\"url\":\"https:\\\/\\\/www.vwat.org\\\/wp-content\\\/uploads\\\/2022\\\/05\\\/Pic-of-Thu-1-e1702071742292-1024x1024.jpg\",\"contentUrl\":\"https:\\\/\\\/www.vwat.org\\\/wp-content\\\/uploads\\\/2022\\\/05\\\/Pic-of-Thu-1-e1702071742292-1024x1024.jpg\"},{\"@type\":\"BreadcrumbList\",\"@id\":\"https:\\\/\\\/www.vwat.org\\\/thu-le\\\/#breadcrumb\",\"itemListElement\":[{\"@type\":\"ListItem\",\"position\":1,\"name\":\"Home\",\"item\":\"https:\\\/\\\/www.vwat.org\\\/vi\\\/\"},{\"@type\":\"ListItem\",\"position\":2,\"name\":\"Thu Le\"}]},{\"@type\":\"WebSite\",\"@id\":\"https:\\\/\\\/www.vwat.org\\\/#website\",\"url\":\"https:\\\/\\\/www.vwat.org\\\/\",\"name\":\"VWAT Family Services\",\"description\":\"Empowering Our Community\",\"publisher\":{\"@id\":\"https:\\\/\\\/www.vwat.org\\\/#organization\"},\"potentialAction\":[{\"@type\":\"SearchAction\",\"target\":{\"@type\":\"EntryPoint\",\"urlTemplate\":\"https:\\\/\\\/www.vwat.org\\\/?s={search_term_string}\"},\"query-input\":{\"@type\":\"PropertyValueSpecification\",\"valueRequired\":true,\"valueName\":\"search_term_string\"}}],\"inLanguage\":\"vi-VI\"},{\"@type\":\"Organization\",\"@id\":\"https:\\\/\\\/www.vwat.org\\\/#organization\",\"name\":\"VWAT Family Services\",\"url\":\"https:\\\/\\\/www.vwat.org\\\/\",\"logo\":{\"@type\":\"ImageObject\",\"inLanguage\":\"vi-VI\",\"@id\":\"https:\\\/\\\/www.vwat.org\\\/#\\\/schema\\\/logo\\\/image\\\/\",\"url\":\"https:\\\/\\\/www.vwat.org\\\/wp-content\\\/uploads\\\/2022\\\/06\\\/VWAT-e1655759543180.png\",\"contentUrl\":\"https:\\\/\\\/www.vwat.org\\\/wp-content\\\/uploads\\\/2022\\\/06\\\/VWAT-e1655759543180.png\",\"width\":150,\"height\":150,\"caption\":\"VWAT Family Services\"},\"image\":{\"@id\":\"https:\\\/\\\/www.vwat.org\\\/#\\\/schema\\\/logo\\\/image\\\/\"},\"sameAs\":[\"https:\\\/\\\/www.facebook.com\\\/vietnamese.womensassociationtoronto\",\"https:\\\/\\\/www.youtube.com\\\/channel\\\/UC3IxMLN1zCh0VHv7SvP4_oQ\"]}]}<\/script>\n<!-- \/ Yoast SEO Premium plugin. -->","yoast_head_json":{"title":"Thu L\u00ea - VWAT Family Services","robots":{"index":"index","follow":"follow","max-snippet":"max-snippet:-1","max-image-preview":"max-image-preview:large","max-video-preview":"max-video-preview:-1"},"canonical":"https:\/\/www.vwat.org\/thu-le\/","og_locale":"en_US","og_type":"article","og_title":"Thu L\u00ea - VWAT Family Services","og_url":"https:\/\/www.vwat.org\/thu-le\/","og_site_name":"VWAT Family Services","article_publisher":"https:\/\/www.facebook.com\/vietnamese.womensassociationtoronto","article_modified_time":"2023-12-11T17:53:49+00:00","og_image":[{"url":"https:\/\/www.vwat.org\/wp-content\/uploads\/2022\/05\/Pic-of-Thu-1-e1702071742292-1024x1024.jpg","type":"","width":"","height":""}],"twitter_card":"summary_large_image","twitter_misc":{"Est. reading time":"2 minutes"},"schema":{"@context":"https:\/\/schema.org","@graph":[{"@type":"WebPage","@id":"https:\/\/www.vwat.org\/thu-le\/","url":"https:\/\/www.vwat.org\/thu-le\/","name":"Thu L\u00ea - VWAT Family Services","isPartOf":{"@id":"https:\/\/www.vwat.org\/#website"},"primaryImageOfPage":{"@id":"https:\/\/www.vwat.org\/thu-le\/#primaryimage"},"image":{"@id":"https:\/\/www.vwat.org\/thu-le\/#primaryimage"},"thumbnailUrl":"https:\/\/www.vwat.org\/wp-content\/uploads\/2022\/05\/Pic-of-Thu-1-e1702071742292-1024x1024.jpg","datePublished":"2023-11-23T20:55:21+00:00","dateModified":"2023-12-11T17:53:49+00:00","breadcrumb":{"@id":"https:\/\/www.vwat.org\/thu-le\/#breadcrumb"},"inLanguage":"vi-VI","potentialAction":[{"@type":"ReadAction","target":["https:\/\/www.vwat.org\/thu-le\/"]}]},{"@type":"ImageObject","inLanguage":"vi-VI","@id":"https:\/\/www.vwat.org\/thu-le\/#primaryimage","url":"https:\/\/www.vwat.org\/wp-content\/uploads\/2022\/05\/Pic-of-Thu-1-e1702071742292-1024x1024.jpg","contentUrl":"https:\/\/www.vwat.org\/wp-content\/uploads\/2022\/05\/Pic-of-Thu-1-e1702071742292-1024x1024.jpg"},{"@type":"BreadcrumbList","@id":"https:\/\/www.vwat.org\/thu-le\/#breadcrumb","itemListElement":[{"@type":"ListItem","position":1,"name":"Home","item":"https:\/\/www.vwat.org\/vi\/"},{"@type":"ListItem","position":2,"name":"Thu Le"}]},{"@type":"WebSite","@id":"https:\/\/www.vwat.org\/#website","url":"https:\/\/www.vwat.org\/","name":"VWAT Family Services","description":"Empowering Our Community","publisher":{"@id":"https:\/\/www.vwat.org\/#organization"},"potentialAction":[{"@type":"SearchAction","target":{"@type":"EntryPoint","urlTemplate":"https:\/\/www.vwat.org\/?s={search_term_string}"},"query-input":{"@type":"PropertyValueSpecification","valueRequired":true,"valueName":"search_term_string"}}],"inLanguage":"vi-VI"},{"@type":"Organization","@id":"https:\/\/www.vwat.org\/#organization","name":"VWAT Family Services","url":"https:\/\/www.vwat.org\/","logo":{"@type":"ImageObject","inLanguage":"vi-VI","@id":"https:\/\/www.vwat.org\/#\/schema\/logo\/image\/","url":"https:\/\/www.vwat.org\/wp-content\/uploads\/2022\/06\/VWAT-e1655759543180.png","contentUrl":"https:\/\/www.vwat.org\/wp-content\/uploads\/2022\/06\/VWAT-e1655759543180.png","width":150,"height":150,"caption":"VWAT Family Services"},"image":{"@id":"https:\/\/www.vwat.org\/#\/schema\/logo\/image\/"},"sameAs":["https:\/\/www.facebook.com\/vietnamese.womensassociationtoronto","https:\/\/www.youtube.com\/channel\/UC3IxMLN1zCh0VHv7SvP4_oQ"]}]}},"_links":{"self":[{"href":"https:\/\/www.vwat.org\/vi\/wp-json\/wp\/v2\/pages\/12761","targetHints":{"allow":["GET"]}}],"collection":[{"href":"https:\/\/www.vwat.org\/vi\/wp-json\/wp\/v2\/pages"}],"about":[{"href":"https:\/\/www.vwat.org\/vi\/wp-json\/wp\/v2\/types\/page"}],"author":[{"embeddable":true,"href":"https:\/\/www.vwat.org\/vi\/wp-json\/wp\/v2\/users\/24"}],"replies":[{"embeddable":true,"href":"https:\/\/www.vwat.org\/vi\/wp-json\/wp\/v2\/comments?post=12761"}],"version-history":[{"count":0,"href":"https:\/\/www.vwat.org\/vi\/wp-json\/wp\/v2\/pages\/12761\/revisions"}],"wp:attachment":[{"href":"https:\/\/www.vwat.org\/vi\/wp-json\/wp\/v2\/media?parent=12761"}],"curies":[{"name":"wp","href":"https:\/\/api.w.org\/{rel}","templated":true}]}}