{"id":12833,"date":"2023-12-06T14:50:46","date_gmt":"2023-12-06T19:50:46","guid":{"rendered":"https:\/\/www.vwat.org\/?page_id=12833"},"modified":"2023-12-17T10:45:07","modified_gmt":"2023-12-17T15:45:07","slug":"nhut-suong-cu","status":"publish","type":"page","link":"https:\/\/www.vwat.org\/vi\/nhut-suong-cu\/","title":{"rendered":"C\u00f9 Nh\u1ef1t S\u01b0\u01a1ng"},"content":{"rendered":"<p><img loading=\"lazy\" decoding=\"async\" width=\"640\" height=\"854\" src=\"https:\/\/www.vwat.org\/wp-content\/uploads\/2023\/12\/SUONG-CU-PROFILE-855x1024-1.jpg\" alt=\"\" loading=\"lazy\" srcset=\"https:\/\/www.vwat.org\/wp-content\/uploads\/2023\/12\/SUONG-CU-PROFILE-855x1024-1.jpg 726w, https:\/\/www.vwat.org\/wp-content\/uploads\/2023\/12\/SUONG-CU-PROFILE-855x1024-1-225x300.jpg 225w, https:\/\/www.vwat.org\/wp-content\/uploads\/2023\/12\/SUONG-CU-PROFILE-855x1024-1-450x600.jpg 450w\" sizes=\"auto, (max-width: 640px) 100vw, 640px\" \/>\t\t\t\t\t\t\t\t\t\t\t\t\t\t\t<\/p>\n<h2>C\u00f9 Nh\u1ef1t S\u01b0\u01a1ng<\/h2>\n<p><strong>C\u1ed1 v\u1ea5n v\u1ec1 Vi\u1ec7c l\u00e0m<\/strong><\/p>\n<p>C\u00f4 C\u00f9 Nh\u1ef1t S\u01b0\u01a1ng sang Canada \u0111\u1ecbnh c\u01b0 v\u00e0o n\u0103m 2019 theo ch\u01b0\u01a1ng tr\u00ecnh Federal Skilled Worker. Hai n\u0103m sau \u0111\u00f3, c\u00f4 b\u1eaft \u0111\u1ea7u l\u00e0m C\u1ed1 v\u1ea5n vi\u1ec7c l\u00e0m \u1edf H\u1ed9i Ph\u1ee5 N\u1eef. C\u00f4 c\u00f3 b\u1eb1ng C\u1eed nh\u00e2n \u0110\u1ea1i h\u1ecdc S\u01b0 Ph\u1ea1m v\u00e0 b\u1eb1ng Th\u1ea1c s\u0129 \u0110\u1ea1i h\u1ecdc Khoa h\u1ecdc X\u00e3 h\u1ed9i v\u00e0 Nh\u00e2n v\u0103n chuy\u00ean ng\u00e0nh <em>Ph\u01b0\u01a1ng ph\u00e1p gi\u1ea3ng d\u1ea1y ti\u1ebfng Anh<\/em> (TESOL) c\u1ee7a tr\u01b0\u1eddng \u0110\u1ea1i h\u1ecdc Qu\u1ed1c gia Vi\u1ec7t Nam.<\/p>\n<p>Nh\u1ef1t S\u01b0\u01a1ng c\u00f3 g\u1ea7n 10 n\u0103m kinh nghi\u1ec7m l\u00e0m gi\u1ea3ng vi\u00ean \u0111\u1ea1i h\u1ecdc khi c\u00f2n \u1edf Vi\u1ec7t Nam. C\u00f4 gi\u1ea3ng d\u1ea1y c\u00e1c m\u00f4n <i>Ti\u1ebfng Anh H\u1ecdc thu\u1eadt<\/i>, <i>Ti\u1ebfng Anh Chuy\u00ean ng\u00e0nh<\/i>, <i>L\u00fd thuy\u1ebft v\u00e0 Th\u1ef1c h\u00e0nh Bi\u00ean d\u1ecbch v\u00e0 Phi\u00ean d\u1ecbch<\/i> cho sinh vi\u00ean theo h\u1ecdc ng\u00e0nh Ti\u1ebfng Anh Th\u01b0\u01a1ng m\u1ea1i.<\/p>\n<p>\u1ede H\u1ed9i Ph\u1ee5 N\u1eef, Nh\u1ef1t S\u01b0\u01a1ng h\u1ed7 tr\u1ee3 kh\u00e1ch h\u00e0ng m\u1edbi \u0111\u1ebfn Canada t\u00ecm ki\u1ebfm vi\u1ec7c l\u00e0m ph\u00f9 h\u1ee3p. C\u00f4 l\u00e0m t\u1ed1t vai tr\u00f2 C\u1ed1 v\u1ea5n v\u1ec1 Vi\u1ec7c l\u00e0m c\u1ee7a m\u00ecnh nh\u1edd ki\u1ebfn th\u1ee9c chuy\u00ean m\u00f4n v\u1eefng v\u00e0ng, kh\u1ea3 n\u0103ng ng\u00f4n ng\u1eef, c\u0169ng nh\u01b0 s\u1ef1 \u0111\u1ed3ng c\u1ea3m v\u00e0 th\u1ea5u hi\u1ec3u mu\u00f4n v\u00e0n kh\u00f3 kh\u0103n m\u00e0 ng\u01b0\u1eddi m\u1edbi nh\u1eadp c\u01b0 g\u1eb7p ph\u1ea3i. T\u1eeb g\u00f3c nh\u00ecn c\u1ee7a ng\u01b0\u1eddi trong cu\u1ed9c, c\u00f4 cho kh\u00e1ch h\u00e0ng nh\u1eefng l\u1eddi khuy\u00ean v\u00f4 c\u00f9ng thi\u1ebft th\u1ef1c, ti\u1ebfp th\u00eam s\u1ee9c m\u1ea1nh v\u00e0 ngh\u1ecb l\u1ef1c cho h\u1ecd trong h\u00e0nh tr\u00ecnh t\u00ecm vi\u1ec7c.<\/p>\n<p>B\u00ean c\u1ea1nh c\u00f4ng vi\u1ec7c \u1edf H\u1ed9i Ph\u1ee5 N\u1eef, Nh\u1ef1t S\u01b0\u01a1ng c\u00f2n l\u00e0m th\u00f4ng d\u1ecbch qua \u0111i\u1ec7n tho\u1ea1i (freelance over-the-phone interpreter). Ngo\u00e0i ra, c\u00f4 c\u0169ng l\u00e0 m\u1ed9t Hu\u1ea5n luy\u1ec7n vi\u00ean An to\u00e0n Th\u1ef1c ph\u1ea9m c\u00f3 ch\u1ee9ng nh\u1eadn (certified Food Safety Trainer) \u0111\u01b0\u1ee3c c\u00f4ng ty TrainCan Inc. c\u1ea5p ph\u00e9p \u0111\u1ec3 m\u1edf l\u1edbp d\u1ea1y v\u00e0 t\u1ed5 ch\u1ee9c thi l\u1ea5y Ch\u1ee9ng ch\u1ec9 cho nh\u1eefng ng\u01b0\u1eddi l\u00e0m vi\u1ec7c v\u1edbi th\u1ef1c ph\u1ea9m (Food Handlers&#8217; Certificate). C\u00e1c kh\u00f3a h\u1ecdc v\u00e0 ch\u1ee9ng ch\u1ec9 do TrainCan c\u1ea5p \u0111\u01b0\u1ee3c c\u00f4ng nh\u1eadn tr\u00ean to\u00e0n Canada.<\/p>\n<p>V\u1edbi cung c\u00e1ch khi\u00eam nh\u01b0\u1eddng v\u00e0 tinh th\u1ea7n tr\u00e1ch nhi\u1ec7m, Nh\u1ef1t S\u01b0\u01a1ng \u0111\u00e3 b\u1ec1n b\u1ec9 vi\u1ebft n\u00ean r\u1ea5t nhi\u1ec1u c\u00e2u chuy\u1ec7n th\u00e0nh c\u00f4ng, gi\u00fap kh\u00e1ch h\u00e0ng c\u00f3 \u0111\u01b0\u1ee3c c\u00f4ng vi\u1ec7c m\u00e0 h\u1ecd y\u00eau th\u00edch t\u1ea1i Canada. C\u00f4 l\u00e0 ng\u01b0\u1eddi C\u1ed1 v\u1ea5n Vi\u1ec7c l\u00e0m m\u00e0 b\u1ea1n mu\u1ed1n c\u00f9ng \u0111\u1ed3ng h\u00e0nh trong h\u00e0nh tr\u00ecnh t\u00ecm vi\u1ec7c &#8211; m\u1ed9t ng\u01b0\u1eddi s\u00e2u s\u1eafc, kh\u00f4ng ph\u00e1n x\u00e9t, lu\u00f4n \u00e2n c\u1ea7n \u0111\u1ed9ng vi\u00ean v\u00e0 t\u1eadn t\u00e2m gi\u00fap kh\u00e1ch h\u00e0ng \u0111\u1ea1t \u0111\u01b0\u1ee3c c\u00e1c m\u1ee5c ti\u00eau v\u1ec1 vi\u1ec7c l\u00e0m v\u00e0 s\u1edbm \u1ed5n \u0111\u1ecbnh cu\u1ed9c s\u1ed1ng.<\/p>\n","protected":false},"excerpt":{"rendered":"<p>C\u00f9 Nh\u1ef1t S\u01b0\u01a1ng C\u1ed1 v\u1ea5n v\u1ec1 Vi\u1ec7c l\u00e0m C\u00f4 C\u00f9 Nh\u1ef1t S\u01b0\u01a1ng sang Canada \u0111\u1ecbnh c\u01b0 v\u00e0o n\u0103m 2019 theo [&hellip;]<\/p>\n","protected":false},"author":24,"featured_media":0,"parent":0,"menu_order":0,"comment_status":"closed","ping_status":"closed","template":"","meta":{"nf_dc_page":"","content-type":"","footnotes":""},"class_list":["post-12833","page","type-page","status-publish","hentry"],"translation":{"provider":"WPGlobus","version":"3.0.2","language":"vi","enabled_languages":["ca","vi","it","es","pt"],"languages":{"ca":{"title":true,"content":true,"excerpt":false},"vi":{"title":true,"content":true,"excerpt":false},"it":{"title":false,"content":false,"excerpt":false},"es":{"title":false,"content":false,"excerpt":false},"pt":{"title":false,"content":false,"excerpt":false}}},"yoast_head":"<!-- This site is optimized with the Yoast SEO Premium plugin v27.2 (Yoast SEO v27.4) - https:\/\/yoast.com\/product\/yoast-seo-premium-wordpress\/ -->\n<title>C\u00f9 Nh\u1ef1t S\u01b0\u01a1ng - VWAT Family Services<\/title>\n<meta name=\"robots\" content=\"index, follow, max-snippet:-1, max-image-preview:large, max-video-preview:-1\" \/>\n<link rel=\"canonical\" href=\"https:\/\/www.vwat.org\/nhut-suong-cu\/\" \/>\n<meta property=\"og:locale\" content=\"en_US\" \/>\n<meta property=\"og:type\" content=\"article\" \/>\n<meta property=\"og:title\" content=\"C\u00f9 Nh\u1ef1t S\u01b0\u01a1ng - VWAT Family Services\" \/>\n<meta property=\"og:url\" content=\"https:\/\/www.vwat.org\/nhut-suong-cu\/\" \/>\n<meta property=\"og:site_name\" content=\"VWAT Family Services\" \/>\n<meta property=\"article:publisher\" content=\"https:\/\/www.facebook.com\/vietnamese.womensassociationtoronto\" \/>\n<meta property=\"article:modified_time\" content=\"2023-12-17T15:45:07+00:00\" \/>\n<meta property=\"og:image\" content=\"https:\/\/www.vwat.org\/wp-content\/uploads\/2023\/12\/SUONG-CU-PROFILE-855x1024-1.jpg\" \/>\n<meta name=\"twitter:card\" content=\"summary_large_image\" \/>\n<meta name=\"twitter:label1\" content=\"Est. reading time\" \/>\n\t<meta name=\"twitter:data1\" content=\"2 minutes\" \/>\n<script type=\"application\/ld+json\" class=\"yoast-schema-graph\">{\"@context\":\"https:\\\/\\\/schema.org\",\"@graph\":[{\"@type\":\"WebPage\",\"@id\":\"https:\\\/\\\/www.vwat.org\\\/nhut-suong-cu\\\/\",\"url\":\"https:\\\/\\\/www.vwat.org\\\/nhut-suong-cu\\\/\",\"name\":\"C\u00f9 Nh\u1ef1t S\u01b0\u01a1ng - VWAT Family Services\",\"isPartOf\":{\"@id\":\"https:\\\/\\\/www.vwat.org\\\/#website\"},\"primaryImageOfPage\":{\"@id\":\"https:\\\/\\\/www.vwat.org\\\/nhut-suong-cu\\\/#primaryimage\"},\"image\":{\"@id\":\"https:\\\/\\\/www.vwat.org\\\/nhut-suong-cu\\\/#primaryimage\"},\"thumbnailUrl\":\"https:\\\/\\\/www.vwat.org\\\/wp-content\\\/uploads\\\/2023\\\/12\\\/SUONG-CU-PROFILE-855x1024-1.jpg\",\"datePublished\":\"2023-12-06T19:50:46+00:00\",\"dateModified\":\"2023-12-17T15:45:07+00:00\",\"breadcrumb\":{\"@id\":\"https:\\\/\\\/www.vwat.org\\\/nhut-suong-cu\\\/#breadcrumb\"},\"inLanguage\":\"vi-VI\",\"potentialAction\":[{\"@type\":\"ReadAction\",\"target\":[\"https:\\\/\\\/www.vwat.org\\\/nhut-suong-cu\\\/\"]}]},{\"@type\":\"ImageObject\",\"inLanguage\":\"vi-VI\",\"@id\":\"https:\\\/\\\/www.vwat.org\\\/nhut-suong-cu\\\/#primaryimage\",\"url\":\"https:\\\/\\\/www.vwat.org\\\/wp-content\\\/uploads\\\/2023\\\/12\\\/SUONG-CU-PROFILE-855x1024-1.jpg\",\"contentUrl\":\"https:\\\/\\\/www.vwat.org\\\/wp-content\\\/uploads\\\/2023\\\/12\\\/SUONG-CU-PROFILE-855x1024-1.jpg\"},{\"@type\":\"BreadcrumbList\",\"@id\":\"https:\\\/\\\/www.vwat.org\\\/nhut-suong-cu\\\/#breadcrumb\",\"itemListElement\":[{\"@type\":\"ListItem\",\"position\":1,\"name\":\"Home\",\"item\":\"https:\\\/\\\/www.vwat.org\\\/vi\\\/\"},{\"@type\":\"ListItem\",\"position\":2,\"name\":\"Jessie Nhut-Suong Cu\"}]},{\"@type\":\"WebSite\",\"@id\":\"https:\\\/\\\/www.vwat.org\\\/#website\",\"url\":\"https:\\\/\\\/www.vwat.org\\\/\",\"name\":\"VWAT Family Services\",\"description\":\"Empowering Our Community\",\"publisher\":{\"@id\":\"https:\\\/\\\/www.vwat.org\\\/#organization\"},\"potentialAction\":[{\"@type\":\"SearchAction\",\"target\":{\"@type\":\"EntryPoint\",\"urlTemplate\":\"https:\\\/\\\/www.vwat.org\\\/?s={search_term_string}\"},\"query-input\":{\"@type\":\"PropertyValueSpecification\",\"valueRequired\":true,\"valueName\":\"search_term_string\"}}],\"inLanguage\":\"vi-VI\"},{\"@type\":\"Organization\",\"@id\":\"https:\\\/\\\/www.vwat.org\\\/#organization\",\"name\":\"VWAT Family Services\",\"url\":\"https:\\\/\\\/www.vwat.org\\\/\",\"logo\":{\"@type\":\"ImageObject\",\"inLanguage\":\"vi-VI\",\"@id\":\"https:\\\/\\\/www.vwat.org\\\/#\\\/schema\\\/logo\\\/image\\\/\",\"url\":\"https:\\\/\\\/www.vwat.org\\\/wp-content\\\/uploads\\\/2022\\\/06\\\/VWAT-e1655759543180.png\",\"contentUrl\":\"https:\\\/\\\/www.vwat.org\\\/wp-content\\\/uploads\\\/2022\\\/06\\\/VWAT-e1655759543180.png\",\"width\":150,\"height\":150,\"caption\":\"VWAT Family Services\"},\"image\":{\"@id\":\"https:\\\/\\\/www.vwat.org\\\/#\\\/schema\\\/logo\\\/image\\\/\"},\"sameAs\":[\"https:\\\/\\\/www.facebook.com\\\/vietnamese.womensassociationtoronto\",\"https:\\\/\\\/www.youtube.com\\\/channel\\\/UC3IxMLN1zCh0VHv7SvP4_oQ\"]}]}<\/script>\n<!-- \/ Yoast SEO Premium plugin. -->","yoast_head_json":{"title":"C\u00f9 Nh\u1ef1t S\u01b0\u01a1ng - VWAT Family Services","robots":{"index":"index","follow":"follow","max-snippet":"max-snippet:-1","max-image-preview":"max-image-preview:large","max-video-preview":"max-video-preview:-1"},"canonical":"https:\/\/www.vwat.org\/nhut-suong-cu\/","og_locale":"en_US","og_type":"article","og_title":"C\u00f9 Nh\u1ef1t S\u01b0\u01a1ng - VWAT Family Services","og_url":"https:\/\/www.vwat.org\/nhut-suong-cu\/","og_site_name":"VWAT Family Services","article_publisher":"https:\/\/www.facebook.com\/vietnamese.womensassociationtoronto","article_modified_time":"2023-12-17T15:45:07+00:00","og_image":[{"url":"https:\/\/www.vwat.org\/wp-content\/uploads\/2023\/12\/SUONG-CU-PROFILE-855x1024-1.jpg","type":"","width":"","height":""}],"twitter_card":"summary_large_image","twitter_misc":{"Est. reading time":"2 minutes"},"schema":{"@context":"https:\/\/schema.org","@graph":[{"@type":"WebPage","@id":"https:\/\/www.vwat.org\/nhut-suong-cu\/","url":"https:\/\/www.vwat.org\/nhut-suong-cu\/","name":"C\u00f9 Nh\u1ef1t S\u01b0\u01a1ng - VWAT Family Services","isPartOf":{"@id":"https:\/\/www.vwat.org\/#website"},"primaryImageOfPage":{"@id":"https:\/\/www.vwat.org\/nhut-suong-cu\/#primaryimage"},"image":{"@id":"https:\/\/www.vwat.org\/nhut-suong-cu\/#primaryimage"},"thumbnailUrl":"https:\/\/www.vwat.org\/wp-content\/uploads\/2023\/12\/SUONG-CU-PROFILE-855x1024-1.jpg","datePublished":"2023-12-06T19:50:46+00:00","dateModified":"2023-12-17T15:45:07+00:00","breadcrumb":{"@id":"https:\/\/www.vwat.org\/nhut-suong-cu\/#breadcrumb"},"inLanguage":"vi-VI","potentialAction":[{"@type":"ReadAction","target":["https:\/\/www.vwat.org\/nhut-suong-cu\/"]}]},{"@type":"ImageObject","inLanguage":"vi-VI","@id":"https:\/\/www.vwat.org\/nhut-suong-cu\/#primaryimage","url":"https:\/\/www.vwat.org\/wp-content\/uploads\/2023\/12\/SUONG-CU-PROFILE-855x1024-1.jpg","contentUrl":"https:\/\/www.vwat.org\/wp-content\/uploads\/2023\/12\/SUONG-CU-PROFILE-855x1024-1.jpg"},{"@type":"BreadcrumbList","@id":"https:\/\/www.vwat.org\/nhut-suong-cu\/#breadcrumb","itemListElement":[{"@type":"ListItem","position":1,"name":"Home","item":"https:\/\/www.vwat.org\/vi\/"},{"@type":"ListItem","position":2,"name":"Jessie Nhut-Suong Cu"}]},{"@type":"WebSite","@id":"https:\/\/www.vwat.org\/#website","url":"https:\/\/www.vwat.org\/","name":"VWAT Family Services","description":"Empowering Our Community","publisher":{"@id":"https:\/\/www.vwat.org\/#organization"},"potentialAction":[{"@type":"SearchAction","target":{"@type":"EntryPoint","urlTemplate":"https:\/\/www.vwat.org\/?s={search_term_string}"},"query-input":{"@type":"PropertyValueSpecification","valueRequired":true,"valueName":"search_term_string"}}],"inLanguage":"vi-VI"},{"@type":"Organization","@id":"https:\/\/www.vwat.org\/#organization","name":"VWAT Family Services","url":"https:\/\/www.vwat.org\/","logo":{"@type":"ImageObject","inLanguage":"vi-VI","@id":"https:\/\/www.vwat.org\/#\/schema\/logo\/image\/","url":"https:\/\/www.vwat.org\/wp-content\/uploads\/2022\/06\/VWAT-e1655759543180.png","contentUrl":"https:\/\/www.vwat.org\/wp-content\/uploads\/2022\/06\/VWAT-e1655759543180.png","width":150,"height":150,"caption":"VWAT Family Services"},"image":{"@id":"https:\/\/www.vwat.org\/#\/schema\/logo\/image\/"},"sameAs":["https:\/\/www.facebook.com\/vietnamese.womensassociationtoronto","https:\/\/www.youtube.com\/channel\/UC3IxMLN1zCh0VHv7SvP4_oQ"]}]}},"_links":{"self":[{"href":"https:\/\/www.vwat.org\/vi\/wp-json\/wp\/v2\/pages\/12833","targetHints":{"allow":["GET"]}}],"collection":[{"href":"https:\/\/www.vwat.org\/vi\/wp-json\/wp\/v2\/pages"}],"about":[{"href":"https:\/\/www.vwat.org\/vi\/wp-json\/wp\/v2\/types\/page"}],"author":[{"embeddable":true,"href":"https:\/\/www.vwat.org\/vi\/wp-json\/wp\/v2\/users\/24"}],"replies":[{"embeddable":true,"href":"https:\/\/www.vwat.org\/vi\/wp-json\/wp\/v2\/comments?post=12833"}],"version-history":[{"count":0,"href":"https:\/\/www.vwat.org\/vi\/wp-json\/wp\/v2\/pages\/12833\/revisions"}],"wp:attachment":[{"href":"https:\/\/www.vwat.org\/vi\/wp-json\/wp\/v2\/media?parent=12833"}],"curies":[{"name":"wp","href":"https:\/\/api.w.org\/{rel}","templated":true}]}}