{"id":12854,"date":"2023-12-06T15:10:02","date_gmt":"2023-12-06T20:10:02","guid":{"rendered":"https:\/\/www.vwat.org\/?page_id=12854"},"modified":"2023-12-17T10:55:45","modified_gmt":"2023-12-17T15:55:45","slug":"chieu-nguyen","status":"publish","type":"page","link":"https:\/\/www.vwat.org\/vi\/chieu-nguyen\/","title":{"rendered":"Nguy\u1ec5n Chi\u1ec3u"},"content":{"rendered":"<p><img loading=\"lazy\" decoding=\"async\" width=\"358\" height=\"361\" src=\"https:\/\/www.vwat.org\/wp-content\/uploads\/2022\/05\/Pic-of-Chieu-1-e1652795216319.jpg\" alt=\"\" loading=\"lazy\" srcset=\"https:\/\/www.vwat.org\/wp-content\/uploads\/2022\/05\/Pic-of-Chieu-1-e1652795216319.jpg 358w, https:\/\/www.vwat.org\/wp-content\/uploads\/2022\/05\/Pic-of-Chieu-1-e1652795216319-298x300.jpg 298w, https:\/\/www.vwat.org\/wp-content\/uploads\/2022\/05\/Pic-of-Chieu-1-e1652795216319-150x150.jpg 150w, https:\/\/www.vwat.org\/wp-content\/uploads\/2022\/05\/Pic-of-Chieu-1-e1652795216319-80x80.jpg 80w\" sizes=\"auto, (max-width: 358px) 100vw, 358px\" \/>\t\t\t\t\t\t\t\t\t\t\t\t\t\t\t<\/p>\n<h2>Nguy\u1ec5n Chi\u1ec3u<\/h2>\n<p><strong>Ph\u1ed1i tr\u00ed vi\u00ean \u0110\u1ecbnh c\u01b0<\/strong><\/p>\n<p>Chi\u1ec3u Nguy\u1ec5n l\u00e0 m\u1ed9t nh\u00e2n vi\u00ean \u0111\u1ecbnh c\u01b0 c\u00f3 n\u1ec1n t\u1ea3ng h\u1ecdc v\u1ea5n v\u1eefng ch\u1eafc v\u1ec1 k\u1ef9 thu\u1eadt v\u00e0 d\u1ecbch v\u1ee5 x\u00e3 h\u1ed9i, c\u00f9ng v\u1edbi h\u01a1n m\u01b0\u1eddi n\u0103m kinh nghi\u1ec7m th\u1ef1c t\u1ebf.<\/p>\n<p>Chi\u1ec3u c\u00f3 b\u1eb1ng Th\u1ea1c s\u0129 Khoa h\u1ecdc K\u1ef9 thu\u1eadt, th\u1ec3 hi\u1ec7n n\u1ec1n t\u1ea3ng h\u1ecdc v\u1ea5n v\u1eefng ch\u1eafc b\u00ean c\u1ea1nh b\u1eb1ng t\u1ed1t nghi\u1ec7p v\u1ec1 C\u00f4ng t\u00e1c D\u1ecbch v\u1ee5 X\u00e3 h\u1ed9i. S\u1ef1 k\u1ebft h\u1ee3p \u0111\u1ed9c \u0111\u00e1o gi\u1eefa chuy\u00ean m\u00f4n k\u1ef9 thu\u1eadt v\u00e0 c\u00f4ng t\u00e1c x\u00e3 h\u1ed9i n\u00e0y cho ph\u00e9p Chi\u1ec3u h\u1ed7 tr\u1ee3 m\u1ed9t c\u00e1ch to\u00e0n di\u1ec7n cho nh\u1eefng ng\u01b0\u1eddi \u0111ang g\u1eb7p ph\u1ea3i nhi\u1ec1u th\u00e1ch th\u1ee9c kh\u00e1c nhau trong qu\u00e1 tr\u00ecnh \u0111\u1ecbnh c\u01b0.<\/p>\n<p>M\u1ed9t trong nh\u1eefng \u0111\u00f3ng g\u00f3p \u0111\u00e1ng k\u1ec3 c\u1ee7a Chi\u1ec3u l\u00e0 trong l\u0129nh v\u1ef1c luy\u1ec7n thi qu\u1ed1c t\u1ecbch Canada. V\u1edbi kinh nghi\u1ec7m m\u01b0\u1eddi n\u0103m trong l\u0129nh v\u1ef1c n\u00e0y, Chi\u1ec3u \u0111\u00e3 gi\u00fap nhi\u1ec1u c\u00e1 nh\u00e2n gi\u1ea3i quy\u1ebft nh\u1eefng v\u1ea5n \u0111\u1ec1 ph\u1ee9c t\u1ea1p c\u1ee7a k\u1ef3 thi qu\u1ed1c t\u1ecbch, b\u1ea3o \u0111\u1ea3m h\u1ecd \u0111\u01b0\u1ee3c chu\u1ea9n b\u1ecb t\u1ed1t cho c\u1ed9t m\u1ed1c quan tr\u1ecdng n\u00e0y trong h\u00e0nh tr\u00ecnh tr\u1edf th\u00e0nh c\u00f4ng d\u00e2n Canada.<\/p>\n<p>Cam k\u1ebft c\u1ee7a Chi\u1ec3u trong vi\u1ec7c kh\u00f4ng ng\u1eebng h\u1ecdc h\u1ecfi n\u00e2ng cao tr\u00ecnh \u0111\u1ed9 chuy\u00ean m\u00f4n l\u00e0 minh ch\u1ee9ng cho kh\u1ea3 n\u0103ng th\u00edch \u1ee9ng v\u1edbi b\u1ed1i c\u1ea3nh ng\u00e0y c\u00e0ng ph\u00e1t tri\u1ec3n c\u1ee7a c\u00e1c ch\u00ednh s\u00e1ch nh\u1eadp c\u01b0 v\u00e0 d\u1ecbch v\u1ee5 x\u00e3 h\u1ed9i, \u0111\u1ed3ng th\u1eddi b\u1ed9 k\u1ef9 n\u0103ng \u0111a di\u1ec7n c\u1ee7a anh ti\u1ebfp t\u1ee5c l\u00e0 v\u1ed1n qu\u00fd trong c\u00f4ng vi\u1ec7c h\u1ed7 tr\u1ee3 cho nh\u1eefng ng\u01b0\u1eddi m\u1edbi \u0111\u1ebfn.<\/p>\n","protected":false},"excerpt":{"rendered":"<p>Nguy\u1ec5n Chi\u1ec3u Ph\u1ed1i tr\u00ed vi\u00ean \u0110\u1ecbnh c\u01b0 Chi\u1ec3u Nguy\u1ec5n l\u00e0 m\u1ed9t nh\u00e2n vi\u00ean \u0111\u1ecbnh c\u01b0 c\u00f3 n\u1ec1n t\u1ea3ng h\u1ecdc v\u1ea5n [&hellip;]<\/p>\n","protected":false},"author":24,"featured_media":0,"parent":0,"menu_order":0,"comment_status":"closed","ping_status":"closed","template":"","meta":{"nf_dc_page":"","content-type":"","footnotes":""},"class_list":["post-12854","page","type-page","status-publish","hentry"],"translation":{"provider":"WPGlobus","version":"3.0.2","language":"vi","enabled_languages":["ca","vi","it","es","pt"],"languages":{"ca":{"title":true,"content":true,"excerpt":false},"vi":{"title":true,"content":true,"excerpt":false},"it":{"title":false,"content":false,"excerpt":false},"es":{"title":false,"content":false,"excerpt":false},"pt":{"title":false,"content":false,"excerpt":false}}},"yoast_head":"<!-- This site is optimized with the Yoast SEO Premium plugin v27.2 (Yoast SEO v27.4) - https:\/\/yoast.com\/product\/yoast-seo-premium-wordpress\/ -->\n<title>Nguy\u1ec5n Chi\u1ec3u - VWAT Family Services<\/title>\n<meta name=\"robots\" content=\"index, follow, max-snippet:-1, max-image-preview:large, max-video-preview:-1\" \/>\n<link rel=\"canonical\" href=\"https:\/\/www.vwat.org\/chieu-nguyen\/\" \/>\n<meta property=\"og:locale\" content=\"en_US\" \/>\n<meta property=\"og:type\" content=\"article\" \/>\n<meta property=\"og:title\" content=\"Nguy\u1ec5n Chi\u1ec3u - VWAT Family Services\" \/>\n<meta property=\"og:url\" content=\"https:\/\/www.vwat.org\/chieu-nguyen\/\" \/>\n<meta property=\"og:site_name\" content=\"VWAT Family Services\" \/>\n<meta property=\"article:publisher\" content=\"https:\/\/www.facebook.com\/vietnamese.womensassociationtoronto\" \/>\n<meta property=\"article:modified_time\" content=\"2023-12-17T15:55:45+00:00\" \/>\n<meta property=\"og:image\" content=\"https:\/\/www.vwat.org\/wp-content\/uploads\/2022\/05\/Pic-of-Chieu-1-e1652795216319.jpg\" \/>\n<meta name=\"twitter:card\" content=\"summary_large_image\" \/>\n<meta name=\"twitter:label1\" content=\"Est. reading time\" \/>\n\t<meta name=\"twitter:data1\" content=\"2 minutes\" \/>\n<script type=\"application\/ld+json\" class=\"yoast-schema-graph\">{\"@context\":\"https:\\\/\\\/schema.org\",\"@graph\":[{\"@type\":\"WebPage\",\"@id\":\"https:\\\/\\\/www.vwat.org\\\/chieu-nguyen\\\/\",\"url\":\"https:\\\/\\\/www.vwat.org\\\/chieu-nguyen\\\/\",\"name\":\"Nguy\u1ec5n Chi\u1ec3u - VWAT Family Services\",\"isPartOf\":{\"@id\":\"https:\\\/\\\/www.vwat.org\\\/#website\"},\"primaryImageOfPage\":{\"@id\":\"https:\\\/\\\/www.vwat.org\\\/chieu-nguyen\\\/#primaryimage\"},\"image\":{\"@id\":\"https:\\\/\\\/www.vwat.org\\\/chieu-nguyen\\\/#primaryimage\"},\"thumbnailUrl\":\"https:\\\/\\\/www.vwat.org\\\/wp-content\\\/uploads\\\/2022\\\/05\\\/Pic-of-Chieu-1-e1652795216319.jpg\",\"datePublished\":\"2023-12-06T20:10:02+00:00\",\"dateModified\":\"2023-12-17T15:55:45+00:00\",\"breadcrumb\":{\"@id\":\"https:\\\/\\\/www.vwat.org\\\/chieu-nguyen\\\/#breadcrumb\"},\"inLanguage\":\"vi-VI\",\"potentialAction\":[{\"@type\":\"ReadAction\",\"target\":[\"https:\\\/\\\/www.vwat.org\\\/chieu-nguyen\\\/\"]}]},{\"@type\":\"ImageObject\",\"inLanguage\":\"vi-VI\",\"@id\":\"https:\\\/\\\/www.vwat.org\\\/chieu-nguyen\\\/#primaryimage\",\"url\":\"https:\\\/\\\/www.vwat.org\\\/wp-content\\\/uploads\\\/2022\\\/05\\\/Pic-of-Chieu-1-e1652795216319.jpg\",\"contentUrl\":\"https:\\\/\\\/www.vwat.org\\\/wp-content\\\/uploads\\\/2022\\\/05\\\/Pic-of-Chieu-1-e1652795216319.jpg\"},{\"@type\":\"BreadcrumbList\",\"@id\":\"https:\\\/\\\/www.vwat.org\\\/chieu-nguyen\\\/#breadcrumb\",\"itemListElement\":[{\"@type\":\"ListItem\",\"position\":1,\"name\":\"Home\",\"item\":\"https:\\\/\\\/www.vwat.org\\\/vi\\\/\"},{\"@type\":\"ListItem\",\"position\":2,\"name\":\"Chieu Nguyen\"}]},{\"@type\":\"WebSite\",\"@id\":\"https:\\\/\\\/www.vwat.org\\\/#website\",\"url\":\"https:\\\/\\\/www.vwat.org\\\/\",\"name\":\"VWAT Family Services\",\"description\":\"Empowering Our Community\",\"publisher\":{\"@id\":\"https:\\\/\\\/www.vwat.org\\\/#organization\"},\"potentialAction\":[{\"@type\":\"SearchAction\",\"target\":{\"@type\":\"EntryPoint\",\"urlTemplate\":\"https:\\\/\\\/www.vwat.org\\\/?s={search_term_string}\"},\"query-input\":{\"@type\":\"PropertyValueSpecification\",\"valueRequired\":true,\"valueName\":\"search_term_string\"}}],\"inLanguage\":\"vi-VI\"},{\"@type\":\"Organization\",\"@id\":\"https:\\\/\\\/www.vwat.org\\\/#organization\",\"name\":\"VWAT Family Services\",\"url\":\"https:\\\/\\\/www.vwat.org\\\/\",\"logo\":{\"@type\":\"ImageObject\",\"inLanguage\":\"vi-VI\",\"@id\":\"https:\\\/\\\/www.vwat.org\\\/#\\\/schema\\\/logo\\\/image\\\/\",\"url\":\"https:\\\/\\\/www.vwat.org\\\/wp-content\\\/uploads\\\/2022\\\/06\\\/VWAT-e1655759543180.png\",\"contentUrl\":\"https:\\\/\\\/www.vwat.org\\\/wp-content\\\/uploads\\\/2022\\\/06\\\/VWAT-e1655759543180.png\",\"width\":150,\"height\":150,\"caption\":\"VWAT Family Services\"},\"image\":{\"@id\":\"https:\\\/\\\/www.vwat.org\\\/#\\\/schema\\\/logo\\\/image\\\/\"},\"sameAs\":[\"https:\\\/\\\/www.facebook.com\\\/vietnamese.womensassociationtoronto\",\"https:\\\/\\\/www.youtube.com\\\/channel\\\/UC3IxMLN1zCh0VHv7SvP4_oQ\"]}]}<\/script>\n<!-- \/ Yoast SEO Premium plugin. -->","yoast_head_json":{"title":"Nguy\u1ec5n Chi\u1ec3u - VWAT Family Services","robots":{"index":"index","follow":"follow","max-snippet":"max-snippet:-1","max-image-preview":"max-image-preview:large","max-video-preview":"max-video-preview:-1"},"canonical":"https:\/\/www.vwat.org\/chieu-nguyen\/","og_locale":"en_US","og_type":"article","og_title":"Nguy\u1ec5n Chi\u1ec3u - VWAT Family Services","og_url":"https:\/\/www.vwat.org\/chieu-nguyen\/","og_site_name":"VWAT Family Services","article_publisher":"https:\/\/www.facebook.com\/vietnamese.womensassociationtoronto","article_modified_time":"2023-12-17T15:55:45+00:00","og_image":[{"url":"https:\/\/www.vwat.org\/wp-content\/uploads\/2022\/05\/Pic-of-Chieu-1-e1652795216319.jpg","type":"","width":"","height":""}],"twitter_card":"summary_large_image","twitter_misc":{"Est. reading time":"2 minutes"},"schema":{"@context":"https:\/\/schema.org","@graph":[{"@type":"WebPage","@id":"https:\/\/www.vwat.org\/chieu-nguyen\/","url":"https:\/\/www.vwat.org\/chieu-nguyen\/","name":"Nguy\u1ec5n Chi\u1ec3u - VWAT Family Services","isPartOf":{"@id":"https:\/\/www.vwat.org\/#website"},"primaryImageOfPage":{"@id":"https:\/\/www.vwat.org\/chieu-nguyen\/#primaryimage"},"image":{"@id":"https:\/\/www.vwat.org\/chieu-nguyen\/#primaryimage"},"thumbnailUrl":"https:\/\/www.vwat.org\/wp-content\/uploads\/2022\/05\/Pic-of-Chieu-1-e1652795216319.jpg","datePublished":"2023-12-06T20:10:02+00:00","dateModified":"2023-12-17T15:55:45+00:00","breadcrumb":{"@id":"https:\/\/www.vwat.org\/chieu-nguyen\/#breadcrumb"},"inLanguage":"vi-VI","potentialAction":[{"@type":"ReadAction","target":["https:\/\/www.vwat.org\/chieu-nguyen\/"]}]},{"@type":"ImageObject","inLanguage":"vi-VI","@id":"https:\/\/www.vwat.org\/chieu-nguyen\/#primaryimage","url":"https:\/\/www.vwat.org\/wp-content\/uploads\/2022\/05\/Pic-of-Chieu-1-e1652795216319.jpg","contentUrl":"https:\/\/www.vwat.org\/wp-content\/uploads\/2022\/05\/Pic-of-Chieu-1-e1652795216319.jpg"},{"@type":"BreadcrumbList","@id":"https:\/\/www.vwat.org\/chieu-nguyen\/#breadcrumb","itemListElement":[{"@type":"ListItem","position":1,"name":"Home","item":"https:\/\/www.vwat.org\/vi\/"},{"@type":"ListItem","position":2,"name":"Chieu Nguyen"}]},{"@type":"WebSite","@id":"https:\/\/www.vwat.org\/#website","url":"https:\/\/www.vwat.org\/","name":"VWAT Family Services","description":"Empowering Our Community","publisher":{"@id":"https:\/\/www.vwat.org\/#organization"},"potentialAction":[{"@type":"SearchAction","target":{"@type":"EntryPoint","urlTemplate":"https:\/\/www.vwat.org\/?s={search_term_string}"},"query-input":{"@type":"PropertyValueSpecification","valueRequired":true,"valueName":"search_term_string"}}],"inLanguage":"vi-VI"},{"@type":"Organization","@id":"https:\/\/www.vwat.org\/#organization","name":"VWAT Family Services","url":"https:\/\/www.vwat.org\/","logo":{"@type":"ImageObject","inLanguage":"vi-VI","@id":"https:\/\/www.vwat.org\/#\/schema\/logo\/image\/","url":"https:\/\/www.vwat.org\/wp-content\/uploads\/2022\/06\/VWAT-e1655759543180.png","contentUrl":"https:\/\/www.vwat.org\/wp-content\/uploads\/2022\/06\/VWAT-e1655759543180.png","width":150,"height":150,"caption":"VWAT Family Services"},"image":{"@id":"https:\/\/www.vwat.org\/#\/schema\/logo\/image\/"},"sameAs":["https:\/\/www.facebook.com\/vietnamese.womensassociationtoronto","https:\/\/www.youtube.com\/channel\/UC3IxMLN1zCh0VHv7SvP4_oQ"]}]}},"_links":{"self":[{"href":"https:\/\/www.vwat.org\/vi\/wp-json\/wp\/v2\/pages\/12854","targetHints":{"allow":["GET"]}}],"collection":[{"href":"https:\/\/www.vwat.org\/vi\/wp-json\/wp\/v2\/pages"}],"about":[{"href":"https:\/\/www.vwat.org\/vi\/wp-json\/wp\/v2\/types\/page"}],"author":[{"embeddable":true,"href":"https:\/\/www.vwat.org\/vi\/wp-json\/wp\/v2\/users\/24"}],"replies":[{"embeddable":true,"href":"https:\/\/www.vwat.org\/vi\/wp-json\/wp\/v2\/comments?post=12854"}],"version-history":[{"count":0,"href":"https:\/\/www.vwat.org\/vi\/wp-json\/wp\/v2\/pages\/12854\/revisions"}],"wp:attachment":[{"href":"https:\/\/www.vwat.org\/vi\/wp-json\/wp\/v2\/media?parent=12854"}],"curies":[{"name":"wp","href":"https:\/\/api.w.org\/{rel}","templated":true}]}}