{"id":12897,"date":"2023-12-06T15:39:58","date_gmt":"2023-12-06T20:39:58","guid":{"rendered":"https:\/\/www.vwat.org\/?page_id=12897"},"modified":"2023-12-06T15:51:48","modified_gmt":"2023-12-06T20:51:48","slug":"thao-pham","status":"publish","type":"page","link":"https:\/\/www.vwat.org\/vi\/thao-pham\/","title":{"rendered":"Ph\u1ea1m Th\u1ea3o"},"content":{"rendered":"<p><img loading=\"lazy\" decoding=\"async\" width=\"640\" height=\"645\" src=\"https:\/\/www.vwat.org\/wp-content\/uploads\/2022\/05\/Pic-of-Thao-1-e1652795338745-1016x1024.jpg\" alt=\"\" loading=\"lazy\" srcset=\"https:\/\/www.vwat.org\/wp-content\/uploads\/2022\/05\/Pic-of-Thao-1-e1652795338745-1016x1024.jpg 1016w, https:\/\/www.vwat.org\/wp-content\/uploads\/2022\/05\/Pic-of-Thao-1-e1652795338745-298x300.jpg 298w, https:\/\/www.vwat.org\/wp-content\/uploads\/2022\/05\/Pic-of-Thao-1-e1652795338745-150x150.jpg 150w, https:\/\/www.vwat.org\/wp-content\/uploads\/2022\/05\/Pic-of-Thao-1-e1652795338745-768x774.jpg 768w, https:\/\/www.vwat.org\/wp-content\/uploads\/2022\/05\/Pic-of-Thao-1-e1652795338745-80x80.jpg 80w, https:\/\/www.vwat.org\/wp-content\/uploads\/2022\/05\/Pic-of-Thao-1-e1652795338745.jpg 1439w\" sizes=\"auto, (max-width: 640px) 100vw, 640px\" \/>\t\t\t\t\t\t\t\t\t\t\t\t\t\t\t<\/p>\n<h2>Ph\u1ea1m Th\u1ea3o<\/h2>\n<p><strong>C\u1ed1 v\u1ea5n v\u1ec1 Vi\u1ec7c l\u00e0m<\/strong><\/p>\n<p>Th\u1ea3o Ph\u1ea1m b\u1eaft \u0111\u1ea7u c\u00f4ng vi\u1ec7c \u0111\u1ea7u ti\u00ean v\u1edbi t\u01b0 c\u00e1ch l\u00e0 Nh\u00e2n Vi\u00ean T\u01b0 V\u1ea5n \u0110\u1ecbnh C\u01b0 t\u1ea1i VWAT Family Services v\u00e0o n\u0103m 2014. Th\u1ea3o hi\u1ec7n c\u00f3 ch\u1ee9ng ch\u1ec9\u00a0Gi\u1ea3ng d\u1ea1y ti\u1ebfng Anh t\u1ea1i Canada,\u00a0b\u1eb1ng C\u1eed nh\u00e2n Gia\u00f3\u00a0duc\u00a0M\u1ea7m Non (Ng\u00e0nh ph\u1ee5: T\u00e2m l\u00fd h\u1ecdc) v\u00e0 b\u1eb1ng Th\u1ea1c s\u0129 Gi\u1ea3ng d\u1ea1y Ng\u00f4n ng\u1eef Anh. C\u00f4 th\u00f4ng th\u1ea1o c\u1ea3 ti\u1ebfng Anh v\u00e0 ti\u1ebfng Vi\u1ec7t.<\/p>\n<p>V\u1edbi h\u1ecdc v\u1ea5n, kinh nghi\u1ec7m chuy\u00ean m\u00f4n, c\u00f9ng v\u1edbi nh\u1eefng tr\u1ea3i nghi\u1ec7m l\u00e0 m\u1ed9t ng\u01b0\u1eddi nh\u1eadp c\u01b0 t\u1ea1i Canada, Th\u1ea3o lu\u00f4n c\u1ed1 g\u1eafng tr\u1edf th\u00e0nh m\u1ed9t nh\u00e2n vi\u00ean ph\u1ee5c v\u1ee5 c\u1ed9ng\u00a0\u0111\u1ed3ng \u0111\u00e1ng tin c\u1eady, c\u00f3 tr\u00e1ch nhi\u1ec7m, v\u00e0 t\u1eadn t\u00e2m. Th\u1ea3o quan t\u00e2m \u0111\u1ebfn vi\u1ec7c k\u1ebft n\u1ed1i v\u1edbi nh\u1eefng ng\u01b0\u1eddi xung quanh v\u00e0 t\u1ea1o ra t\u00e1c \u0111\u1ed9ng t\u00edch c\u1ef1c cho nh\u1eefng kh\u00e1ch h\u00e0ng \u0111\u1ebfn s\u1eed d\u1ee5ng d\u1ecbch v\u1ee5 c\u1ed9ng \u0111\u1ed3ng t\u1ea1i VWAT. K\u1ec3 t\u1eeb khi \u0111\u1ea3m nh\u1eadn vai tr\u00f2 T\u01b0 v\u1ea5n Vi\u1ec7c l\u00e0m t\u1ea1i VWAT v\u00e0o n\u0103m 2020, Th\u1ea3o \u0111\u00e3 h\u1ed7 tr\u1ee3 vi\u1ec7c l\u00e0m cho h\u00e0ng tr\u0103m ng\u01b0\u1eddi m\u1edbi \u0111\u1ebfn t\u00ecm vi\u1ec7c l\u00e0m. Th\u1ea3o \u0111\u00e1nh gi\u00e1 cao vi\u1ec7c k\u1ebft n\u1ed1i c\u1ed9ng \u0111\u1ed3ng v\u00e0 lu\u00f4n tr\u00e2n\u00a0qu\u00fd c\u01a1 h\u1ed9i c\u00f4\u00a0\u0111\u01b0\u1ee3c l\u00e0m vi\u1ec7c v\u1edbi c\u00e1c kh\u00e1ch h\u00e0ng \u0111\u1ebfn t\u1eeb c\u00e1c qu\u1ed1c gia v\u00e0 n\u1ec1n v\u0103n h\u00f3a kh\u00e1c nhau. C\u00f4 c\u0169ng tin t\u01b0\u1edfng v\u00e0o vi\u1ec7c ph\u00e1t tri\u1ec3n chuy\u00ean m\u00f4n c\u0169ng nh\u01b0 ph\u00e1t tri\u1ec3n b\u1ea3n th\u00e2n, v\u00e0 kh\u00f4ng ng\u1eebng h\u1ecdc h\u1ecfi \u0111\u1ec3 l\u00e0m \u0111\u01b0\u1ee3c \u0111i\u1ec1u \u0111\u00f3.<\/p>\n","protected":false},"excerpt":{"rendered":"<p>Ph\u1ea1m Th\u1ea3o C\u1ed1 v\u1ea5n v\u1ec1 Vi\u1ec7c l\u00e0m Th\u1ea3o Ph\u1ea1m b\u1eaft \u0111\u1ea7u c\u00f4ng vi\u1ec7c \u0111\u1ea7u ti\u00ean v\u1edbi t\u01b0 c\u00e1ch l\u00e0 Nh\u00e2n [&hellip;]<\/p>\n","protected":false},"author":24,"featured_media":0,"parent":0,"menu_order":0,"comment_status":"closed","ping_status":"closed","template":"","meta":{"nf_dc_page":"","content-type":"","footnotes":""},"class_list":["post-12897","page","type-page","status-publish","hentry"],"translation":{"provider":"WPGlobus","version":"3.0.2","language":"vi","enabled_languages":["ca","vi","it","es","pt"],"languages":{"ca":{"title":true,"content":true,"excerpt":false},"vi":{"title":true,"content":true,"excerpt":false},"it":{"title":false,"content":false,"excerpt":false},"es":{"title":false,"content":false,"excerpt":false},"pt":{"title":false,"content":false,"excerpt":false}}},"yoast_head":"<!-- This site is optimized with the Yoast SEO Premium plugin v27.2 (Yoast SEO v27.4) - https:\/\/yoast.com\/product\/yoast-seo-premium-wordpress\/ -->\n<title>Ph\u1ea1m Th\u1ea3o - VWAT Family Services<\/title>\n<meta name=\"robots\" content=\"index, follow, max-snippet:-1, max-image-preview:large, max-video-preview:-1\" \/>\n<link rel=\"canonical\" href=\"https:\/\/www.vwat.org\/thao-pham\/\" \/>\n<meta property=\"og:locale\" content=\"en_US\" \/>\n<meta property=\"og:type\" content=\"article\" \/>\n<meta property=\"og:title\" content=\"Ph\u1ea1m Th\u1ea3o - VWAT Family Services\" \/>\n<meta property=\"og:url\" content=\"https:\/\/www.vwat.org\/thao-pham\/\" \/>\n<meta property=\"og:site_name\" content=\"VWAT Family Services\" \/>\n<meta property=\"article:publisher\" content=\"https:\/\/www.facebook.com\/vietnamese.womensassociationtoronto\" \/>\n<meta property=\"article:modified_time\" content=\"2023-12-06T20:51:48+00:00\" \/>\n<meta property=\"og:image\" content=\"https:\/\/www.vwat.org\/wp-content\/uploads\/2022\/05\/Pic-of-Thao-1-e1652795338745-1016x1024.jpg\" \/>\n<meta name=\"twitter:card\" content=\"summary_large_image\" \/>\n<meta name=\"twitter:label1\" content=\"Est. reading time\" \/>\n\t<meta name=\"twitter:data1\" content=\"2 minutes\" \/>\n<script type=\"application\/ld+json\" class=\"yoast-schema-graph\">{\"@context\":\"https:\\\/\\\/schema.org\",\"@graph\":[{\"@type\":\"WebPage\",\"@id\":\"https:\\\/\\\/www.vwat.org\\\/thao-pham\\\/\",\"url\":\"https:\\\/\\\/www.vwat.org\\\/thao-pham\\\/\",\"name\":\"Ph\u1ea1m Th\u1ea3o - VWAT Family Services\",\"isPartOf\":{\"@id\":\"https:\\\/\\\/www.vwat.org\\\/#website\"},\"primaryImageOfPage\":{\"@id\":\"https:\\\/\\\/www.vwat.org\\\/thao-pham\\\/#primaryimage\"},\"image\":{\"@id\":\"https:\\\/\\\/www.vwat.org\\\/thao-pham\\\/#primaryimage\"},\"thumbnailUrl\":\"https:\\\/\\\/www.vwat.org\\\/wp-content\\\/uploads\\\/2022\\\/05\\\/Pic-of-Thao-1-e1652795338745-1016x1024.jpg\",\"datePublished\":\"2023-12-06T20:39:58+00:00\",\"dateModified\":\"2023-12-06T20:51:48+00:00\",\"breadcrumb\":{\"@id\":\"https:\\\/\\\/www.vwat.org\\\/thao-pham\\\/#breadcrumb\"},\"inLanguage\":\"vi-VI\",\"potentialAction\":[{\"@type\":\"ReadAction\",\"target\":[\"https:\\\/\\\/www.vwat.org\\\/thao-pham\\\/\"]}]},{\"@type\":\"ImageObject\",\"inLanguage\":\"vi-VI\",\"@id\":\"https:\\\/\\\/www.vwat.org\\\/thao-pham\\\/#primaryimage\",\"url\":\"https:\\\/\\\/www.vwat.org\\\/wp-content\\\/uploads\\\/2022\\\/05\\\/Pic-of-Thao-1-e1652795338745-1016x1024.jpg\",\"contentUrl\":\"https:\\\/\\\/www.vwat.org\\\/wp-content\\\/uploads\\\/2022\\\/05\\\/Pic-of-Thao-1-e1652795338745-1016x1024.jpg\"},{\"@type\":\"BreadcrumbList\",\"@id\":\"https:\\\/\\\/www.vwat.org\\\/thao-pham\\\/#breadcrumb\",\"itemListElement\":[{\"@type\":\"ListItem\",\"position\":1,\"name\":\"Home\",\"item\":\"https:\\\/\\\/www.vwat.org\\\/vi\\\/\"},{\"@type\":\"ListItem\",\"position\":2,\"name\":\"Thao Pham\"}]},{\"@type\":\"WebSite\",\"@id\":\"https:\\\/\\\/www.vwat.org\\\/#website\",\"url\":\"https:\\\/\\\/www.vwat.org\\\/\",\"name\":\"VWAT Family Services\",\"description\":\"Empowering Our Community\",\"publisher\":{\"@id\":\"https:\\\/\\\/www.vwat.org\\\/#organization\"},\"potentialAction\":[{\"@type\":\"SearchAction\",\"target\":{\"@type\":\"EntryPoint\",\"urlTemplate\":\"https:\\\/\\\/www.vwat.org\\\/?s={search_term_string}\"},\"query-input\":{\"@type\":\"PropertyValueSpecification\",\"valueRequired\":true,\"valueName\":\"search_term_string\"}}],\"inLanguage\":\"vi-VI\"},{\"@type\":\"Organization\",\"@id\":\"https:\\\/\\\/www.vwat.org\\\/#organization\",\"name\":\"VWAT Family Services\",\"url\":\"https:\\\/\\\/www.vwat.org\\\/\",\"logo\":{\"@type\":\"ImageObject\",\"inLanguage\":\"vi-VI\",\"@id\":\"https:\\\/\\\/www.vwat.org\\\/#\\\/schema\\\/logo\\\/image\\\/\",\"url\":\"https:\\\/\\\/www.vwat.org\\\/wp-content\\\/uploads\\\/2022\\\/06\\\/VWAT-e1655759543180.png\",\"contentUrl\":\"https:\\\/\\\/www.vwat.org\\\/wp-content\\\/uploads\\\/2022\\\/06\\\/VWAT-e1655759543180.png\",\"width\":150,\"height\":150,\"caption\":\"VWAT Family Services\"},\"image\":{\"@id\":\"https:\\\/\\\/www.vwat.org\\\/#\\\/schema\\\/logo\\\/image\\\/\"},\"sameAs\":[\"https:\\\/\\\/www.facebook.com\\\/vietnamese.womensassociationtoronto\",\"https:\\\/\\\/www.youtube.com\\\/channel\\\/UC3IxMLN1zCh0VHv7SvP4_oQ\"]}]}<\/script>\n<!-- \/ Yoast SEO Premium plugin. -->","yoast_head_json":{"title":"Ph\u1ea1m Th\u1ea3o - VWAT Family Services","robots":{"index":"index","follow":"follow","max-snippet":"max-snippet:-1","max-image-preview":"max-image-preview:large","max-video-preview":"max-video-preview:-1"},"canonical":"https:\/\/www.vwat.org\/thao-pham\/","og_locale":"en_US","og_type":"article","og_title":"Ph\u1ea1m Th\u1ea3o - VWAT Family Services","og_url":"https:\/\/www.vwat.org\/thao-pham\/","og_site_name":"VWAT Family Services","article_publisher":"https:\/\/www.facebook.com\/vietnamese.womensassociationtoronto","article_modified_time":"2023-12-06T20:51:48+00:00","og_image":[{"url":"https:\/\/www.vwat.org\/wp-content\/uploads\/2022\/05\/Pic-of-Thao-1-e1652795338745-1016x1024.jpg","type":"","width":"","height":""}],"twitter_card":"summary_large_image","twitter_misc":{"Est. reading time":"2 minutes"},"schema":{"@context":"https:\/\/schema.org","@graph":[{"@type":"WebPage","@id":"https:\/\/www.vwat.org\/thao-pham\/","url":"https:\/\/www.vwat.org\/thao-pham\/","name":"Ph\u1ea1m Th\u1ea3o - VWAT Family Services","isPartOf":{"@id":"https:\/\/www.vwat.org\/#website"},"primaryImageOfPage":{"@id":"https:\/\/www.vwat.org\/thao-pham\/#primaryimage"},"image":{"@id":"https:\/\/www.vwat.org\/thao-pham\/#primaryimage"},"thumbnailUrl":"https:\/\/www.vwat.org\/wp-content\/uploads\/2022\/05\/Pic-of-Thao-1-e1652795338745-1016x1024.jpg","datePublished":"2023-12-06T20:39:58+00:00","dateModified":"2023-12-06T20:51:48+00:00","breadcrumb":{"@id":"https:\/\/www.vwat.org\/thao-pham\/#breadcrumb"},"inLanguage":"vi-VI","potentialAction":[{"@type":"ReadAction","target":["https:\/\/www.vwat.org\/thao-pham\/"]}]},{"@type":"ImageObject","inLanguage":"vi-VI","@id":"https:\/\/www.vwat.org\/thao-pham\/#primaryimage","url":"https:\/\/www.vwat.org\/wp-content\/uploads\/2022\/05\/Pic-of-Thao-1-e1652795338745-1016x1024.jpg","contentUrl":"https:\/\/www.vwat.org\/wp-content\/uploads\/2022\/05\/Pic-of-Thao-1-e1652795338745-1016x1024.jpg"},{"@type":"BreadcrumbList","@id":"https:\/\/www.vwat.org\/thao-pham\/#breadcrumb","itemListElement":[{"@type":"ListItem","position":1,"name":"Home","item":"https:\/\/www.vwat.org\/vi\/"},{"@type":"ListItem","position":2,"name":"Thao Pham"}]},{"@type":"WebSite","@id":"https:\/\/www.vwat.org\/#website","url":"https:\/\/www.vwat.org\/","name":"VWAT Family Services","description":"Empowering Our Community","publisher":{"@id":"https:\/\/www.vwat.org\/#organization"},"potentialAction":[{"@type":"SearchAction","target":{"@type":"EntryPoint","urlTemplate":"https:\/\/www.vwat.org\/?s={search_term_string}"},"query-input":{"@type":"PropertyValueSpecification","valueRequired":true,"valueName":"search_term_string"}}],"inLanguage":"vi-VI"},{"@type":"Organization","@id":"https:\/\/www.vwat.org\/#organization","name":"VWAT Family Services","url":"https:\/\/www.vwat.org\/","logo":{"@type":"ImageObject","inLanguage":"vi-VI","@id":"https:\/\/www.vwat.org\/#\/schema\/logo\/image\/","url":"https:\/\/www.vwat.org\/wp-content\/uploads\/2022\/06\/VWAT-e1655759543180.png","contentUrl":"https:\/\/www.vwat.org\/wp-content\/uploads\/2022\/06\/VWAT-e1655759543180.png","width":150,"height":150,"caption":"VWAT Family Services"},"image":{"@id":"https:\/\/www.vwat.org\/#\/schema\/logo\/image\/"},"sameAs":["https:\/\/www.facebook.com\/vietnamese.womensassociationtoronto","https:\/\/www.youtube.com\/channel\/UC3IxMLN1zCh0VHv7SvP4_oQ"]}]}},"_links":{"self":[{"href":"https:\/\/www.vwat.org\/vi\/wp-json\/wp\/v2\/pages\/12897","targetHints":{"allow":["GET"]}}],"collection":[{"href":"https:\/\/www.vwat.org\/vi\/wp-json\/wp\/v2\/pages"}],"about":[{"href":"https:\/\/www.vwat.org\/vi\/wp-json\/wp\/v2\/types\/page"}],"author":[{"embeddable":true,"href":"https:\/\/www.vwat.org\/vi\/wp-json\/wp\/v2\/users\/24"}],"replies":[{"embeddable":true,"href":"https:\/\/www.vwat.org\/vi\/wp-json\/wp\/v2\/comments?post=12897"}],"version-history":[{"count":0,"href":"https:\/\/www.vwat.org\/vi\/wp-json\/wp\/v2\/pages\/12897\/revisions"}],"wp:attachment":[{"href":"https:\/\/www.vwat.org\/vi\/wp-json\/wp\/v2\/media?parent=12897"}],"curies":[{"name":"wp","href":"https:\/\/api.w.org\/{rel}","templated":true}]}}