{"id":12927,"date":"2023-12-06T15:55:03","date_gmt":"2023-12-06T20:55:03","guid":{"rendered":"https:\/\/www.vwat.org\/?page_id=12927"},"modified":"2024-11-01T12:12:37","modified_gmt":"2024-11-01T16:12:37","slug":"marilyn-tran","status":"publish","type":"page","link":"https:\/\/www.vwat.org\/vi\/marilyn-tran\/","title":{"rendered":"Tr\u1ea7n Mai Linh (Marilyn)"},"content":{"rendered":"<p><img loading=\"lazy\" decoding=\"async\" width=\"640\" height=\"613\" src=\"https:\/\/www.vwat.org\/wp-content\/uploads\/2022\/05\/Pic-of-Marilyn-1-e1693509772114-1024x981.jpg\" alt=\"\" loading=\"lazy\" srcset=\"https:\/\/www.vwat.org\/wp-content\/uploads\/2022\/05\/Pic-of-Marilyn-1-e1693509772114-1024x981.jpg 1024w, https:\/\/www.vwat.org\/wp-content\/uploads\/2022\/05\/Pic-of-Marilyn-1-e1693509772114-300x288.jpg 300w, https:\/\/www.vwat.org\/wp-content\/uploads\/2022\/05\/Pic-of-Marilyn-1-e1693509772114-768x736.jpg 768w, https:\/\/www.vwat.org\/wp-content\/uploads\/2022\/05\/Pic-of-Marilyn-1-e1693509772114-1536x1472.jpg 1536w, https:\/\/www.vwat.org\/wp-content\/uploads\/2022\/05\/Pic-of-Marilyn-1-e1693509772114-600x575.jpg 600w, https:\/\/www.vwat.org\/wp-content\/uploads\/2022\/05\/Pic-of-Marilyn-1-e1693509772114.jpg 1920w\" sizes=\"auto, (max-width: 640px) 100vw, 640px\" \/>\t\t\t\t\t\t\t\t\t\t\t\t\t\t\t<\/p>\n<h2>Tr\u1ea7n Mai Linh (Marilyn)<\/h2>\n<p><strong>Ph\u1ed1i tr\u00ed vi\u00ean Ch\u01b0\u01a1ng tr\u00ecnh Thanh thi\u1ebfu ni\u00ean<\/strong><\/p>\n<p>Kh\u00f4ng ph\u1ea3i v\u00ec sinh ra v\u00e0 l\u1edbn l\u00ean \u1edf Canada m\u00e0 xa r\u1eddi c\u1ed9i ngu\u1ed3n v\u0103n h\u00f3a Vi\u1ec7t, Tr\u1ea7n Mai Linh (Marilyn) l\u00e0m Ph\u1ed1i tr\u00ed vi\u00ean Ch\u01b0\u01a1ng tr\u00ecnh Thanh thi\u1ebfu ni\u00ean \u1edf H\u1ed9i Ph\u1ee5 n\u1eef Vi\u1ec7t Nam Toronto. C\u00f4 may m\u1eafn \u0111\u01b0\u1ee3c \u0111\u1ea1i gia \u0111\u00ecnh khuy\u1ebfn kh\u00edch t\u00ecm \u0111\u1ebfn v\u1edbi c\u1ed9ng \u0111\u1ed3ng qua nh\u1eefng ch\u01b0\u01a1ng tr\u00ecnh v\u00e0 ho\u1ea1t \u0111\u1ed9ng c\u1ee7a ng\u01b0\u1eddi Vi\u1ec7t. Th\u00e0nh qu\u1ea3 c\u1ee7a 12 n\u0103m ch\u0103m ch\u1ec9 \u0111\u1ebfn l\u1edbp Vi\u1ec7t ng\u1eef cu\u1ed1i tu\u1ea7n \u0111\u00e3 gi\u00fap c\u00f4 nghe n\u00f3i \u0111\u1ecdc vi\u1ebft l\u01b0u lo\u00e1t b\u1eb1ng ti\u1ebfng m\u1eb9 \u0111\u1ebb, v\u00e0 ti\u1ebfp x\u00fac v\u1edbi c\u1ed9ng \u0111\u1ed3ng \u0111\u1ed3ng h\u01b0\u01a1ng d\u1ec5 d\u00e0ng h\u01a1n.\u00a0<\/p>\n<p>Mai Linh \u0111\u00e3 c\u00f3 nh\u1eefng c\u1ed1ng hi\u1ebfn cho c\u1ed9ng \u0111\u1ed3ng ngay t\u1eeb th\u1eddi h\u1ecdc trung h\u1ecdc. C\u00f4 tham gia thi\u1ec7n nguy\u1ec7n \u1edf Th\u01b0 vi\u1ec7n C\u00f4ng c\u1ed9ng Toronto, \u0111\u1ea3m nh\u1eadn v\u00e0 ho\u00e0n th\u00e0nh xu\u1ea5t s\u1eafc nhi\u1ec1u vai tr\u00f2 kh\u00e1c nhau th\u00f4ng qua c\u00e1c ho\u1ea1t \u0111\u1ed9ng ngo\u1ea1i kh\u00f3a \u1edf tr\u01b0\u1eddng, trong \u0111\u00f3 ph\u1ea3i k\u1ec3 \u0111\u1ebfn nhi\u1ec7m v\u1ee5 ch\u1ee7 t\u1ecbch H\u1ed9i \u0111\u1ed3ng H\u1ecdc sinh. \u1ede \u0111\u1ea1i h\u1ecdc, c\u00f4 t\u1eebng l\u00e0 Ch\u1ee7 t\u1ecbch H\u1ed9i Sinh vi\u00ean Vi\u1ec7t Nam (\u0110\u1ea1i h\u1ecdc Toronto) v\u00e0 th\u00e0nh vi\u00ean ban ch\u1ea5p h\u00e0nh H\u1ed9i X\u00e3 h\u1ed9i Ch\u00e2u \u00c1 Canada (the Canadian Asian Social Society).<\/p>\n<p>Mai Linh t\u1ed1t nghi\u1ec7p C\u1eed nh\u00e2n Khoa h\u1ecdc Danh d\u1ef1 H\u1ea1ng \u01b0u chuy\u00ean ng\u00e0nh T\u00e2m l\u00fd h\u1ecdc v\u00e0 Sinh h\u1ecdc t\u1ea1i \u0110\u1ea1i H\u1ecdc Toronto. Trong nh\u1eefng n\u0103m h\u1ecdc \u0111\u1ea1i h\u1ecdc, Mai Linh t\u00ecnh nguy\u1ec7n l\u00e0m th\u00f4ng d\u1ecbch vi\u00ean ti\u1ebfng Vi\u1ec7t t\u1ea1i B\u1ec7nh vi\u1ec7n Mount Sinai v\u00e0 tham gia Ch\u01b0\u01a1ng tr\u00ecnh &#8220;Maximizing Aging Using Volunteer Engagement (MAUVE)&#8221; \u2013 t\u1ea1m d\u1ecbch l\u00e0 &#8220;Thi\u1ec7n nguy\u1ec7n vi\u00ean gi\u00fap cao ni\u00ean s\u1ed1ng vui s\u1ed1ng kh\u1ecfe&#8221;. Ch\u01b0\u01a1ng tr\u00ecnh n\u00e0y gi\u00fap c\u00e1c b\u1ec7nh nh\u00e2n cao ni\u00ean gi\u1ea3m thi\u1ec3u t\u00ecnh tr\u1ea1ng suy gi\u1ea3m ch\u1ee9c n\u0103ng c\u01a1 th\u1ec3 trong th\u1eddi gian \u1edf b\u1ec7nh vi\u1ec7n. Trong su\u1ed1t h\u01a1n m\u1ed9t th\u1eadp ni\u00ean c\u00f4 l\u00e0 ph\u1ee5 t\u00e1 nghi\u00ean c\u1ee9u t\u1ea1i B\u1ec7nh vi\u1ec7n St. Michael, l\u00e0m vi\u1ec7c g\u1ea7n g\u0169i v\u1edbi nh\u1eefng ng\u01b0\u1eddi ch\u1ecbu nhi\u1ec1u thi\u1ec7t th\u00f2i trong c\u1ed9ng \u0111\u1ed3ng, trong \u0111\u00f3 c\u00f3 c\u1ea3 nh\u1eefng ng\u01b0\u1eddi v\u00f4 gia c\u01b0.<\/p>\n<p>Ngo\u00e0i vai tr\u00f2 l\u00e0 Ph\u1ed1i tr\u00ed vi\u00ean Ch\u01b0\u01a1ng tr\u00ecnh Thanh thi\u1ebfu ni\u00ean \u1edf H\u1ed9i Ph\u1ee5 n\u1eef, Mai Linh c\u00f2n l\u00e0 B\u00e1c s\u0129 chuy\u00ean ng\u00e0nh Li\u1ec7u ph\u00e1p T\u1ef1 nhi\u00ean (licensed Naturopathic Doctor). Ph\u01b0\u01a1ng ph\u00e1p \u0111i\u1ec1u tr\u1ecb c\u1ee7a c\u00f4 coi tr\u1ecdng vi\u1ec7c ch\u0103m s\u00f3c s\u1ee9c kh\u1ecfe tinh th\u1ea7n v\u00e0 gi\u00fap ch\u1eefa l\u00e0nh nh\u1eefng th\u01b0\u01a1ng t\u1ed5n t\u00e2m h\u1ed3n l\u01b0u truy\u1ec1n tr\u1ea3i d\u00e0i t\u1eeb th\u1ebf h\u1ec7 n\u00e0y sang th\u1ebf h\u1ec7 kh\u00e1c. C\u00f4 tin r\u1eb1ng n\u1ed7 l\u1ef1c h\u00f3a gi\u1ea3i v\u00e0 ch\u1eefa l\u00e0nh c\u1ee7a m\u1ed9t ng\u01b0\u1eddi Canada g\u1ed1c Vi\u1ec7t thu\u1ed9c th\u1ebf h\u1ec7 th\u1ee9 hai s\u1ebd ti\u1ebfp th\u00eam s\u1ee9c m\u1ea1nh v\u00e0 \u0111em l\u1ea1i nh\u1eefng thay \u0111\u1ed5i l\u1edbn lao cho t\u1eebng c\u00e1 nh\u00e2n v\u00e0 c\u1ea3 c\u1ed9ng \u0111\u1ed3ng.<\/p>\n<p>Mai Linh \u0111am m\u00ea sinh ho\u1ea1t c\u1ed9ng \u0111\u1ed3ng v\u00e0 r\u1ea5t y\u00eau th\u00edch c\u00f4ng vi\u1ec7c c\u1ee7a m\u00ecnh \u1edf H\u1ed9i Ph\u1ee5 N\u1eef. C\u00f4 xem \u0111\u00f3 nh\u01b0 l\u00e0 m\u1ed9t s\u1ee9 m\u1ec7nh. S\u1ee9 m\u1ec7nh c\u1ee7a c\u00f4 \u1edf H\u1ed9i l\u00e0 g\u00e2y d\u1ef1ng n\u00ean c\u00e1c ch\u01b0\u01a1ng tr\u00ecnh \u0111\u1ea7y \u00fd ngh\u0129a nh\u1eb1m gi\u00fap thanh thi\u1ebfu ni\u00ean s\u1ed1ng h\u1ea1nh ph\u00fac, c\u00f3 s\u1ee9c kh\u1ecfe t\u1ed1t v\u00e0 ng\u00e0y m\u1ed9t tr\u01b0\u1edfng th\u00e0nh.<\/p>\n<p>Mai Linh t\u1ef1 th\u1ea5y m\u00ecnh l\u00e0 chi\u1ebfc c\u1ea7u n\u1ed1i gi\u1eefa \u0111\u00f4i b\u1edd x\u01b0a-nay, \u0110\u00f4ng-T\u00e2y. C\u00f4 th\u1ea5u t\u1ecf \u0111\u01b0\u1ee3c v\u1ebb \u0111\u1eb9p c\u0169ng nh\u01b0 gi\u00e1 tr\u1ecb ti\u1ec1m t\u00e0ng c\u1ee7a c\u1ea3 hai th\u1ebf gi\u1edbi, v\u00e0 \u0111\u00e3 d\u00e0nh c\u1ea3 cu\u1ed9c \u0111\u1eddi \u0111\u1ec3 gi\u00fap l\u00e0m h\u00e0i h\u00f2a nh\u1eefng y\u1ebfu t\u1ed1 kh\u00e1c bi\u1ec7t. T\u00e2m nguy\u1ec7n c\u1ee7a c\u00f4 l\u00e0 gi\u00fap cho hai th\u1ebf gi\u1edbi t\u01b0\u1edfng nh\u01b0 \u0111\u1ed1i l\u1eadp \u1ea5y c\u00f3 th\u1ec3 t\u00ecm \u0111\u01b0\u1ee3c ti\u1ebfng n\u00f3i chung.<\/p>\n<p>\u00a0<\/p>\n","protected":false},"excerpt":{"rendered":"<p>Tr\u1ea7n Mai Linh (Marilyn) Ph\u1ed1i tr\u00ed vi\u00ean Ch\u01b0\u01a1ng tr\u00ecnh Thanh thi\u1ebfu ni\u00ean Kh\u00f4ng ph\u1ea3i v\u00ec sinh ra v\u00e0 l\u1edbn l\u00ean [&hellip;]<\/p>\n","protected":false},"author":24,"featured_media":0,"parent":0,"menu_order":0,"comment_status":"closed","ping_status":"closed","template":"","meta":{"nf_dc_page":"","content-type":"","footnotes":""},"class_list":["post-12927","page","type-page","status-publish","hentry"],"translation":{"provider":"WPGlobus","version":"3.0.2","language":"vi","enabled_languages":["ca","vi","it","es","pt"],"languages":{"ca":{"title":true,"content":true,"excerpt":false},"vi":{"title":true,"content":true,"excerpt":false},"it":{"title":false,"content":false,"excerpt":false},"es":{"title":false,"content":false,"excerpt":false},"pt":{"title":false,"content":false,"excerpt":false}}},"yoast_head":"<!-- This site is optimized with the Yoast SEO Premium plugin v27.2 (Yoast SEO v27.4) - https:\/\/yoast.com\/product\/yoast-seo-premium-wordpress\/ -->\n<title>Tr\u1ea7n Mai Linh (Marilyn) - VWAT Family Services<\/title>\n<meta name=\"robots\" content=\"index, follow, max-snippet:-1, max-image-preview:large, max-video-preview:-1\" \/>\n<link rel=\"canonical\" href=\"https:\/\/www.vwat.org\/marilyn-tran\/\" \/>\n<meta property=\"og:locale\" content=\"en_US\" \/>\n<meta property=\"og:type\" content=\"article\" \/>\n<meta property=\"og:title\" content=\"Tr\u1ea7n Mai Linh (Marilyn) - VWAT Family Services\" \/>\n<meta property=\"og:url\" content=\"https:\/\/www.vwat.org\/marilyn-tran\/\" \/>\n<meta property=\"og:site_name\" content=\"VWAT Family Services\" \/>\n<meta property=\"article:publisher\" content=\"https:\/\/www.facebook.com\/vietnamese.womensassociationtoronto\" \/>\n<meta property=\"article:modified_time\" content=\"2024-11-01T16:12:37+00:00\" \/>\n<meta property=\"og:image\" content=\"https:\/\/www.vwat.org\/wp-content\/uploads\/2022\/05\/Pic-of-Marilyn-1-e1693509772114-1024x981.jpg\" \/>\n<meta name=\"twitter:card\" content=\"summary_large_image\" \/>\n<meta name=\"twitter:label1\" content=\"Est. reading time\" \/>\n\t<meta name=\"twitter:data1\" content=\"3 minutes\" \/>\n<script type=\"application\/ld+json\" class=\"yoast-schema-graph\">{\"@context\":\"https:\\\/\\\/schema.org\",\"@graph\":[{\"@type\":\"WebPage\",\"@id\":\"https:\\\/\\\/www.vwat.org\\\/marilyn-tran\\\/\",\"url\":\"https:\\\/\\\/www.vwat.org\\\/marilyn-tran\\\/\",\"name\":\"Tr\u1ea7n Mai Linh (Marilyn) - VWAT Family Services\",\"isPartOf\":{\"@id\":\"https:\\\/\\\/www.vwat.org\\\/#website\"},\"primaryImageOfPage\":{\"@id\":\"https:\\\/\\\/www.vwat.org\\\/marilyn-tran\\\/#primaryimage\"},\"image\":{\"@id\":\"https:\\\/\\\/www.vwat.org\\\/marilyn-tran\\\/#primaryimage\"},\"thumbnailUrl\":\"https:\\\/\\\/www.vwat.org\\\/wp-content\\\/uploads\\\/2022\\\/05\\\/Pic-of-Marilyn-1-1024x1024.jpg\",\"datePublished\":\"2023-12-06T20:55:03+00:00\",\"dateModified\":\"2024-11-01T16:12:37+00:00\",\"breadcrumb\":{\"@id\":\"https:\\\/\\\/www.vwat.org\\\/marilyn-tran\\\/#breadcrumb\"},\"inLanguage\":\"vi-VI\",\"potentialAction\":[{\"@type\":\"ReadAction\",\"target\":[\"https:\\\/\\\/www.vwat.org\\\/marilyn-tran\\\/\"]}]},{\"@type\":\"ImageObject\",\"inLanguage\":\"vi-VI\",\"@id\":\"https:\\\/\\\/www.vwat.org\\\/marilyn-tran\\\/#primaryimage\",\"url\":\"https:\\\/\\\/www.vwat.org\\\/wp-content\\\/uploads\\\/2022\\\/05\\\/Pic-of-Marilyn-1-1024x1024.jpg\",\"contentUrl\":\"https:\\\/\\\/www.vwat.org\\\/wp-content\\\/uploads\\\/2022\\\/05\\\/Pic-of-Marilyn-1-1024x1024.jpg\"},{\"@type\":\"BreadcrumbList\",\"@id\":\"https:\\\/\\\/www.vwat.org\\\/marilyn-tran\\\/#breadcrumb\",\"itemListElement\":[{\"@type\":\"ListItem\",\"position\":1,\"name\":\"Home\",\"item\":\"https:\\\/\\\/www.vwat.org\\\/vi\\\/\"},{\"@type\":\"ListItem\",\"position\":2,\"name\":\"Marilyn Tran\"}]},{\"@type\":\"WebSite\",\"@id\":\"https:\\\/\\\/www.vwat.org\\\/#website\",\"url\":\"https:\\\/\\\/www.vwat.org\\\/\",\"name\":\"VWAT Family Services\",\"description\":\"Empowering Our Community\",\"publisher\":{\"@id\":\"https:\\\/\\\/www.vwat.org\\\/#organization\"},\"potentialAction\":[{\"@type\":\"SearchAction\",\"target\":{\"@type\":\"EntryPoint\",\"urlTemplate\":\"https:\\\/\\\/www.vwat.org\\\/?s={search_term_string}\"},\"query-input\":{\"@type\":\"PropertyValueSpecification\",\"valueRequired\":true,\"valueName\":\"search_term_string\"}}],\"inLanguage\":\"vi-VI\"},{\"@type\":\"Organization\",\"@id\":\"https:\\\/\\\/www.vwat.org\\\/#organization\",\"name\":\"VWAT Family Services\",\"url\":\"https:\\\/\\\/www.vwat.org\\\/\",\"logo\":{\"@type\":\"ImageObject\",\"inLanguage\":\"vi-VI\",\"@id\":\"https:\\\/\\\/www.vwat.org\\\/#\\\/schema\\\/logo\\\/image\\\/\",\"url\":\"https:\\\/\\\/www.vwat.org\\\/wp-content\\\/uploads\\\/2022\\\/06\\\/VWAT-e1655759543180.png\",\"contentUrl\":\"https:\\\/\\\/www.vwat.org\\\/wp-content\\\/uploads\\\/2022\\\/06\\\/VWAT-e1655759543180.png\",\"width\":150,\"height\":150,\"caption\":\"VWAT Family Services\"},\"image\":{\"@id\":\"https:\\\/\\\/www.vwat.org\\\/#\\\/schema\\\/logo\\\/image\\\/\"},\"sameAs\":[\"https:\\\/\\\/www.facebook.com\\\/vietnamese.womensassociationtoronto\",\"https:\\\/\\\/www.youtube.com\\\/channel\\\/UC3IxMLN1zCh0VHv7SvP4_oQ\"]}]}<\/script>\n<!-- \/ Yoast SEO Premium plugin. -->","yoast_head_json":{"title":"Tr\u1ea7n Mai Linh (Marilyn) - VWAT Family Services","robots":{"index":"index","follow":"follow","max-snippet":"max-snippet:-1","max-image-preview":"max-image-preview:large","max-video-preview":"max-video-preview:-1"},"canonical":"https:\/\/www.vwat.org\/marilyn-tran\/","og_locale":"en_US","og_type":"article","og_title":"Tr\u1ea7n Mai Linh (Marilyn) - VWAT Family Services","og_url":"https:\/\/www.vwat.org\/marilyn-tran\/","og_site_name":"VWAT Family Services","article_publisher":"https:\/\/www.facebook.com\/vietnamese.womensassociationtoronto","article_modified_time":"2024-11-01T16:12:37+00:00","og_image":[{"url":"https:\/\/www.vwat.org\/wp-content\/uploads\/2022\/05\/Pic-of-Marilyn-1-e1693509772114-1024x981.jpg","type":"","width":"","height":""}],"twitter_card":"summary_large_image","twitter_misc":{"Est. reading time":"3 minutes"},"schema":{"@context":"https:\/\/schema.org","@graph":[{"@type":"WebPage","@id":"https:\/\/www.vwat.org\/marilyn-tran\/","url":"https:\/\/www.vwat.org\/marilyn-tran\/","name":"Tr\u1ea7n Mai Linh (Marilyn) - VWAT Family Services","isPartOf":{"@id":"https:\/\/www.vwat.org\/#website"},"primaryImageOfPage":{"@id":"https:\/\/www.vwat.org\/marilyn-tran\/#primaryimage"},"image":{"@id":"https:\/\/www.vwat.org\/marilyn-tran\/#primaryimage"},"thumbnailUrl":"https:\/\/www.vwat.org\/wp-content\/uploads\/2022\/05\/Pic-of-Marilyn-1-1024x1024.jpg","datePublished":"2023-12-06T20:55:03+00:00","dateModified":"2024-11-01T16:12:37+00:00","breadcrumb":{"@id":"https:\/\/www.vwat.org\/marilyn-tran\/#breadcrumb"},"inLanguage":"vi-VI","potentialAction":[{"@type":"ReadAction","target":["https:\/\/www.vwat.org\/marilyn-tran\/"]}]},{"@type":"ImageObject","inLanguage":"vi-VI","@id":"https:\/\/www.vwat.org\/marilyn-tran\/#primaryimage","url":"https:\/\/www.vwat.org\/wp-content\/uploads\/2022\/05\/Pic-of-Marilyn-1-1024x1024.jpg","contentUrl":"https:\/\/www.vwat.org\/wp-content\/uploads\/2022\/05\/Pic-of-Marilyn-1-1024x1024.jpg"},{"@type":"BreadcrumbList","@id":"https:\/\/www.vwat.org\/marilyn-tran\/#breadcrumb","itemListElement":[{"@type":"ListItem","position":1,"name":"Home","item":"https:\/\/www.vwat.org\/vi\/"},{"@type":"ListItem","position":2,"name":"Marilyn Tran"}]},{"@type":"WebSite","@id":"https:\/\/www.vwat.org\/#website","url":"https:\/\/www.vwat.org\/","name":"VWAT Family Services","description":"Empowering Our Community","publisher":{"@id":"https:\/\/www.vwat.org\/#organization"},"potentialAction":[{"@type":"SearchAction","target":{"@type":"EntryPoint","urlTemplate":"https:\/\/www.vwat.org\/?s={search_term_string}"},"query-input":{"@type":"PropertyValueSpecification","valueRequired":true,"valueName":"search_term_string"}}],"inLanguage":"vi-VI"},{"@type":"Organization","@id":"https:\/\/www.vwat.org\/#organization","name":"VWAT Family Services","url":"https:\/\/www.vwat.org\/","logo":{"@type":"ImageObject","inLanguage":"vi-VI","@id":"https:\/\/www.vwat.org\/#\/schema\/logo\/image\/","url":"https:\/\/www.vwat.org\/wp-content\/uploads\/2022\/06\/VWAT-e1655759543180.png","contentUrl":"https:\/\/www.vwat.org\/wp-content\/uploads\/2022\/06\/VWAT-e1655759543180.png","width":150,"height":150,"caption":"VWAT Family Services"},"image":{"@id":"https:\/\/www.vwat.org\/#\/schema\/logo\/image\/"},"sameAs":["https:\/\/www.facebook.com\/vietnamese.womensassociationtoronto","https:\/\/www.youtube.com\/channel\/UC3IxMLN1zCh0VHv7SvP4_oQ"]}]}},"_links":{"self":[{"href":"https:\/\/www.vwat.org\/vi\/wp-json\/wp\/v2\/pages\/12927","targetHints":{"allow":["GET"]}}],"collection":[{"href":"https:\/\/www.vwat.org\/vi\/wp-json\/wp\/v2\/pages"}],"about":[{"href":"https:\/\/www.vwat.org\/vi\/wp-json\/wp\/v2\/types\/page"}],"author":[{"embeddable":true,"href":"https:\/\/www.vwat.org\/vi\/wp-json\/wp\/v2\/users\/24"}],"replies":[{"embeddable":true,"href":"https:\/\/www.vwat.org\/vi\/wp-json\/wp\/v2\/comments?post=12927"}],"version-history":[{"count":0,"href":"https:\/\/www.vwat.org\/vi\/wp-json\/wp\/v2\/pages\/12927\/revisions"}],"wp:attachment":[{"href":"https:\/\/www.vwat.org\/vi\/wp-json\/wp\/v2\/media?parent=12927"}],"curies":[{"name":"wp","href":"https:\/\/api.w.org\/{rel}","templated":true}]}}