{"id":13468,"date":"2024-02-13T07:02:48","date_gmt":"2024-02-13T12:02:48","guid":{"rendered":"https:\/\/www.vwat.org\/?page_id=13468"},"modified":"2025-10-15T16:27:55","modified_gmt":"2025-10-15T20:27:55","slug":"vwat-free-tax-clinic-toronto","status":"publish","type":"page","link":"https:\/\/www.vwat.org\/vi\/vwat-free-tax-clinic-toronto\/","title":{"rendered":"D\u1ecbch v\u1ee5 khai thu\u1ebf mi\u1ec5n ph\u00ed"},"content":{"rendered":"<p>H\u1ed9i Ph\u1ee5 N\u1eef t\u1ef1 h\u00e0o cung c\u1ea5p d\u1ecbch v\u1ee5 khai thu\u1ebf mi\u1ec5n ph\u00ed d\u00e0nh cho ng\u01b0\u1eddi c\u00f3 thu nh\u1eadp th\u1ea5p t\u1ea1i Toronto. Nh\u00e2n vi\u00ean H\u1ed9i l\u00e0m vi\u1ec7c t\u1eadn t\u00ecnh v\u1edbi mong mu\u1ed1n gi\u00fap kh\u00e1ch h\u00e0ng ti\u1ebfp c\u1eadn v\u00e0 hi\u1ec3u r\u00f5 c\u00e1c th\u00f4ng tin c\u00f3 li\u00ean quan \u0111\u1ebfn thu\u1ebf c\u0169ng nh\u01b0 tr\u1ea3i qua m\u00f9a thu\u1ebf d\u1ec5 d\u00e0ng h\u01a1n.<\/p>\n<p>\u0110\u1ed9i ng\u0169 nh\u00e2n vi\u00ean gi\u00e0u kinh nghi\u1ec7m c\u1ee7a H\u1ed9i cam k\u1ebft gi\u00fap kh\u00e1ch h\u00e0ng khai thu\u1ebf d\u1ec5 d\u00e0ng, h\u01b0\u1edbng d\u1eabn v\u00e0 tr\u1ea3 l\u1eddi th\u1eadt r\u00f5 r\u00e0ng m\u1ecdi th\u1eafc m\u1eafc c\u1ee7a qu\u00fd v\u1ecb. Ch\u00fang t\u00f4i hi\u1ec3u r\u1eb1ng \u0111\u1ed1i v\u1edbi m\u1ed9t s\u1ed1 ng\u01b0\u1eddi vi\u1ec7c khai thu\u1ebf l\u00e0 kh\u00f4ng d\u1ec5, cho n\u00ean ch\u00fang t\u00f4i s\u1ebd \u0111\u1ed3ng h\u00e0nh c\u00f9ng qu\u00fd v\u1ecb.<\/p>\n<p>H\u00e3y li\u00ean l\u1ea1c l\u1ea5y h\u1eb9n v\u1edbi ch\u00fang t\u00f4i ngay h\u00f4m nay \u0111\u1ec3 \u0111\u01b0\u1ee3c t\u01b0 v\u1ea5n v\u00e0 khai thu\u1ebf mi\u1ec5n ph\u00ed!<\/p>\n<p><!-- \/wp:post-content --><!-- wp:image {\"id\":13469,\"sizeSlug\":\"full\",\"linkDestination\":\"none\"} --><\/p>\n<figure><img loading=\"lazy\" decoding=\"async\" loading=\"lazy\" src=\"https:\/\/www.vwat.org\/wp-content\/uploads\/2025\/10\/Screenshot-2025-10-15-143145-1024x792.png\" alt=\"\" width=\"640\" height=\"495\" \/><\/figure>\n<p><!-- \/wp:image --><!-- wp:heading --><\/p>\n<h2><b>Quy tr\u00ecnh khai thu\u1ebf di\u1ec5n ra nh\u01b0 th\u1ebf n\u00e0o?<\/b><\/h2>\n<p><!-- \/wp:heading --><!-- wp:paragraph --><\/p>\n<p>Qu\u00fd v\u1ecb n\u00ean theo nh\u1eefng b\u01b0\u1edbc d\u01b0\u1edbi \u0111\u00e2y \u0111\u1ec3 b\u1ea3o \u0111\u1ea3m m\u1ecdi vi\u1ec7c di\u1ec5n ra su\u00f4n s\u1ebb v\u00e0 th\u1eadt s\u1ef1 hi\u1ec7u qu\u1ea3:<\/p>\n<p><!-- \/wp:paragraph --><!-- wp:paragraph --><\/p>\n<p>\u00a0 \u00a0 1. L\u1ea5y h\u1eb9n.<\/p>\n<p><!-- \/wp:paragraph --><!-- wp:list-item --><\/p>\n<p>\u00a0 \u00a0 2. \u0110\u1ebfn \u0111\u00fang h\u1eb9n.<\/p>\n<p>\u00a0 \u00a0 3. Cung c\u1ea5p t\u1ea5t c\u1ea3 c\u00e1c ch\u1ee9ng t\u1eeb c\u1ea7n thi\u1ebft cho nh\u00e2n vi\u00ean khai thu\u1ebf.<\/p>\n<p>\u00a0 \u00a0 4. Tr\u1ea3 l\u1eddi c\u00e1c c\u00e2u h\u1ecfi \u0111\u1ec3 cung c\u1ea5p c\u00e1c th\u00f4ng tin b\u1eaft bu\u1ed9c tr\u00ean t\u1edd khai.<\/p>\n<p>\u00a0 \u00a0 5. Nh\u00e2n vi\u00ean \u0111i\u1ec1n c\u00e1c th\u00f4ng tin n\u00e0y v\u00e0o t\u1edd khai thu\u1ebf c\u1ee7a qu\u00fd v\u1ecb.<\/p>\n<p>\u00a0 \u00a0 6. Ki\u1ec3m tra l\u1ea1i m\u1ecdi th\u00f4ng tin tr\u00ean h\u1ed3 s\u01a1 thu\u1ebf khi n\u1ed9p cho s\u1edf thu\u1ebf.<\/p>\n<p><!-- \/wp:list-item --><!-- wp:list-item --><\/p>\n<p><!-- \/wp:list-item --><!-- wp:list-item --><\/p>\n<p><!-- \/wp:list-item --><!-- wp:list-item --><\/p>\n<p><!-- \/wp:list-item --><!-- wp:list-item --><\/p>\n<p><!-- \/wp:list-item --><\/p>\n<p><!-- \/wp:list --><!-- wp:paragraph --><\/p>\n<p>Th\u1eddi gian c\u1ea7n cho m\u1ed9t bu\u1ed5i h\u1eb9n l\u00e0m thu\u1ebf l\u00e2u hay mau t\u00f9y thu\u1ed9c v\u00e0o m\u1ee9c \u0111\u1ed9 ph\u1ee9c t\u1ea1p c\u1ee7a h\u1ed3 s\u01a1 thu\u1ebf c\u1ee7a qu\u00fd v\u1ecb v\u00e0 l\u1ecbch l\u00e0m vi\u1ec7c c\u1ee7a nh\u00e2n vi\u00ean khai thu\u1ebf t\u1ea1i th\u1eddi \u0111i\u1ec3m \u0111\u00f3. Th\u00f4ng th\u01b0\u1eddng qu\u00fd v\u1ecb s\u1ebd c\u1ea7n \u0111\u1ee3i \u00edt nh\u1ea5t 30 ph\u00fat \u0111\u1ec3 nh\u00e2n vi\u00ean H\u1ed9i ho\u00e0n t\u1ea5t v\u00e0 n\u1ed9p h\u1ed3 s\u01a1 thu\u1ebf cho qu\u00fd v\u1ecb.<\/p>\n<p><!-- \/wp:paragraph --><!-- wp:heading {\"level\":3} --><\/p>\n<h3><b>H\u1ed9i Ph\u1ee5 N\u1eef nh\u1eadn khai thu\u1ebf mi\u1ec5n ph\u00ed cho ai?<\/b><\/h3>\n<p><!-- \/wp:heading --><!-- wp:paragraph --><\/p>\n<p>Ch\u00fang t\u00f4i gi\u00fap khai nh\u1eefng h\u1ed3 s\u01a1 thu\u1ebf \u0111\u01a1n gi\u1ea3n (<i>kh\u00e1ch h\u00e0ng c\u00f3 thu nh\u1eadp h\u00e0ng n\u0103m kh\u00f4ng qu\u00e1 35.000 \u0111\u00f4 la<\/i>).<\/p>\n<p><!-- \/wp:paragraph --><!-- wp:paragraph --><\/p>\n<p><strong>M\u1ee9c thu nh\u1eadp:<\/strong><\/p>\n<p><!-- \/wp:paragraph --><!-- wp:table --><\/p>\n<figure>\n<table>\n<thead>\n<tr>\n<th>\n<p><strong>Quy m\u00f4 gia \u0111\u00ecnh<\/strong><\/p>\n<p><strong>(bao g\u1ed3m m\u1ed9t nh\u00e2n kh\u1ea9u\/ho\u1eb7c m\u1ed9t c\u1eb7p v\u1ee3 ch\u1ed3ng, &amp; nh\u1eefng ng\u01b0\u1eddi ph\u1ee5 thu\u1ed9c) <\/strong><\/p>\n<\/th>\n<th><strong><i>T\u1ed5ng thu nh\u1eadp<\/i><\/strong><\/th>\n<\/tr>\n<\/thead>\n<tbody>\n<tr>\n<td>1 ng\u01b0\u1eddi<\/td>\n<td>35,000\u00a0\u0111\u00f4 la<\/td>\n<\/tr>\n<tr>\n<td>2 ng\u01b0\u1eddi<\/td>\n<td>45,000\u00a0\u0111\u00f4 la<\/td>\n<\/tr>\n<tr>\n<td>3 ng\u01b0\u1eddi<\/td>\n<td>47,500\u00a0\u0111\u00f4 la<\/td>\n<\/tr>\n<tr>\n<td>4 ng\u01b0\u1eddi<\/td>\n<td>50,000\u00a0\u0111\u00f4 la<\/td>\n<\/tr>\n<tr>\n<td>5 ng\u01b0\u1eddi<\/td>\n<td>52,500\u00a0\u0111\u00f4 la<\/td>\n<\/tr>\n<tr>\n<td>H\u01a1n 5 ng\u01b0\u1eddi<\/td>\n<td>52.500 \u0111\u00f4 la\u00a0 c\u1ed9ng th\u00eam 2.500 \u0111\u00f4 la cho m\u1ed7i ng\u01b0\u1eddi sau \u0111\u00f3<\/td>\n<\/tr>\n<\/tbody>\n<\/table>\n<\/figure>\n<p><!-- \/wp:table --><!-- wp:paragraph --><\/p>\n<p>M\u1eb7c d\u00f9 H\u1ed9i ch\u1ee7 y\u1ebfu nh\u1eadn khai thu\u1ebf cho nh\u1eefng gia \u0111\u00ecnh c\u00f3 thu nh\u1eadp th\u1ea5p, vi\u1ec7c qu\u00fd v\u1ecb c\u00f3 \u0111\u1ee7 \u0111i\u1ec1u ki\u1ec7n \u0111\u1ec3 s\u1eed d\u1ee5ng d\u1ecbch v\u1ee5 khai thu\u1ebf mi\u1ec5n ph\u00ed c\u1ee7a ch\u00fang t\u00f4i hay kh\u00f4ng c\u00f3 th\u1ec3 kh\u00e1c nhau \u0111\u00f4i ch\u00fat t\u00f9y t\u1eebng tr\u01b0\u1eddng h\u1ee3p c\u1ee5 th\u1ec3. Xin qu\u00fd v\u1ecb ch\u1ee7 \u0111\u1ed9ng li\u00ean l\u1ea1c \u0111\u1ec3 nh\u00e2n vi\u00ean H\u1ed9i t\u01b0 v\u1ea5n xem ch\u00fang t\u00f4i c\u00f3 th\u1ec3 gi\u00fap nh\u01b0 th\u1ebf n\u00e0o. \u0110\u1eebng lo l\u1eafng hay do d\u1ef1 ch\u1ec9 v\u00ec c\u00e1c \u0111i\u1ec1u ki\u1ec7n n\u00eau tr\u00ean. Nh\u1eefng quy \u0111\u1ecbnh n\u00e0y nh\u1eb1m b\u1ea3o \u0111\u1ea3m r\u1eb1ng ch\u00fang t\u00f4i \u01b0u ti\u00ean khai thu\u1ebf cho nh\u1eefng ai c\u1ea7n d\u1ecbch v\u1ee5 n\u00e0y nh\u1ea5t, ch\u1ee9 kh\u00f4ng c\u00f3 ngh\u0129a l\u00e0 ch\u00fang t\u00f4i s\u1ebd t\u1eeb ch\u1ed1i gi\u00fap nh\u1eefng kh\u00e1ch h\u00e0ng c\u00f3 thu nh\u1eadp cao h\u01a1n m\u1ee9c quy \u0111\u1ecbnh n\u00e0y.<\/p>\n<p><!-- \/wp:paragraph --><!-- wp:heading --><\/p>\n<h2><b>Nh\u1eefng gi\u1ea5y t\u1edd c\u1ea7n \u0111em theo khi \u0111\u1ebfn khai thu\u1ebf<\/b><\/h2>\n<p><!-- \/wp:heading --><!-- wp:image {\"id\":13470,\"sizeSlug\":\"full\",\"linkDestination\":\"none\"} --><\/p>\n<figure><img decoding=\"async\" loading=\"lazy\" src=\"https:\/\/www.vwat.org\/wp-content\/uploads\/2024\/02\/free-tax-clinic-toronto-2.jpg\" alt=\"VWAT Free Tax Clinic Toronto\" \/><\/figure>\n<p><!-- \/wp:image --><!-- wp:paragraph --><\/p>\n<p>Tr\u01b0\u1edbc khi \u0111\u1ebfn khai thu\u1ebf t\u1ea1i v\u0103n ph\u00f2ng H\u1ed9i, \u0111\u1eebng qu\u00ean chu\u1ea9n b\u1ecb s\u1eb5n c\u00e1c gi\u1ea5y t\u1edd c\u1ea7n thi\u1ebft sau \u0111\u00e2y cho h\u1ed3 s\u01a1 thu\u1ebf c\u1ee7a qu\u00fd v\u1ecb:<\/p>\n<p>\u00a0 &#8211; m\u1ed9t th\u1ebb ID c\u00f3 \u1ea3nh<\/p>\n<p>\u00a0 &#8211; s\u1ed1 SIN (Social Insurance Number, t\u1ea1m d\u1ecbch l\u00e0 s\u1ed1 An sinh X\u00e3 h\u1ed9i).\u00a0<\/p>\n<p>\u00a0 &#8211; t\u1ea5t c\u1ea3 c\u00e1c ch\u1ee9ng t\u1eeb c\u00f3 ch\u1ee9a th\u00f4ng tin v\u1ec1 t\u1ed5ng thu nh\u1eadp trong n\u0103m qua (c\u00e1c t\u1edd phi\u1ebfu b\u1eaft \u0111\u1ea7u b\u1eb1ng ch\u1eef T (ti\u1ebfng Anh l\u00e0 T-slips), ch\u1eb3ng h\u1ea1n nh\u01b0 T4, T4A, T5, T3, T4RSP, T5013, T5018)<\/p>\n<p>\u00a0 &#8211; bi\u00ean lai cho c\u00e1c chi ph\u00ed v\u00e0 kho\u1ea3n kh\u1ea5u tr\u1eeb h\u1ee3p l\u1ec7, bao g\u1ed3m ti\u1ec1n \u0111\u00f3ng v\u00e0o t\u00e0i kho\u1ea3n RRSP, c\u00e1c chi ph\u00ed y t\u1ebf, ti\u1ec1n g\u1eedi tr\u1ebb, ti\u1ec1n \u0111\u00f3ng cho c\u00e1c qu\u1ef9 t\u1eeb thi\u1ec7n.<\/p>\n<p><!-- \/wp:paragraph --><!-- wp:heading {\"level\":3} --><\/p>\n<h3><b>Chu\u1ea9n b\u1ecb cho bu\u1ed5i h\u1eb9n khai thu\u1ebf<\/b><\/h3>\n<p><!-- \/wp:heading --><!-- wp:paragraph --><\/p>\n<p>Tr\u01b0\u1edbc ng\u00e0y h\u1eb9n, xin chu\u1ea9n b\u1ecb \u0111\u1ea7y \u0111\u1ee7 c\u00e1c gi\u1ea5y t\u1edd c\u1ea7n thi\u1ebft cho h\u1ed3 s\u01a1 thu\u1ebf nh\u01b0 \u0111\u00e3 n\u00eau \u1edf tr\u00ean. H\u00e3y d\u00e0nh th\u1eddi gian suy ngh\u0129 v\u1ec1 t\u00ecnh h\u00ecnh t\u00e0i ch\u00e1nh c\u1ee7a qu\u00fd v\u1ecb \u0111\u1ec3 tr\u00e1nh kh\u00f4ng qu\u00ean b\u1ea5t k\u1ef3 chi ti\u1ebft quan tr\u1ecdng n\u00e0o khi trao \u0111\u1ed5i v\u1edbi nh\u00e2n vi\u00ean c\u1ed1 v\u1ea5n thu\u1ebf c\u1ee7a ch\u00fang t\u00f4i.<\/p>\n<p>N\u1ebfu qu\u00fd v\u1ecb \u0111\u1ebfn mu\u1ed9n ho\u1eb7c kh\u00f4ng th\u1ec3 \u0111\u1ebfn, vui l\u00f2ng cho ch\u00fang t\u00f4i bi\u1ebft \u0111\u1ec3 nh\u00e2n vi\u00ean H\u1ed9i c\u00f3 th\u1ec3 nh\u01b0\u1eddng gi\u1edd h\u1eb9n \u0111\u00f3 cho m\u1ed9t kh\u00e1ch thu\u1ebf kh\u00e1c.<\/p>\n<p><!-- \/wp:paragraph --><!-- wp:heading --><\/p>\n<h2><b>H\u1ed7 tr\u1ee3 c\u1ed9ng \u0111\u1ed3ng nhi\u1ec1u h\u01a1n<\/b><\/h2>\n<p><!-- \/wp:heading --><!-- wp:image {\"id\":13471,\"sizeSlug\":\"full\",\"linkDestination\":\"none\"} --><\/p>\n<figure><img decoding=\"async\" loading=\"lazy\" src=\"https:\/\/www.vwat.org\/wp-content\/uploads\/2024\/02\/free-tax-clinic-toronto-3.jpg\" alt=\"VWAT Free Tax Clinic Toronto\" \/>\n<figcaption>\n<p>H\u1ed9i Ph\u1ee5 N\u1eef Vi\u1ec7t Nam Toronto, c\u0169ng nh\u01b0 c\u00e1c v\u0103n ph\u00f2ng khai thu\u1ebf mi\u1ec5n ph\u00ed kh\u00e1c, l\u00e0 th\u00e0nh vi\u00ean c\u1ee7a m\u1ea1ng l\u01b0\u1edbi h\u1ed7 tr\u1ee3 v\u1ec1 thu\u1ebf do S\u1edf Thu\u1ebf Canada (CRA) qu\u1ea3n l\u00fd. CRA l\u00e0 trung t\u00e2m c\u1ee7a m\u1ea1ng l\u01b0\u1edbi n\u00e0y, l\u00e0 c\u01a1 quan ch\u1ecbu tr\u00e1ch nhi\u1ec7m thu thu\u1ebf, tr\u1ea3 c\u00e1c ph\u00fac l\u1ee3i x\u00e3 h\u1ed9i, theo d\u00f5i v\u00e0 b\u1ea3o \u0111\u1ea3m ng\u01b0\u1eddi d\u00e2n tu\u00e2n th\u1ee7 c\u00e1c quy \u0111\u1ecbnh v\u1ec1 thu\u1ebf.<\/p>\n<p>Th\u00f4ng qua Ch\u01b0\u01a1ng tr\u00ecnh Thi\u1ec7n nguy\u1ec7n C\u1ed9ng \u0111\u1ed3ng gi\u00fap khai Thu\u1ebf thu nh\u1eadp (CVITP), CRA h\u1ed7 tr\u1ee3 c\u00e1c v\u0103n ph\u00f2ng khai thu\u1ebf mi\u1ec5n ph\u00ed t\u1ea1i Toronto gi\u1ed1ng nh\u01b0 v\u0103n ph\u00f2ng ch\u00fang t\u00f4i!<img decoding=\"async\" loading=\"lazy\" src=\"https:\/\/www.vwat.org\/wp-content\/uploads\/2024\/02\/free-tax-clinic-toronto-4.jpg\" alt=\"VWAT Free Tax Clinic Toronto\" \/><\/p>\n<\/figcaption>\n<\/figure>\n<p><!-- \/wp:image --><!-- wp:heading --><\/p>\n<h2><b>L\u00ean k\u1ebf ho\u1ea1ch: Chu\u1ea9n b\u1ecb s\u1eb5n s\u00e0ng cho m\u00f9a thu\u1ebf n\u0103m sau<\/b>\u00a0<\/h2>\n<p><!-- \/wp:heading --><!-- wp:paragraph --><\/p>\n<p>Vi\u1ec7c hi\u1ec3u r\u00f5 c\u00e1c v\u1ea5n \u0111\u1ec1 c\u00f3 li\u00ean quan \u0111\u1ebfn thu\u1ebf v\u00e0 gi\u1eef k\u1ef9 c\u00e1c ch\u1ee9ng t\u1eeb thu\u1ebf l\u00e0 \u0111i\u1ec1u c\u1ea7n thi\u1ebft \u0111\u1ec3 m\u1ecdi vi\u1ec7c di\u1ec5n ra su\u00f4n s\u1ebb. \u0110i\u1ec1u n\u00e0y s\u1ebd gi\u00fap qu\u00fd v\u1ecb l\u1eadp k\u1ebf ho\u1ea1ch t\u1ed1t h\u01a1n cho m\u00f9a thu\u1ebf n\u0103m sau:<\/p>\n<p><!-- \/wp:paragraph --><!-- wp:list --><\/p>\n<ul>\n<li style=\"list-style-type: none;\">\n<ul><!-- wp:list-item --><\/ul>\n<\/li>\n<\/ul>\n<p>\u00a0 &#8211; b\u1ea3o \u0111\u1ea3m h\u1ed3 s\u01a1 thu\u1ebf \u0111\u01b0\u1ee3c khai ch\u00ednh x\u00e1c<\/p>\n<p>\u00a0 &#8211; kh\u1ea5u tr\u1eeb thu\u1ebf nhi\u1ec1u nh\u1ea5t c\u00f3 th\u1ec3<\/p>\n<p>\u00a0 &#8211; tu\u00e2n th\u1ee7 c\u00e1c quy \u0111\u1ecbnh v\u1ec1 thu\u1ebf<\/p>\n<p>\u00a0 &#8211; gi\u00fap qu\u00fd v\u1ecb \u0111\u01b0a ra c\u00e1c quy\u1ebft \u0111\u1ecbnh s\u00e1ng su\u1ed1t cho m\u00f9a thu\u1ebf sang n\u0103m<\/p>\n<p><!-- \/wp:list-item --><!-- wp:list-item --><\/p>\n<p><!-- \/wp:list-item --><!-- wp:list-item --><\/p>\n<p><!-- \/wp:list-item --><!-- wp:list-item --><\/p>\n<p><!-- \/wp:list-item --><\/p>\n<p><!-- \/wp:list --><!-- wp:paragraph --><\/p>\n<p>Th\u1eddi gian d\u00e0nh ra \u0111\u1ec3 l\u1eadp k\u1ebf ho\u1ea1ch ngay t\u1eeb b\u00e2y gi\u1edd c\u00f3 th\u1ec3 gi\u00fap qu\u00fd v\u1ecb tr\u00e1nh \u0111\u01b0\u1ee3c r\u1ea5t nhi\u1ec1u r\u1eafc r\u1ed1i v\u1ec1 sau.<\/p>\n<p><!-- \/wp:paragraph --><!-- wp:image {\"id\":13473,\"sizeSlug\":\"full\",\"linkDestination\":\"none\"} --><\/p>\n<figure><img decoding=\"async\" loading=\"lazy\" src=\"https:\/\/www.vwat.org\/wp-content\/uploads\/2024\/02\/free-tax-clinic-toronto-5.jpg\" alt=\"VWAT Free Tax Clinic Toronto\" \/><\/figure>\n<p><!-- \/wp:image --><!-- wp:heading --><\/p>\n<h2><b>C\u00e1c c\u00e2u h\u1ecfi th\u01b0\u1eddng g\u1eb7p<\/b><\/h2>\n<p><!-- \/wp:heading --><!-- wp:heading {\"level\":3} --><\/p>\n<h3><b>T\u00f4i c\u1ea7n mang theo nh\u1eefng gi\u1ea5y t\u1edd g\u00ec khi \u0111\u1ebfn khai thu\u1ebf?<\/b><\/h3>\n<p><!-- \/wp:heading --><!-- wp:paragraph --><\/p>\n<p>\u0110\u1ec3 s\u1eed d\u1ee5ng d\u1ecbch v\u1ee5 khai thu\u1ebf mi\u1ec5n ph\u00ed c\u1ee7a ch\u00fang t\u00f4i, qu\u00fd v\u1ecb c\u1ea7n \u0111em m\u1ed9t th\u1ebb ID c\u00f3 \u1ea3nh, s\u1ed1 SIN, c\u00e1c t\u1edd T-slips (v\u00ed d\u1ee5: T4, T4A, T5, v.v\u2026), c\u00e1c t\u1edd bi\u00ean lai d\u00f9ng \u0111\u1ec3 t\u00ednh nh\u1eefng kho\u1ea3n kh\u1ea5u tr\u1eeb v\u00e0 chi ph\u00ed, c\u00f9ng v\u1edbi t\u1edd khai thu\u1ebf n\u0103m ngo\u00e1i (n\u1ebfu c\u00f3).<\/p>\n<p><!-- \/wp:paragraph --><!-- wp:heading {\"level\":3} --><\/p>\n<h3><b>L\u00e0m th\u1ebf n\u00e0o \u0111\u1ec3 l\u1ea5y h\u1eb9n khai thu\u1ebf mi\u1ec5n ph\u00ed?<\/b><\/h3>\n<p><!-- \/wp:heading --><!-- wp:paragraph --><\/p>\n<p>Vi\u1ec7c l\u1ea5y h\u1eb9n r\u1ea5t \u0111\u01a1n gi\u1ea3n. Qu\u00fd v\u1ecb c\u00f3 th\u1ec3 li\u00ean l\u1ea1c v\u1edbi ch\u00fang t\u00f4i qua \u0111i\u1ec7n tho\u1ea1i, email, ho\u1eb7c truy c\u1eadp trang web c\u1ee7a ch\u00fang t\u00f4i \u0111\u1ec3 l\u1ea5y h\u1eb9n tr\u1ef1c tuy\u1ebfn. Qu\u00fd v\u1ecb n\u00ean l\u1ea5y h\u1eb9n s\u1edbm, \u0111\u1eb7c bi\u1ec7t l\u00e0 nh\u1eefng l\u00fac cao \u0111i\u1ec3m c\u1ee7a m\u00f9a thu\u1ebf, \u0111\u1ec3 nh\u1eadn \u0111\u01b0\u1ee3c h\u1ed7 tr\u1ee3 k\u1ecbp th\u1eddi t\u1eeb c\u00e1c nh\u00e2n vi\u00ean khai thu\u1ebf c\u1ee7a H\u1ed9i.<\/p>\n<p><!-- \/wp:paragraph --><!-- wp:image {\"id\":13474,\"sizeSlug\":\"full\",\"linkDestination\":\"none\"} --><\/p>\n<figure><img decoding=\"async\" loading=\"lazy\" src=\"https:\/\/www.vwat.org\/wp-content\/uploads\/2024\/02\/free-tax-clinic-toronto-6.jpg\" alt=\"VWAT Free Tax Clinic Toronto\" \/><\/figure>\n<p><!-- \/wp:image --><!-- wp:heading --><\/p>\n<h2><b>T\u00f3m t\u1eaft<\/b><\/h2>\n<p><!-- \/wp:heading --><!-- wp:paragraph --><\/p>\n<p>H\u1ed9i Ph\u1ee5 N\u1eef mong mu\u1ed1n cung c\u1ea5p cho kh\u00e1ch h\u00e0ng c\u00e1c c\u00f4ng c\u1ee5 c\u0169ng nh\u01b0 th\u00f4ng tin c\u1ea7n thi\u1ebft \u0111\u1ec3 qu\u00fd v\u1ecb gi\u1ea3i quy\u1ebft nh\u1eefng v\u1ea5n \u0111\u1ec1 ph\u1ee9c t\u1ea1p v\u1ec1 t\u00e0i ch\u00e1nh. Do \u0111\u00f3 m\u00e0 d\u1ecbch v\u1ee5 t\u01b0 v\u1ea5n v\u00e0 khai thu\u1ebf mi\u1ec5n ph\u00ed c\u1ee7a ch\u00fang t\u00f4i \u0111\u00e3 ra \u0111\u1eddi. Nh\u00e2n vi\u00ean khai thu\u1ebf c\u1ee7a H\u1ed9i cam k\u1ebft s\u1ebd h\u01b0\u1edbng d\u1eabn v\u00e0 h\u1ed7 tr\u1ee3 t\u1eadn t\u00ecnh, gi\u00fap \u0111\u01a1n gi\u1ea3n h\u00f3a quy tr\u00ecnh khai thu\u1ebf thu nh\u1eadp c\u00e1 nh\u00e2n h\u00e0ng n\u0103m cho qu\u00fd v\u1ecb. M\u1ee5c ti\u00eau c\u1ee7a ch\u00fang t\u00f4i l\u00e0 gi\u00fap cho ai c\u0169ng hi\u1ec3u r\u00f5 ngh\u0129a v\u1ee5 thu\u1ebf v\u00e0 c\u00e1c kho\u1ea3n ho\u00e0n thu\u1ebf m\u00e0 h\u1ecd c\u00f3 th\u1ec3 \u0111\u01b0\u1ee3c h\u01b0\u1edfng.\u00a0<\/p>\n<p>H\u00e3y li\u00ean l\u1ea1c v\u1edbi ch\u00fang t\u00f4i ngay h\u00f4m nay \u0111\u1ec3 t\u00ecm hi\u1ec3u th\u00eam v\u1ec1 d\u1ecbch v\u1ee5 khai thu\u1ebf c\u0169ng nh\u01b0 r\u1ea5t nhi\u1ec1u d\u1ecbch v\u1ee5 mi\u1ec5n ph\u00ed kh\u00e1c c\u1ee7a H\u1ed9i.<\/p>","protected":false},"excerpt":{"rendered":"<p>H\u1ed9i Ph\u1ee5 N\u1eef t\u1ef1 h\u00e0o cung c\u1ea5p d\u1ecbch v\u1ee5 khai thu\u1ebf mi\u1ec5n ph\u00ed d\u00e0nh cho ng\u01b0\u1eddi c\u00f3 thu nh\u1eadp th\u1ea5p [&hellip;]<\/p>\n","protected":false},"author":4,"featured_media":0,"parent":0,"menu_order":0,"comment_status":"closed","ping_status":"closed","template":"","meta":{"nf_dc_page":"","content-type":"","footnotes":""},"class_list":["post-13468","page","type-page","status-publish","hentry"],"translation":{"provider":"WPGlobus","version":"3.0.2","language":"vi","enabled_languages":["ca","vi","it","es","pt"],"languages":{"ca":{"title":true,"content":true,"excerpt":false},"vi":{"title":true,"content":true,"excerpt":false},"it":{"title":false,"content":false,"excerpt":false},"es":{"title":false,"content":false,"excerpt":false},"pt":{"title":false,"content":false,"excerpt":false}}},"yoast_head":"<!-- This site is optimized with the Yoast SEO Premium plugin v27.2 (Yoast SEO v27.4) - https:\/\/yoast.com\/product\/yoast-seo-premium-wordpress\/ -->\n<title>D\u1ecbch v\u1ee5 khai thu\u1ebf mi\u1ec5n ph\u00ed - VWAT Family Services<\/title>\n<meta name=\"robots\" content=\"index, follow, max-snippet:-1, max-image-preview:large, max-video-preview:-1\" \/>\n<link rel=\"canonical\" href=\"https:\/\/www.vwat.org\/vwat-free-tax-clinic-toronto\/\" \/>\n<meta property=\"og:locale\" content=\"en_US\" \/>\n<meta property=\"og:type\" content=\"article\" \/>\n<meta property=\"og:title\" content=\"D\u1ecbch v\u1ee5 khai thu\u1ebf mi\u1ec5n ph\u00ed - VWAT Family Services\" \/>\n<meta property=\"og:url\" content=\"https:\/\/www.vwat.org\/vwat-free-tax-clinic-toronto\/\" \/>\n<meta property=\"og:site_name\" content=\"VWAT Family Services\" \/>\n<meta property=\"article:publisher\" content=\"https:\/\/www.facebook.com\/vietnamese.womensassociationtoronto\" \/>\n<meta property=\"article:modified_time\" content=\"2025-10-15T20:27:55+00:00\" \/>\n<meta property=\"og:image\" content=\"https:\/\/www.vwat.org\/wp-content\/uploads\/2024\/02\/free-tax-clinic-toronto-1.jpg\" \/>\n<meta name=\"twitter:card\" content=\"summary_large_image\" \/>\n<meta name=\"twitter:label1\" content=\"Est. reading time\" \/>\n\t<meta name=\"twitter:data1\" content=\"6 minutes\" \/>\n<script type=\"application\/ld+json\" class=\"yoast-schema-graph\">{\"@context\":\"https:\\\/\\\/schema.org\",\"@graph\":[{\"@type\":\"WebPage\",\"@id\":\"https:\\\/\\\/www.vwat.org\\\/vwat-free-tax-clinic-toronto\\\/\",\"url\":\"https:\\\/\\\/www.vwat.org\\\/vwat-free-tax-clinic-toronto\\\/\",\"name\":\"D\u1ecbch v\u1ee5 khai thu\u1ebf mi\u1ec5n ph\u00ed - VWAT Family Services\",\"isPartOf\":{\"@id\":\"https:\\\/\\\/www.vwat.org\\\/#website\"},\"primaryImageOfPage\":{\"@id\":\"https:\\\/\\\/www.vwat.org\\\/vwat-free-tax-clinic-toronto\\\/#primaryimage\"},\"image\":{\"@id\":\"https:\\\/\\\/www.vwat.org\\\/vwat-free-tax-clinic-toronto\\\/#primaryimage\"},\"thumbnailUrl\":\"https:\\\/\\\/www.vwat.org\\\/wp-content\\\/uploads\\\/2025\\\/10\\\/Screenshot-2025-10-15-143145-1024x792.png\",\"datePublished\":\"2024-02-13T12:02:48+00:00\",\"dateModified\":\"2025-10-15T20:27:55+00:00\",\"breadcrumb\":{\"@id\":\"https:\\\/\\\/www.vwat.org\\\/vwat-free-tax-clinic-toronto\\\/#breadcrumb\"},\"inLanguage\":\"vi-VI\",\"potentialAction\":[{\"@type\":\"ReadAction\",\"target\":[\"https:\\\/\\\/www.vwat.org\\\/vwat-free-tax-clinic-toronto\\\/\"]}]},{\"@type\":\"ImageObject\",\"inLanguage\":\"vi-VI\",\"@id\":\"https:\\\/\\\/www.vwat.org\\\/vwat-free-tax-clinic-toronto\\\/#primaryimage\",\"url\":\"https:\\\/\\\/www.vwat.org\\\/wp-content\\\/uploads\\\/2025\\\/10\\\/Screenshot-2025-10-15-143145-1024x792.png\",\"contentUrl\":\"https:\\\/\\\/www.vwat.org\\\/wp-content\\\/uploads\\\/2025\\\/10\\\/Screenshot-2025-10-15-143145-1024x792.png\"},{\"@type\":\"BreadcrumbList\",\"@id\":\"https:\\\/\\\/www.vwat.org\\\/vwat-free-tax-clinic-toronto\\\/#breadcrumb\",\"itemListElement\":[{\"@type\":\"ListItem\",\"position\":1,\"name\":\"Home\",\"item\":\"https:\\\/\\\/www.vwat.org\\\/vi\\\/\"},{\"@type\":\"ListItem\",\"position\":2,\"name\":\"VWAT Free Tax Clinic Toronto\"}]},{\"@type\":\"WebSite\",\"@id\":\"https:\\\/\\\/www.vwat.org\\\/#website\",\"url\":\"https:\\\/\\\/www.vwat.org\\\/\",\"name\":\"VWAT Family Services\",\"description\":\"Empowering Our Community\",\"publisher\":{\"@id\":\"https:\\\/\\\/www.vwat.org\\\/#organization\"},\"potentialAction\":[{\"@type\":\"SearchAction\",\"target\":{\"@type\":\"EntryPoint\",\"urlTemplate\":\"https:\\\/\\\/www.vwat.org\\\/?s={search_term_string}\"},\"query-input\":{\"@type\":\"PropertyValueSpecification\",\"valueRequired\":true,\"valueName\":\"search_term_string\"}}],\"inLanguage\":\"vi-VI\"},{\"@type\":\"Organization\",\"@id\":\"https:\\\/\\\/www.vwat.org\\\/#organization\",\"name\":\"VWAT Family Services\",\"url\":\"https:\\\/\\\/www.vwat.org\\\/\",\"logo\":{\"@type\":\"ImageObject\",\"inLanguage\":\"vi-VI\",\"@id\":\"https:\\\/\\\/www.vwat.org\\\/#\\\/schema\\\/logo\\\/image\\\/\",\"url\":\"https:\\\/\\\/www.vwat.org\\\/wp-content\\\/uploads\\\/2022\\\/06\\\/VWAT-e1655759543180.png\",\"contentUrl\":\"https:\\\/\\\/www.vwat.org\\\/wp-content\\\/uploads\\\/2022\\\/06\\\/VWAT-e1655759543180.png\",\"width\":150,\"height\":150,\"caption\":\"VWAT Family Services\"},\"image\":{\"@id\":\"https:\\\/\\\/www.vwat.org\\\/#\\\/schema\\\/logo\\\/image\\\/\"},\"sameAs\":[\"https:\\\/\\\/www.facebook.com\\\/vietnamese.womensassociationtoronto\",\"https:\\\/\\\/www.youtube.com\\\/channel\\\/UC3IxMLN1zCh0VHv7SvP4_oQ\"]}]}<\/script>\n<!-- \/ Yoast SEO Premium plugin. -->","yoast_head_json":{"title":"D\u1ecbch v\u1ee5 khai thu\u1ebf mi\u1ec5n ph\u00ed - VWAT Family Services","robots":{"index":"index","follow":"follow","max-snippet":"max-snippet:-1","max-image-preview":"max-image-preview:large","max-video-preview":"max-video-preview:-1"},"canonical":"https:\/\/www.vwat.org\/vwat-free-tax-clinic-toronto\/","og_locale":"en_US","og_type":"article","og_title":"D\u1ecbch v\u1ee5 khai thu\u1ebf mi\u1ec5n ph\u00ed - VWAT Family Services","og_url":"https:\/\/www.vwat.org\/vwat-free-tax-clinic-toronto\/","og_site_name":"VWAT Family Services","article_publisher":"https:\/\/www.facebook.com\/vietnamese.womensassociationtoronto","article_modified_time":"2025-10-15T20:27:55+00:00","og_image":[{"url":"https:\/\/www.vwat.org\/wp-content\/uploads\/2024\/02\/free-tax-clinic-toronto-1.jpg","type":"","width":"","height":""}],"twitter_card":"summary_large_image","twitter_misc":{"Est. reading time":"6 minutes"},"schema":{"@context":"https:\/\/schema.org","@graph":[{"@type":"WebPage","@id":"https:\/\/www.vwat.org\/vwat-free-tax-clinic-toronto\/","url":"https:\/\/www.vwat.org\/vwat-free-tax-clinic-toronto\/","name":"D\u1ecbch v\u1ee5 khai thu\u1ebf mi\u1ec5n ph\u00ed - VWAT Family Services","isPartOf":{"@id":"https:\/\/www.vwat.org\/#website"},"primaryImageOfPage":{"@id":"https:\/\/www.vwat.org\/vwat-free-tax-clinic-toronto\/#primaryimage"},"image":{"@id":"https:\/\/www.vwat.org\/vwat-free-tax-clinic-toronto\/#primaryimage"},"thumbnailUrl":"https:\/\/www.vwat.org\/wp-content\/uploads\/2025\/10\/Screenshot-2025-10-15-143145-1024x792.png","datePublished":"2024-02-13T12:02:48+00:00","dateModified":"2025-10-15T20:27:55+00:00","breadcrumb":{"@id":"https:\/\/www.vwat.org\/vwat-free-tax-clinic-toronto\/#breadcrumb"},"inLanguage":"vi-VI","potentialAction":[{"@type":"ReadAction","target":["https:\/\/www.vwat.org\/vwat-free-tax-clinic-toronto\/"]}]},{"@type":"ImageObject","inLanguage":"vi-VI","@id":"https:\/\/www.vwat.org\/vwat-free-tax-clinic-toronto\/#primaryimage","url":"https:\/\/www.vwat.org\/wp-content\/uploads\/2025\/10\/Screenshot-2025-10-15-143145-1024x792.png","contentUrl":"https:\/\/www.vwat.org\/wp-content\/uploads\/2025\/10\/Screenshot-2025-10-15-143145-1024x792.png"},{"@type":"BreadcrumbList","@id":"https:\/\/www.vwat.org\/vwat-free-tax-clinic-toronto\/#breadcrumb","itemListElement":[{"@type":"ListItem","position":1,"name":"Home","item":"https:\/\/www.vwat.org\/vi\/"},{"@type":"ListItem","position":2,"name":"VWAT Free Tax Clinic Toronto"}]},{"@type":"WebSite","@id":"https:\/\/www.vwat.org\/#website","url":"https:\/\/www.vwat.org\/","name":"VWAT Family Services","description":"Empowering Our Community","publisher":{"@id":"https:\/\/www.vwat.org\/#organization"},"potentialAction":[{"@type":"SearchAction","target":{"@type":"EntryPoint","urlTemplate":"https:\/\/www.vwat.org\/?s={search_term_string}"},"query-input":{"@type":"PropertyValueSpecification","valueRequired":true,"valueName":"search_term_string"}}],"inLanguage":"vi-VI"},{"@type":"Organization","@id":"https:\/\/www.vwat.org\/#organization","name":"VWAT Family Services","url":"https:\/\/www.vwat.org\/","logo":{"@type":"ImageObject","inLanguage":"vi-VI","@id":"https:\/\/www.vwat.org\/#\/schema\/logo\/image\/","url":"https:\/\/www.vwat.org\/wp-content\/uploads\/2022\/06\/VWAT-e1655759543180.png","contentUrl":"https:\/\/www.vwat.org\/wp-content\/uploads\/2022\/06\/VWAT-e1655759543180.png","width":150,"height":150,"caption":"VWAT Family Services"},"image":{"@id":"https:\/\/www.vwat.org\/#\/schema\/logo\/image\/"},"sameAs":["https:\/\/www.facebook.com\/vietnamese.womensassociationtoronto","https:\/\/www.youtube.com\/channel\/UC3IxMLN1zCh0VHv7SvP4_oQ"]}]}},"_links":{"self":[{"href":"https:\/\/www.vwat.org\/vi\/wp-json\/wp\/v2\/pages\/13468","targetHints":{"allow":["GET"]}}],"collection":[{"href":"https:\/\/www.vwat.org\/vi\/wp-json\/wp\/v2\/pages"}],"about":[{"href":"https:\/\/www.vwat.org\/vi\/wp-json\/wp\/v2\/types\/page"}],"author":[{"embeddable":true,"href":"https:\/\/www.vwat.org\/vi\/wp-json\/wp\/v2\/users\/4"}],"replies":[{"embeddable":true,"href":"https:\/\/www.vwat.org\/vi\/wp-json\/wp\/v2\/comments?post=13468"}],"version-history":[{"count":5,"href":"https:\/\/www.vwat.org\/vi\/wp-json\/wp\/v2\/pages\/13468\/revisions"}],"predecessor-version":[{"id":17619,"href":"https:\/\/www.vwat.org\/vi\/wp-json\/wp\/v2\/pages\/13468\/revisions\/17619"}],"wp:attachment":[{"href":"https:\/\/www.vwat.org\/vi\/wp-json\/wp\/v2\/media?parent=13468"}],"curies":[{"name":"wp","href":"https:\/\/api.w.org\/{rel}","templated":true}]}}