{"id":1409,"date":"2021-06-16T09:51:55","date_gmt":"2021-06-16T13:51:55","guid":{"rendered":"https:\/\/newsite2022.vwat.org?page_id=1409"},"modified":"2023-10-20T15:43:31","modified_gmt":"2023-10-20T19:43:31","slug":"cultural-events","status":"publish","type":"page","link":"https:\/\/www.vwat.org\/vi\/cultural-events\/","title":{"rendered":"Sinh ho\u1ea1t V\u0103n h\u00f3a"},"content":{"rendered":"<h2>Hai B\u00e0 Tr\u01b0ng: L\u1ec5 T\u01b0\u1edfng ni\u1ec7m Hai B\u00e0 Tr\u01b0ng<\/h2>\n<figure>\n\t\t\t\t\t\t\t\t\t\t<img loading=\"lazy\" decoding=\"async\" width=\"640\" height=\"624\" src=\"https:\/\/www.vwat.org\/wp-content\/uploads\/2022\/06\/My-project-4-e1654716092906-1024x998.jpg\" alt=\"\" loading=\"lazy\" \/><figcaption><\/figcaption><\/figure>\n<p>Hai B\u00e0 Tr\u01b0ng l\u00e0 nh\u1eefng nh\u00e0 l\u00e3nh \u0111\u1ea1o qu\u00e2n s\u1ef1 Vi\u1ec7t Nam \u0111\u00e3 n\u1ed5i d\u1eady ch\u1ed1ng l\u1ea1i \u00e1ch th\u1ed1ng tr\u1ecb c\u1ee7a Trung Qu\u1ed1c. Hai B\u00e0 Tr\u01b0ng Tr\u1eafc v\u00e0 Tr\u01b0ng Nh\u1ecb l\u00e0 nh\u1eefng v\u1ecb anh th\u01b0 d\u00e2n t\u1ed9c c\u1ee7a Vi\u1ec7t Nam. Hai B\u00e0 Tr\u01b0ng r\u1ea5t \u0111\u01b0\u1ee3c t\u00f4n k\u00ednh \u1edf Vi\u1ec7t Nam, v\u00ec h\u1ecd \u0111\u00e3 l\u00e3nh \u0111\u1ea1o phong tr\u00e0o kh\u00e1ng chi\u1ebfn \u0111\u1ea7u ti\u00ean ch\u1ed1ng l\u1ea1i s\u1ef1 \u0111\u00f4 h\u1ed9 su\u1ed1t 247 n\u0103m c\u1ee7a ng\u01b0\u1eddi Hoa.<\/p>\n<p>M\u1eb7c d\u00f9 cu\u1ed9c n\u1ed5i d\u1eady c\u1ee7a Hai B\u00e0 Tr\u01b0ng \u0111\u00e3 di\u1ec5n ra c\u00e1ch \u0111\u00e2y g\u1ea7n 2.000 n\u0103m, Hai B\u00e0 v\u1eabn \u0111\u01b0\u1ee3c coi l\u00e0 bi\u1ec3u t\u01b0\u1ee3ng qu\u1ed1c gia. H\u1ecd \u0111\u1ea1i di\u1ec7n cho n\u1ec1n \u0111\u1ed9c l\u1eadp c\u1ee7a Vi\u1ec7t Nam. H\u1ecd th\u01b0\u1eddng \u0111\u01b0\u1ee3c mi\u00eau t\u1ea3 l\u00e0 hai ng\u01b0\u1eddi ph\u1ee5 n\u1eef c\u01b0\u1ee1i hai con voi chi\u1ebfn kh\u1ed5ng l\u1ed3, v\u00e0 d\u1eabn d\u1eaft qu\u00e2n binh v\u00e0o tr\u1eadn chi\u1ebfn ch\u1ed1ng l\u1ea1i ng\u01b0\u1eddi Trung hoa. Hai B\u00e0 Tr\u01b0ng l\u00e0 hai ch\u1ecb em x\u1ea3 th\u00e2n v\u00ec n\u01b0\u1edbc, l\u00e0 bi\u1ec3u t\u01b0\u1ee3ng m\u1ea1nh m\u1ebd c\u1ee7a cu\u1ed9c kh\u00e1ng chi\u1ebfn v\u00e0 t\u1ef1 do c\u1ee7a ng\u01b0\u1eddi Vi\u1ec7t Nam.<\/p>\n<p>H\u00e0ng n\u0103m, VWAT Family Services t\u1ed5 ch\u1ee9c s\u1ef1 ki\u1ec7n n\u00e0y kh\u00f4ng ch\u1ec9 \u0111\u1ec3 tri \u00e2n hai v\u1ecb anh th\u01b0 n\u01b0\u1edbc Vi\u1ec7t m\u00e0 c\u00f2n \u0111\u1ec3 b\u1ea3o t\u1ed3n v\u00e0 chia s\u1ebb v\u0103n h\u00f3a Vi\u1ec7t Nam t\u1ea1i Canada.<\/p>\n<p>\u201cT\u1ea5t c\u1ea3 c\u00e1c anh h\u00f9ng nam \u0111\u1ec1u c\u00fai \u0111\u1ea7u khu\u1ea5t ph\u1ee5c; Ch\u1ec9 c\u00f3 hai ch\u1ecb em t\u1ef1 h\u00e0o \u0111\u1ee9ng l\u00ean b\u00e1o th\u00f9 cho \u0111\u1ea5t n\u01b0\u1edbc \u201d. T\u1eeb m\u1ed9t b\u00e0i th\u01a1 th\u1ebf k\u1ef7 15.<\/p>\n<p>\u0110\u1ecdc th\u00eam v\u1ec1 L\u1ec5 T\u01b0\u1edfng ni\u1ec7m Hai B\u00e0 Tr\u01b0ng 2023 <a href=\"https:\/\/www.vwat.org\/vi\/trung-sisters-commemoration\/\">t\u1ea1i \u0111\u00e2y<\/a>.<\/p>\n<blockquote>\n<blockquote>\n<p>\u00a0<\/p>\n<\/blockquote>\n<\/blockquote>\n<h2>T\u1ebft Trung Thu: H\u1ed9i R\u01b0\u1edbc \u0111\u00e8n Vi\u1ec7t Nam<\/h2>\n<figure>\n\t\t\t\t\t\t\t\t\t\t<img loading=\"lazy\" decoding=\"async\" width=\"1289\" height=\"1272\" src=\"https:\/\/www.vwat.org\/wp-content\/uploads\/2022\/05\/P9222836A-1-e1652751054856.jpg\" alt=\"\" loading=\"lazy\" \/><figcaption><\/figcaption><\/figure>\n<p>H\u1ed9i R\u01b0\u1edbc \u0111\u00e8n, c\u00f2n \u0111\u01b0\u1ee3c g\u1ecdi l\u00e0 T\u1ebft Tr\u00f4ng Tr\u0103ng ho\u1eb7c T\u1ebft Trung thu, l\u00e0 m\u1ed9t l\u1ec5 h\u1ed9i \u0111\u01b0\u1ee3c t\u1ed5 ch\u1ee9c r\u1ed9ng r\u00e3i kh\u1eafp \u0110\u00f4ng \u00c1 v\u00e0o m\u1ed9t ng\u00e0y tr\u0103ng tr\u00f2n. T\u1ebft Trung Thu, nh\u01b0 \u0111\u01b0\u1ee3c bi\u1ebft \u0111\u1ebfn \u1edf Vi\u1ec7t Nam, l\u00e0 th\u1eddi \u0111i\u1ec3m \u0111\u1ec3 gia \u0111\u00ecnh sum h\u1ecdp v\u00e0 m\u1eebng v\u1ee5 thu ho\u1ea1ch cu\u1ed1i h\u00e8 b\u1eb1ng b\u00e1nh trung thu, \u0111\u00e8n l\u1ed3ng v\u00e0 ng\u1eafm tr\u0103ng sao.<\/p>\n<p>N\u00f3 c\u0169ng th\u01b0\u1eddng \u0111\u01b0\u1ee3c g\u1ecdi l\u00e0 \u201cT\u1ebft Thi\u1ebfu nhi\u201d. Theo truy\u1ec1n th\u1ed1ng, ng\u01b0\u1eddi Vi\u1ec7t Nam tin r\u1eb1ng tr\u1ebb em l\u00e0 nh\u1eefng ng\u01b0\u1eddi h\u1ed3n nhi\u00ean nh\u1ea5t, c\u00f3 m\u1ed1i li\u00ean h\u1ec7 g\u1ea7n g\u0169i nh\u1ea5t v\u1edbi v\u1ebb \u0111\u1eb9p thi\u00eang li\u00eang, trong s\u00e1ng v\u00e0 t\u1ef1 nhi\u00ean c\u1ee7a th\u1ebf gi\u1edbi.<\/p>\n<p>H\u00e0ng n\u0103m, VWAT Family Services t\u1ed5 ch\u1ee9c l\u1ec5 h\u1ed9i n\u00e0y, quy t\u1ee5 c\u00e1c em nh\u1ecf, c\u00e1c b\u1eadc cha m\u1eb9 v\u00e0 \u00f4ng b\u00e0 c\u00f9ng ca h\u00e1t, nh\u1ea3y m\u00faa, xem M\u00faa l\u00e2n, \u0103n b\u00e1nh trung thu, ch\u01a1i c\u00e1c tr\u00f2 ch\u01a1i, trang tr\u00ed \u0111\u00e8n l\u1ed3ng v\u00e0 tham gia r\u01b0\u1edbc \u0111\u00e8n. \u0110\u00e8n l\u1ed3ng t\u01b0\u1ee3ng tr\u01b0ng cho nh\u1eefng ng\u1ecdn \u0111\u00e8n d\u1eabn \u0111\u01b0\u1eddng chi\u1ebfu s\u00e1ng l\u1ed1i \u0111\u01b0\u1eddng \u0111\u01b0a m\u1ecdi ng\u01b0\u1eddi \u0111\u1ebfn v\u1edbi s\u1ef1 th\u1ecbnh v\u01b0\u1ee3ng v\u00e0 may m\u1eafn.<\/p>\n<h2>H\u1ed9i Ch\u1ee3 T\u1ebft: T\u1ebft Nguy\u00ean \u0111\u00e1n c\u1ee7a Vi\u1ec7t Nam<\/h2>\n<figure>\n\t\t\t\t\t\t\t\t\t\t<img loading=\"lazy\" decoding=\"async\" width=\"1080\" height=\"1080\" src=\"https:\/\/www.vwat.org\/wp-content\/uploads\/2022\/06\/Hoi-Cho-Tet_adobe_express_adobe_express.jpeg\" alt=\"\" loading=\"lazy\" \/><figcaption><\/figcaption><\/figure>\n<p>T\u1ebft Nguy\u00ean \u0111\u00e1n hay T\u1ebft \u00c2m l\u1ecbch c\u1ee7a Vi\u1ec7t Nam l\u00e0 m\u1ed9t trong nh\u1eefng l\u1ec5 k\u1ef7 ni\u1ec7m quan tr\u1ecdng nh\u1ea5t trong v\u0103n h\u00f3a Vi\u1ec7t Nam. Ch\u1eef \u201cT\u1ebft\u201d l\u00e0 m\u1ed9t d\u1ea1ng r\u00fat g\u1ecdn c\u1ee7a T\u1ebft Nguy\u00ean \u0110\u00e1n, c\u00f3 ngu\u1ed3n g\u1ed1c t\u1eeb ti\u1ebfng Vi\u1ec7t c\u1ed5 c\u00f3 ngh\u0129a l\u00e0 \u201cL\u1ec5 h\u1ed9i s\u00e1ng m\u00f9ng M\u1ed9t\u201d. Theo l\u1ecbch Vi\u1ec7t Nam, T\u1ebft l\u00e0 th\u1eddi \u0111i\u1ec3m \u0111\u00f3n xu\u00e2n v\u1ec1. Nhi\u1ec1u phong t\u1ee5c v\u00e0 t\u1eadp qu\u00e1n \u0111\u01b0\u1ee3c th\u1ef1c hi\u1ec7n trong ng\u00e0y T\u1ebft nh\u01b0 \u0111i th\u0103m nh\u00e0 ng\u01b0\u1eddi kh\u00e1c v\u00e0o ng\u00e0y \u0111\u1ea7u n\u0103m m\u1edbi (x\u00f4ng nh\u00e0), c\u00fang t\u1ed5 ti\u00ean, ch\u00fac T\u1ebft, m\u1eebng tu\u1ed5i cho tr\u1ebb em v\u00e0 ng\u01b0\u1eddi gi\u00e0, th\u0103m h\u1ecfi h\u1ecd h\u00e0ng, b\u1ea1n b\u00e8. v\u00e0 h\u00e0ng x\u00f3m.<\/p>\n<p>H\u00e0ng n\u0103m, c\u00e1c th\u00e0nh vi\u00ean H\u1ed9i \u0111\u1ed3ng Qu\u1ea3n tr\u1ecb VWAT, nh\u00e2n vi\u00ean v\u00e0 c\u00e1c th\u00e0nh vi\u00ean cao ni\u00ean c\u00f9ng nhau \u0111\u00f3n T\u1ebft Nguy\u00ean \u0111\u00e1n b\u1eb1ng m\u1ed9t b\u1eefa ti\u1ec7c g\u00f3p th\u1ee9c \u0103n. Ch\u00fang t\u00f4i c\u0169ng nh\u00e2n c\u01a1 h\u1ed9i n\u00e0y \u0111\u1ec3 ghi nh\u1eadn s\u1ef1 cam k\u1ebft v\u00e0 c\u1ed1ng hi\u1ebfn c\u1ee7a c\u00e1c T\u00ecnh nguy\u1ec7n vi\u00ean cao c\u1ea5p trong c\u1ed9ng \u0111\u1ed3ng c\u1ee7a ch\u00fang t\u00f4i. S\u1ef1 ki\u1ec7n n\u00e0y quy t\u1ee5 c\u00e1c th\u00e0nh vi\u00ean cao ni\u00ean trong c\u1ed9ng \u0111\u1ed3ng c\u1ee7a ch\u00fang t\u00f4i \u0111\u1ec3 chia s\u1ebb ni\u1ec1m vui v\u00e0 ti\u1ebfng c\u01b0\u1eddi c\u0169ng nh\u01b0 nu\u00f4i d\u01b0\u1ee1ng t\u00ecnh b\u1ea1n tuy\u1ec7t v\u1eddi, v\u1edbi nhi\u1ec1u ng\u01b0\u1eddi cao ni\u00ean c\u1ee7a ch\u00fang t\u00f4i tr\u1edf th\u00e0nh b\u1ea1n b\u00e8 v\u00e0 ng\u01b0\u1eddi \u0111\u1ed3ng h\u00e0nh l\u00e2u d\u00e0i.<\/p>\n","protected":false},"excerpt":{"rendered":"<p>Hai B\u00e0 Tr\u01b0ng: L\u1ec5 T\u01b0\u1edfng ni\u1ec7m Hai B\u00e0 Tr\u01b0ng Hai B\u00e0 Tr\u01b0ng l\u00e0 nh\u1eefng nh\u00e0 l\u00e3nh \u0111\u1ea1o qu\u00e2n s\u1ef1 Vi\u1ec7t [&hellip;]<\/p>\n","protected":false},"author":2,"featured_media":4601,"parent":0,"menu_order":0,"comment_status":"closed","ping_status":"closed","template":"elementor_header_footer","meta":{"nf_dc_page":"","content-type":"","footnotes":""},"class_list":["post-1409","page","type-page","status-publish","has-post-thumbnail","hentry"],"translation":{"provider":"WPGlobus","version":"3.0.2","language":"vi","enabled_languages":["ca","vi","it","es","pt"],"languages":{"ca":{"title":true,"content":true,"excerpt":false},"vi":{"title":true,"content":true,"excerpt":false},"it":{"title":false,"content":false,"excerpt":false},"es":{"title":false,"content":false,"excerpt":false},"pt":{"title":false,"content":false,"excerpt":false}}},"yoast_head":"<!-- This site is optimized with the Yoast SEO Premium plugin v27.2 (Yoast SEO v27.4) - https:\/\/yoast.com\/product\/yoast-seo-premium-wordpress\/ -->\n<title>Sinh ho\u1ea1t V\u0103n h\u00f3a - VWAT Family Services<\/title>\n<meta name=\"robots\" content=\"index, follow, max-snippet:-1, max-image-preview:large, max-video-preview:-1\" \/>\n<link rel=\"canonical\" href=\"https:\/\/www.vwat.org\/cultural-events\/\" \/>\n<meta property=\"og:locale\" content=\"en_US\" \/>\n<meta property=\"og:type\" content=\"article\" \/>\n<meta property=\"og:title\" content=\"Sinh ho\u1ea1t V\u0103n h\u00f3a - VWAT Family Services\" \/>\n<meta property=\"og:url\" content=\"https:\/\/www.vwat.org\/cultural-events\/\" \/>\n<meta property=\"og:site_name\" content=\"VWAT Family Services\" \/>\n<meta property=\"article:publisher\" content=\"https:\/\/www.facebook.com\/vietnamese.womensassociationtoronto\" \/>\n<meta property=\"article:modified_time\" content=\"2023-10-20T19:43:31+00:00\" \/>\n<meta property=\"og:image\" content=\"https:\/\/www.vwat.org\/wp-content\/uploads\/2022\/05\/DSC_1505-1.jpg\" \/>\n\t<meta property=\"og:image:width\" content=\"1920\" \/>\n\t<meta property=\"og:image:height\" content=\"1280\" \/>\n\t<meta property=\"og:image:type\" content=\"image\/jpeg\" \/>\n<meta name=\"twitter:card\" content=\"summary_large_image\" \/>\n<meta name=\"twitter:label1\" content=\"Est. reading time\" \/>\n\t<meta name=\"twitter:data1\" content=\"1 minute\" \/>\n<script type=\"application\/ld+json\" class=\"yoast-schema-graph\">{\"@context\":\"https:\\\/\\\/schema.org\",\"@graph\":[{\"@type\":\"WebPage\",\"@id\":\"https:\\\/\\\/www.vwat.org\\\/cultural-events\\\/\",\"url\":\"https:\\\/\\\/www.vwat.org\\\/cultural-events\\\/\",\"name\":\"Sinh ho\u1ea1t V\u0103n h\u00f3a - VWAT Family Services\",\"isPartOf\":{\"@id\":\"https:\\\/\\\/www.vwat.org\\\/#website\"},\"primaryImageOfPage\":{\"@id\":\"https:\\\/\\\/www.vwat.org\\\/cultural-events\\\/#primaryimage\"},\"image\":{\"@id\":\"https:\\\/\\\/www.vwat.org\\\/cultural-events\\\/#primaryimage\"},\"thumbnailUrl\":\"https:\\\/\\\/www.vwat.org\\\/wp-content\\\/uploads\\\/2022\\\/05\\\/DSC_1505-1.jpg\",\"datePublished\":\"2021-06-16T13:51:55+00:00\",\"dateModified\":\"2023-10-20T19:43:31+00:00\",\"breadcrumb\":{\"@id\":\"https:\\\/\\\/www.vwat.org\\\/cultural-events\\\/#breadcrumb\"},\"inLanguage\":\"vi-VI\",\"potentialAction\":[{\"@type\":\"ReadAction\",\"target\":[\"https:\\\/\\\/www.vwat.org\\\/cultural-events\\\/\"]}]},{\"@type\":\"ImageObject\",\"inLanguage\":\"vi-VI\",\"@id\":\"https:\\\/\\\/www.vwat.org\\\/cultural-events\\\/#primaryimage\",\"url\":\"https:\\\/\\\/www.vwat.org\\\/wp-content\\\/uploads\\\/2022\\\/05\\\/DSC_1505-1.jpg\",\"contentUrl\":\"https:\\\/\\\/www.vwat.org\\\/wp-content\\\/uploads\\\/2022\\\/05\\\/DSC_1505-1.jpg\",\"width\":1920,\"height\":1280},{\"@type\":\"BreadcrumbList\",\"@id\":\"https:\\\/\\\/www.vwat.org\\\/cultural-events\\\/#breadcrumb\",\"itemListElement\":[{\"@type\":\"ListItem\",\"position\":1,\"name\":\"Home\",\"item\":\"https:\\\/\\\/www.vwat.org\\\/vi\\\/\"},{\"@type\":\"ListItem\",\"position\":2,\"name\":\"Vietnamese Lunar New Year Celebration\u200b &#8211; H\u1ed9i Ch\u1ee3 T\u1ebft\"}]},{\"@type\":\"WebSite\",\"@id\":\"https:\\\/\\\/www.vwat.org\\\/#website\",\"url\":\"https:\\\/\\\/www.vwat.org\\\/\",\"name\":\"VWAT Family Services\",\"description\":\"Empowering Our Community\",\"publisher\":{\"@id\":\"https:\\\/\\\/www.vwat.org\\\/#organization\"},\"potentialAction\":[{\"@type\":\"SearchAction\",\"target\":{\"@type\":\"EntryPoint\",\"urlTemplate\":\"https:\\\/\\\/www.vwat.org\\\/?s={search_term_string}\"},\"query-input\":{\"@type\":\"PropertyValueSpecification\",\"valueRequired\":true,\"valueName\":\"search_term_string\"}}],\"inLanguage\":\"vi-VI\"},{\"@type\":\"Organization\",\"@id\":\"https:\\\/\\\/www.vwat.org\\\/#organization\",\"name\":\"VWAT Family Services\",\"url\":\"https:\\\/\\\/www.vwat.org\\\/\",\"logo\":{\"@type\":\"ImageObject\",\"inLanguage\":\"vi-VI\",\"@id\":\"https:\\\/\\\/www.vwat.org\\\/#\\\/schema\\\/logo\\\/image\\\/\",\"url\":\"https:\\\/\\\/www.vwat.org\\\/wp-content\\\/uploads\\\/2022\\\/06\\\/VWAT-e1655759543180.png\",\"contentUrl\":\"https:\\\/\\\/www.vwat.org\\\/wp-content\\\/uploads\\\/2022\\\/06\\\/VWAT-e1655759543180.png\",\"width\":150,\"height\":150,\"caption\":\"VWAT Family Services\"},\"image\":{\"@id\":\"https:\\\/\\\/www.vwat.org\\\/#\\\/schema\\\/logo\\\/image\\\/\"},\"sameAs\":[\"https:\\\/\\\/www.facebook.com\\\/vietnamese.womensassociationtoronto\",\"https:\\\/\\\/www.youtube.com\\\/channel\\\/UC3IxMLN1zCh0VHv7SvP4_oQ\"]}]}<\/script>\n<!-- \/ Yoast SEO Premium plugin. -->","yoast_head_json":{"title":"Sinh ho\u1ea1t V\u0103n h\u00f3a - VWAT Family Services","robots":{"index":"index","follow":"follow","max-snippet":"max-snippet:-1","max-image-preview":"max-image-preview:large","max-video-preview":"max-video-preview:-1"},"canonical":"https:\/\/www.vwat.org\/cultural-events\/","og_locale":"en_US","og_type":"article","og_title":"Sinh ho\u1ea1t V\u0103n h\u00f3a - VWAT Family Services","og_url":"https:\/\/www.vwat.org\/cultural-events\/","og_site_name":"VWAT Family Services","article_publisher":"https:\/\/www.facebook.com\/vietnamese.womensassociationtoronto","article_modified_time":"2023-10-20T19:43:31+00:00","og_image":[{"width":1920,"height":1280,"url":"https:\/\/www.vwat.org\/wp-content\/uploads\/2022\/05\/DSC_1505-1.jpg","type":"image\/jpeg"}],"twitter_card":"summary_large_image","twitter_misc":{"Est. reading time":"1 minute"},"schema":{"@context":"https:\/\/schema.org","@graph":[{"@type":"WebPage","@id":"https:\/\/www.vwat.org\/cultural-events\/","url":"https:\/\/www.vwat.org\/cultural-events\/","name":"Sinh ho\u1ea1t V\u0103n h\u00f3a - VWAT Family Services","isPartOf":{"@id":"https:\/\/www.vwat.org\/#website"},"primaryImageOfPage":{"@id":"https:\/\/www.vwat.org\/cultural-events\/#primaryimage"},"image":{"@id":"https:\/\/www.vwat.org\/cultural-events\/#primaryimage"},"thumbnailUrl":"https:\/\/www.vwat.org\/wp-content\/uploads\/2022\/05\/DSC_1505-1.jpg","datePublished":"2021-06-16T13:51:55+00:00","dateModified":"2023-10-20T19:43:31+00:00","breadcrumb":{"@id":"https:\/\/www.vwat.org\/cultural-events\/#breadcrumb"},"inLanguage":"vi-VI","potentialAction":[{"@type":"ReadAction","target":["https:\/\/www.vwat.org\/cultural-events\/"]}]},{"@type":"ImageObject","inLanguage":"vi-VI","@id":"https:\/\/www.vwat.org\/cultural-events\/#primaryimage","url":"https:\/\/www.vwat.org\/wp-content\/uploads\/2022\/05\/DSC_1505-1.jpg","contentUrl":"https:\/\/www.vwat.org\/wp-content\/uploads\/2022\/05\/DSC_1505-1.jpg","width":1920,"height":1280},{"@type":"BreadcrumbList","@id":"https:\/\/www.vwat.org\/cultural-events\/#breadcrumb","itemListElement":[{"@type":"ListItem","position":1,"name":"Home","item":"https:\/\/www.vwat.org\/vi\/"},{"@type":"ListItem","position":2,"name":"Vietnamese Lunar New Year Celebration\u200b &#8211; H\u1ed9i Ch\u1ee3 T\u1ebft"}]},{"@type":"WebSite","@id":"https:\/\/www.vwat.org\/#website","url":"https:\/\/www.vwat.org\/","name":"VWAT Family Services","description":"Empowering Our Community","publisher":{"@id":"https:\/\/www.vwat.org\/#organization"},"potentialAction":[{"@type":"SearchAction","target":{"@type":"EntryPoint","urlTemplate":"https:\/\/www.vwat.org\/?s={search_term_string}"},"query-input":{"@type":"PropertyValueSpecification","valueRequired":true,"valueName":"search_term_string"}}],"inLanguage":"vi-VI"},{"@type":"Organization","@id":"https:\/\/www.vwat.org\/#organization","name":"VWAT Family Services","url":"https:\/\/www.vwat.org\/","logo":{"@type":"ImageObject","inLanguage":"vi-VI","@id":"https:\/\/www.vwat.org\/#\/schema\/logo\/image\/","url":"https:\/\/www.vwat.org\/wp-content\/uploads\/2022\/06\/VWAT-e1655759543180.png","contentUrl":"https:\/\/www.vwat.org\/wp-content\/uploads\/2022\/06\/VWAT-e1655759543180.png","width":150,"height":150,"caption":"VWAT Family Services"},"image":{"@id":"https:\/\/www.vwat.org\/#\/schema\/logo\/image\/"},"sameAs":["https:\/\/www.facebook.com\/vietnamese.womensassociationtoronto","https:\/\/www.youtube.com\/channel\/UC3IxMLN1zCh0VHv7SvP4_oQ"]}]}},"_links":{"self":[{"href":"https:\/\/www.vwat.org\/vi\/wp-json\/wp\/v2\/pages\/1409","targetHints":{"allow":["GET"]}}],"collection":[{"href":"https:\/\/www.vwat.org\/vi\/wp-json\/wp\/v2\/pages"}],"about":[{"href":"https:\/\/www.vwat.org\/vi\/wp-json\/wp\/v2\/types\/page"}],"author":[{"embeddable":true,"href":"https:\/\/www.vwat.org\/vi\/wp-json\/wp\/v2\/users\/2"}],"replies":[{"embeddable":true,"href":"https:\/\/www.vwat.org\/vi\/wp-json\/wp\/v2\/comments?post=1409"}],"version-history":[{"count":0,"href":"https:\/\/www.vwat.org\/vi\/wp-json\/wp\/v2\/pages\/1409\/revisions"}],"wp:featuredmedia":[{"embeddable":true,"href":"https:\/\/www.vwat.org\/vi\/wp-json\/wp\/v2\/media\/4601"}],"wp:attachment":[{"href":"https:\/\/www.vwat.org\/vi\/wp-json\/wp\/v2\/media?parent=1409"}],"curies":[{"name":"wp","href":"https:\/\/api.w.org\/{rel}","templated":true}]}}