{"id":18058,"date":"2025-12-17T10:00:29","date_gmt":"2025-12-17T15:00:29","guid":{"rendered":"https:\/\/www.vwat.org\/?page_id=18058"},"modified":"2025-12-17T10:08:23","modified_gmt":"2025-12-17T15:08:23","slug":"vwats-annual-childrens-holiday-party-2025-vi","status":"publish","type":"page","link":"https:\/\/www.vwat.org\/vi\/vwats-annual-childrens-holiday-party-2025-vi\/","title":{"rendered":"H\u1ed9i Ph\u1ee5 N\u1eef Vi\u1ec7t Nam Toronto M\u1eebng Gi\u00e1ng Sinh C\u00f9ng Thi\u1ebfu Nhi"},"content":{"rendered":"\n<p class=\"\">V\u00e0o Th\u1ee9 B\u1ea3y, ng\u00e0y 13 th\u00e1ng 12 n\u0103m 2025, H\u1ed9i Ph\u1ee5 n\u1eef Vi\u1ec7t Nam Toronto \u0111\u00e3 t\u1ed5 ch\u1ee9c B\u1eefa ti\u1ec7c Gi\u00e1ng sinh th\u01b0\u1eddng ni\u00ean d\u00e0nh cho tr\u1ebb em l\u1ea7n th\u1ee9 4 t\u1ea1i Domenico DiLuca Community Centre (25 Stanley Rd, North York). S\u1ef1 ki\u1ec7n di\u1ec5n ra t\u1eeb 12 gi\u1edd tr\u01b0a \u0111\u1ebfn 5 gi\u1edd chi\u1ec1u, thu h\u00fat g\u1ea7n 80 ph\u1ee5 huynh c\u00f9ng v\u1edbi con em, v\u00e0 h\u01a1n 20 thi\u1ec7n nguy\u1ec7n vi\u00ean, mang \u0111\u1ebfn m\u1ed9t bu\u1ed5i chi\u1ec1u tr\u00e0n ng\u1eadp ti\u1ebfng c\u01b0\u1eddi, ni\u1ec1m vui v\u00e0 h\u01a1i \u1ea5m m\u00f9a l\u1ec5 h\u1ed9i. Bu\u1ed5i ti\u1ec7c vinh d\u1ef1 c\u00f3 s\u1ef1 hi\u1ec7n di\u1ec7n c\u1ee7a \u00f4ng Tom Rakocevic, Ngh\u1ecb s\u0129 t\u1ec9nh bang Ontario, \u0111\u1ea1i di\u1ec7n khu v\u1ef1c Humber River \u2014Black Creek, v\u00e0 \u00f4ng Anthony Perruzza, \u1ee6y vi\u00ean H\u1ed9i \u0111\u1ed3ng Th\u00e0nh ph\u1ed1 Toronto.<strong>&nbsp;<\/strong><\/p>\n\n\n\n<p class=\"\">C\u00e1c em thi\u1ebfu nhi c\u00f9ng gia \u0111\u00ecnh \u0111\u00e3 h\u00e0o h\u1ee9ng tham gia nhi\u1ec1u ho\u1ea1t \u0111\u1ed9ng th\u00fa v\u1ecb nh\u01b0 v\u1ebd tranh, t\u00f4 m\u00e0u, v\u1ebd m\u1eb7t (face painting), l\u00e0m \u0111\u1ed3 th\u1ee7 c\u00f4ng v\u00e0 c\u00e1c tr\u00f2 ch\u01a1i s\u00f4i \u0111\u1ed9ng do \u0111\u1ed9i ng\u0169 thi\u1ec7n nguy\u1ec7n vi\u00ean thanh thi\u1ebfu ni\u00ean c\u1ee7a H\u1ed9i ph\u1ee5 tr\u00e1ch. \u0110i\u1ec3m nh\u1ea5n \u0111\u1eb7c bi\u1ec7t c\u1ee7a bu\u1ed5i ti\u1ec7c l\u00e0 s\u1ef1 xu\u1ea5t hi\u1ec7n c\u1ee7a \u00f4ng gi\u00e0 Noel v\u1edbi nh\u1eefng h\u1ed9p qu\u00e0 \u0111\u01b0\u1ee3c chu\u1ea9n b\u1ecb chu \u0111\u00e1o d\u00e0nh t\u1eb7ng t\u1eebng em nh\u1ecf. Nh\u1eefng n\u1ee5 c\u01b0\u1eddi r\u1ea1ng r\u1ee1 v\u00e0 \u00e1nh m\u1eaft l\u1ea5p l\u00e1nh khi c\u00e1c em m\u1edf qu\u00e0, \u0111\u00e3 l\u00e0m s\u00e1ng b\u1eebng c\u1ea3 kh\u00f4ng gian, \u0111\u1eb7c bi\u1ec7t khi c\u00e1c em \u0111\u00f3n nh\u1eadn nh\u1eefng ph\u1ea7n qu\u00e0 \u0111\u01b0\u1ee3c t\u00e0i tr\u1ee3 ch\u00ednh t\u1eeb qu\u1ef9 Santa Claus- b\u00e1o Toronto Star (The Toronto Star Santa Claus Fun, c\u00f9ng v\u1edbi nh\u1eefng con g\u1ea5u b\u00f4ng d\u1ec5 th\u01b0\u01a1ng \u0111\u01b0\u1ee3c GANZ t\u1eb7ng.<\/p>\n\n\n\n<p class=\"\">N\u0103m nay, ch\u01b0\u01a1ng tr\u00ecnh c\u00f2n c\u00f3 ti\u1ebft m\u1ee5c bi\u1ec3u di\u1ec5n v\u00f4 c\u00f9ng \u0111\u00e1ng y\u00eau c\u1ee7a c\u00e1c em tham gia <em>Rhythm and Resilience \u2013 Dance for Connection and Resilience<\/em>\u2013 m\u1ed9t d\u1ef1 \u00e1n \u00fd ngh\u0129a do H\u1ed9i th\u1ef1c hi\u1ec7n t\u1eeb th\u00e1ng 8\/2025, \u0111\u01b0\u1ee3c t\u00e0i tr\u1ee3 b\u1edfi Toronto Urban Health Fund (TUHF) \u2013 Th\u00e0nh ph\u1ed1 Toronto. D\u00e0nh cho tr\u1ebb t\u1eeb 8\u201314 tu\u1ed5i, ch\u01b0\u01a1ng tr\u00ecnh gi\u00fap c\u00e1c em x\u00e2y d\u1ef1ng s\u1ef1 g\u1eafn k\u1ebft, h\u1ecdc c\u00e1ch b\u00e0y t\u1ecf v\u00e0 qu\u1ea3n l\u00fd c\u1ea3m x\u00fac th\u00f4ng qua v\u0169 \u0111\u1ea1o, tr\u00f2 chuy\u1ec7n v\u00e0 ho\u1ea1t \u0111\u1ed9ng nh\u00f3m. D\u01b0\u1edbi s\u1ef1 d\u1eabn d\u1eaft c\u1ee7a hu\u1ea5n luy\u1ec7n vi\u00ean chuy\u00ean nghi\u1ec7p, c\u00f9ng ba c\u1ed1 v\u1ea5n \u0111\u1ed3ng trang l\u1ee9a, c\u00e1c em \u0111\u00e3 mang \u0111\u1ebfn m\u1ed9t ti\u1ebft m\u1ee5c tr\u00e0n \u0111\u1ea7y n\u0103ng l\u01b0\u1ee3ng, th\u1ec3 hi\u1ec7n s\u1ef1 ti\u1ebfn b\u1ed9, n\u1ed7 l\u1ef1c v\u00e0 ni\u1ec1m t\u1ef1 h\u00e0o khi c\u00e1c em c\u1ea3m th\u1ea5y m\u00ecnh thu\u1ed9c v\u1ec1 m\u1ed9t c\u1ed9ng \u0111\u1ed3ng t\u00edch c\u1ef1c, n\u01a1i c\u00e1c em \u0111\u01b0\u1ee3c l\u00e0 ch\u00ednh m\u00ecnh v\u00e0 \u0111\u01b0\u1ee3c d\u1eabn d\u1eaft trong vi\u1ec7c t\u00ecm hi\u1ec3u v\u1ec1 c\u1ea3m x\u00fac. Ti\u1ebft m\u1ee5c kh\u00f4ng ch\u1ec9 l\u00e0 m\u00e0n tr\u00ecnh di\u1ec5n c\u1ee7a c\u1ea3 nh\u00f3m, m\u00e0 c\u00f2n l\u00e0 l\u1eddi m\u1eddi g\u1ecdi gia \u0111\u00ecnh, b\u1ea1n b\u00e8 c\u00f9ng ch\u1ee9ng ki\u1ebfn s\u1ef1 thay \u0111\u1ed5i t\u00edch c\u1ef1c c\u1ee7a c\u00e1c em.&nbsp;<\/p>\n\n\n\n<p class=\"\">S\u1ef1 ki\u1ec7n kh\u00f4ng th\u1ec3 th\u00e0nh c\u00f4ng n\u1ebfu thi\u1ebfu \u0111\u1ed9i ng\u0169 thi\u1ec7n nguy\u1ec7n vi\u00ean tuy\u1ec7t v\u1eddi \u2013 \u0111\u1eb7c bi\u1ec7t l\u00e0 c\u00e1c b\u1ea1n thanh thi\u1ebfu ni\u00ean c\u1ee7a H\u1ed9i. C\u00e1c em \u0111\u00e3 \u0111\u1ebfn t\u1eeb r\u1ea5t s\u1edbm \u0111\u1ec3 trang tr\u00ed, chu\u1ea9n b\u1ecb c\u00e1c ho\u1ea1t \u0111\u1ed9ng, h\u01b0\u1edbng d\u1eabn tr\u00f2 ch\u01a1i, v\u00e0 \u1edf l\u1ea1i \u0111\u1ebfn cu\u1ed1i c\u00f9ng \u0111\u1ec3 d\u1ecdn d\u1eb9p. S\u1ef1 h\u1ed7 tr\u1ee3 v\u00e0 tinh th\u1ea7n l\u00e0m vi\u1ec7c nh\u00f3m c\u1ee7a c\u00e1c em \u0111\u00e3 t\u1ea1o n\u00ean m\u1ed9t ng\u00e0y th\u1eadt s\u1ef1 k\u1ef3 di\u1ec7u cho c\u00e1c b\u00e9 v\u00e0 gia \u0111\u00ecnh.<\/p>\n\n\n\n<p class=\"\">\u201cNh\u1eefng s\u1ef1 ki\u1ec7n nh\u01b0 th\u1ebf n\u00e0y nh\u1eafc nh\u1edf ch\u00fang ta v\u1ec1 gi\u00e1 tr\u1ecb c\u1ee7a s\u1ef1 g\u1eafn k\u1ebft c\u1ed9ng \u0111\u1ed3ng, v\u1ec1 vi\u1ec7c c\u00f9ng nhau chia s\u1ebb ni\u1ec1m vui v\u00e0 h\u1ed7 tr\u1ee3 l\u1eabn nhau. B\u1eefa ti\u1ec7c Gi\u00e1ng sinh kh\u00f4ng ch\u1ec9 mang \u0111\u1ebfn cho c\u00e1c em c\u01a1 h\u1ed9i vui ch\u01a1i, k\u1ebft b\u1ea1n m\u1edbi, t\u1ea1o k\u1ef7 ni\u1ec7m \u0111\u1eb9p, m\u00e0 hi v\u1ecdng c\u00f2n c\u00f3 th\u1ec3 gi\u00fap c\u00e1c b\u1eadc ph\u1ee5 huynh c\u00f3 nh\u1eefng ph\u00fat gi\u00e2y th\u01b0 gi\u00e3n qu\u00fd gi\u00e1 trong m\u00f9a l\u1ec5 b\u1eadn r\u1ed9n. Ch\u00fang t\u00f4i xin g\u1eedi l\u1eddi tri \u00e2n s\u00e2u s\u1eafc \u0111\u1ebfn t\u1ea5t c\u1ea3 qu\u00fd ph\u1ee5 huynh, c\u00e1c em nh\u1ecf, \u0111\u1ed9i ng\u0169 thi\u1ec7n nguy\u1ec7n vi\u00ean, nh\u00e0 t\u00e0i tr\u1ee3 Toronto Urban Health Fund, qu\u1ef9 Santa Claus c\u1ee7a Toronto Star, GANZ, v\u00e0 nh\u1eefng ng\u01b0\u1eddi \u0111\u00e3 \u0111\u1ed3ng h\u00e0nh. Ch\u00ednh n\u1ee5 c\u01b0\u1eddi v\u00e0 ni\u1ec1m h\u1ea1nh ph\u00fac c\u1ee7a c\u00e1c em l\u00e0 ngu\u1ed3n \u0111\u1ed9ng vi\u00ean qu\u00fd gi\u00e1 nh\u1ea5t \u0111\u1ec3 H\u1ed9i ti\u1ebfp t\u1ee5c h\u00e0nh tr\u00ecnh n\u00e0y. Khi ch\u00fang ta \u0111\u00f3n nh\u1eadn tinh th\u1ea7n c\u1ee7a m\u00f9a l\u1ec5 h\u1ed9i, H\u1ed9i mu\u1ed1n g\u1eedi \u0111\u1ebfn c\u00e1c em v\u00e0 nh\u1eefng ng\u01b0\u1eddi th\u00e2n y\u00eau nh\u1eefng l\u1eddi ch\u00fac t\u1ed1t \u0111\u1eb9p nh\u1ea5t cho m\u1ed9t m\u00f9a l\u1ec5 tr\u00e0n \u0111\u1ea7y an nhi\u00ean, ni\u1ec1m vui v\u00e0 s\u1ef1 \u1ea5m \u00e1p t\u1eeb tr\u00e1i tim\u201d, b\u00e0 Ho\u00e0ng B\u00ecnh Minh, Ch\u1ee7 t\u1ecbch H\u1ed9i Ph\u1ee5 N\u1eef Vi\u1ec7t Nam Toronto, n\u00f3i.&nbsp;<\/p>\n\n\n\n<p class=\"\">Bu\u1ed5i ti\u1ec7c Gi\u00e1ng Sinh do H\u1ed9i Ph\u1ee5 N\u1eef t\u1ed5 ch\u1ee9c \u0111\u00e3 k\u1ebft th\u00fac v\u00e0o l\u00fac 5 gi\u1edd chi\u1ec1u c\u00f9ng ng\u00e0y.&nbsp;<\/p>\n\n\n\n<figure class=\"wp-block-image size-large\"><img loading=\"lazy\" decoding=\"async\" width=\"1024\" height=\"768\" loading=\"lazy\" src=\"https:\/\/www.vwat.org\/wp-content\/uploads\/2025\/12\/thumbnail_IMG_2781-1-1024x768.jpg\" alt=\"\" class=\"wp-image-18076\" srcset=\"https:\/\/www.vwat.org\/wp-content\/uploads\/2025\/12\/thumbnail_IMG_2781-1-1024x768.jpg 1024w, https:\/\/www.vwat.org\/wp-content\/uploads\/2025\/12\/thumbnail_IMG_2781-1-300x225.jpg 300w, https:\/\/www.vwat.org\/wp-content\/uploads\/2025\/12\/thumbnail_IMG_2781-1-768x576.jpg 768w, https:\/\/www.vwat.org\/wp-content\/uploads\/2025\/12\/thumbnail_IMG_2781-1-1536x1152.jpg 1536w, https:\/\/www.vwat.org\/wp-content\/uploads\/2025\/12\/thumbnail_IMG_2781-1.jpg 1920w\" sizes=\"auto, (max-width: 1024px) 100vw, 1024px\" \/><\/figure>\n\n\n\n<figure class=\"wp-block-image size-large\"><img loading=\"lazy\" decoding=\"async\" width=\"768\" height=\"1024\" loading=\"lazy\" src=\"https:\/\/www.vwat.org\/wp-content\/uploads\/2025\/12\/IMG_2818-768x1024.webp\" alt=\"\" class=\"wp-image-18059\" srcset=\"https:\/\/www.vwat.org\/wp-content\/uploads\/2025\/12\/IMG_2818-768x1024.webp 768w, https:\/\/www.vwat.org\/wp-content\/uploads\/2025\/12\/IMG_2818-225x300.webp 225w, https:\/\/www.vwat.org\/wp-content\/uploads\/2025\/12\/IMG_2818-1152x1536.webp 1152w, https:\/\/www.vwat.org\/wp-content\/uploads\/2025\/12\/IMG_2818.webp 1512w\" sizes=\"auto, (max-width: 768px) 100vw, 768px\" \/><\/figure>\n\n\n\n<figure class=\"wp-block-gallery has-nested-images columns-default is-cropped wp-block-gallery-1 is-layout-flex wp-block-gallery-is-layout-flex\">\n<figure class=\"wp-block-image size-large\"><img loading=\"lazy\" decoding=\"async\" width=\"768\" height=\"1024\" loading=\"lazy\" data-id=\"18065\" src=\"https:\/\/www.vwat.org\/wp-content\/uploads\/2025\/12\/thumbnail_IMG_2774-768x1024.jpg\" alt=\"\" class=\"wp-image-18065\" srcset=\"https:\/\/www.vwat.org\/wp-content\/uploads\/2025\/12\/thumbnail_IMG_2774-768x1024.jpg 768w, https:\/\/www.vwat.org\/wp-content\/uploads\/2025\/12\/thumbnail_IMG_2774-225x300.jpg 225w, https:\/\/www.vwat.org\/wp-content\/uploads\/2025\/12\/thumbnail_IMG_2774-1152x1536.jpg 1152w, https:\/\/www.vwat.org\/wp-content\/uploads\/2025\/12\/thumbnail_IMG_2774.jpg 1440w\" sizes=\"auto, (max-width: 768px) 100vw, 768px\" \/><\/figure>\n<\/figure>\n\n\n\n<figure class=\"wp-block-gallery has-nested-images columns-default is-cropped wp-block-gallery-2 is-layout-flex wp-block-gallery-is-layout-flex\">\n<figure class=\"wp-block-image size-large\"><img loading=\"lazy\" decoding=\"async\" width=\"768\" height=\"1024\" loading=\"lazy\" data-id=\"18068\" src=\"https:\/\/www.vwat.org\/wp-content\/uploads\/2025\/12\/thumbnail_IMG_2768-768x1024.webp\" alt=\"\" class=\"wp-image-18068\" srcset=\"https:\/\/www.vwat.org\/wp-content\/uploads\/2025\/12\/thumbnail_IMG_2768-768x1024.webp 768w, https:\/\/www.vwat.org\/wp-content\/uploads\/2025\/12\/thumbnail_IMG_2768-225x300.webp 225w, https:\/\/www.vwat.org\/wp-content\/uploads\/2025\/12\/thumbnail_IMG_2768-1152x1536.webp 1152w, https:\/\/www.vwat.org\/wp-content\/uploads\/2025\/12\/thumbnail_IMG_2768.webp 1440w\" sizes=\"auto, (max-width: 768px) 100vw, 768px\" \/><\/figure>\n<\/figure>\n\n\n\n<figure class=\"wp-block-gallery has-nested-images columns-default is-cropped wp-block-gallery-3 is-layout-flex wp-block-gallery-is-layout-flex\">\n<figure class=\"wp-block-image size-large\"><img loading=\"lazy\" decoding=\"async\" width=\"768\" height=\"1024\" loading=\"lazy\" data-id=\"18066\" src=\"https:\/\/www.vwat.org\/wp-content\/uploads\/2025\/12\/thumbnail_IMG_2809-768x1024.webp\" alt=\"\" class=\"wp-image-18066\" srcset=\"https:\/\/www.vwat.org\/wp-content\/uploads\/2025\/12\/thumbnail_IMG_2809-768x1024.webp 768w, https:\/\/www.vwat.org\/wp-content\/uploads\/2025\/12\/thumbnail_IMG_2809-225x300.webp 225w, https:\/\/www.vwat.org\/wp-content\/uploads\/2025\/12\/thumbnail_IMG_2809-1152x1536.webp 1152w, https:\/\/www.vwat.org\/wp-content\/uploads\/2025\/12\/thumbnail_IMG_2809.webp 1440w\" sizes=\"auto, (max-width: 768px) 100vw, 768px\" \/><\/figure>\n<\/figure>\n\n\n\n<figure class=\"wp-block-gallery has-nested-images columns-default is-cropped wp-block-gallery-4 is-layout-flex wp-block-gallery-is-layout-flex\">\n<figure class=\"wp-block-image size-large\"><img loading=\"lazy\" decoding=\"async\" width=\"768\" height=\"1024\" loading=\"lazy\" data-id=\"18071\" src=\"https:\/\/www.vwat.org\/wp-content\/uploads\/2025\/12\/thumbnail_IMG_2808-768x1024.jpg\" alt=\"\" class=\"wp-image-18071\" srcset=\"https:\/\/www.vwat.org\/wp-content\/uploads\/2025\/12\/thumbnail_IMG_2808-768x1024.jpg 768w, https:\/\/www.vwat.org\/wp-content\/uploads\/2025\/12\/thumbnail_IMG_2808-225x300.jpg 225w, https:\/\/www.vwat.org\/wp-content\/uploads\/2025\/12\/thumbnail_IMG_2808-1152x1536.jpg 1152w, https:\/\/www.vwat.org\/wp-content\/uploads\/2025\/12\/thumbnail_IMG_2808.jpg 1440w\" sizes=\"auto, (max-width: 768px) 100vw, 768px\" \/><\/figure>\n<\/figure>\n\n\n\n<figure class=\"wp-block-gallery has-nested-images columns-default is-cropped wp-block-gallery-5 is-layout-flex wp-block-gallery-is-layout-flex\">\n<figure class=\"wp-block-image size-large\"><img loading=\"lazy\" decoding=\"async\" width=\"768\" height=\"1024\" loading=\"lazy\" data-id=\"18073\" src=\"https:\/\/www.vwat.org\/wp-content\/uploads\/2025\/12\/thumbnail_IMG_2811-768x1024.jpg\" alt=\"\" class=\"wp-image-18073\" srcset=\"https:\/\/www.vwat.org\/wp-content\/uploads\/2025\/12\/thumbnail_IMG_2811-768x1024.jpg 768w, https:\/\/www.vwat.org\/wp-content\/uploads\/2025\/12\/thumbnail_IMG_2811-225x300.jpg 225w, https:\/\/www.vwat.org\/wp-content\/uploads\/2025\/12\/thumbnail_IMG_2811-1152x1536.jpg 1152w, https:\/\/www.vwat.org\/wp-content\/uploads\/2025\/12\/thumbnail_IMG_2811.jpg 1440w\" sizes=\"auto, (max-width: 768px) 100vw, 768px\" \/><\/figure>\n<\/figure>\n","protected":false},"excerpt":{"rendered":"<p>V\u00e0o Th\u1ee9 B\u1ea3y, ng\u00e0y 13 th\u00e1ng 12 n\u0103m 2025, H\u1ed9i Ph\u1ee5 n\u1eef Vi\u1ec7t Nam Toronto \u0111\u00e3 t\u1ed5 ch\u1ee9c B\u1eefa ti\u1ec7c [&hellip;]<\/p>\n","protected":false},"author":24,"featured_media":18062,"parent":0,"menu_order":0,"comment_status":"closed","ping_status":"closed","template":"","meta":{"nf_dc_page":"","content-type":"","footnotes":""},"class_list":["post-18058","page","type-page","status-publish","has-post-thumbnail","hentry"],"translation":{"provider":"WPGlobus","version":"3.0.2","language":"vi","enabled_languages":["ca","vi","it","es","pt"],"languages":{"ca":{"title":true,"content":true,"excerpt":false},"vi":{"title":true,"content":true,"excerpt":false},"it":{"title":false,"content":false,"excerpt":false},"es":{"title":false,"content":false,"excerpt":false},"pt":{"title":false,"content":false,"excerpt":false}}},"yoast_head":"<!-- This site is optimized with the Yoast SEO Premium plugin v27.2 (Yoast SEO v27.4) - https:\/\/yoast.com\/product\/yoast-seo-premium-wordpress\/ -->\n<title>H\u1ed9i Ph\u1ee5 N\u1eef Vi\u1ec7t Nam Toronto M\u1eebng Gi\u00e1ng Sinh C\u00f9ng Thi\u1ebfu Nhi - VWAT Family Services<\/title>\n<meta name=\"robots\" content=\"index, follow, max-snippet:-1, max-image-preview:large, max-video-preview:-1\" \/>\n<link rel=\"canonical\" href=\"https:\/\/www.vwat.org\/vwats-annual-childrens-holiday-party-2025-vi\/\" \/>\n<meta property=\"og:locale\" content=\"en_US\" \/>\n<meta property=\"og:type\" content=\"article\" \/>\n<meta property=\"og:title\" content=\"H\u1ed9i Ph\u1ee5 N\u1eef Vi\u1ec7t Nam Toronto M\u1eebng Gi\u00e1ng Sinh C\u00f9ng Thi\u1ebfu Nhi - VWAT Family Services\" \/>\n<meta property=\"og:url\" content=\"https:\/\/www.vwat.org\/vwats-annual-childrens-holiday-party-2025-vi\/\" \/>\n<meta property=\"og:site_name\" content=\"VWAT Family Services\" \/>\n<meta property=\"article:publisher\" content=\"https:\/\/www.facebook.com\/vietnamese.womensassociationtoronto\" \/>\n<meta property=\"article:modified_time\" content=\"2025-12-17T15:08:23+00:00\" \/>\n<meta property=\"og:image\" content=\"https:\/\/www.vwat.org\/wp-content\/uploads\/2025\/12\/thumbnail_IMG_2781.jpg\" \/>\n\t<meta property=\"og:image:width\" content=\"1920\" \/>\n\t<meta property=\"og:image:height\" content=\"1440\" \/>\n\t<meta property=\"og:image:type\" content=\"image\/jpeg\" \/>\n<meta name=\"twitter:card\" content=\"summary_large_image\" \/>\n<meta name=\"twitter:label1\" content=\"Est. reading time\" \/>\n\t<meta name=\"twitter:data1\" content=\"8 minutes\" \/>\n<script type=\"application\/ld+json\" class=\"yoast-schema-graph\">{\"@context\":\"https:\\\/\\\/schema.org\",\"@graph\":[{\"@type\":\"WebPage\",\"@id\":\"https:\\\/\\\/www.vwat.org\\\/vwats-annual-childrens-holiday-party-2025-vi\\\/\",\"url\":\"https:\\\/\\\/www.vwat.org\\\/vwats-annual-childrens-holiday-party-2025-vi\\\/\",\"name\":\"H\u1ed9i Ph\u1ee5 N\u1eef Vi\u1ec7t Nam Toronto M\u1eebng Gi\u00e1ng Sinh C\u00f9ng Thi\u1ebfu Nhi - VWAT Family Services\",\"isPartOf\":{\"@id\":\"https:\\\/\\\/www.vwat.org\\\/#website\"},\"primaryImageOfPage\":{\"@id\":\"https:\\\/\\\/www.vwat.org\\\/vwats-annual-childrens-holiday-party-2025-vi\\\/#primaryimage\"},\"image\":{\"@id\":\"https:\\\/\\\/www.vwat.org\\\/vwats-annual-childrens-holiday-party-2025-vi\\\/#primaryimage\"},\"thumbnailUrl\":\"https:\\\/\\\/www.vwat.org\\\/wp-content\\\/uploads\\\/2025\\\/12\\\/thumbnail_IMG_2781.jpg\",\"datePublished\":\"2025-12-17T15:00:29+00:00\",\"dateModified\":\"2025-12-17T15:08:23+00:00\",\"breadcrumb\":{\"@id\":\"https:\\\/\\\/www.vwat.org\\\/vwats-annual-childrens-holiday-party-2025-vi\\\/#breadcrumb\"},\"inLanguage\":\"vi-VI\",\"potentialAction\":[{\"@type\":\"ReadAction\",\"target\":[\"https:\\\/\\\/www.vwat.org\\\/vwats-annual-childrens-holiday-party-2025-vi\\\/\"]}]},{\"@type\":\"ImageObject\",\"inLanguage\":\"vi-VI\",\"@id\":\"https:\\\/\\\/www.vwat.org\\\/vwats-annual-childrens-holiday-party-2025-vi\\\/#primaryimage\",\"url\":\"https:\\\/\\\/www.vwat.org\\\/wp-content\\\/uploads\\\/2025\\\/12\\\/thumbnail_IMG_2781.jpg\",\"contentUrl\":\"https:\\\/\\\/www.vwat.org\\\/wp-content\\\/uploads\\\/2025\\\/12\\\/thumbnail_IMG_2781.jpg\",\"width\":1920,\"height\":1440},{\"@type\":\"BreadcrumbList\",\"@id\":\"https:\\\/\\\/www.vwat.org\\\/vwats-annual-childrens-holiday-party-2025-vi\\\/#breadcrumb\",\"itemListElement\":[{\"@type\":\"ListItem\",\"position\":1,\"name\":\"Home\",\"item\":\"https:\\\/\\\/www.vwat.org\\\/vi\\\/\"},{\"@type\":\"ListItem\",\"position\":2,\"name\":\"VWAT\u2019s Annual Children\u2019s Holiday Party\"}]},{\"@type\":\"WebSite\",\"@id\":\"https:\\\/\\\/www.vwat.org\\\/#website\",\"url\":\"https:\\\/\\\/www.vwat.org\\\/\",\"name\":\"VWAT Family Services\",\"description\":\"Empowering Our Community\",\"publisher\":{\"@id\":\"https:\\\/\\\/www.vwat.org\\\/#organization\"},\"potentialAction\":[{\"@type\":\"SearchAction\",\"target\":{\"@type\":\"EntryPoint\",\"urlTemplate\":\"https:\\\/\\\/www.vwat.org\\\/?s={search_term_string}\"},\"query-input\":{\"@type\":\"PropertyValueSpecification\",\"valueRequired\":true,\"valueName\":\"search_term_string\"}}],\"inLanguage\":\"vi-VI\"},{\"@type\":\"Organization\",\"@id\":\"https:\\\/\\\/www.vwat.org\\\/#organization\",\"name\":\"VWAT Family Services\",\"url\":\"https:\\\/\\\/www.vwat.org\\\/\",\"logo\":{\"@type\":\"ImageObject\",\"inLanguage\":\"vi-VI\",\"@id\":\"https:\\\/\\\/www.vwat.org\\\/#\\\/schema\\\/logo\\\/image\\\/\",\"url\":\"https:\\\/\\\/www.vwat.org\\\/wp-content\\\/uploads\\\/2022\\\/06\\\/VWAT-e1655759543180.png\",\"contentUrl\":\"https:\\\/\\\/www.vwat.org\\\/wp-content\\\/uploads\\\/2022\\\/06\\\/VWAT-e1655759543180.png\",\"width\":150,\"height\":150,\"caption\":\"VWAT Family Services\"},\"image\":{\"@id\":\"https:\\\/\\\/www.vwat.org\\\/#\\\/schema\\\/logo\\\/image\\\/\"},\"sameAs\":[\"https:\\\/\\\/www.facebook.com\\\/vietnamese.womensassociationtoronto\",\"https:\\\/\\\/www.youtube.com\\\/channel\\\/UC3IxMLN1zCh0VHv7SvP4_oQ\"]}]}<\/script>\n<!-- \/ Yoast SEO Premium plugin. -->","yoast_head_json":{"title":"H\u1ed9i Ph\u1ee5 N\u1eef Vi\u1ec7t Nam Toronto M\u1eebng Gi\u00e1ng Sinh C\u00f9ng Thi\u1ebfu Nhi - VWAT Family Services","robots":{"index":"index","follow":"follow","max-snippet":"max-snippet:-1","max-image-preview":"max-image-preview:large","max-video-preview":"max-video-preview:-1"},"canonical":"https:\/\/www.vwat.org\/vwats-annual-childrens-holiday-party-2025-vi\/","og_locale":"en_US","og_type":"article","og_title":"H\u1ed9i Ph\u1ee5 N\u1eef Vi\u1ec7t Nam Toronto M\u1eebng Gi\u00e1ng Sinh C\u00f9ng Thi\u1ebfu Nhi - VWAT Family Services","og_url":"https:\/\/www.vwat.org\/vwats-annual-childrens-holiday-party-2025-vi\/","og_site_name":"VWAT Family Services","article_publisher":"https:\/\/www.facebook.com\/vietnamese.womensassociationtoronto","article_modified_time":"2025-12-17T15:08:23+00:00","og_image":[{"width":1920,"height":1440,"url":"https:\/\/www.vwat.org\/wp-content\/uploads\/2025\/12\/thumbnail_IMG_2781.jpg","type":"image\/jpeg"}],"twitter_card":"summary_large_image","twitter_misc":{"Est. reading time":"8 minutes"},"schema":{"@context":"https:\/\/schema.org","@graph":[{"@type":"WebPage","@id":"https:\/\/www.vwat.org\/vwats-annual-childrens-holiday-party-2025-vi\/","url":"https:\/\/www.vwat.org\/vwats-annual-childrens-holiday-party-2025-vi\/","name":"H\u1ed9i Ph\u1ee5 N\u1eef Vi\u1ec7t Nam Toronto M\u1eebng Gi\u00e1ng Sinh C\u00f9ng Thi\u1ebfu Nhi - VWAT Family Services","isPartOf":{"@id":"https:\/\/www.vwat.org\/#website"},"primaryImageOfPage":{"@id":"https:\/\/www.vwat.org\/vwats-annual-childrens-holiday-party-2025-vi\/#primaryimage"},"image":{"@id":"https:\/\/www.vwat.org\/vwats-annual-childrens-holiday-party-2025-vi\/#primaryimage"},"thumbnailUrl":"https:\/\/www.vwat.org\/wp-content\/uploads\/2025\/12\/thumbnail_IMG_2781.jpg","datePublished":"2025-12-17T15:00:29+00:00","dateModified":"2025-12-17T15:08:23+00:00","breadcrumb":{"@id":"https:\/\/www.vwat.org\/vwats-annual-childrens-holiday-party-2025-vi\/#breadcrumb"},"inLanguage":"vi-VI","potentialAction":[{"@type":"ReadAction","target":["https:\/\/www.vwat.org\/vwats-annual-childrens-holiday-party-2025-vi\/"]}]},{"@type":"ImageObject","inLanguage":"vi-VI","@id":"https:\/\/www.vwat.org\/vwats-annual-childrens-holiday-party-2025-vi\/#primaryimage","url":"https:\/\/www.vwat.org\/wp-content\/uploads\/2025\/12\/thumbnail_IMG_2781.jpg","contentUrl":"https:\/\/www.vwat.org\/wp-content\/uploads\/2025\/12\/thumbnail_IMG_2781.jpg","width":1920,"height":1440},{"@type":"BreadcrumbList","@id":"https:\/\/www.vwat.org\/vwats-annual-childrens-holiday-party-2025-vi\/#breadcrumb","itemListElement":[{"@type":"ListItem","position":1,"name":"Home","item":"https:\/\/www.vwat.org\/vi\/"},{"@type":"ListItem","position":2,"name":"VWAT\u2019s Annual Children\u2019s Holiday Party"}]},{"@type":"WebSite","@id":"https:\/\/www.vwat.org\/#website","url":"https:\/\/www.vwat.org\/","name":"VWAT Family Services","description":"Empowering Our Community","publisher":{"@id":"https:\/\/www.vwat.org\/#organization"},"potentialAction":[{"@type":"SearchAction","target":{"@type":"EntryPoint","urlTemplate":"https:\/\/www.vwat.org\/?s={search_term_string}"},"query-input":{"@type":"PropertyValueSpecification","valueRequired":true,"valueName":"search_term_string"}}],"inLanguage":"vi-VI"},{"@type":"Organization","@id":"https:\/\/www.vwat.org\/#organization","name":"VWAT Family Services","url":"https:\/\/www.vwat.org\/","logo":{"@type":"ImageObject","inLanguage":"vi-VI","@id":"https:\/\/www.vwat.org\/#\/schema\/logo\/image\/","url":"https:\/\/www.vwat.org\/wp-content\/uploads\/2022\/06\/VWAT-e1655759543180.png","contentUrl":"https:\/\/www.vwat.org\/wp-content\/uploads\/2022\/06\/VWAT-e1655759543180.png","width":150,"height":150,"caption":"VWAT Family Services"},"image":{"@id":"https:\/\/www.vwat.org\/#\/schema\/logo\/image\/"},"sameAs":["https:\/\/www.facebook.com\/vietnamese.womensassociationtoronto","https:\/\/www.youtube.com\/channel\/UC3IxMLN1zCh0VHv7SvP4_oQ"]}]}},"_links":{"self":[{"href":"https:\/\/www.vwat.org\/vi\/wp-json\/wp\/v2\/pages\/18058","targetHints":{"allow":["GET"]}}],"collection":[{"href":"https:\/\/www.vwat.org\/vi\/wp-json\/wp\/v2\/pages"}],"about":[{"href":"https:\/\/www.vwat.org\/vi\/wp-json\/wp\/v2\/types\/page"}],"author":[{"embeddable":true,"href":"https:\/\/www.vwat.org\/vi\/wp-json\/wp\/v2\/users\/24"}],"replies":[{"embeddable":true,"href":"https:\/\/www.vwat.org\/vi\/wp-json\/wp\/v2\/comments?post=18058"}],"version-history":[{"count":2,"href":"https:\/\/www.vwat.org\/vi\/wp-json\/wp\/v2\/pages\/18058\/revisions"}],"predecessor-version":[{"id":18078,"href":"https:\/\/www.vwat.org\/vi\/wp-json\/wp\/v2\/pages\/18058\/revisions\/18078"}],"wp:featuredmedia":[{"embeddable":true,"href":"https:\/\/www.vwat.org\/vi\/wp-json\/wp\/v2\/media\/18062"}],"wp:attachment":[{"href":"https:\/\/www.vwat.org\/vi\/wp-json\/wp\/v2\/media?parent=18058"}],"curies":[{"name":"wp","href":"https:\/\/api.w.org\/{rel}","templated":true}]}}