{"id":3193,"date":"2022-05-05T16:09:52","date_gmt":"2022-05-05T20:09:52","guid":{"rendered":"https:\/\/newsite2022.vwat.org\/?page_id=3193"},"modified":"2025-11-11T15:45:45","modified_gmt":"2025-11-11T20:45:45","slug":"blog","status":"publish","type":"page","link":"https:\/\/www.vwat.org\/vi\/blog\/","title":{"rendered":"Blog"},"content":{"rendered":"<section>\n\t\t\t\t\t<img decoding=\"async\" loading=\"lazy\" src=\"https:\/\/www.vwat.org\/wp-content\/uploads\/2021\/06\/feature-v2-4-bg-1.png\" alt=\"loveicon\"><\/p>\n<h3>H\u00e3y \u0111\u1ecdc v\u1ec1 T\u1ed5 ch\u1ee9c c\u1ee7a Ch\u00fang ta<\/h3>\n<p>\t\t\t\t\t\t\t\t\t\t\t\t<img decoding=\"async\" loading=\"lazy\" src=\"https:\/\/www.vwat.org\/wp-content\/uploads\/2021\/06\/thm-shape-16-2.png\" alt=\"loveicon\"><\/p>\n<h2>Tin m\u1edbi nh\u1ea5t<\/h2>\n<p>\t\t\t\t\t\t\t\t\t\t<a href=\"https:\/\/www.vwat.org\/funfest-for-youth-2023\/\" aria-label=\"Funfest for Youth &#8211; Bowling and Laser Tag\"><img loading=\"lazy\" width=\"570\" height=\"320\" src=\"https:\/\/www.vwat.org\/wp-content\/uploads\/2023\/07\/Funfest-Bowling-570x320.jpeg\" alt=\"\" decoding=\"async\" loading=\"lazy\" \/><\/a><br \/>\n\t\t\t\t\t\t\t\t\t\t\t\t<a href=\"https:\/\/www.vwat.org\/funfest-for-youth-2023\/\" aria-label=\"Funfest for Youth &#8211; Bowling and Laser Tag\"><br \/>\n\t\t\t\t\t\t\t\t\t\t\t<\/a><\/p>\n<h2>13\u200b<\/h2>\n<p>July\u200b<\/p>\n<h3><a href=\"https:\/\/www.vwat.org\/funfest-for-youth-2023\/\" rel=\"bookmark\">Funfest for Youth &#8211; Bowling and Laser Tag<\/a><\/h3>\n<p>We have a FREE Bowling Event for Youth who have been involved with VWAT past and present. Consider it a reunion!<\/p>\n<ul>\n<li> <a href=\"https:\/\/www.vwat.org\/author\/thao-lanh\/\">Thao Lanh<\/a><\/li>\n<li> <a href=\"https:\/\/www.vwat.org\/funfest-for-youth-2023\/\" >0 comments<\/a><\/li>\n<\/ul>\n<p>\t\t\t\t\t\t\t\t\t\t<a href=\"https:\/\/www.vwat.org\/read-for-life-2023\/\" aria-label=\"Read for Life \u2013 New Children&#8217;s Program\"><img loading=\"lazy\" width=\"570\" height=\"320\" src=\"https:\/\/www.vwat.org\/wp-content\/uploads\/2023\/07\/Read-For-Life-Poster-570x320.png\" alt=\"\" decoding=\"async\" loading=\"lazy\" \/><\/a><br \/>\n\t\t\t\t\t\t\t\t\t\t\t\t<a href=\"https:\/\/www.vwat.org\/read-for-life-2023\/\" aria-label=\"Read for Life \u2013 New Children&#8217;s Program\"><br \/>\n\t\t\t\t\t\t\t\t\t\t\t<\/a><\/p>\n<h2>13\u200b<\/h2>\n<p>July\u200b<\/p>\n<h3><a href=\"https:\/\/www.vwat.org\/read-for-life-2023\/\" rel=\"bookmark\">Read for Life \u2013 New Children&#8217;s Program<\/a><\/h3>\n<p>This summer, we are running a new educational program for children ages 6-12, Read for Life, to promote children&#8217;s literacy within newcomer and immigrant households and those who have limited access to books<\/p>\n<ul>\n<li> <a href=\"https:\/\/www.vwat.org\/author\/thao-lanh\/\">Thao Lanh<\/a><\/li>\n<li> <a href=\"https:\/\/www.vwat.org\/read-for-life-2023\/\" >0 comments<\/a><\/li>\n<\/ul>\n<p>\t\t\t\t\t\t\t\t\t\t<a href=\"https:\/\/www.vwat.org\/rights-and-responsibility-of-canadian-citizens-2023\/\" aria-label=\"Rights and Responsibility Of Canadian Citizens\"><img loading=\"lazy\" width=\"464\" height=\"320\" src=\"https:\/\/www.vwat.org\/wp-content\/uploads\/2023\/07\/Right-and-Responsibility-464x320.png\" alt=\"\" decoding=\"async\" loading=\"lazy\" \/><\/a><br \/>\n\t\t\t\t\t\t\t\t\t\t\t\t<a href=\"https:\/\/www.vwat.org\/rights-and-responsibility-of-canadian-citizens-2023\/\" aria-label=\"Rights and Responsibility Of Canadian Citizens\"><br \/>\n\t\t\t\t\t\t\t\t\t\t\t<\/a><\/p>\n<h2>12\u200b<\/h2>\n<p>July\u200b<\/p>\n<h3><a href=\"https:\/\/www.vwat.org\/rights-and-responsibility-of-canadian-citizens-2023\/\" rel=\"bookmark\">Rights and Responsibility Of Canadian Citizens<\/a><\/h3>\n<p>Rights and Responsibility Of Canadian Citizens 2023<\/p>\n<ul>\n<li> <a href=\"https:\/\/www.vwat.org\/author\/thao-lanh\/\">Thao Lanh<\/a><\/li>\n<li> <a href=\"https:\/\/www.vwat.org\/rights-and-responsibility-of-canadian-citizens-2023\/\" >0 comments<\/a><\/li>\n<\/ul>\n<\/section>\n<h2>Trang h\u00ecnh \u1ea3nh<\/h2>\n<p>\t\t\t\t\t\t<!--Start Gallery Area--><\/p>\n<section>\n\t\t\t\t\t\t\t\t\t\t\t\t\t\t\t\t\t<!--Start Single Gallery Item--><br \/>\n\t\t\t\t\t\t\t\t\t\t\t<img loading=\"lazy\" width=\"1920\" height=\"1280\" src=\"https:\/\/www.vwat.org\/wp-content\/uploads\/2022\/05\/IMG_8979-1.jpg\" alt=\"Vietnamese newcomers Toronto\" decoding=\"async\" loading=\"lazy\" srcset=\"https:\/\/www.vwat.org\/wp-content\/uploads\/2022\/05\/IMG_8979-1.jpg 1920w, https:\/\/www.vwat.org\/wp-content\/uploads\/2022\/05\/IMG_8979-1-300x200.jpg 300w, https:\/\/www.vwat.org\/wp-content\/uploads\/2022\/05\/IMG_8979-1-1024x683.jpg 1024w, https:\/\/www.vwat.org\/wp-content\/uploads\/2022\/05\/IMG_8979-1-768x512.jpg 768w, https:\/\/www.vwat.org\/wp-content\/uploads\/2022\/05\/IMG_8979-1-1536x1024.jpg 1536w\" sizes=\"auto, (max-width: 1920px) 100vw, 1920px\" \/><br \/>\n\t\t\t\t\t\t\t\t\t\t\t\t<a data-fancybox=\"gallery\" href=\"https:\/\/www.vwat.org\/wp-content\/uploads\/2022\/05\/IMG_8979-1.jpg\"><br \/>\n\t\t\t\t\t\t\t\t\t\t\t\t<\/a><br \/>\n\t\t\t\t\t\t\t\t\t<!--End Single Gallery Item--><br \/>\n\t\t\t\t\t\t\t\t\t\t\t\t\t\t\t\t\t\t<!--Start Single Gallery Item--><br \/>\n\t\t\t\t\t\t\t\t\t\t\t<img loading=\"lazy\" width=\"1920\" height=\"1280\" src=\"https:\/\/www.vwat.org\/wp-content\/uploads\/2022\/05\/IMG_8756-1.jpg\" alt=\"\" decoding=\"async\" loading=\"lazy\" srcset=\"https:\/\/www.vwat.org\/wp-content\/uploads\/2022\/05\/IMG_8756-1.jpg 1920w, https:\/\/www.vwat.org\/wp-content\/uploads\/2022\/05\/IMG_8756-1-300x200.jpg 300w, https:\/\/www.vwat.org\/wp-content\/uploads\/2022\/05\/IMG_8756-1-1024x683.jpg 1024w, https:\/\/www.vwat.org\/wp-content\/uploads\/2022\/05\/IMG_8756-1-768x512.jpg 768w, https:\/\/www.vwat.org\/wp-content\/uploads\/2022\/05\/IMG_8756-1-1536x1024.jpg 1536w\" sizes=\"auto, (max-width: 1920px) 100vw, 1920px\" \/><br \/>\n\t\t\t\t\t\t\t\t\t\t\t\t<a data-fancybox=\"gallery\" href=\"https:\/\/www.vwat.org\/wp-content\/uploads\/2022\/05\/IMG_8756-1.jpg\"><br \/>\n\t\t\t\t\t\t\t\t\t\t\t\t<\/a><br \/>\n\t\t\t\t\t\t\t\t\t<!--End Single Gallery Item--><br \/>\n\t\t\t\t\t\t\t\t\t\t\t\t\t\t\t\t\t\t<!--Start Single Gallery Item--><br \/>\n\t\t\t\t\t\t\t\t\t\t\t<img loading=\"lazy\" width=\"1920\" height=\"1280\" src=\"https:\/\/www.vwat.org\/wp-content\/uploads\/2022\/05\/IMG_8766-1.jpg\" alt=\"\" decoding=\"async\" loading=\"lazy\" srcset=\"https:\/\/www.vwat.org\/wp-content\/uploads\/2022\/05\/IMG_8766-1.jpg 1920w, https:\/\/www.vwat.org\/wp-content\/uploads\/2022\/05\/IMG_8766-1-300x200.jpg 300w, https:\/\/www.vwat.org\/wp-content\/uploads\/2022\/05\/IMG_8766-1-1024x683.jpg 1024w, https:\/\/www.vwat.org\/wp-content\/uploads\/2022\/05\/IMG_8766-1-768x512.jpg 768w, https:\/\/www.vwat.org\/wp-content\/uploads\/2022\/05\/IMG_8766-1-1536x1024.jpg 1536w\" sizes=\"auto, (max-width: 1920px) 100vw, 1920px\" \/><br \/>\n\t\t\t\t\t\t\t\t\t\t\t\t<a data-fancybox=\"gallery\" href=\"https:\/\/www.vwat.org\/wp-content\/uploads\/2022\/05\/IMG_8766-1.jpg\"><br \/>\n\t\t\t\t\t\t\t\t\t\t\t\t<\/a><br \/>\n\t\t\t\t\t\t\t\t\t<!--End Single Gallery Item--><br \/>\n\t\t\t\t\t\t\t\t\t\t\t\t\t\t\t\t\t\t<!--Start Single Gallery Item--><br \/>\n\t\t\t\t\t\t\t\t\t\t\t<img loading=\"lazy\" width=\"1920\" height=\"1280\" src=\"https:\/\/www.vwat.org\/wp-content\/uploads\/2022\/05\/IMG_8857-2.jpg\" alt=\"\" decoding=\"async\" loading=\"lazy\" srcset=\"https:\/\/www.vwat.org\/wp-content\/uploads\/2022\/05\/IMG_8857-2.jpg 1920w, https:\/\/www.vwat.org\/wp-content\/uploads\/2022\/05\/IMG_8857-2-300x200.jpg 300w, https:\/\/www.vwat.org\/wp-content\/uploads\/2022\/05\/IMG_8857-2-1024x683.jpg 1024w, https:\/\/www.vwat.org\/wp-content\/uploads\/2022\/05\/IMG_8857-2-768x512.jpg 768w, https:\/\/www.vwat.org\/wp-content\/uploads\/2022\/05\/IMG_8857-2-1536x1024.jpg 1536w\" sizes=\"auto, (max-width: 1920px) 100vw, 1920px\" \/><br \/>\n\t\t\t\t\t\t\t\t\t\t\t\t<a data-fancybox=\"gallery\" href=\"https:\/\/www.vwat.org\/wp-content\/uploads\/2022\/05\/IMG_8857-2.jpg\"><br \/>\n\t\t\t\t\t\t\t\t\t\t\t\t<\/a><br \/>\n\t\t\t\t\t\t\t\t\t<!--End Single Gallery Item--><br \/>\n\t\t\t\t\t\t\t\t\t\t\t\t\t\t\t\t\t\t<!--Start Single Gallery Item--><br \/>\n\t\t\t\t\t\t\t\t\t\t\t<img loading=\"lazy\" width=\"1920\" height=\"1280\" src=\"https:\/\/www.vwat.org\/wp-content\/uploads\/2022\/05\/IMG_8962-1.jpg\" alt=\"\" decoding=\"async\" loading=\"lazy\" srcset=\"https:\/\/www.vwat.org\/wp-content\/uploads\/2022\/05\/IMG_8962-1.jpg 1920w, https:\/\/www.vwat.org\/wp-content\/uploads\/2022\/05\/IMG_8962-1-300x200.jpg 300w, https:\/\/www.vwat.org\/wp-content\/uploads\/2022\/05\/IMG_8962-1-1024x683.jpg 1024w, https:\/\/www.vwat.org\/wp-content\/uploads\/2022\/05\/IMG_8962-1-768x512.jpg 768w, https:\/\/www.vwat.org\/wp-content\/uploads\/2022\/05\/IMG_8962-1-1536x1024.jpg 1536w\" sizes=\"auto, (max-width: 1920px) 100vw, 1920px\" \/><br \/>\n\t\t\t\t\t\t\t\t\t\t\t\t<a data-fancybox=\"gallery\" href=\"https:\/\/www.vwat.org\/wp-content\/uploads\/2022\/05\/IMG_8962-1.jpg\"><br \/>\n\t\t\t\t\t\t\t\t\t\t\t\t<\/a><br \/>\n\t\t\t\t\t\t\t\t\t<!--End Single Gallery Item--><br \/>\n\t\t\t\t\t\t\t\t\t\t\t\t\t\t\t\t\t\t<!--Start Single Gallery Item--><br \/>\n\t\t\t\t\t\t\t\t\t\t\t<img loading=\"lazy\" width=\"1920\" height=\"1280\" src=\"https:\/\/www.vwat.org\/wp-content\/uploads\/2022\/05\/IMG_8998-1.jpg\" alt=\"\" decoding=\"async\" loading=\"lazy\" srcset=\"https:\/\/www.vwat.org\/wp-content\/uploads\/2022\/05\/IMG_8998-1.jpg 1920w, https:\/\/www.vwat.org\/wp-content\/uploads\/2022\/05\/IMG_8998-1-300x200.jpg 300w, https:\/\/www.vwat.org\/wp-content\/uploads\/2022\/05\/IMG_8998-1-1024x683.jpg 1024w, https:\/\/www.vwat.org\/wp-content\/uploads\/2022\/05\/IMG_8998-1-768x512.jpg 768w, https:\/\/www.vwat.org\/wp-content\/uploads\/2022\/05\/IMG_8998-1-1536x1024.jpg 1536w\" sizes=\"auto, (max-width: 1920px) 100vw, 1920px\" \/><br \/>\n\t\t\t\t\t\t\t\t\t\t\t\t<a data-fancybox=\"gallery\" href=\"https:\/\/www.vwat.org\/wp-content\/uploads\/2022\/05\/IMG_8998-1.jpg\"><br \/>\n\t\t\t\t\t\t\t\t\t\t\t\t<\/a><br \/>\n\t\t\t\t\t\t\t\t\t<!--End Single Gallery Item--><br \/>\n\t\t\t<\/section>\n<p>\t\t\t<!--End Gallery Area-->\n\t\t\t<link rel=\"stylesheet\" href=\"https:\/\/www.vwat.org\/wp-content\/plugins\/elementor\/assets\/css\/widget-icon-box.min.css\">\n<h3>\n\t\t\t\t\t\t\u0110\u1ebfn v\u0103n ph\u00f2ng ch\u00fang t\u00f4i<br \/>\n\t\t\t\t<\/h3>\n<p>1756 St. Clair Ave West<br \/>Toronto ON, M6N 1J3<\/p>\n<p><b>From St. Clair West Station:<br \/><\/b>#512 St. Clair streetcar W to Silverthorn Ave.<\/p>\n<p><b>From Jane\/Finch Area:<br \/><\/b>#35 Jane bus S to Weston Rd, #89 Weston bus S to Avon Ave Loop, #168 Symington S to St. Clair Ave.<\/p>\n<p><b>From Keele Station:<br \/><\/b>#41 Keele bus N to Old Weston Rd.<\/p>\n<p><strong>Gi\u1edd L\u00e0m vi\u1ec7c:<\/strong> <br \/>Th\u1ee9 Hai \u0111\u1ebfn Th\u1ee9 S\u00e1u:<br \/>9 gi\u1edd s\u00e1ng \u2013 4:30 chi\u1ec1u<br \/>Th\u1ee9 B\u1ea3y, Ch\u1ee7 nh\u1eadt v\u00e0 c\u00e1c ng\u00e0y l\u1ec5: Ngh\u1ec9<\/p>\n<style>\/*! elementor - v3.14.0 - 26-06-2023 *\/\n.elementor-widget-divider{--divider-border-style:none;--divider-border-width:1px;--divider-color:#0c0d0e;--divider-icon-size:20px;--divider-element-spacing:10px;--divider-pattern-height:24px;--divider-pattern-size:20px;--divider-pattern-url:none;--divider-pattern-repeat:repeat-x}.elementor-widget-divider .elementor-divider{display:flex}.elementor-widget-divider .elementor-divider__text{font-size:15px;line-height:1;max-width:95%}.elementor-widget-divider .elementor-divider__element{margin:0 var(--divider-element-spacing);flex-shrink:0}.elementor-widget-divider .elementor-icon{font-size:var(--divider-icon-size)}.elementor-widget-divider .elementor-divider-separator{display:flex;margin:0;direction:ltr}.elementor-widget-divider--view-line_icon .elementor-divider-separator,.elementor-widget-divider--view-line_text .elementor-divider-separator{align-items:center}.elementor-widget-divider--view-line_icon .elementor-divider-separator:after,.elementor-widget-divider--view-line_icon .elementor-divider-separator:before,.elementor-widget-divider--view-line_text .elementor-divider-separator:after,.elementor-widget-divider--view-line_text .elementor-divider-separator:before{display:block;content:\"\";border-bottom:0;flex-grow:1;border-top:var(--divider-border-width) var(--divider-border-style) var(--divider-color)}.elementor-widget-divider--element-align-left .elementor-divider .elementor-divider-separator>.elementor-divider__svg:first-of-type{flex-grow:0;flex-shrink:100}.elementor-widget-divider--element-align-left .elementor-divider-separator:before{content:none}.elementor-widget-divider--element-align-left .elementor-divider__element{margin-left:0}.elementor-widget-divider--element-align-right .elementor-divider .elementor-divider-separator>.elementor-divider__svg:last-of-type{flex-grow:0;flex-shrink:100}.elementor-widget-divider--element-align-right .elementor-divider-separator:after{content:none}.elementor-widget-divider--element-align-right .elementor-divider__element{margin-right:0}.elementor-widget-divider:not(.elementor-widget-divider--view-line_text):not(.elementor-widget-divider--view-line_icon) .elementor-divider-separator{border-top:var(--divider-border-width) var(--divider-border-style) var(--divider-color)}.elementor-widget-divider--separator-type-pattern{--divider-border-style:none}.elementor-widget-divider--separator-type-pattern.elementor-widget-divider--view-line .elementor-divider-separator,.elementor-widget-divider--separator-type-pattern:not(.elementor-widget-divider--view-line) .elementor-divider-separator:after,.elementor-widget-divider--separator-type-pattern:not(.elementor-widget-divider--view-line) .elementor-divider-separator:before,.elementor-widget-divider--separator-type-pattern:not([class*=elementor-widget-divider--view]) .elementor-divider-separator{width:100%;min-height:var(--divider-pattern-height);-webkit-mask-size:var(--divider-pattern-size) 100%;mask-size:var(--divider-pattern-size) 100%;-webkit-mask-repeat:var(--divider-pattern-repeat);mask-repeat:var(--divider-pattern-repeat);background-color:var(--divider-color);-webkit-mask-image:var(--divider-pattern-url);mask-image:var(--divider-pattern-url)}.elementor-widget-divider--no-spacing{--divider-pattern-size:auto}.elementor-widget-divider--bg-round{--divider-pattern-repeat:round}.rtl .elementor-widget-divider .elementor-divider__text{direction:rtl}.e-con-inner>.elementor-widget-divider,.e-con>.elementor-widget-divider{width:var(--container-widget-width,100%);--flex-grow:var(--container-widget-flex-grow)}<\/style>\n<h3>\n\t\t\t\t\t\tG\u1ecdi cho ch\u00fang t\u00f4i<br \/>\n\t\t\t\t<\/h3>\n<p><a style=\"color: #000000;\" href=\"tel:6473438928\">647-343-8928<\/a><\/p>\n<p><a style=\"color: #000000;\" href=\"tel:4378864956\">437-886-4956\u00a0<\/a><\/p>\n<p>(Sau \u0111\u00f3, b\u1ea5m m\u1ed9t trong c\u00e1c s\u1ed1 n\u00e0y \u0111\u1ec3 ch\u1ecdn d\u1ecbch v\u1ee5):\u00a0<\/p>\n<p>B\u1ea5m s\u1ed1 1 n\u1ebfu ch\u1ecdn c\u00e1c D\u1ecbch v\u1ee5 \u0110\u1ecbnh c\u01b0<br \/>B\u1ea5m s\u1ed1 2 n\u1ebfu ch\u1ecdn c\u00e1c Ch\u01b0\u01a1ng tr\u00ecnh d\u00e0nh cho Cao ni\u00ean<br \/>B\u1ea5m s\u1ed1 3 n\u1ebfu ch\u1ecdn c\u00e1c Ho\u1ea1t \u0111\u1ed9ng Thanh thi\u1ebfu ni\u00ean ho\u1eb7c c\u01a1 h\u1ed9i l\u00e0m Thi\u1ec7n nguy\u1ec7n<\/p>\n<h3>\n\t\t\t\t\t\tG\u1eedi Email cho ch\u00fang t\u00f4i<br \/>\n\t\t\t\t<\/h3>\n<p><strong> C\u00e1c C\u00e2u h\u1ecfi T\u1ed5ng qu\u00e1t: <\/strong><a style=\"color: #000000;\" href=\"mailto:info@vwat.org\">info@vwat.org<\/a><\/p>\n<p><strong>C\u00e1c C\u00e2u h\u1ecfi v\u1ec1 \u0110\u1ecbnh c\u01b0: <\/strong><a style=\"color: #000000;\" href=\"mailto:newcomers@vwat.org\">newcomers@vwat.org<\/a><\/p>\n<p><strong>C\u00e1c C\u00e2u h\u1ecfi v\u1ec1 Cao ni\u00ean: <\/strong><a style=\"color: #000000;\" href=\"mailto:seniors@vwat.org\">seniors@vwat.org<\/a><\/p>\n<p><strong>C\u00e1c C\u00e2u h\u1ecfi v\u1ec1 Thanh thi\u1ebfu ni\u00ean: <\/strong><a style=\"color: #000000;\" href=\"mailto:youth@vwat.org\">youth@vwat.org<\/a><\/p>\n<p><strong>C\u00e1c C\u00e2u h\u1ecfi v\u1ec1 Vi\u1ec7c l\u00e0m: <\/strong><a style=\"color: #000000;\" href=\"mailto:employment@vwat.org\">employment@vwat.org<\/a><\/p>\n<h3>H\u00e3y n\u00f3i v\u1edbi ch\u00fang t\u00f4i<\/h3>\n<h2>G\u1eedi tin nh\u1eafn cho ch\u00fang t\u00f4i<\/h2>\n<p>Ch\u00fang t\u00f4i s\u1eb5n s\u00e0ng gi\u1ea3i \u0111\u00e1p c\u00e1c c\u00e2u h\u1ecfi c\u1ee7a qu\u00fd v\u1ecb. N\u1ebfu c\u00f3 th\u1eafc m\u1eafc, xin \u0111\u1ec3 l\u1ea1i tin nh\u1eafn. Ch\u00fang t\u00f4i s\u1ebd li\u00ean l\u1ea1c v\u1edbi qu\u00fd v\u1ecb ngay khi c\u00f3 th\u1ec3.<\/p>\n<p>\t\t\t<!-- form.123formbuilder.com script begins here --><br \/>\n<!-- form.123formbuilder.com script ends here --><\/p>\n","protected":false},"excerpt":{"rendered":"<p>H\u00e3y \u0111\u1ecdc v\u1ec1 T\u1ed5 ch\u1ee9c c\u1ee7a Ch\u00fang ta Tin m\u1edbi nh\u1ea5t 13\u200b July\u200b Funfest for Youth &#8211; Bowling and Laser [&hellip;]<\/p>\n","protected":false},"author":2,"featured_media":3204,"parent":0,"menu_order":0,"comment_status":"closed","ping_status":"closed","template":"","meta":{"nf_dc_page":"","content-type":"","footnotes":""},"class_list":["post-3193","page","type-page","status-publish","has-post-thumbnail","hentry"],"translation":{"provider":"WPGlobus","version":"3.0.2","language":"vi","enabled_languages":["ca","vi","it","es","pt"],"languages":{"ca":{"title":true,"content":true,"excerpt":false},"vi":{"title":true,"content":true,"excerpt":false},"it":{"title":false,"content":true,"excerpt":false},"es":{"title":false,"content":true,"excerpt":false},"pt":{"title":false,"content":false,"excerpt":false}}},"yoast_head":"<!-- This site is optimized with the Yoast SEO Premium plugin v27.2 (Yoast SEO v27.4) - https:\/\/yoast.com\/product\/yoast-seo-premium-wordpress\/ -->\n<title>Blog - VWAT Family Services<\/title>\n<meta name=\"robots\" content=\"index, follow, max-snippet:-1, max-image-preview:large, max-video-preview:-1\" \/>\n<link rel=\"canonical\" href=\"https:\/\/www.vwat.org\/blog\/\" \/>\n<meta property=\"og:locale\" content=\"en_US\" \/>\n<meta property=\"og:type\" content=\"article\" \/>\n<meta property=\"og:title\" content=\"Blog - VWAT Family Services\" \/>\n<meta property=\"og:url\" content=\"https:\/\/www.vwat.org\/blog\/\" \/>\n<meta property=\"og:site_name\" content=\"VWAT Family Services\" \/>\n<meta property=\"article:publisher\" content=\"https:\/\/www.facebook.com\/vietnamese.womensassociationtoronto\" \/>\n<meta property=\"article:modified_time\" content=\"2025-11-11T20:45:45+00:00\" \/>\n<meta property=\"og:image\" content=\"https:\/\/www.vwat.org\/wp-content\/uploads\/2022\/05\/IMG_8976-1.jpg\" \/>\n\t<meta property=\"og:image:width\" content=\"1920\" \/>\n\t<meta property=\"og:image:height\" content=\"1280\" \/>\n\t<meta property=\"og:image:type\" content=\"image\/jpeg\" \/>\n<meta name=\"twitter:card\" content=\"summary_large_image\" \/>\n<meta name=\"twitter:label1\" content=\"Est. reading time\" \/>\n\t<meta name=\"twitter:data1\" content=\"7 minutes\" \/>\n<script type=\"application\/ld+json\" class=\"yoast-schema-graph\">{\"@context\":\"https:\\\/\\\/schema.org\",\"@graph\":[{\"@type\":\"WebPage\",\"@id\":\"https:\\\/\\\/www.vwat.org\\\/blog\\\/\",\"url\":\"https:\\\/\\\/www.vwat.org\\\/blog\\\/\",\"name\":\"Blog - VWAT Family Services\",\"isPartOf\":{\"@id\":\"https:\\\/\\\/www.vwat.org\\\/#website\"},\"primaryImageOfPage\":{\"@id\":\"https:\\\/\\\/www.vwat.org\\\/blog\\\/#primaryimage\"},\"image\":{\"@id\":\"https:\\\/\\\/www.vwat.org\\\/blog\\\/#primaryimage\"},\"thumbnailUrl\":\"https:\\\/\\\/www.vwat.org\\\/wp-content\\\/uploads\\\/2022\\\/05\\\/IMG_8976-1.jpg\",\"datePublished\":\"2022-05-05T20:09:52+00:00\",\"dateModified\":\"2025-11-11T20:45:45+00:00\",\"description\":\"Find the latest news and information about our newest programs here.\",\"breadcrumb\":{\"@id\":\"https:\\\/\\\/www.vwat.org\\\/blog\\\/#breadcrumb\"},\"inLanguage\":\"vi-VI\",\"potentialAction\":[{\"@type\":\"ReadAction\",\"target\":[\"https:\\\/\\\/www.vwat.org\\\/blog\\\/\"]}]},{\"@type\":\"ImageObject\",\"inLanguage\":\"vi-VI\",\"@id\":\"https:\\\/\\\/www.vwat.org\\\/blog\\\/#primaryimage\",\"url\":\"https:\\\/\\\/www.vwat.org\\\/wp-content\\\/uploads\\\/2022\\\/05\\\/IMG_8976-1.jpg\",\"contentUrl\":\"https:\\\/\\\/www.vwat.org\\\/wp-content\\\/uploads\\\/2022\\\/05\\\/IMG_8976-1.jpg\",\"width\":1920,\"height\":1280},{\"@type\":\"BreadcrumbList\",\"@id\":\"https:\\\/\\\/www.vwat.org\\\/blog\\\/#breadcrumb\",\"itemListElement\":[{\"@type\":\"ListItem\",\"position\":1,\"name\":\"Home\",\"item\":\"https:\\\/\\\/www.vwat.org\\\/vi\\\/\"},{\"@type\":\"ListItem\",\"position\":2,\"name\":\"Blog\"}]},{\"@type\":\"WebSite\",\"@id\":\"https:\\\/\\\/www.vwat.org\\\/#website\",\"url\":\"https:\\\/\\\/www.vwat.org\\\/\",\"name\":\"VWAT Family Services\",\"description\":\"Empowering Our Community\",\"publisher\":{\"@id\":\"https:\\\/\\\/www.vwat.org\\\/#organization\"},\"potentialAction\":[{\"@type\":\"SearchAction\",\"target\":{\"@type\":\"EntryPoint\",\"urlTemplate\":\"https:\\\/\\\/www.vwat.org\\\/?s={search_term_string}\"},\"query-input\":{\"@type\":\"PropertyValueSpecification\",\"valueRequired\":true,\"valueName\":\"search_term_string\"}}],\"inLanguage\":\"vi-VI\"},{\"@type\":\"Organization\",\"@id\":\"https:\\\/\\\/www.vwat.org\\\/#organization\",\"name\":\"VWAT Family Services\",\"url\":\"https:\\\/\\\/www.vwat.org\\\/\",\"logo\":{\"@type\":\"ImageObject\",\"inLanguage\":\"vi-VI\",\"@id\":\"https:\\\/\\\/www.vwat.org\\\/#\\\/schema\\\/logo\\\/image\\\/\",\"url\":\"https:\\\/\\\/www.vwat.org\\\/wp-content\\\/uploads\\\/2022\\\/06\\\/VWAT-e1655759543180.png\",\"contentUrl\":\"https:\\\/\\\/www.vwat.org\\\/wp-content\\\/uploads\\\/2022\\\/06\\\/VWAT-e1655759543180.png\",\"width\":150,\"height\":150,\"caption\":\"VWAT Family Services\"},\"image\":{\"@id\":\"https:\\\/\\\/www.vwat.org\\\/#\\\/schema\\\/logo\\\/image\\\/\"},\"sameAs\":[\"https:\\\/\\\/www.facebook.com\\\/vietnamese.womensassociationtoronto\",\"https:\\\/\\\/www.youtube.com\\\/channel\\\/UC3IxMLN1zCh0VHv7SvP4_oQ\"]}]}<\/script>\n<!-- \/ Yoast SEO Premium plugin. -->","yoast_head_json":{"title":"Blog - VWAT Family Services","robots":{"index":"index","follow":"follow","max-snippet":"max-snippet:-1","max-image-preview":"max-image-preview:large","max-video-preview":"max-video-preview:-1"},"canonical":"https:\/\/www.vwat.org\/blog\/","og_locale":"en_US","og_type":"article","og_title":"Blog - VWAT Family Services","og_url":"https:\/\/www.vwat.org\/blog\/","og_site_name":"VWAT Family Services","article_publisher":"https:\/\/www.facebook.com\/vietnamese.womensassociationtoronto","article_modified_time":"2025-11-11T20:45:45+00:00","og_image":[{"width":1920,"height":1280,"url":"https:\/\/www.vwat.org\/wp-content\/uploads\/2022\/05\/IMG_8976-1.jpg","type":"image\/jpeg"}],"twitter_card":"summary_large_image","twitter_misc":{"Est. reading time":"7 minutes"},"schema":{"@context":"https:\/\/schema.org","@graph":[{"@type":"WebPage","@id":"https:\/\/www.vwat.org\/blog\/","url":"https:\/\/www.vwat.org\/blog\/","name":"Blog - VWAT Family Services","isPartOf":{"@id":"https:\/\/www.vwat.org\/#website"},"primaryImageOfPage":{"@id":"https:\/\/www.vwat.org\/blog\/#primaryimage"},"image":{"@id":"https:\/\/www.vwat.org\/blog\/#primaryimage"},"thumbnailUrl":"https:\/\/www.vwat.org\/wp-content\/uploads\/2022\/05\/IMG_8976-1.jpg","datePublished":"2022-05-05T20:09:52+00:00","dateModified":"2025-11-11T20:45:45+00:00","description":"Find the latest news and information about our newest programs here.","breadcrumb":{"@id":"https:\/\/www.vwat.org\/blog\/#breadcrumb"},"inLanguage":"vi-VI","potentialAction":[{"@type":"ReadAction","target":["https:\/\/www.vwat.org\/blog\/"]}]},{"@type":"ImageObject","inLanguage":"vi-VI","@id":"https:\/\/www.vwat.org\/blog\/#primaryimage","url":"https:\/\/www.vwat.org\/wp-content\/uploads\/2022\/05\/IMG_8976-1.jpg","contentUrl":"https:\/\/www.vwat.org\/wp-content\/uploads\/2022\/05\/IMG_8976-1.jpg","width":1920,"height":1280},{"@type":"BreadcrumbList","@id":"https:\/\/www.vwat.org\/blog\/#breadcrumb","itemListElement":[{"@type":"ListItem","position":1,"name":"Home","item":"https:\/\/www.vwat.org\/vi\/"},{"@type":"ListItem","position":2,"name":"Blog"}]},{"@type":"WebSite","@id":"https:\/\/www.vwat.org\/#website","url":"https:\/\/www.vwat.org\/","name":"VWAT Family Services","description":"Empowering Our Community","publisher":{"@id":"https:\/\/www.vwat.org\/#organization"},"potentialAction":[{"@type":"SearchAction","target":{"@type":"EntryPoint","urlTemplate":"https:\/\/www.vwat.org\/?s={search_term_string}"},"query-input":{"@type":"PropertyValueSpecification","valueRequired":true,"valueName":"search_term_string"}}],"inLanguage":"vi-VI"},{"@type":"Organization","@id":"https:\/\/www.vwat.org\/#organization","name":"VWAT Family Services","url":"https:\/\/www.vwat.org\/","logo":{"@type":"ImageObject","inLanguage":"vi-VI","@id":"https:\/\/www.vwat.org\/#\/schema\/logo\/image\/","url":"https:\/\/www.vwat.org\/wp-content\/uploads\/2022\/06\/VWAT-e1655759543180.png","contentUrl":"https:\/\/www.vwat.org\/wp-content\/uploads\/2022\/06\/VWAT-e1655759543180.png","width":150,"height":150,"caption":"VWAT Family Services"},"image":{"@id":"https:\/\/www.vwat.org\/#\/schema\/logo\/image\/"},"sameAs":["https:\/\/www.facebook.com\/vietnamese.womensassociationtoronto","https:\/\/www.youtube.com\/channel\/UC3IxMLN1zCh0VHv7SvP4_oQ"]}]}},"_links":{"self":[{"href":"https:\/\/www.vwat.org\/vi\/wp-json\/wp\/v2\/pages\/3193","targetHints":{"allow":["GET"]}}],"collection":[{"href":"https:\/\/www.vwat.org\/vi\/wp-json\/wp\/v2\/pages"}],"about":[{"href":"https:\/\/www.vwat.org\/vi\/wp-json\/wp\/v2\/types\/page"}],"author":[{"embeddable":true,"href":"https:\/\/www.vwat.org\/vi\/wp-json\/wp\/v2\/users\/2"}],"replies":[{"embeddable":true,"href":"https:\/\/www.vwat.org\/vi\/wp-json\/wp\/v2\/comments?post=3193"}],"version-history":[{"count":1,"href":"https:\/\/www.vwat.org\/vi\/wp-json\/wp\/v2\/pages\/3193\/revisions"}],"predecessor-version":[{"id":17647,"href":"https:\/\/www.vwat.org\/vi\/wp-json\/wp\/v2\/pages\/3193\/revisions\/17647"}],"wp:featuredmedia":[{"embeddable":true,"href":"https:\/\/www.vwat.org\/vi\/wp-json\/wp\/v2\/media\/3204"}],"wp:attachment":[{"href":"https:\/\/www.vwat.org\/vi\/wp-json\/wp\/v2\/media?parent=3193"}],"curies":[{"name":"wp","href":"https:\/\/api.w.org\/{rel}","templated":true}]}}