{"id":3285,"date":"2022-05-05T17:18:33","date_gmt":"2022-05-05T21:18:33","guid":{"rendered":"https:\/\/newsite2022.vwat.org\/?page_id=3285"},"modified":"2024-12-17T11:12:42","modified_gmt":"2024-12-17T16:12:42","slug":"seniors","status":"publish","type":"page","link":"https:\/\/www.vwat.org\/vi\/programs-and-services\/seniors\/","title":{"rendered":"Ng\u01b0\u1eddi l\u1edbn tu\u1ed5i"},"content":{"rendered":"<h1>Ch\u0103m s\u00f3c nh\u1eefng V\u1ecb Cao ni\u00ean c\u1ee7a Ch\u00fang t\u00f4i<\/h1>\n<p>H\u1ed9i Ph\u1ee5 N\u1eef l\u00e0 n\u01a1i \u0111\u1ec3 c\u00e1c v\u1ecb cao ni\u00ean \u0111\u1ebfn v\u1edbi nhau, g\u1eb7p g\u1ee1 nh\u1eefng ng\u01b0\u1eddi m\u1edbi, k\u1ebft n\u1ed1i v\u1edbi c\u00e1c ngu\u1ed3n l\u1ef1c v\u00e0 \u0111\u00f3ng g\u00f3p cho c\u00e1c ho\u1ea1t \u0111\u1ed9ng c\u1ed9ng \u0111\u1ed3ng. Nh\u1eefng v\u1ecb cao ni\u00ean c\u1ee7a ch\u00fang t\u00f4i \u01b0a th\u00edch c\u00e1c ho\u1ea1t \u0111\u1ed9ng t\u1eeb c\u00e1c l\u1edbp h\u1ecdc th\u1ec3 d\u1ee5c h\u00e0ng tu\u1ea7n v\u00e0 \u0111i b\u1ed9 trong khu ph\u1ed1, \u0111\u1ebfn c\u00e1c l\u1edbp h\u1ecdc n\u1ea5u \u0103n v\u00e0 \u0103n u\u1ed1ng l\u00e0nh m\u1ea1nh. H\u00e3y ra ngo\u00e0i \u0111\u1ec3 vui c\u01b0\u1eddi, h\u1ecdc h\u1ecfi, r\u00e8n luy\u1ec7n s\u1ee9c kh\u1ecfe v\u00e0 g\u1eb7p g\u1ee1 c\u00f9ng ch\u00fang t\u00f4i.<\/p>\n<h2>Ch\u00fang t\u00f4i h\u1ed7 tr\u1ee3 c\u00e1c v\u1ecb cao ni\u00ean c\u1ee7a m\u00ecnh nh\u1eefng vi\u1ec7c sau:<\/h2>\n<p><\/p>\n<h6>L\u00e0m \u0111\u01a1n xin Ti\u1ec1n Gi\u00e0 (OAS), Ti\u1ec1n C\u1ea5p b\u00f9 B\u1ea3o \u0111\u1ea3m Thu nh\u1eadp (GIS), Ti\u1ec1n H\u01b0u b\u1ed5ng Canada (CPP)<\/h6>\n<p>Ch\u00fang t\u00f4i c\u00f3 th\u1ec3 gi\u00fap ng\u01b0\u1eddi cao ni\u00ean hi\u1ec3u c\u00e1c ti\u00eau ch\u00ed \u0111\u1ee7 \u0111i\u1ec1u ki\u1ec7n v\u00e0 quy tr\u00ecnh \u0111\u0103ng k\u00fd, \u0111\u1ed3ng th\u1eddi cung c\u1ea5p h\u01b0\u1edbng d\u1eabn v\u1ec1 c\u00e1ch g\u1eedi t\u00e0i li\u1ec7u c\u1ea7n thi\u1ebft.<\/p>\n<h6 style=\"font-family: var(--thm-font);\">L\u00e0m \u0111\u01a1n xin ph\u00fac l\u1ee3i thu\u1ed1c Ontario (d\u00e0nh cho ng\u01b0\u1eddi cao ni\u00ean d\u01b0\u1edbi 65 tu\u1ed5i)<br style=\"font-size: 16px;\"><\/h6>\n<p style=\"font-size: 14px;\">\u0110\u1ed1i v\u1edbi ng\u01b0\u1eddi cao ni\u00ean d\u01b0\u1edbi 65 tu\u1ed5i, t\u1ed5 ch\u1ee9c c\u1ee7a ch\u00fang t\u00f4i c\u00f3 th\u1ec3 gi\u00fap h\u1ecd n\u1ed9p \u0111\u01a1n xin tr\u1ee3 c\u1ea5p Thu\u1ed1c Ontario. Ch\u01b0\u01a1ng tr\u00ecnh n\u00e0y cung c\u1ea5p h\u1ed7 tr\u1ee3 t\u00e0i ch\u00ednh cho chi ph\u00ed thu\u1ed1c theo toa v\u00e0 m\u1ed9t s\u1ed1 v\u1eadt t\u01b0 y t\u1ebf. Ch\u00fang t\u00f4i c\u00f3 th\u1ec3 gi\u00fap ng\u01b0\u1eddi cao ni\u00ean hi\u1ec3u c\u00e1c ti\u00eau ch\u00ed \u0111\u1ee7 \u0111i\u1ec1u ki\u1ec7n v\u00e0 quy tr\u00ecnh \u0111\u0103ng k\u00fd, \u0111\u1ed3ng th\u1eddi cung c\u1ea5p h\u01b0\u1edbng d\u1eabn v\u1ec1 c\u00e1ch g\u1eedi t\u00e0i li\u1ec7u c\u1ea7n thi\u1ebft.<\/p>\n<h6>L\u00e0m \u0111\u01a1n xin Tr\u1ee3 c\u1ea5p X\u00e3 h\u1ed9i (Ontario Works)<\/h6>\n<p>\u0110\u1ed1i v\u1edbi ng\u01b0\u1eddi cao ni\u00ean d\u01b0\u1edbi 65 tu\u1ed5i v\u00e0 c\u1ea7n h\u1ed7 tr\u1ee3 t\u00e0i ch\u00ednh, t\u1ed5 ch\u1ee9c c\u1ee7a ch\u00fang t\u00f4i c\u00f3 th\u1ec3 gi\u00fap h\u1ecd n\u1ed9p \u0111\u01a1n xin Ontario Works. Ch\u01b0\u01a1ng tr\u00ecnh n\u00e0y cung c\u1ea5p h\u1ed7 tr\u1ee3 t\u00e0i ch\u00ednh t\u1ea1m th\u1eddi cho c\u00e1c nhu c\u1ea7u c\u01a1 b\u1ea3n nh\u01b0 th\u1ef1c ph\u1ea9m, qu\u1ea7n \u00e1o v\u00e0 ch\u1ed7 \u1edf. Ch\u00fang t\u00f4i c\u00f3 th\u1ec3 gi\u00fap ng\u01b0\u1eddi cao ni\u00ean hi\u1ec3u c\u00e1c ti\u00eau ch\u00ed \u0111\u1ee7 \u0111i\u1ec1u ki\u1ec7n v\u00e0 quy tr\u00ecnh \u0111\u0103ng k\u00fd, \u0111\u1ed3ng th\u1eddi cung c\u1ea5p h\u01b0\u1edbng d\u1eabn v\u1ec1 c\u00e1ch g\u1eedi t\u00e0i li\u1ec7u c\u1ea7n thi\u1ebft.<\/p>\n<h6>L\u00e0m \u0111\u01a1n xin Nh\u00e0 \u1edf \u0111\u01b0\u1ee3c Tr\u1ee3 c\u1ea5p \u1edf Toronto (Toronto Subsidized Housing), bao g\u1ed3m l\u1eadp danh kho\u1ea3n v\u1edbi Toronto Housing v\u00e0 danh kho\u1ea3n D\u1ecbch v\u1ee5 Canada<\/h6>\n<p>T\u1ed5 ch\u1ee9c c\u1ee7a ch\u00fang t\u00f4i c\u00f3 th\u1ec3 gi\u00fap ng\u01b0\u1eddi cao ni\u00ean n\u1ed9p \u0111\u01a1n xin Tr\u1ee3 c\u1ea5p Nh\u00e0 \u1edf Toronto. \u0110i\u1ec1u n\u00e0y bao g\u1ed3m vi\u1ec7c t\u1ea1o t\u00e0i kho\u1ea3n Nh\u00e0 \u1edf Toronto v\u00e0 t\u00e0i kho\u1ea3n D\u1ecbch v\u1ee5 Canada. Ch\u00fang t\u00f4i c\u00f3 th\u1ec3 gi\u00fap ng\u01b0\u1eddi cao ni\u00ean hi\u1ec3u c\u00e1c ti\u00eau ch\u00ed \u0111\u1ee7 \u0111i\u1ec1u ki\u1ec7n v\u00e0 quy tr\u00ecnh \u0111\u0103ng k\u00fd, \u0111\u1ed3ng th\u1eddi cung c\u1ea5p h\u01b0\u1edbng d\u1eabn v\u1ec1 c\u00e1ch g\u1eedi t\u00e0i li\u1ec7u c\u1ea7n thi\u1ebft.<\/p>\n<h6 style=\"font-family: var(--thm-font);\">\u0110i\u1ec1n \u0111\u01a1n Vacant Home Tax (Thu\u1ebf nh\u00e0 b\u1ecf tr\u1ed1ng)<\/h6>\n<h6 style=\"font-family: var(--thm-font);\">Thu\u1ebf nh\u00e0 tr\u1ed1ng Toronto hi\u1ec7n y\u00eau c\u1ea7u ch\u1ee7 nh\u00e0 ph\u1ea3i n\u1ed9p t\u1edd khai v\u1ec1 t\u00ecnh tr\u1ea1ng ng\u00f4i nh\u00e0 c\u1ee7a h\u1ecd trong n\u0103m tr\u01b0\u1edbc. Nh\u1eefng ch\u1ee7 nh\u00e0 ch\u1ecdn \u0111\u1ec3 tr\u1ed1ng t\u00e0i s\u1ea3n c\u1ee7a m\u00ecnh s\u1ebd ph\u1ea3i ch\u1ecbu thu\u1ebf n\u00e0y. Ch\u00fang t\u00f4i s\u1ebd&nbsp;cung c\u1ea5p h\u01b0\u1edbng d\u1eabn v\u1ec1 c\u00e1ch g\u1eedi t\u00e0i li\u1ec7u c\u1ea7n thi\u1ebft&nbsp;\u0111\u1ec3 tr\u00e1nh n\u1ed9p ph\u1ea1t (do khai b\u00e1o sai ho\u1eb7c kh\u00f4ng khai b\u00e1o).<\/h6>\n<h6 style=\"font-family: var(--thm-font);\"><\/h6>\n<h6 style=\"\">L\u00e0m \u0111\u01a1n xin h\u1ed7 tr\u1ee3 ti\u1ec1n \u0111i\u1ec7n cho c\u01b0 d\u00e2n Ontario (Ontario Electricity Support&nbsp;Program)<\/h6>\n<h6 style=\"\">Ch\u00fang t\u00f4i c\u00f3 th\u1ec3 gi\u00fap ng\u01b0\u1eddi cao ni\u00ean hi\u1ec3u c\u00e1c ti\u00eau ch\u00ed \u0111\u1ee7 \u0111i\u1ec1u ki\u1ec7n v\u00e0 quy tr\u00ecnh \u0111\u0103ng k\u00fd, \u0111\u1ed3ng th\u1eddi cung c\u1ea5p h\u01b0\u1edbng d\u1eabn v\u1ec1 c\u00e1ch g\u1eedi t\u00e0i li\u1ec7u c\u1ea7n thi\u1ebft.<\/h6>\n<h6 style=\"font-family: var(--thm-font);\"><\/h6>\n<h6 style=\"font-family: var(--thm-font);\">Gi\u00fap ghi danh ch\u01b0\u01a1ng tr\u00ecnh Nha khoa \u0111\u1ea1i ch\u00fang (Canada Dental Care Plan)<\/h6>\n<h6 style=\"\"><font color=\"#7a7a7a\" face=\"Roboto, sans-serif\">H\u1ed9i Ph\u1ee5 N\u1eef nh\u1eadn ghi danh ch\u01b0\u01a1ng tr\u00ecnh nha khoa \u0111\u1ea1i ch\u00fang (Ch\u01b0\u01a1ng tr\u00ecnh Canada Dental Care&nbsp;<\/font>Plan), cho qu\u00fd v\u1ecb cao ni\u00ean tr\u00ean 65 tu\u1ed5i.<\/h6>\n<h6 style=\"font-family: var(--thm-font);\"><\/h6>\n<h6>T\u00ecm vi\u1ec7c l\u00e0m<\/h6>\n<p>T\u1ed5 ch\u1ee9c c\u1ee7a ch\u00fang t\u00f4i c\u0169ng c\u00f3 th\u1ec3 gi\u00fap \u0111\u1ee1 nh\u1eefng ng\u01b0\u1eddi cao ni\u00ean \u0111ang t\u00ecm ki\u1ebfm vi\u1ec7c l\u00e0m. Ch\u00fang t\u00f4i c\u00f3 th\u1ec3 cung c\u1ea5p th\u00f4ng tin v\u1ec1 c\u01a1 h\u1ed9i vi\u1ec7c l\u00e0m v\u00e0 t\u00e0i nguy\u00ean t\u00ecm ki\u1ebfm vi\u1ec7c l\u00e0m, \u0111\u1ed3ng th\u1eddi gi\u00fap ng\u01b0\u1eddi cao ni\u00ean c\u1eadp nh\u1eadt s\u01a1 y\u1ebfu l\u00fd l\u1ecbch v\u00e0 th\u01b0 xin vi\u1ec7c c\u1ee7a h\u1ecd. Ch\u00fang t\u00f4i c\u0169ng c\u00f3 th\u1ec3 cung c\u1ea5p h\u01b0\u1edbng d\u1eabn v\u1ec1 k\u1ef9 n\u0103ng ph\u1ecfng v\u1ea5n v\u00e0 k\u1ebft n\u1ed1i m\u1ea1ng<\/p>\n<h6>Li\u00ean l\u1ea1c Thu L\u00ea, 647-343-8928 x116, ho\u1eb7c email tle@vwat.org \u0111\u1ec3 bi\u1ebft th\u00eam chi ti\u1ebft.<\/h6>\n<section>\n<ul>\n                                                                                    <!--tab list --><\/p>\n<li data-tab=\"#360201\">C\u00e1c cu\u1ed9c h\u1eb9n<\/li>\n<p>                                                                                    <!--tab list --><\/p>\n<li data-tab=\"#360202\">C\u00e1c ch\u01b0\u01a1ng tr\u00ecnh<\/li>\n<p>                                                                                    <!--tab list --><\/p>\n<li data-tab=\"#360203\">C\u00e1c l\u1edbp h\u1ecdc<\/li>\n<\/ul>\n<p>                                                            <img loading=\"lazy\" loading=\"lazy\" width=\"1920\" height=\"1440\" src=\"https:\/\/www.vwat.org\/wp-content\/uploads\/2022\/07\/brett-jordan-bf1797VxQgY-unsplash.jpg\" alt=\"\" decoding=\"async\" srcset=\"https:\/\/www.vwat.org\/wp-content\/uploads\/2022\/07\/brett-jordan-bf1797VxQgY-unsplash.jpg 1920w, https:\/\/www.vwat.org\/wp-content\/uploads\/2022\/07\/brett-jordan-bf1797VxQgY-unsplash-300x225.jpg 300w, https:\/\/www.vwat.org\/wp-content\/uploads\/2022\/07\/brett-jordan-bf1797VxQgY-unsplash-1024x768.jpg 1024w, https:\/\/www.vwat.org\/wp-content\/uploads\/2022\/07\/brett-jordan-bf1797VxQgY-unsplash-768x576.jpg 768w, https:\/\/www.vwat.org\/wp-content\/uploads\/2022\/07\/brett-jordan-bf1797VxQgY-unsplash-1536x1152.jpg 1536w\" sizes=\"auto, (max-width: 1920px) 100vw, 1920px\" \/>                                                        <\/p>\n<h2>C\u00e1c cu\u1ed9c h\u1eb9n tr\u1ef1c ti\u1ebfp<\/h2>\n<p>\u0110\u1eb7t l\u1ecbch h\u1eb9n tr\u1ef1c ti\u1ebfp v\u1edbi ch\u00fang t\u00f4i \u0111\u1ec3 th\u1ea3o lu\u1eadn v\u1ec1 nhu c\u1ea7u c\u1ee7a<br \/>\nb\u1ea1n v\u00e0 x\u00e1c \u0111\u1ecbnh c\u00e1c l\u0129nh v\u1ef1c m\u00e0 ch\u00fang t\u00f4i c\u00f3 th\u1ec3 h\u1ed7 tr\u1ee3 b\u1ea1n.<br \/>\n\u0110\u1ed9i ng\u0169 nh\u00e2n vi\u00ean th\u00e2n thi\u1ec7n c\u1ee7a ch\u00fang t\u00f4i s\u1ebd cung c\u1ea5p cho<br \/>\nb\u1ea1n c\u00e1c ngu\u1ed3n l\u1ef1c c\u1ea7n thi\u1ebft v\u00e0 ch\u00fang t\u00f4i s\u1ebd gi\u00fap b\u1ea1n \u0111\u0103ng k\u00fd<br \/>\nc\u00e1c ch\u01b0\u01a1ng tr\u00ecnh h\u1ed7 tr\u1ee3 v\u00e0 nh\u00e0 \u1edf c\u1ee7a ch\u00ednh ph\u1ee7.<\/p>\n<ul>\n                                                                                                                            <\/ul>\n<p>                                                                <a href=\"https:\/\/vwat.org\/appointments\/\" target=\"_blank\" rel=\"noopener\"><br \/>\n                                                                    \u0110\u1eb7t l\u1ecbch h\u1eb9n<br \/>\n                                                                <\/a><br \/>\n                                                            <img loading=\"lazy\" loading=\"lazy\" width=\"1920\" height=\"1273\" src=\"https:\/\/www.vwat.org\/wp-content\/uploads\/2022\/07\/jaddy-liu-nk-xUZwSjR4-unsplash.jpg\" alt=\"\" decoding=\"async\" srcset=\"https:\/\/www.vwat.org\/wp-content\/uploads\/2022\/07\/jaddy-liu-nk-xUZwSjR4-unsplash.jpg 1920w, https:\/\/www.vwat.org\/wp-content\/uploads\/2022\/07\/jaddy-liu-nk-xUZwSjR4-unsplash-300x199.jpg 300w, https:\/\/www.vwat.org\/wp-content\/uploads\/2022\/07\/jaddy-liu-nk-xUZwSjR4-unsplash-1024x679.jpg 1024w, https:\/\/www.vwat.org\/wp-content\/uploads\/2022\/07\/jaddy-liu-nk-xUZwSjR4-unsplash-768x509.jpg 768w, https:\/\/www.vwat.org\/wp-content\/uploads\/2022\/07\/jaddy-liu-nk-xUZwSjR4-unsplash-1536x1018.jpg 1536w\" sizes=\"auto, (max-width: 1920px) 100vw, 1920px\" \/>                                                        <\/p>\n<h2><\/h2>\n<p>   Tech Savviness &#038; Brain Smarts: Supporting the Healthy Aging of Seniors<br \/>\nVisit <a href=\"https:\/\/vwat.org\/tech-savviness-and-brain-smarts-supporting-the-healthy-aging-of-seniors\/\" target=\"_blank\" rel=\"noopener\">our blog<\/a> to learn more.<\/p>\n<p> Fresh Food Distribution Program<br \/>\nVisit <a href=\"https:\/\/vwat.org\/free-fresh-food-distribution-program\/\" target=\"_blank\" rel=\"noopener\">our blog<\/a> to learn more.<\/p>\n<ul>\n                                                                                                                            <\/ul>\n<p>                                                                <a href=\"\"  ><br \/>\n                                                                <\/a><br \/>\n                                                            <img loading=\"lazy\" loading=\"lazy\" width=\"1920\" height=\"1151\" src=\"https:\/\/www.vwat.org\/wp-content\/uploads\/2022\/07\/sk-Q6sRAxsAX68-unsplash.jpg\" alt=\"\" decoding=\"async\" srcset=\"https:\/\/www.vwat.org\/wp-content\/uploads\/2022\/07\/sk-Q6sRAxsAX68-unsplash.jpg 1920w, https:\/\/www.vwat.org\/wp-content\/uploads\/2022\/07\/sk-Q6sRAxsAX68-unsplash-300x180.jpg 300w, https:\/\/www.vwat.org\/wp-content\/uploads\/2022\/07\/sk-Q6sRAxsAX68-unsplash-1024x614.jpg 1024w, https:\/\/www.vwat.org\/wp-content\/uploads\/2022\/07\/sk-Q6sRAxsAX68-unsplash-768x460.jpg 768w, https:\/\/www.vwat.org\/wp-content\/uploads\/2022\/07\/sk-Q6sRAxsAX68-unsplash-1536x921.jpg 1536w\" sizes=\"auto, (max-width: 1920px) 100vw, 1920px\" \/>                                                        <\/p>\n<h2><\/h2>\n<p><h2>Yoga<\/h2>\n<p>Date &#038; Time: Every Tuesday and Friday @ 7-9 pm<\/p>\n<h2>Low-Impact Cardio<\/h2>\n<p>Date &#038; Time: Every Monday, Wednesday and Thursday @ 7-9 pm<\/p>\n<ul>\n                                                                                                                            <\/ul>\n<p>                                                                <a href=\"https:\/\/vwat.org\/appointments\/\" target=\"_blank\" rel=\"noopener\"><br \/>\n                                                                    get in touch<br \/>\n                                                                <\/a><br \/>\n            <\/section>\n<h2>Nh\u1eadn x\u00e9t<\/h2>\n<p>\t\t\t            <!--Start Testimonial style1 Area--><\/p>\n<section>\n                            <!--Start Single Testimonial Style1--><\/p>\n<h3><\/h3>\n<p>                                            Trong m\u00f9a d\u1ecbch b\u1ecbnh m\u00e0 H\u1ed9i Ph\u1ee5 N\u1eef Vi\u1ec7t Nam Toronto quan t\u00e2m gi\u00fap \u0111\u1ee1 c\u00e1c cao ni\u00ean c\u00f3 \u0111\u01b0\u1ee3c th\u1ef1c ph\u1ea9m t\u01b0\u01a1i t\u1ed1t \u0111\u1ec3 d\u00f9ng th\u1eadt l\u00e0 m\u1ed9t s\u1ef1 n\u00e2ng \u0111\u1ee1 tinh th\u1ea7n cho c\u00e1c cao ni\u00ean bi\u1ebft bao. C\u00e1m \u01a1n c\u00f4 Thu \u0111\u00e3 \u0111i ch\u1ee3 ch\u1ecdn mua t\u1eebng m\u00f3n v\u00e0 r\u1ea5t quan t\u00e2m \u0111\u1ec3 \u00fd t\u1edbi kh\u1ea9u v\u1ecb c\u1ee7a nh\u1eefng ng\u01b0\u1eddi cao tu\u1ed5i nh\u01b0 ch\u00fang t\u00f4i. Ch\u00fang t\u00f4i xin \u0111\u00f3n nh\u1eadn vi\u1ec7c l\u00e0m t\u1eeb t\u00e2m c\u1ee7a H\u1ed9i Ph\u1ee5 N\u1eef v\u1edbi t\u1ea5t c\u1ea3 s\u1ef1 tr\u00e2n tr\u1ecdng v\u00e0 tri \u00e2n.                                        <\/p>\n<h4>Y\u1ebfn Hu\u1ef3nh<\/h4>\n<h3><\/h3>\n<p>                                            Nh\u1eefng g\u00ec t\u00f4i nh\u1eadn \u0111\u01b0\u1ee3c t\u1eeb Ch\u01b0\u01a1ng tr\u00ecnh Ph\u00e2n ph\u1ed1i Th\u1ef1c ph\u1ea9m T\u01b0\u01a1i Mi\u1ec5n ph\u00ed c\u1ee7a VWAT mang nhi\u1ec1u \u00fd ngh\u0129a h\u01a1n l\u00e0 m\u1ed9t b\u1eefa \u0103n. T\u00f4i \u0111\u00e3 c\u1ea3m th\u1ea5y \u0111\u01b0\u1ee3c ch\u0103m s\u00f3c. S\u1ef1 gi\u00fap \u0111\u1ee1 \u0111\u1ebfn \u0111\u00fang l\u00fac, khi t\u00f4i c\u1ea7n nh\u1ea5t. \u0110i\u1ec1u \u0111\u00f3 c\u00f3 \u00fd ngh\u0129a r\u1ea5t l\u1edbn \u0111\u1ed1i v\u1edbi nh\u1eefng ng\u01b0\u1eddi cao ni\u00ean d\u1ec5 b\u1ecb t\u1ed5n th\u01b0\u01a1ng \u1edf \u0111\u1ed9 tu\u1ed5i c\u1ee7a t\u00f4i.                                        <\/p>\n<h4>Ngoc Tran<\/h4>\n<p>                                                        <!--End Single Testimonial Style1--><br \/>\n            <\/section>\n<p>            <!--End Testimonial Style1 Area--><\/p>\n<h2>Ngu\u1ed3n l\u1ef1c d\u00e0nh cho Cao ni\u00ean<\/h2>\n<p>C\u00e1c t\u00e0i li\u1ec7u h\u1eefu \u00edch cho ng\u01b0\u1eddi cao ni\u00ean.<\/p>\n<p>L\u01b0u \u00fd: C\u00e1c t\u00e0i li\u1ec7u n\u00e0y b\u1eb1ng ti\u1ebfng Vi\u1ec7t.<\/p>\n<p>\t\t\t<a href=\"https:\/\/vwat.org\/high-blood-pressure-workshop-video\/\" target=\"_blank\" rel=\"noopener\"><br \/>\n\t\t\t\t\t\t\t\t\tHuy\u1ebft \u00e1p<br \/>\n\t\t\t\t\t<\/a><br \/>\n\t\t\t<a href=\"https:\/\/vwat.org\/cancer-prevention-workshop-video\/\" target=\"_blank\" rel=\"noopener\"><br \/>\n\t\t\t\t\t\t\t\t\tNg\u0103n ng\u1eeba ung th\u01b0<br \/>\n\t\t\t\t\t<\/a><br \/>\n\t\t\t<a href=\"https:\/\/vwat.org\/osteoporosis-in-menopausal-women-workshop-video\/\" target=\"_blank\" rel=\"noopener\"><br \/>\n\t\t\t\t\t\t\t\t\tLo\u00e3ng x\u01b0\u01a1ng<br \/>\n\t\t\t\t\t<\/a><br \/>\n\t\t\t<a href=\"https:\/\/vwat.org\/alzheimers-workshop-video\/\" target=\"_blank\" rel=\"noopener\"><br \/>\n\t\t\t\t\t\t\t\t\tB\u1ec7nh Alzheimer<br \/>\n\t\t\t\t\t<\/a><\/p>\n<h2>Li\u00ean H\u1ec7<\/h2>\n<p style=\"text-align: center;\"><strong>L\u00ea Thu\u00a0\u00a0<br \/><\/strong><strong style=\"font-size: 16px; color: var( --e-global-color-text ); font-family: var( --e-global-typography-text-font-family ), Sans-serif;\">Ph\u1ed1i tr\u00ed vi\u00ean Ch\u01b0\u01a1ng tr\u00ecnh Cao ni\u00ean<br \/><\/strong>S\u1ed1 \u0111i\u1ec7n tho\u1ea1i: 647-343-8928 ext 117<br \/>H\u00f2m : tle<a href=\"mailto:mtran@vwat.org\">@vwat.org<\/a><\/p>\n","protected":false},"excerpt":{"rendered":"<p>Ch\u0103m s\u00f3c nh\u1eefng V\u1ecb Cao ni\u00ean c\u1ee7a Ch\u00fang t\u00f4i H\u1ed9i Ph\u1ee5 N\u1eef l\u00e0 n\u01a1i \u0111\u1ec3 c\u00e1c v\u1ecb cao ni\u00ean \u0111\u1ebfn [&hellip;]<\/p>\n","protected":false},"author":2,"featured_media":4660,"parent":122,"menu_order":0,"comment_status":"closed","ping_status":"closed","template":"","meta":{"nf_dc_page":"","content-type":"","footnotes":""},"class_list":["post-3285","page","type-page","status-publish","has-post-thumbnail","hentry"],"translation":{"provider":"WPGlobus","version":"3.0.2","language":"vi","enabled_languages":["ca","vi","it","es","pt"],"languages":{"ca":{"title":true,"content":true,"excerpt":false},"vi":{"title":true,"content":true,"excerpt":false},"it":{"title":false,"content":false,"excerpt":false},"es":{"title":false,"content":false,"excerpt":false},"pt":{"title":false,"content":false,"excerpt":false}}},"yoast_head":"<!-- This site is optimized with the Yoast SEO Premium plugin v27.2 (Yoast SEO v27.4) - https:\/\/yoast.com\/product\/yoast-seo-premium-wordpress\/ -->\n<title>Ng\u01b0\u1eddi l\u1edbn tu\u1ed5i - VWAT Family Services<\/title>\n<meta name=\"robots\" content=\"index, follow, max-snippet:-1, max-image-preview:large, max-video-preview:-1\" \/>\n<link rel=\"canonical\" href=\"https:\/\/www.vwat.org\/programs-and-services\/seniors\/\" \/>\n<meta property=\"og:locale\" content=\"en_US\" \/>\n<meta property=\"og:type\" content=\"article\" \/>\n<meta property=\"og:title\" content=\"Ng\u01b0\u1eddi l\u1edbn tu\u1ed5i - VWAT Family Services\" \/>\n<meta property=\"og:url\" content=\"https:\/\/www.vwat.org\/programs-and-services\/seniors\/\" \/>\n<meta property=\"og:site_name\" content=\"VWAT Family Services\" \/>\n<meta property=\"article:publisher\" content=\"https:\/\/www.facebook.com\/vietnamese.womensassociationtoronto\" \/>\n<meta property=\"article:modified_time\" content=\"2024-12-17T16:12:42+00:00\" \/>\n<meta property=\"og:image\" content=\"https:\/\/www.vwat.org\/wp-content\/uploads\/2022\/05\/IMG_8857-2.jpg\" \/>\n\t<meta property=\"og:image:width\" content=\"1920\" \/>\n\t<meta property=\"og:image:height\" content=\"1280\" \/>\n\t<meta property=\"og:image:type\" content=\"image\/jpeg\" \/>\n<meta name=\"twitter:card\" content=\"summary_large_image\" \/>\n<meta name=\"twitter:label1\" content=\"Est. reading time\" \/>\n\t<meta name=\"twitter:data1\" content=\"5 minutes\" \/>\n<script type=\"application\/ld+json\" class=\"yoast-schema-graph\">{\"@context\":\"https:\\\/\\\/schema.org\",\"@graph\":[{\"@type\":\"WebPage\",\"@id\":\"https:\\\/\\\/www.vwat.org\\\/programs-and-services\\\/seniors\\\/\",\"url\":\"https:\\\/\\\/www.vwat.org\\\/programs-and-services\\\/seniors\\\/\",\"name\":\"Ng\u01b0\u1eddi l\u1edbn tu\u1ed5i - VWAT Family Services\",\"isPartOf\":{\"@id\":\"https:\\\/\\\/www.vwat.org\\\/#website\"},\"primaryImageOfPage\":{\"@id\":\"https:\\\/\\\/www.vwat.org\\\/programs-and-services\\\/seniors\\\/#primaryimage\"},\"image\":{\"@id\":\"https:\\\/\\\/www.vwat.org\\\/programs-and-services\\\/seniors\\\/#primaryimage\"},\"thumbnailUrl\":\"https:\\\/\\\/www.vwat.org\\\/wp-content\\\/uploads\\\/2022\\\/05\\\/IMG_8857-2.jpg\",\"datePublished\":\"2022-05-05T21:18:33+00:00\",\"dateModified\":\"2024-12-17T16:12:42+00:00\",\"description\":\"VWAT is a place for seniors to socialize, meet new people, connect to resources, and contribute to community activities.\",\"breadcrumb\":{\"@id\":\"https:\\\/\\\/www.vwat.org\\\/programs-and-services\\\/seniors\\\/#breadcrumb\"},\"inLanguage\":\"vi-VI\",\"potentialAction\":[{\"@type\":\"ReadAction\",\"target\":[\"https:\\\/\\\/www.vwat.org\\\/programs-and-services\\\/seniors\\\/\"]}]},{\"@type\":\"ImageObject\",\"inLanguage\":\"vi-VI\",\"@id\":\"https:\\\/\\\/www.vwat.org\\\/programs-and-services\\\/seniors\\\/#primaryimage\",\"url\":\"https:\\\/\\\/www.vwat.org\\\/wp-content\\\/uploads\\\/2022\\\/05\\\/IMG_8857-2.jpg\",\"contentUrl\":\"https:\\\/\\\/www.vwat.org\\\/wp-content\\\/uploads\\\/2022\\\/05\\\/IMG_8857-2.jpg\",\"width\":1920,\"height\":1280},{\"@type\":\"BreadcrumbList\",\"@id\":\"https:\\\/\\\/www.vwat.org\\\/programs-and-services\\\/seniors\\\/#breadcrumb\",\"itemListElement\":[{\"@type\":\"ListItem\",\"position\":1,\"name\":\"Home\",\"item\":\"https:\\\/\\\/www.vwat.org\\\/vi\\\/\"},{\"@type\":\"ListItem\",\"position\":2,\"name\":\"Programs &amp; Services\",\"item\":\"https:\\\/\\\/www.vwat.org\\\/programs-and-services\\\/\"},{\"@type\":\"ListItem\",\"position\":3,\"name\":\"Seniors\"}]},{\"@type\":\"WebSite\",\"@id\":\"https:\\\/\\\/www.vwat.org\\\/#website\",\"url\":\"https:\\\/\\\/www.vwat.org\\\/\",\"name\":\"VWAT Family Services\",\"description\":\"Empowering Our Community\",\"publisher\":{\"@id\":\"https:\\\/\\\/www.vwat.org\\\/#organization\"},\"potentialAction\":[{\"@type\":\"SearchAction\",\"target\":{\"@type\":\"EntryPoint\",\"urlTemplate\":\"https:\\\/\\\/www.vwat.org\\\/?s={search_term_string}\"},\"query-input\":{\"@type\":\"PropertyValueSpecification\",\"valueRequired\":true,\"valueName\":\"search_term_string\"}}],\"inLanguage\":\"vi-VI\"},{\"@type\":\"Organization\",\"@id\":\"https:\\\/\\\/www.vwat.org\\\/#organization\",\"name\":\"VWAT Family Services\",\"url\":\"https:\\\/\\\/www.vwat.org\\\/\",\"logo\":{\"@type\":\"ImageObject\",\"inLanguage\":\"vi-VI\",\"@id\":\"https:\\\/\\\/www.vwat.org\\\/#\\\/schema\\\/logo\\\/image\\\/\",\"url\":\"https:\\\/\\\/www.vwat.org\\\/wp-content\\\/uploads\\\/2022\\\/06\\\/VWAT-e1655759543180.png\",\"contentUrl\":\"https:\\\/\\\/www.vwat.org\\\/wp-content\\\/uploads\\\/2022\\\/06\\\/VWAT-e1655759543180.png\",\"width\":150,\"height\":150,\"caption\":\"VWAT Family Services\"},\"image\":{\"@id\":\"https:\\\/\\\/www.vwat.org\\\/#\\\/schema\\\/logo\\\/image\\\/\"},\"sameAs\":[\"https:\\\/\\\/www.facebook.com\\\/vietnamese.womensassociationtoronto\",\"https:\\\/\\\/www.youtube.com\\\/channel\\\/UC3IxMLN1zCh0VHv7SvP4_oQ\"]}]}<\/script>\n<!-- \/ Yoast SEO Premium plugin. -->","yoast_head_json":{"title":"Ng\u01b0\u1eddi l\u1edbn tu\u1ed5i - VWAT Family Services","robots":{"index":"index","follow":"follow","max-snippet":"max-snippet:-1","max-image-preview":"max-image-preview:large","max-video-preview":"max-video-preview:-1"},"canonical":"https:\/\/www.vwat.org\/programs-and-services\/seniors\/","og_locale":"en_US","og_type":"article","og_title":"Ng\u01b0\u1eddi l\u1edbn tu\u1ed5i - VWAT Family Services","og_url":"https:\/\/www.vwat.org\/programs-and-services\/seniors\/","og_site_name":"VWAT Family Services","article_publisher":"https:\/\/www.facebook.com\/vietnamese.womensassociationtoronto","article_modified_time":"2024-12-17T16:12:42+00:00","og_image":[{"width":1920,"height":1280,"url":"https:\/\/www.vwat.org\/wp-content\/uploads\/2022\/05\/IMG_8857-2.jpg","type":"image\/jpeg"}],"twitter_card":"summary_large_image","twitter_misc":{"Est. reading time":"5 minutes"},"schema":{"@context":"https:\/\/schema.org","@graph":[{"@type":"WebPage","@id":"https:\/\/www.vwat.org\/programs-and-services\/seniors\/","url":"https:\/\/www.vwat.org\/programs-and-services\/seniors\/","name":"Ng\u01b0\u1eddi l\u1edbn tu\u1ed5i - VWAT Family Services","isPartOf":{"@id":"https:\/\/www.vwat.org\/#website"},"primaryImageOfPage":{"@id":"https:\/\/www.vwat.org\/programs-and-services\/seniors\/#primaryimage"},"image":{"@id":"https:\/\/www.vwat.org\/programs-and-services\/seniors\/#primaryimage"},"thumbnailUrl":"https:\/\/www.vwat.org\/wp-content\/uploads\/2022\/05\/IMG_8857-2.jpg","datePublished":"2022-05-05T21:18:33+00:00","dateModified":"2024-12-17T16:12:42+00:00","description":"VWAT is a place for seniors to socialize, meet new people, connect to resources, and contribute to community activities.","breadcrumb":{"@id":"https:\/\/www.vwat.org\/programs-and-services\/seniors\/#breadcrumb"},"inLanguage":"vi-VI","potentialAction":[{"@type":"ReadAction","target":["https:\/\/www.vwat.org\/programs-and-services\/seniors\/"]}]},{"@type":"ImageObject","inLanguage":"vi-VI","@id":"https:\/\/www.vwat.org\/programs-and-services\/seniors\/#primaryimage","url":"https:\/\/www.vwat.org\/wp-content\/uploads\/2022\/05\/IMG_8857-2.jpg","contentUrl":"https:\/\/www.vwat.org\/wp-content\/uploads\/2022\/05\/IMG_8857-2.jpg","width":1920,"height":1280},{"@type":"BreadcrumbList","@id":"https:\/\/www.vwat.org\/programs-and-services\/seniors\/#breadcrumb","itemListElement":[{"@type":"ListItem","position":1,"name":"Home","item":"https:\/\/www.vwat.org\/vi\/"},{"@type":"ListItem","position":2,"name":"Programs &amp; Services","item":"https:\/\/www.vwat.org\/programs-and-services\/"},{"@type":"ListItem","position":3,"name":"Seniors"}]},{"@type":"WebSite","@id":"https:\/\/www.vwat.org\/#website","url":"https:\/\/www.vwat.org\/","name":"VWAT Family Services","description":"Empowering Our Community","publisher":{"@id":"https:\/\/www.vwat.org\/#organization"},"potentialAction":[{"@type":"SearchAction","target":{"@type":"EntryPoint","urlTemplate":"https:\/\/www.vwat.org\/?s={search_term_string}"},"query-input":{"@type":"PropertyValueSpecification","valueRequired":true,"valueName":"search_term_string"}}],"inLanguage":"vi-VI"},{"@type":"Organization","@id":"https:\/\/www.vwat.org\/#organization","name":"VWAT Family Services","url":"https:\/\/www.vwat.org\/","logo":{"@type":"ImageObject","inLanguage":"vi-VI","@id":"https:\/\/www.vwat.org\/#\/schema\/logo\/image\/","url":"https:\/\/www.vwat.org\/wp-content\/uploads\/2022\/06\/VWAT-e1655759543180.png","contentUrl":"https:\/\/www.vwat.org\/wp-content\/uploads\/2022\/06\/VWAT-e1655759543180.png","width":150,"height":150,"caption":"VWAT Family Services"},"image":{"@id":"https:\/\/www.vwat.org\/#\/schema\/logo\/image\/"},"sameAs":["https:\/\/www.facebook.com\/vietnamese.womensassociationtoronto","https:\/\/www.youtube.com\/channel\/UC3IxMLN1zCh0VHv7SvP4_oQ"]}]}},"_links":{"self":[{"href":"https:\/\/www.vwat.org\/vi\/wp-json\/wp\/v2\/pages\/3285","targetHints":{"allow":["GET"]}}],"collection":[{"href":"https:\/\/www.vwat.org\/vi\/wp-json\/wp\/v2\/pages"}],"about":[{"href":"https:\/\/www.vwat.org\/vi\/wp-json\/wp\/v2\/types\/page"}],"author":[{"embeddable":true,"href":"https:\/\/www.vwat.org\/vi\/wp-json\/wp\/v2\/users\/2"}],"replies":[{"embeddable":true,"href":"https:\/\/www.vwat.org\/vi\/wp-json\/wp\/v2\/comments?post=3285"}],"version-history":[{"count":0,"href":"https:\/\/www.vwat.org\/vi\/wp-json\/wp\/v2\/pages\/3285\/revisions"}],"up":[{"embeddable":true,"href":"https:\/\/www.vwat.org\/vi\/wp-json\/wp\/v2\/pages\/122"}],"wp:featuredmedia":[{"embeddable":true,"href":"https:\/\/www.vwat.org\/vi\/wp-json\/wp\/v2\/media\/4660"}],"wp:attachment":[{"href":"https:\/\/www.vwat.org\/vi\/wp-json\/wp\/v2\/media?parent=3285"}],"curies":[{"name":"wp","href":"https:\/\/api.w.org\/{rel}","templated":true}]}}