{"id":6774,"date":"2022-07-12T09:23:12","date_gmt":"2022-07-12T13:23:12","guid":{"rendered":"https:\/\/newsite2022.vwat.org\/?page_id=6774"},"modified":"2023-09-07T16:51:47","modified_gmt":"2023-09-07T20:51:47","slug":"volunteer","status":"publish","type":"page","link":"https:\/\/www.vwat.org\/vi\/volunteer\/","title":{"rendered":"Tr\u1edf th\u00e0nh Thi\u1ec7n nguy\u1ec7n vi\u00ean"},"content":{"rendered":"<p style=\"margin: 0in; background-image: initial; background-position: initial; background-size: initial; background-repeat: initial; background-attachment: initial; background-origin: initial; background-clip: initial;\">H\u1ed9i Ph\u1ee5 N\u1eef Vi\u1ec7t Nam Toronto (HPN) lu\u00f4n \u0111\u00e1nh gi\u00e1 cao t\u1ea5t c\u1ea3 s\u1ef1 ch\u0103m ch\u1ec9 v\u00e0 c\u1ed1ng hi\u1ebfn m\u00e0 c\u00e1c t\u00ecnh nguy\u1ec7n vi\u00ean c\u1ee7a ch\u00fang t\u00f4i \u0111\u00f3ng g\u00f3p cho HPN.<\/p>\n<p>T\u1eeb tr\u1ea1i h\u00e8 \u0111\u1ebfn c\u00e1c s\u1ef1 ki\u1ec7n c\u1ed9ng \u0111\u1ed3ng h\u00e0ng n\u0103m, HPN v\u00e0 c\u00e1c d\u1ecbch v\u1ee5 c\u1ee7a H\u1ed9i cung c\u1ea5p s\u1ebd kh\u00f4ng th\u1ec3 th\u1ef1c hi\u1ec7n \u0111\u01b0\u1ee3c n\u1ebfu kh\u00f4ng c\u00f3 s\u1ef1 gi\u00fap \u0111\u1ee1 c\u1ee7a c\u00e1c t\u00ecnh nguy\u1ec7n vi\u00ean.<\/p>\n<p>N\u1ebfu b\u1ea1n mu\u1ed1n ghi danh tr\u1edf th\u00e0nh t\u00ecnh nguy\u1ec7n vi\u00ean, vui l\u00f2ng \u0111i\u1ec1n v\u00e0o m\u1eabu sau:<\/p>\n<p style=\"margin: 0in; background-image: initial; background-position: initial; background-size: initial; background-repeat: initial; background-attachment: initial; background-origin: initial; background-clip: initial;\">\u00a0<a href=\"https:\/\/forms.gle\/6QaJNhGzPbNZHPoG8\" target=\"_blank\" rel=\"noopener\">https:\/\/forms.gle\/6QaJNhGzPbNZHPoG8<\/a><\/p>\n<p style=\"margin: 0in; background-image: initial; background-position: initial; background-size: initial; background-repeat: initial; background-attachment: initial; background-origin: initial; background-clip: initial;\">Ch\u00fang t\u00f4i s\u1ebd li\u00ean l\u1ea1c v\u1edbi b\u1ea1n.<\/p>\n<p>Tr\u00e2n Tr\u1ecdng!<\/p>\n<p>\t\t\t\t\t\t\t\t\t\t\t\t\t\t\t<img loading=\"lazy\" decoding=\"async\" width=\"640\" height=\"360\" src=\"https:\/\/www.vwat.org\/wp-content\/uploads\/2023\/09\/496a5066-d510-4201-822b-0c92cc3d72c6.jpg\" alt=\"\" loading=\"lazy\" srcset=\"https:\/\/www.vwat.org\/wp-content\/uploads\/2023\/09\/496a5066-d510-4201-822b-0c92cc3d72c6.jpg 1024w, https:\/\/www.vwat.org\/wp-content\/uploads\/2023\/09\/496a5066-d510-4201-822b-0c92cc3d72c6-300x169.jpg 300w, https:\/\/www.vwat.org\/wp-content\/uploads\/2023\/09\/496a5066-d510-4201-822b-0c92cc3d72c6-768x432.jpg 768w, https:\/\/www.vwat.org\/wp-content\/uploads\/2023\/09\/496a5066-d510-4201-822b-0c92cc3d72c6-570x320.jpg 570w, https:\/\/www.vwat.org\/wp-content\/uploads\/2023\/09\/496a5066-d510-4201-822b-0c92cc3d72c6-600x338.jpg 600w\" sizes=\"auto, (max-width: 640px) 100vw, 640px\" \/><\/p>\n","protected":false},"excerpt":{"rendered":"<p>H\u1ed9i Ph\u1ee5 N\u1eef Vi\u1ec7t Nam Toronto (HPN) lu\u00f4n \u0111\u00e1nh gi\u00e1 cao t\u1ea5t c\u1ea3 s\u1ef1 ch\u0103m ch\u1ec9 v\u00e0 c\u1ed1ng hi\u1ebfn m\u00e0 [&hellip;]<\/p>\n","protected":false},"author":2,"featured_media":0,"parent":0,"menu_order":0,"comment_status":"closed","ping_status":"closed","template":"elementor_header_footer","meta":{"nf_dc_page":"","content-type":"","footnotes":""},"class_list":["post-6774","page","type-page","status-publish","hentry"],"translation":{"provider":"WPGlobus","version":"3.0.2","language":"vi","enabled_languages":["ca","vi","it","es","pt"],"languages":{"ca":{"title":true,"content":true,"excerpt":false},"vi":{"title":true,"content":true,"excerpt":false},"it":{"title":false,"content":false,"excerpt":false},"es":{"title":false,"content":false,"excerpt":false},"pt":{"title":false,"content":false,"excerpt":false}}},"yoast_head":"<!-- This site is optimized with the Yoast SEO Premium plugin v27.2 (Yoast SEO v27.4) - https:\/\/yoast.com\/product\/yoast-seo-premium-wordpress\/ -->\n<title>Tr\u1edf th\u00e0nh Thi\u1ec7n nguy\u1ec7n vi\u00ean - VWAT Family Services<\/title>\n<meta name=\"robots\" content=\"index, follow, max-snippet:-1, max-image-preview:large, max-video-preview:-1\" \/>\n<link rel=\"canonical\" href=\"https:\/\/www.vwat.org\/volunteer\/\" \/>\n<meta property=\"og:locale\" content=\"en_US\" \/>\n<meta property=\"og:type\" content=\"article\" \/>\n<meta property=\"og:title\" content=\"Tr\u1edf th\u00e0nh Thi\u1ec7n nguy\u1ec7n vi\u00ean - VWAT Family Services\" \/>\n<meta property=\"og:url\" content=\"https:\/\/www.vwat.org\/volunteer\/\" \/>\n<meta property=\"og:site_name\" content=\"VWAT Family Services\" \/>\n<meta property=\"article:publisher\" content=\"https:\/\/www.facebook.com\/vietnamese.womensassociationtoronto\" \/>\n<meta property=\"article:modified_time\" content=\"2023-09-07T20:51:47+00:00\" \/>\n<meta property=\"og:image\" content=\"https:\/\/www.vwat.org\/wp-content\/uploads\/2023\/09\/496a5066-d510-4201-822b-0c92cc3d72c6.jpg\" \/>\n<meta name=\"twitter:card\" content=\"summary_large_image\" \/>\n<meta name=\"twitter:label1\" content=\"Est. reading time\" \/>\n\t<meta name=\"twitter:data1\" content=\"1 minute\" \/>\n<script type=\"application\/ld+json\" class=\"yoast-schema-graph\">{\"@context\":\"https:\\\/\\\/schema.org\",\"@graph\":[{\"@type\":\"WebPage\",\"@id\":\"https:\\\/\\\/www.vwat.org\\\/volunteer\\\/\",\"url\":\"https:\\\/\\\/www.vwat.org\\\/volunteer\\\/\",\"name\":\"Tr\u1edf th\u00e0nh Thi\u1ec7n nguy\u1ec7n vi\u00ean - VWAT Family Services\",\"isPartOf\":{\"@id\":\"https:\\\/\\\/www.vwat.org\\\/#website\"},\"primaryImageOfPage\":{\"@id\":\"https:\\\/\\\/www.vwat.org\\\/volunteer\\\/#primaryimage\"},\"image\":{\"@id\":\"https:\\\/\\\/www.vwat.org\\\/volunteer\\\/#primaryimage\"},\"thumbnailUrl\":\"https:\\\/\\\/www.vwat.org\\\/wp-content\\\/uploads\\\/2023\\\/09\\\/496a5066-d510-4201-822b-0c92cc3d72c6.jpg\",\"datePublished\":\"2022-07-12T13:23:12+00:00\",\"dateModified\":\"2023-09-07T20:51:47+00:00\",\"breadcrumb\":{\"@id\":\"https:\\\/\\\/www.vwat.org\\\/volunteer\\\/#breadcrumb\"},\"inLanguage\":\"vi-VI\",\"potentialAction\":[{\"@type\":\"ReadAction\",\"target\":[\"https:\\\/\\\/www.vwat.org\\\/volunteer\\\/\"]}]},{\"@type\":\"ImageObject\",\"inLanguage\":\"vi-VI\",\"@id\":\"https:\\\/\\\/www.vwat.org\\\/volunteer\\\/#primaryimage\",\"url\":\"https:\\\/\\\/www.vwat.org\\\/wp-content\\\/uploads\\\/2023\\\/09\\\/496a5066-d510-4201-822b-0c92cc3d72c6.jpg\",\"contentUrl\":\"https:\\\/\\\/www.vwat.org\\\/wp-content\\\/uploads\\\/2023\\\/09\\\/496a5066-d510-4201-822b-0c92cc3d72c6.jpg\"},{\"@type\":\"BreadcrumbList\",\"@id\":\"https:\\\/\\\/www.vwat.org\\\/volunteer\\\/#breadcrumb\",\"itemListElement\":[{\"@type\":\"ListItem\",\"position\":1,\"name\":\"Home\",\"item\":\"https:\\\/\\\/www.vwat.org\\\/vi\\\/\"},{\"@type\":\"ListItem\",\"position\":2,\"name\":\"Become a Volunteer\"}]},{\"@type\":\"WebSite\",\"@id\":\"https:\\\/\\\/www.vwat.org\\\/#website\",\"url\":\"https:\\\/\\\/www.vwat.org\\\/\",\"name\":\"VWAT Family Services\",\"description\":\"Empowering Our Community\",\"publisher\":{\"@id\":\"https:\\\/\\\/www.vwat.org\\\/#organization\"},\"potentialAction\":[{\"@type\":\"SearchAction\",\"target\":{\"@type\":\"EntryPoint\",\"urlTemplate\":\"https:\\\/\\\/www.vwat.org\\\/?s={search_term_string}\"},\"query-input\":{\"@type\":\"PropertyValueSpecification\",\"valueRequired\":true,\"valueName\":\"search_term_string\"}}],\"inLanguage\":\"vi-VI\"},{\"@type\":\"Organization\",\"@id\":\"https:\\\/\\\/www.vwat.org\\\/#organization\",\"name\":\"VWAT Family Services\",\"url\":\"https:\\\/\\\/www.vwat.org\\\/\",\"logo\":{\"@type\":\"ImageObject\",\"inLanguage\":\"vi-VI\",\"@id\":\"https:\\\/\\\/www.vwat.org\\\/#\\\/schema\\\/logo\\\/image\\\/\",\"url\":\"https:\\\/\\\/www.vwat.org\\\/wp-content\\\/uploads\\\/2022\\\/06\\\/VWAT-e1655759543180.png\",\"contentUrl\":\"https:\\\/\\\/www.vwat.org\\\/wp-content\\\/uploads\\\/2022\\\/06\\\/VWAT-e1655759543180.png\",\"width\":150,\"height\":150,\"caption\":\"VWAT Family Services\"},\"image\":{\"@id\":\"https:\\\/\\\/www.vwat.org\\\/#\\\/schema\\\/logo\\\/image\\\/\"},\"sameAs\":[\"https:\\\/\\\/www.facebook.com\\\/vietnamese.womensassociationtoronto\",\"https:\\\/\\\/www.youtube.com\\\/channel\\\/UC3IxMLN1zCh0VHv7SvP4_oQ\"]}]}<\/script>\n<!-- \/ Yoast SEO Premium plugin. -->","yoast_head_json":{"title":"Tr\u1edf th\u00e0nh Thi\u1ec7n nguy\u1ec7n vi\u00ean - VWAT Family Services","robots":{"index":"index","follow":"follow","max-snippet":"max-snippet:-1","max-image-preview":"max-image-preview:large","max-video-preview":"max-video-preview:-1"},"canonical":"https:\/\/www.vwat.org\/volunteer\/","og_locale":"en_US","og_type":"article","og_title":"Tr\u1edf th\u00e0nh Thi\u1ec7n nguy\u1ec7n vi\u00ean - VWAT Family Services","og_url":"https:\/\/www.vwat.org\/volunteer\/","og_site_name":"VWAT Family Services","article_publisher":"https:\/\/www.facebook.com\/vietnamese.womensassociationtoronto","article_modified_time":"2023-09-07T20:51:47+00:00","og_image":[{"url":"https:\/\/www.vwat.org\/wp-content\/uploads\/2023\/09\/496a5066-d510-4201-822b-0c92cc3d72c6.jpg","type":"","width":"","height":""}],"twitter_card":"summary_large_image","twitter_misc":{"Est. reading time":"1 minute"},"schema":{"@context":"https:\/\/schema.org","@graph":[{"@type":"WebPage","@id":"https:\/\/www.vwat.org\/volunteer\/","url":"https:\/\/www.vwat.org\/volunteer\/","name":"Tr\u1edf th\u00e0nh Thi\u1ec7n nguy\u1ec7n vi\u00ean - VWAT Family Services","isPartOf":{"@id":"https:\/\/www.vwat.org\/#website"},"primaryImageOfPage":{"@id":"https:\/\/www.vwat.org\/volunteer\/#primaryimage"},"image":{"@id":"https:\/\/www.vwat.org\/volunteer\/#primaryimage"},"thumbnailUrl":"https:\/\/www.vwat.org\/wp-content\/uploads\/2023\/09\/496a5066-d510-4201-822b-0c92cc3d72c6.jpg","datePublished":"2022-07-12T13:23:12+00:00","dateModified":"2023-09-07T20:51:47+00:00","breadcrumb":{"@id":"https:\/\/www.vwat.org\/volunteer\/#breadcrumb"},"inLanguage":"vi-VI","potentialAction":[{"@type":"ReadAction","target":["https:\/\/www.vwat.org\/volunteer\/"]}]},{"@type":"ImageObject","inLanguage":"vi-VI","@id":"https:\/\/www.vwat.org\/volunteer\/#primaryimage","url":"https:\/\/www.vwat.org\/wp-content\/uploads\/2023\/09\/496a5066-d510-4201-822b-0c92cc3d72c6.jpg","contentUrl":"https:\/\/www.vwat.org\/wp-content\/uploads\/2023\/09\/496a5066-d510-4201-822b-0c92cc3d72c6.jpg"},{"@type":"BreadcrumbList","@id":"https:\/\/www.vwat.org\/volunteer\/#breadcrumb","itemListElement":[{"@type":"ListItem","position":1,"name":"Home","item":"https:\/\/www.vwat.org\/vi\/"},{"@type":"ListItem","position":2,"name":"Become a Volunteer"}]},{"@type":"WebSite","@id":"https:\/\/www.vwat.org\/#website","url":"https:\/\/www.vwat.org\/","name":"VWAT Family Services","description":"Empowering Our Community","publisher":{"@id":"https:\/\/www.vwat.org\/#organization"},"potentialAction":[{"@type":"SearchAction","target":{"@type":"EntryPoint","urlTemplate":"https:\/\/www.vwat.org\/?s={search_term_string}"},"query-input":{"@type":"PropertyValueSpecification","valueRequired":true,"valueName":"search_term_string"}}],"inLanguage":"vi-VI"},{"@type":"Organization","@id":"https:\/\/www.vwat.org\/#organization","name":"VWAT Family Services","url":"https:\/\/www.vwat.org\/","logo":{"@type":"ImageObject","inLanguage":"vi-VI","@id":"https:\/\/www.vwat.org\/#\/schema\/logo\/image\/","url":"https:\/\/www.vwat.org\/wp-content\/uploads\/2022\/06\/VWAT-e1655759543180.png","contentUrl":"https:\/\/www.vwat.org\/wp-content\/uploads\/2022\/06\/VWAT-e1655759543180.png","width":150,"height":150,"caption":"VWAT Family Services"},"image":{"@id":"https:\/\/www.vwat.org\/#\/schema\/logo\/image\/"},"sameAs":["https:\/\/www.facebook.com\/vietnamese.womensassociationtoronto","https:\/\/www.youtube.com\/channel\/UC3IxMLN1zCh0VHv7SvP4_oQ"]}]}},"_links":{"self":[{"href":"https:\/\/www.vwat.org\/vi\/wp-json\/wp\/v2\/pages\/6774","targetHints":{"allow":["GET"]}}],"collection":[{"href":"https:\/\/www.vwat.org\/vi\/wp-json\/wp\/v2\/pages"}],"about":[{"href":"https:\/\/www.vwat.org\/vi\/wp-json\/wp\/v2\/types\/page"}],"author":[{"embeddable":true,"href":"https:\/\/www.vwat.org\/vi\/wp-json\/wp\/v2\/users\/2"}],"replies":[{"embeddable":true,"href":"https:\/\/www.vwat.org\/vi\/wp-json\/wp\/v2\/comments?post=6774"}],"version-history":[{"count":0,"href":"https:\/\/www.vwat.org\/vi\/wp-json\/wp\/v2\/pages\/6774\/revisions"}],"wp:attachment":[{"href":"https:\/\/www.vwat.org\/vi\/wp-json\/wp\/v2\/media?parent=6774"}],"curies":[{"name":"wp","href":"https:\/\/api.w.org\/{rel}","templated":true}]}}